{"id":389320,"date":"2025-11-11T21:19:22","date_gmt":"2025-11-11T21:19:22","guid":{"rendered":"https:\/\/www.jibble.io\/capterra-best-free-time-clock-software"},"modified":"2026-04-08T09:32:16","modified_gmt":"2026-04-08T08:32:16","slug":"capterra-en-iyi-zaman-kayit-yazilimi","status":"publish","type":"page","link":"https:\/\/www.jibble.io\/tr\/capterra-en-iyi-zaman-kayit-yazilimi","title":{"rendered":"Jibble, Capterra&#8217;da 2025&#8217;in En \u0130yi \u00dccretsiz Zaman Kayd\u0131 Yaz\u0131l\u0131m\u0131 Se\u00e7ildi"},"content":{"rendered":"","protected":false},"excerpt":{"rendered":"","protected":false},"author":37,"featured_media":0,"parent":0,"menu_order":0,"comment_status":"closed","ping_status":"closed","template":"simple-content-template.php","meta":{"_acf_changed":false,"footnotes":""},"class_list":["post-389320","page","type-page","status-publish","hentry"],"acf":[],"yoast_head":"<!-- This site is optimized with the Yoast SEO Premium plugin v26.8 (Yoast SEO v26.8) - https:\/\/yoast.com\/product\/yoast-seo-premium-wordpress\/ -->\n<title>Capterra&#039;ya Jibble 2025&#039;in En \u0130yi \u00dccretsiz Zaman Kay\u0131t Yaz\u0131l\u0131m\u0131<\/title>\n<meta name=\"description\" content=\"Capterra, Jibble&#039;\u0131 en iyi \u00fccretsiz zaman kay\u0131t yaz\u0131l\u0131m\u0131 olarak se\u00e7ti. 2025 y\u0131l\u0131nda kullan\u0131c\u0131lar taraf\u0131ndan oran\u0131nda tavsiye edildi.\" \/>\n<meta name=\"robots\" content=\"index, follow, max-snippet:-1, max-image-preview:large, max-video-preview:-1\" \/>\n<link rel=\"canonical\" href=\"https:\/\/www.jibble.io\/tr\/capterra-en-iyi-zaman-kayit-yazilimi\" \/>\n<meta property=\"og:locale\" content=\"tr_TR\" \/>\n<meta property=\"og:type\" content=\"article\" \/>\n<meta property=\"og:title\" content=\"Capterra&#039;ya Jibble 2025&#039;in En \u0130yi \u00dccretsiz Zaman Kay\u0131t Yaz\u0131l\u0131m\u0131\" \/>\n<meta property=\"og:description\" content=\"Capterra, Jibble&#039;\u0131 en iyi \u00fccretsiz zaman kay\u0131t yaz\u0131l\u0131m\u0131 olarak se\u00e7ti. 2025 y\u0131l\u0131nda kullan\u0131c\u0131lar taraf\u0131ndan oran\u0131nda tavsiye edildi.\" \/>\n<meta property=\"og:url\" content=\"https:\/\/www.jibble.io\/tr\/capterra-en-iyi-zaman-kayit-yazilimi\" \/>\n<meta property=\"og:site_name\" content=\"Jibble\" \/>\n<meta property=\"article:modified_time\" content=\"2026-04-08T08:32:16+00:00\" \/>\n<meta name=\"twitter:card\" content=\"summary_large_image\" \/>\n<meta name=\"twitter:label1\" content=\"Tahmini okuma s\u00fcresi\" \/>\n\t<meta name=\"twitter:data1\" content=\"10 dakika\" \/>\n<script type=\"application\/ld+json\" class=\"yoast-schema-graph\">{\"@context\":\"https:\/\/schema.org\",\"@graph\":[{\"@type\":\"WebPage\",\"@id\":\"https:\/\/www.jibble.io\/tr\/capterra-en-iyi-zaman-kayit-yazilimi\",\"url\":\"https:\/\/www.jibble.io\/tr\/capterra-en-iyi-zaman-kayit-yazilimi\",\"name\":\"Capterra'ya Jibble 2025'in En \u0130yi \u00dccretsiz Zaman Kay\u0131t Yaz\u0131l\u0131m\u0131\",\"isPartOf\":{\"@id\":\"https:\/\/www.jibble.io\/tr#website\"},\"datePublished\":\"2025-11-11T21:19:22+00:00\",\"dateModified\":\"2026-04-08T08:32:16+00:00\",\"description\":\"Capterra, Jibble'\u0131 en iyi \u00fccretsiz zaman kay\u0131t yaz\u0131l\u0131m\u0131 olarak se\u00e7ti. 2025 y\u0131l\u0131nda kullan\u0131c\u0131lar taraf\u0131ndan oran\u0131nda tavsiye edildi.\",\"inLanguage\":\"tr\",\"potentialAction\":[{\"@type\":\"ReadAction\",\"target\":[\"https:\/\/www.jibble.io\/tr\/capterra-en-iyi-zaman-kayit-yazilimi\"]}]},{\"@type\":\"WebSite\",\"@id\":\"https:\/\/www.jibble.io\/tr#website\",\"url\":\"https:\/\/www.jibble.io\/tr\",\"name\":\"Jibble\",\"description\":\"Meet the new standard in time tracking software\",\"publisher\":{\"@id\":\"https:\/\/www.jibble.io\/tr#organization\"},\"potentialAction\":[{\"@type\":\"SearchAction\",\"target\":{\"@type\":\"EntryPoint\",\"urlTemplate\":\"https:\/\/www.jibble.io\/tr?s={search_term_string}\"},\"query-input\":{\"@type\":\"PropertyValueSpecification\",\"valueRequired\":true,\"valueName\":\"search_term_string\"}}],\"inLanguage\":\"tr\"},{\"@type\":\"Organization\",\"@id\":\"https:\/\/www.jibble.io\/tr#organization\",\"name\":\"Jibble\",\"url\":\"https:\/\/www.jibble.io\/tr\",\"logo\":{\"@type\":\"ImageObject\",\"inLanguage\":\"tr\",\"@id\":\"https:\/\/www.jibble.io\/tr#\/schema\/logo\/image\/\",\"url\":\"https:\/\/www.jibble.io\/wp-content\/uploads\/2022\/05\/Original-copy-923x1024.png\",\"contentUrl\":\"https:\/\/www.jibble.io\/wp-content\/uploads\/2022\/05\/Original-copy-923x1024.png\",\"width\":\"923\",\"height\":\"1024\",\"caption\":\"Jibble\"},\"image\":{\"@id\":\"https:\/\/www.jibble.io\/tr#\/schema\/logo\/image\/\"},\"sameAs\":[\"https:\/\/www.linkedin.com\/company\/jibble\/\"]}]}<\/script>\n<!-- \/ Yoast SEO Premium plugin. -->","yoast_head_json":{"title":"Capterra'ya Jibble 2025'in En \u0130yi \u00dccretsiz Zaman Kay\u0131t Yaz\u0131l\u0131m\u0131","description":"Capterra, Jibble'\u0131 en iyi \u00fccretsiz zaman kay\u0131t yaz\u0131l\u0131m\u0131 olarak se\u00e7ti. 2025 y\u0131l\u0131nda kullan\u0131c\u0131lar taraf\u0131ndan oran\u0131nda tavsiye edildi.","robots":{"index":"index","follow":"follow","max-snippet":"max-snippet:-1","max-image-preview":"max-image-preview:large","max-video-preview":"max-video-preview:-1"},"canonical":"https:\/\/www.jibble.io\/tr\/capterra-en-iyi-zaman-kayit-yazilimi","og_locale":"tr_TR","og_type":"article","og_title":"Capterra'ya Jibble 2025'in En \u0130yi \u00dccretsiz Zaman Kay\u0131t Yaz\u0131l\u0131m\u0131","og_description":"Capterra, Jibble'\u0131 en iyi \u00fccretsiz zaman kay\u0131t yaz\u0131l\u0131m\u0131 olarak se\u00e7ti. 2025 y\u0131l\u0131nda kullan\u0131c\u0131lar taraf\u0131ndan oran\u0131nda tavsiye edildi.","og_url":"https:\/\/www.jibble.io\/tr\/capterra-en-iyi-zaman-kayit-yazilimi","og_site_name":"Jibble","article_modified_time":"2026-04-08T08:32:16+00:00","twitter_card":"summary_large_image","twitter_misc":{"Tahmini okuma s\u00fcresi":"10 dakika"},"schema":{"@context":"https:\/\/schema.org","@graph":[{"@type":"WebPage","@id":"https:\/\/www.jibble.io\/tr\/capterra-en-iyi-zaman-kayit-yazilimi","url":"https:\/\/www.jibble.io\/tr\/capterra-en-iyi-zaman-kayit-yazilimi","name":"Capterra'ya Jibble 2025'in En \u0130yi \u00dccretsiz Zaman Kay\u0131t Yaz\u0131l\u0131m\u0131","isPartOf":{"@id":"https:\/\/www.jibble.io\/tr#website"},"datePublished":"2025-11-11T21:19:22+00:00","dateModified":"2026-04-08T08:32:16+00:00","description":"Capterra, Jibble'\u0131 en iyi \u00fccretsiz zaman kay\u0131t yaz\u0131l\u0131m\u0131 olarak se\u00e7ti. 2025 y\u0131l\u0131nda kullan\u0131c\u0131lar taraf\u0131ndan oran\u0131nda tavsiye edildi.","inLanguage":"tr","potentialAction":[{"@type":"ReadAction","target":["https:\/\/www.jibble.io\/tr\/capterra-en-iyi-zaman-kayit-yazilimi"]}]},{"@type":"WebSite","@id":"https:\/\/www.jibble.io\/tr#website","url":"https:\/\/www.jibble.io\/tr","name":"Jibble","description":"Meet the new standard in time tracking software","publisher":{"@id":"https:\/\/www.jibble.io\/tr#organization"},"potentialAction":[{"@type":"SearchAction","target":{"@type":"EntryPoint","urlTemplate":"https:\/\/www.jibble.io\/tr?s={search_term_string}"},"query-input":{"@type":"PropertyValueSpecification","valueRequired":true,"valueName":"search_term_string"}}],"inLanguage":"tr"},{"@type":"Organization","@id":"https:\/\/www.jibble.io\/tr#organization","name":"Jibble","url":"https:\/\/www.jibble.io\/tr","logo":{"@type":"ImageObject","inLanguage":"tr","@id":"https:\/\/www.jibble.io\/tr#\/schema\/logo\/image\/","url":"https:\/\/www.jibble.io\/wp-content\/uploads\/2022\/05\/Original-copy-923x1024.png","contentUrl":"https:\/\/www.jibble.io\/wp-content\/uploads\/2022\/05\/Original-copy-923x1024.png","width":"923","height":"1024","caption":"Jibble"},"image":{"@id":"https:\/\/www.jibble.io\/tr#\/schema\/logo\/image\/"},"sameAs":["https:\/\/www.linkedin.com\/company\/jibble\/"]}]}},"_links":{"self":[{"href":"https:\/\/www.jibble.io\/tr\/wp-json\/wp\/v2\/pages\/389320","targetHints":{"allow":["GET"]}}],"collection":[{"href":"https:\/\/www.jibble.io\/tr\/wp-json\/wp\/v2\/pages"}],"about":[{"href":"https:\/\/www.jibble.io\/tr\/wp-json\/wp\/v2\/types\/page"}],"author":[{"embeddable":true,"href":"https:\/\/www.jibble.io\/tr\/wp-json\/wp\/v2\/users\/37"}],"replies":[{"embeddable":true,"href":"https:\/\/www.jibble.io\/tr\/wp-json\/wp\/v2\/comments?post=389320"}],"version-history":[{"count":3,"href":"https:\/\/www.jibble.io\/tr\/wp-json\/wp\/v2\/pages\/389320\/revisions"}],"predecessor-version":[{"id":394540,"href":"https:\/\/www.jibble.io\/tr\/wp-json\/wp\/v2\/pages\/389320\/revisions\/394540"}],"wp:attachment":[{"href":"https:\/\/www.jibble.io\/tr\/wp-json\/wp\/v2\/media?parent=389320"}],"curies":[{"name":"wp","href":"https:\/\/api.w.org\/{rel}","templated":true}]}}