{"id":271566,"date":"2025-03-21T05:04:55","date_gmt":"2025-03-21T05:04:55","guid":{"rendered":"https:\/\/www.jibble.io\/student-attendance-sheet"},"modified":"2025-12-02T18:02:14","modified_gmt":"2025-12-02T18:02:14","slug":"ogrenci-devam-cizelgesi","status":"publish","type":"page","link":"https:\/\/www.jibble.io\/tr\/ogrenci-devam-cizelgesi","title":{"rendered":"\u00d6\u011frenci Yoklama \u00c7izelgesi"},"content":{"rendered":"","protected":false},"excerpt":{"rendered":"","protected":false},"author":87,"featured_media":0,"parent":0,"menu_order":0,"comment_status":"closed","ping_status":"closed","template":"template-student-attendence.php","meta":{"_acf_changed":false,"footnotes":""},"class_list":["post-271566","page","type-page","status-publish","hentry"],"acf":[],"yoast_head":"<!-- This site is optimized with the Yoast SEO Premium plugin v26.8 (Yoast SEO v26.8) - https:\/\/yoast.com\/product\/yoast-seo-premium-wordpress\/ -->\n<title>\u00dcCRETS\u0130Z \u00d6\u011frenci Yoklama \u00c7izelgesi | Jibble<\/title>\n<meta name=\"description\" content=\"E\u011fitimciler i\u00e7in kullan\u0131m\u0131 kolay \u00dcCRETS\u0130Z \u00f6\u011frenci yoklama \u00e7izelgesi. Birka\u00e7 basit t\u0131klama ile yoklama al\u0131n ve kay\u0131tlar\u0131 yazd\u0131r\u0131n.\" \/>\n<meta name=\"robots\" content=\"index, follow, max-snippet:-1, max-image-preview:large, max-video-preview:-1\" \/>\n<link rel=\"canonical\" href=\"https:\/\/www.jibble.io\/tr\/ogrenci-devam-cizelgesi\" \/>\n<meta property=\"og:locale\" content=\"tr_TR\" \/>\n<meta property=\"og:type\" content=\"article\" \/>\n<meta property=\"og:title\" content=\"\u00dcCRETS\u0130Z \u00d6\u011frenci Yoklama \u00c7izelgesi | Jibble\" \/>\n<meta property=\"og:description\" content=\"E\u011fitimciler i\u00e7in kullan\u0131m\u0131 kolay \u00dcCRETS\u0130Z \u00f6\u011frenci yoklama \u00e7izelgesi. Birka\u00e7 basit t\u0131klama ile yoklama al\u0131n ve kay\u0131tlar\u0131 yazd\u0131r\u0131n.\" \/>\n<meta property=\"og:url\" content=\"https:\/\/www.jibble.io\/tr\/ogrenci-devam-cizelgesi\" \/>\n<meta property=\"og:site_name\" content=\"Jibble\" \/>\n<meta property=\"article:modified_time\" content=\"2025-12-02T18:02:14+00:00\" \/>\n<meta name=\"twitter:card\" content=\"summary_large_image\" \/>\n<meta name=\"twitter:label1\" content=\"Tahmini okuma s\u00fcresi\" \/>\n\t<meta name=\"twitter:data1\" content=\"3 dakika\" \/>\n<script type=\"application\/ld+json\" class=\"yoast-schema-graph\">{\"@context\":\"https:\/\/schema.org\",\"@graph\":[{\"@type\":\"WebPage\",\"@id\":\"https:\/\/www.jibble.io\/tr\/ogrenci-devam-cizelgesi\",\"url\":\"https:\/\/www.jibble.io\/tr\/ogrenci-devam-cizelgesi\",\"name\":\"\u00dcCRETS\u0130Z \u00d6\u011frenci Yoklama \u00c7izelgesi | Jibble\",\"isPartOf\":{\"@id\":\"https:\/\/www.jibble.io\/tr#website\"},\"datePublished\":\"2025-03-21T05:04:55+00:00\",\"dateModified\":\"2025-12-02T18:02:14+00:00\",\"description\":\"E\u011fitimciler i\u00e7in kullan\u0131m\u0131 kolay \u00dcCRETS\u0130Z \u00f6\u011frenci yoklama \u00e7izelgesi. Birka\u00e7 basit t\u0131klama ile yoklama al\u0131n ve kay\u0131tlar\u0131 yazd\u0131r\u0131n.\",\"inLanguage\":\"tr\",\"potentialAction\":[{\"@type\":\"ReadAction\",\"target\":[\"https:\/\/www.jibble.io\/tr\/ogrenci-devam-cizelgesi\"]}]},{\"@type\":\"WebSite\",\"@id\":\"https:\/\/www.jibble.io\/tr#website\",\"url\":\"https:\/\/www.jibble.io\/tr\",\"name\":\"Jibble\",\"description\":\"Meet the new standard in time tracking software\",\"publisher\":{\"@id\":\"https:\/\/www.jibble.io\/tr#organization\"},\"potentialAction\":[{\"@type\":\"SearchAction\",\"target\":{\"@type\":\"EntryPoint\",\"urlTemplate\":\"https:\/\/www.jibble.io\/tr?s={search_term_string}\"},\"query-input\":{\"@type\":\"PropertyValueSpecification\",\"valueRequired\":true,\"valueName\":\"search_term_string\"}}],\"inLanguage\":\"tr\"},{\"@type\":\"Organization\",\"@id\":\"https:\/\/www.jibble.io\/tr#organization\",\"name\":\"Jibble\",\"url\":\"https:\/\/www.jibble.io\/tr\",\"logo\":{\"@type\":\"ImageObject\",\"inLanguage\":\"tr\",\"@id\":\"https:\/\/www.jibble.io\/tr#\/schema\/logo\/image\/\",\"url\":\"https:\/\/www.jibble.io\/wp-content\/uploads\/2022\/05\/Original-copy-923x1024.png\",\"contentUrl\":\"https:\/\/www.jibble.io\/wp-content\/uploads\/2022\/05\/Original-copy-923x1024.png\",\"width\":\"923\",\"height\":\"1024\",\"caption\":\"Jibble\"},\"image\":{\"@id\":\"https:\/\/www.jibble.io\/tr#\/schema\/logo\/image\/\"},\"sameAs\":[\"https:\/\/www.linkedin.com\/company\/jibble\/\"]}]}<\/script>\n<!-- \/ Yoast SEO Premium plugin. -->","yoast_head_json":{"title":"\u00dcCRETS\u0130Z \u00d6\u011frenci Yoklama \u00c7izelgesi | Jibble","description":"E\u011fitimciler i\u00e7in kullan\u0131m\u0131 kolay \u00dcCRETS\u0130Z \u00f6\u011frenci yoklama \u00e7izelgesi. Birka\u00e7 basit t\u0131klama ile yoklama al\u0131n ve kay\u0131tlar\u0131 yazd\u0131r\u0131n.","robots":{"index":"index","follow":"follow","max-snippet":"max-snippet:-1","max-image-preview":"max-image-preview:large","max-video-preview":"max-video-preview:-1"},"canonical":"https:\/\/www.jibble.io\/tr\/ogrenci-devam-cizelgesi","og_locale":"tr_TR","og_type":"article","og_title":"\u00dcCRETS\u0130Z \u00d6\u011frenci Yoklama \u00c7izelgesi | Jibble","og_description":"E\u011fitimciler i\u00e7in kullan\u0131m\u0131 kolay \u00dcCRETS\u0130Z \u00f6\u011frenci yoklama \u00e7izelgesi. Birka\u00e7 basit t\u0131klama ile yoklama al\u0131n ve kay\u0131tlar\u0131 yazd\u0131r\u0131n.","og_url":"https:\/\/www.jibble.io\/tr\/ogrenci-devam-cizelgesi","og_site_name":"Jibble","article_modified_time":"2025-12-02T18:02:14+00:00","twitter_card":"summary_large_image","twitter_misc":{"Tahmini okuma s\u00fcresi":"3 dakika"},"schema":{"@context":"https:\/\/schema.org","@graph":[{"@type":"WebPage","@id":"https:\/\/www.jibble.io\/tr\/ogrenci-devam-cizelgesi","url":"https:\/\/www.jibble.io\/tr\/ogrenci-devam-cizelgesi","name":"\u00dcCRETS\u0130Z \u00d6\u011frenci Yoklama \u00c7izelgesi | Jibble","isPartOf":{"@id":"https:\/\/www.jibble.io\/tr#website"},"datePublished":"2025-03-21T05:04:55+00:00","dateModified":"2025-12-02T18:02:14+00:00","description":"E\u011fitimciler i\u00e7in kullan\u0131m\u0131 kolay \u00dcCRETS\u0130Z \u00f6\u011frenci yoklama \u00e7izelgesi. Birka\u00e7 basit t\u0131klama ile yoklama al\u0131n ve kay\u0131tlar\u0131 yazd\u0131r\u0131n.","inLanguage":"tr","potentialAction":[{"@type":"ReadAction","target":["https:\/\/www.jibble.io\/tr\/ogrenci-devam-cizelgesi"]}]},{"@type":"WebSite","@id":"https:\/\/www.jibble.io\/tr#website","url":"https:\/\/www.jibble.io\/tr","name":"Jibble","description":"Meet the new standard in time tracking software","publisher":{"@id":"https:\/\/www.jibble.io\/tr#organization"},"potentialAction":[{"@type":"SearchAction","target":{"@type":"EntryPoint","urlTemplate":"https:\/\/www.jibble.io\/tr?s={search_term_string}"},"query-input":{"@type":"PropertyValueSpecification","valueRequired":true,"valueName":"search_term_string"}}],"inLanguage":"tr"},{"@type":"Organization","@id":"https:\/\/www.jibble.io\/tr#organization","name":"Jibble","url":"https:\/\/www.jibble.io\/tr","logo":{"@type":"ImageObject","inLanguage":"tr","@id":"https:\/\/www.jibble.io\/tr#\/schema\/logo\/image\/","url":"https:\/\/www.jibble.io\/wp-content\/uploads\/2022\/05\/Original-copy-923x1024.png","contentUrl":"https:\/\/www.jibble.io\/wp-content\/uploads\/2022\/05\/Original-copy-923x1024.png","width":"923","height":"1024","caption":"Jibble"},"image":{"@id":"https:\/\/www.jibble.io\/tr#\/schema\/logo\/image\/"},"sameAs":["https:\/\/www.linkedin.com\/company\/jibble\/"]}]}},"_links":{"self":[{"href":"https:\/\/www.jibble.io\/tr\/wp-json\/wp\/v2\/pages\/271566","targetHints":{"allow":["GET"]}}],"collection":[{"href":"https:\/\/www.jibble.io\/tr\/wp-json\/wp\/v2\/pages"}],"about":[{"href":"https:\/\/www.jibble.io\/tr\/wp-json\/wp\/v2\/types\/page"}],"author":[{"embeddable":true,"href":"https:\/\/www.jibble.io\/tr\/wp-json\/wp\/v2\/users\/87"}],"replies":[{"embeddable":true,"href":"https:\/\/www.jibble.io\/tr\/wp-json\/wp\/v2\/comments?post=271566"}],"version-history":[{"count":3,"href":"https:\/\/www.jibble.io\/tr\/wp-json\/wp\/v2\/pages\/271566\/revisions"}],"predecessor-version":[{"id":350407,"href":"https:\/\/www.jibble.io\/tr\/wp-json\/wp\/v2\/pages\/271566\/revisions\/350407"}],"wp:attachment":[{"href":"https:\/\/www.jibble.io\/tr\/wp-json\/wp\/v2\/media?parent=271566"}],"curies":[{"name":"wp","href":"https:\/\/api.w.org\/{rel}","templated":true}]}}