{"id":240099,"date":"2022-11-19T03:01:28","date_gmt":"2022-11-19T03:01:28","guid":{"rendered":"https:\/\/www.jibble.io\/search-results"},"modified":"2025-02-26T09:58:54","modified_gmt":"2025-02-26T09:58:54","slug":"arama-sonuclari","status":"publish","type":"page","link":"https:\/\/www.jibble.io\/tr\/arama-sonuclari","title":{"rendered":"Yard\u0131m Merkezi Arama Sonu\u00e7lar\u0131"},"content":{"rendered":"","protected":false},"excerpt":{"rendered":"","protected":false},"author":56,"featured_media":0,"parent":0,"menu_order":0,"comment_status":"closed","ping_status":"closed","template":"page-search-results.php","meta":{"_acf_changed":false,"footnotes":""},"class_list":["post-240099","page","type-page","status-publish","hentry"],"acf":[],"yoast_head":"<!-- This site is optimized with the Yoast SEO Premium plugin v26.8 (Yoast SEO v26.8) - https:\/\/yoast.com\/product\/yoast-seo-premium-wordpress\/ -->\n<title>Jibble Yard\u0131m Merkezi Arama Sonu\u00e7lar\u0131<\/title>\n<meta name=\"description\" content=\"Sorunsuz sorun giderme ve destek i\u00e7in Yard\u0131m Merkezi arama sonu\u00e7lar\u0131ndaki \u00e7\u00f6z\u00fcmleri ve kapsaml\u0131 k\u0131lavuzlar\u0131 ke\u015ffedin.\" \/>\n<meta name=\"robots\" content=\"index, follow, max-snippet:-1, max-image-preview:large, max-video-preview:-1\" \/>\n<link rel=\"canonical\" href=\"https:\/\/www.jibble.io\/tr\/arama-sonuclari\" \/>\n<meta property=\"og:locale\" content=\"tr_TR\" \/>\n<meta property=\"og:type\" content=\"article\" \/>\n<meta property=\"og:title\" content=\"Jibble Yard\u0131m Merkezi Arama Sonu\u00e7lar\u0131\" \/>\n<meta property=\"og:description\" content=\"Sorunsuz sorun giderme ve destek i\u00e7in Yard\u0131m Merkezi arama sonu\u00e7lar\u0131ndaki \u00e7\u00f6z\u00fcmleri ve kapsaml\u0131 k\u0131lavuzlar\u0131 ke\u015ffedin.\" \/>\n<meta property=\"og:url\" content=\"https:\/\/www.jibble.io\/tr\/arama-sonuclari\" \/>\n<meta property=\"og:site_name\" content=\"Jibble\" \/>\n<meta property=\"article:modified_time\" content=\"2025-02-26T09:58:54+00:00\" \/>\n<meta name=\"twitter:card\" content=\"summary_large_image\" \/>\n<script type=\"application\/ld+json\" class=\"yoast-schema-graph\">{\"@context\":\"https:\/\/schema.org\",\"@graph\":[{\"@type\":\"WebPage\",\"@id\":\"https:\/\/www.jibble.io\/tr\/arama-sonuclari\",\"url\":\"https:\/\/www.jibble.io\/tr\/arama-sonuclari\",\"name\":\"Jibble Yard\u0131m Merkezi Arama Sonu\u00e7lar\u0131\",\"isPartOf\":{\"@id\":\"https:\/\/www.jibble.io\/tr#website\"},\"datePublished\":\"2022-11-19T03:01:28+00:00\",\"dateModified\":\"2025-02-26T09:58:54+00:00\",\"description\":\"Sorunsuz sorun giderme ve destek i\u00e7in Yard\u0131m Merkezi arama sonu\u00e7lar\u0131ndaki \u00e7\u00f6z\u00fcmleri ve kapsaml\u0131 k\u0131lavuzlar\u0131 ke\u015ffedin.\",\"inLanguage\":\"tr\",\"potentialAction\":[{\"@type\":\"ReadAction\",\"target\":[\"https:\/\/www.jibble.io\/tr\/arama-sonuclari\"]}]},{\"@type\":\"WebSite\",\"@id\":\"https:\/\/www.jibble.io\/tr#website\",\"url\":\"https:\/\/www.jibble.io\/tr\",\"name\":\"Jibble\",\"description\":\"Meet the new standard in time tracking software\",\"publisher\":{\"@id\":\"https:\/\/www.jibble.io\/tr#organization\"},\"potentialAction\":[{\"@type\":\"SearchAction\",\"target\":{\"@type\":\"EntryPoint\",\"urlTemplate\":\"https:\/\/www.jibble.io\/tr?s={search_term_string}\"},\"query-input\":{\"@type\":\"PropertyValueSpecification\",\"valueRequired\":true,\"valueName\":\"search_term_string\"}}],\"inLanguage\":\"tr\"},{\"@type\":\"Organization\",\"@id\":\"https:\/\/www.jibble.io\/tr#organization\",\"name\":\"Jibble\",\"url\":\"https:\/\/www.jibble.io\/tr\",\"logo\":{\"@type\":\"ImageObject\",\"inLanguage\":\"tr\",\"@id\":\"https:\/\/www.jibble.io\/tr#\/schema\/logo\/image\/\",\"url\":\"https:\/\/www.jibble.io\/wp-content\/uploads\/2022\/05\/Original-copy-923x1024.png\",\"contentUrl\":\"https:\/\/www.jibble.io\/wp-content\/uploads\/2022\/05\/Original-copy-923x1024.png\",\"width\":\"923\",\"height\":\"1024\",\"caption\":\"Jibble\"},\"image\":{\"@id\":\"https:\/\/www.jibble.io\/tr#\/schema\/logo\/image\/\"},\"sameAs\":[\"https:\/\/www.linkedin.com\/company\/jibble\/\"]}]}<\/script>\n<!-- \/ Yoast SEO Premium plugin. -->","yoast_head_json":{"title":"Jibble Yard\u0131m Merkezi Arama Sonu\u00e7lar\u0131","description":"Sorunsuz sorun giderme ve destek i\u00e7in Yard\u0131m Merkezi arama sonu\u00e7lar\u0131ndaki \u00e7\u00f6z\u00fcmleri ve kapsaml\u0131 k\u0131lavuzlar\u0131 ke\u015ffedin.","robots":{"index":"index","follow":"follow","max-snippet":"max-snippet:-1","max-image-preview":"max-image-preview:large","max-video-preview":"max-video-preview:-1"},"canonical":"https:\/\/www.jibble.io\/tr\/arama-sonuclari","og_locale":"tr_TR","og_type":"article","og_title":"Jibble Yard\u0131m Merkezi Arama Sonu\u00e7lar\u0131","og_description":"Sorunsuz sorun giderme ve destek i\u00e7in Yard\u0131m Merkezi arama sonu\u00e7lar\u0131ndaki \u00e7\u00f6z\u00fcmleri ve kapsaml\u0131 k\u0131lavuzlar\u0131 ke\u015ffedin.","og_url":"https:\/\/www.jibble.io\/tr\/arama-sonuclari","og_site_name":"Jibble","article_modified_time":"2025-02-26T09:58:54+00:00","twitter_card":"summary_large_image","schema":{"@context":"https:\/\/schema.org","@graph":[{"@type":"WebPage","@id":"https:\/\/www.jibble.io\/tr\/arama-sonuclari","url":"https:\/\/www.jibble.io\/tr\/arama-sonuclari","name":"Jibble Yard\u0131m Merkezi Arama Sonu\u00e7lar\u0131","isPartOf":{"@id":"https:\/\/www.jibble.io\/tr#website"},"datePublished":"2022-11-19T03:01:28+00:00","dateModified":"2025-02-26T09:58:54+00:00","description":"Sorunsuz sorun giderme ve destek i\u00e7in Yard\u0131m Merkezi arama sonu\u00e7lar\u0131ndaki \u00e7\u00f6z\u00fcmleri ve kapsaml\u0131 k\u0131lavuzlar\u0131 ke\u015ffedin.","inLanguage":"tr","potentialAction":[{"@type":"ReadAction","target":["https:\/\/www.jibble.io\/tr\/arama-sonuclari"]}]},{"@type":"WebSite","@id":"https:\/\/www.jibble.io\/tr#website","url":"https:\/\/www.jibble.io\/tr","name":"Jibble","description":"Meet the new standard in time tracking software","publisher":{"@id":"https:\/\/www.jibble.io\/tr#organization"},"potentialAction":[{"@type":"SearchAction","target":{"@type":"EntryPoint","urlTemplate":"https:\/\/www.jibble.io\/tr?s={search_term_string}"},"query-input":{"@type":"PropertyValueSpecification","valueRequired":true,"valueName":"search_term_string"}}],"inLanguage":"tr"},{"@type":"Organization","@id":"https:\/\/www.jibble.io\/tr#organization","name":"Jibble","url":"https:\/\/www.jibble.io\/tr","logo":{"@type":"ImageObject","inLanguage":"tr","@id":"https:\/\/www.jibble.io\/tr#\/schema\/logo\/image\/","url":"https:\/\/www.jibble.io\/wp-content\/uploads\/2022\/05\/Original-copy-923x1024.png","contentUrl":"https:\/\/www.jibble.io\/wp-content\/uploads\/2022\/05\/Original-copy-923x1024.png","width":"923","height":"1024","caption":"Jibble"},"image":{"@id":"https:\/\/www.jibble.io\/tr#\/schema\/logo\/image\/"},"sameAs":["https:\/\/www.linkedin.com\/company\/jibble\/"]}]}},"_links":{"self":[{"href":"https:\/\/www.jibble.io\/tr\/wp-json\/wp\/v2\/pages\/240099","targetHints":{"allow":["GET"]}}],"collection":[{"href":"https:\/\/www.jibble.io\/tr\/wp-json\/wp\/v2\/pages"}],"about":[{"href":"https:\/\/www.jibble.io\/tr\/wp-json\/wp\/v2\/types\/page"}],"author":[{"embeddable":true,"href":"https:\/\/www.jibble.io\/tr\/wp-json\/wp\/v2\/users\/56"}],"replies":[{"embeddable":true,"href":"https:\/\/www.jibble.io\/tr\/wp-json\/wp\/v2\/comments?post=240099"}],"version-history":[{"count":2,"href":"https:\/\/www.jibble.io\/tr\/wp-json\/wp\/v2\/pages\/240099\/revisions"}],"predecessor-version":[{"id":240109,"href":"https:\/\/www.jibble.io\/tr\/wp-json\/wp\/v2\/pages\/240099\/revisions\/240109"}],"wp:attachment":[{"href":"https:\/\/www.jibble.io\/tr\/wp-json\/wp\/v2\/media?parent=240099"}],"curies":[{"name":"wp","href":"https:\/\/api.w.org\/{rel}","templated":true}]}}