{"id":223970,"date":"2024-12-27T06:12:13","date_gmt":"2024-12-27T06:12:13","guid":{"rendered":"https:\/\/www.jibble.io\/pomodoro-timer"},"modified":"2025-09-13T11:17:19","modified_gmt":"2025-09-13T10:17:19","slug":"pomodoro-sayaci","status":"publish","type":"page","link":"https:\/\/www.jibble.io\/tr\/pomodoro-sayaci","title":{"rendered":"Pomodoro Sayac\u0131"},"content":{"rendered":"","protected":false},"excerpt":{"rendered":"","protected":false},"author":87,"featured_media":0,"parent":0,"menu_order":0,"comment_status":"closed","ping_status":"closed","template":"template-pomodoro-timer.php","meta":{"_acf_changed":false,"footnotes":""},"class_list":["post-223970","page","type-page","status-publish","hentry"],"acf":[],"yoast_head":"<!-- This site is optimized with the Yoast SEO Premium plugin v26.8 (Yoast SEO v26.8) - https:\/\/yoast.com\/product\/yoast-seo-premium-wordpress\/ -->\n<title>\u00dcCRETS\u0130Z \u00c7evrimi\u00e7i Pomodoro Sayac\u0131 |<\/title>\n<meta name=\"description\" content=\"\u00dcCRETS\u0130Z \u00e7evrim i\u00e7i Pomodoro sayac\u0131 ileodak ve veriminizi koruyun. Basit, \u00f6zelle\u015ftirilebilir ve her cihazdan eri\u015filebilir.\" \/>\n<meta name=\"robots\" content=\"index, follow, max-snippet:-1, max-image-preview:large, max-video-preview:-1\" \/>\n<link rel=\"canonical\" href=\"https:\/\/www.jibble.io\/tr\/pomodoro-sayaci\" \/>\n<meta property=\"og:locale\" content=\"tr_TR\" \/>\n<meta property=\"og:type\" content=\"article\" \/>\n<meta property=\"og:title\" content=\"\u00dcCRETS\u0130Z \u00c7evrimi\u00e7i Pomodoro Sayac\u0131 |\" \/>\n<meta property=\"og:description\" content=\"\u00dcCRETS\u0130Z \u00e7evrim i\u00e7i Pomodoro sayac\u0131 ileodak ve veriminizi koruyun. Basit, \u00f6zelle\u015ftirilebilir ve her cihazdan eri\u015filebilir.\" \/>\n<meta property=\"og:url\" content=\"https:\/\/www.jibble.io\/tr\/pomodoro-sayaci\" \/>\n<meta property=\"og:site_name\" content=\"Jibble\" \/>\n<meta property=\"article:modified_time\" content=\"2025-09-13T10:17:19+00:00\" \/>\n<meta name=\"twitter:card\" content=\"summary_large_image\" \/>\n<meta name=\"twitter:label1\" content=\"Tahmini okuma s\u00fcresi\" \/>\n\t<meta name=\"twitter:data1\" content=\"4 dakika\" \/>\n<script type=\"application\/ld+json\" class=\"yoast-schema-graph\">{\"@context\":\"https:\/\/schema.org\",\"@graph\":[{\"@type\":\"WebPage\",\"@id\":\"https:\/\/www.jibble.io\/tr\/pomodoro-sayaci\",\"url\":\"https:\/\/www.jibble.io\/tr\/pomodoro-sayaci\",\"name\":\"\u00dcCRETS\u0130Z \u00c7evrimi\u00e7i Pomodoro Sayac\u0131 |\",\"isPartOf\":{\"@id\":\"https:\/\/www.jibble.io\/tr#website\"},\"datePublished\":\"2024-12-27T06:12:13+00:00\",\"dateModified\":\"2025-09-13T10:17:19+00:00\",\"description\":\"\u00dcCRETS\u0130Z \u00e7evrim i\u00e7i Pomodoro sayac\u0131 ileodak ve veriminizi koruyun. Basit, \u00f6zelle\u015ftirilebilir ve her cihazdan eri\u015filebilir.\",\"inLanguage\":\"tr\",\"potentialAction\":[{\"@type\":\"ReadAction\",\"target\":[\"https:\/\/www.jibble.io\/tr\/pomodoro-sayaci\"]}]},{\"@type\":\"WebSite\",\"@id\":\"https:\/\/www.jibble.io\/tr#website\",\"url\":\"https:\/\/www.jibble.io\/tr\",\"name\":\"Jibble\",\"description\":\"Meet the new standard in time tracking software\",\"publisher\":{\"@id\":\"https:\/\/www.jibble.io\/tr#organization\"},\"potentialAction\":[{\"@type\":\"SearchAction\",\"target\":{\"@type\":\"EntryPoint\",\"urlTemplate\":\"https:\/\/www.jibble.io\/tr?s={search_term_string}\"},\"query-input\":{\"@type\":\"PropertyValueSpecification\",\"valueRequired\":true,\"valueName\":\"search_term_string\"}}],\"inLanguage\":\"tr\"},{\"@type\":\"Organization\",\"@id\":\"https:\/\/www.jibble.io\/tr#organization\",\"name\":\"Jibble\",\"url\":\"https:\/\/www.jibble.io\/tr\",\"logo\":{\"@type\":\"ImageObject\",\"inLanguage\":\"tr\",\"@id\":\"https:\/\/www.jibble.io\/tr#\/schema\/logo\/image\/\",\"url\":\"https:\/\/www.jibble.io\/wp-content\/uploads\/2022\/05\/Original-copy-923x1024.png\",\"contentUrl\":\"https:\/\/www.jibble.io\/wp-content\/uploads\/2022\/05\/Original-copy-923x1024.png\",\"width\":\"923\",\"height\":\"1024\",\"caption\":\"Jibble\"},\"image\":{\"@id\":\"https:\/\/www.jibble.io\/tr#\/schema\/logo\/image\/\"},\"sameAs\":[\"https:\/\/www.linkedin.com\/company\/jibble\/\"]}]}<\/script>\n<!-- \/ Yoast SEO Premium plugin. -->","yoast_head_json":{"title":"\u00dcCRETS\u0130Z \u00c7evrimi\u00e7i Pomodoro Sayac\u0131 |","description":"\u00dcCRETS\u0130Z \u00e7evrim i\u00e7i Pomodoro sayac\u0131 ileodak ve veriminizi koruyun. Basit, \u00f6zelle\u015ftirilebilir ve her cihazdan eri\u015filebilir.","robots":{"index":"index","follow":"follow","max-snippet":"max-snippet:-1","max-image-preview":"max-image-preview:large","max-video-preview":"max-video-preview:-1"},"canonical":"https:\/\/www.jibble.io\/tr\/pomodoro-sayaci","og_locale":"tr_TR","og_type":"article","og_title":"\u00dcCRETS\u0130Z \u00c7evrimi\u00e7i Pomodoro Sayac\u0131 |","og_description":"\u00dcCRETS\u0130Z \u00e7evrim i\u00e7i Pomodoro sayac\u0131 ileodak ve veriminizi koruyun. Basit, \u00f6zelle\u015ftirilebilir ve her cihazdan eri\u015filebilir.","og_url":"https:\/\/www.jibble.io\/tr\/pomodoro-sayaci","og_site_name":"Jibble","article_modified_time":"2025-09-13T10:17:19+00:00","twitter_card":"summary_large_image","twitter_misc":{"Tahmini okuma s\u00fcresi":"4 dakika"},"schema":{"@context":"https:\/\/schema.org","@graph":[{"@type":"WebPage","@id":"https:\/\/www.jibble.io\/tr\/pomodoro-sayaci","url":"https:\/\/www.jibble.io\/tr\/pomodoro-sayaci","name":"\u00dcCRETS\u0130Z \u00c7evrimi\u00e7i Pomodoro Sayac\u0131 |","isPartOf":{"@id":"https:\/\/www.jibble.io\/tr#website"},"datePublished":"2024-12-27T06:12:13+00:00","dateModified":"2025-09-13T10:17:19+00:00","description":"\u00dcCRETS\u0130Z \u00e7evrim i\u00e7i Pomodoro sayac\u0131 ileodak ve veriminizi koruyun. Basit, \u00f6zelle\u015ftirilebilir ve her cihazdan eri\u015filebilir.","inLanguage":"tr","potentialAction":[{"@type":"ReadAction","target":["https:\/\/www.jibble.io\/tr\/pomodoro-sayaci"]}]},{"@type":"WebSite","@id":"https:\/\/www.jibble.io\/tr#website","url":"https:\/\/www.jibble.io\/tr","name":"Jibble","description":"Meet the new standard in time tracking software","publisher":{"@id":"https:\/\/www.jibble.io\/tr#organization"},"potentialAction":[{"@type":"SearchAction","target":{"@type":"EntryPoint","urlTemplate":"https:\/\/www.jibble.io\/tr?s={search_term_string}"},"query-input":{"@type":"PropertyValueSpecification","valueRequired":true,"valueName":"search_term_string"}}],"inLanguage":"tr"},{"@type":"Organization","@id":"https:\/\/www.jibble.io\/tr#organization","name":"Jibble","url":"https:\/\/www.jibble.io\/tr","logo":{"@type":"ImageObject","inLanguage":"tr","@id":"https:\/\/www.jibble.io\/tr#\/schema\/logo\/image\/","url":"https:\/\/www.jibble.io\/wp-content\/uploads\/2022\/05\/Original-copy-923x1024.png","contentUrl":"https:\/\/www.jibble.io\/wp-content\/uploads\/2022\/05\/Original-copy-923x1024.png","width":"923","height":"1024","caption":"Jibble"},"image":{"@id":"https:\/\/www.jibble.io\/tr#\/schema\/logo\/image\/"},"sameAs":["https:\/\/www.linkedin.com\/company\/jibble\/"]}]}},"_links":{"self":[{"href":"https:\/\/www.jibble.io\/tr\/wp-json\/wp\/v2\/pages\/223970","targetHints":{"allow":["GET"]}}],"collection":[{"href":"https:\/\/www.jibble.io\/tr\/wp-json\/wp\/v2\/pages"}],"about":[{"href":"https:\/\/www.jibble.io\/tr\/wp-json\/wp\/v2\/types\/page"}],"author":[{"embeddable":true,"href":"https:\/\/www.jibble.io\/tr\/wp-json\/wp\/v2\/users\/87"}],"replies":[{"embeddable":true,"href":"https:\/\/www.jibble.io\/tr\/wp-json\/wp\/v2\/comments?post=223970"}],"version-history":[{"count":3,"href":"https:\/\/www.jibble.io\/tr\/wp-json\/wp\/v2\/pages\/223970\/revisions"}],"predecessor-version":[{"id":322685,"href":"https:\/\/www.jibble.io\/tr\/wp-json\/wp\/v2\/pages\/223970\/revisions\/322685"}],"wp:attachment":[{"href":"https:\/\/www.jibble.io\/tr\/wp-json\/wp\/v2\/media?parent=223970"}],"curies":[{"name":"wp","href":"https:\/\/api.w.org\/{rel}","templated":true}]}}