{"id":210772,"date":"2021-11-22T06:56:41","date_gmt":"2021-11-22T06:56:41","guid":{"rendered":"https:\/\/www.jibble.io\/kurumsal-is-takibi\/self-hosted-time-tracking-software"},"modified":"2025-11-14T12:48:47","modified_gmt":"2025-11-14T12:48:47","slug":"self-host-zaman-takip-yazilimi","status":"publish","type":"page","link":"https:\/\/www.jibble.io\/tr\/self-host-zaman-takip-yazilimi","title":{"rendered":"Self-hosted"},"content":{"rendered":"","protected":false},"excerpt":{"rendered":"","protected":false},"author":6,"featured_media":0,"parent":0,"menu_order":0,"comment_status":"closed","ping_status":"closed","template":"template-industry.php","meta":{"_acf_changed":false,"footnotes":""},"class_list":["post-210772","page","type-page","status-publish","hentry"],"acf":[],"yoast_head":"<!-- This site is optimized with the Yoast SEO Premium plugin v26.8 (Yoast SEO v26.8) - https:\/\/yoast.com\/product\/yoast-seo-premium-wordpress\/ -->\n<title>Self-Host Zaman ve Devams\u0131zl\u0131k Takibi | Jibble\u2122<\/title>\n<meta name=\"description\" content=\"G\u00fcvenlik ve gizlilik i\u00e7in verilerini kendi sunucular\u0131nda bar\u0131nd\u0131rmak isteyen \u015firketler i\u00e7in kurumsal self host zaman ve devams\u0131zl\u0131k takibi.\" \/>\n<meta name=\"robots\" content=\"index, follow, max-snippet:-1, max-image-preview:large, max-video-preview:-1\" \/>\n<link rel=\"canonical\" href=\"https:\/\/www.jibble.io\/tr\/self-host-zaman-takip-yazilimi\" \/>\n<meta property=\"og:locale\" content=\"tr_TR\" \/>\n<meta property=\"og:type\" content=\"article\" \/>\n<meta property=\"og:title\" content=\"Self-Host Zaman ve Devams\u0131zl\u0131k Takibi | Jibble\u2122\" \/>\n<meta property=\"og:description\" content=\"G\u00fcvenlik ve gizlilik i\u00e7in verilerini kendi sunucular\u0131nda bar\u0131nd\u0131rmak isteyen \u015firketler i\u00e7in kurumsal self host zaman ve devams\u0131zl\u0131k takibi.\" \/>\n<meta property=\"og:url\" content=\"https:\/\/www.jibble.io\/tr\/self-host-zaman-takip-yazilimi\" \/>\n<meta property=\"og:site_name\" content=\"Jibble\" \/>\n<meta property=\"article:modified_time\" content=\"2025-11-14T12:48:47+00:00\" \/>\n<meta name=\"twitter:card\" content=\"summary_large_image\" \/>\n<meta name=\"twitter:label1\" content=\"Tahmini okuma s\u00fcresi\" \/>\n\t<meta name=\"twitter:data1\" content=\"4 dakika\" \/>\n<script type=\"application\/ld+json\" class=\"yoast-schema-graph\">{\"@context\":\"https:\/\/schema.org\",\"@graph\":[{\"@type\":\"WebPage\",\"@id\":\"https:\/\/www.jibble.io\/tr\/self-host-zaman-takip-yazilimi\",\"url\":\"https:\/\/www.jibble.io\/tr\/self-host-zaman-takip-yazilimi\",\"name\":\"Self-Host Zaman ve Devams\u0131zl\u0131k Takibi | Jibble\u2122\",\"isPartOf\":{\"@id\":\"https:\/\/www.jibble.io\/tr#website\"},\"datePublished\":\"2021-11-22T06:56:41+00:00\",\"dateModified\":\"2025-11-14T12:48:47+00:00\",\"description\":\"G\u00fcvenlik ve gizlilik i\u00e7in verilerini kendi sunucular\u0131nda bar\u0131nd\u0131rmak isteyen \u015firketler i\u00e7in kurumsal self host zaman ve devams\u0131zl\u0131k takibi.\",\"breadcrumb\":{\"@id\":\"https:\/\/www.jibble.io\/tr\/self-host-zaman-takip-yazilimi#breadcrumb\"},\"inLanguage\":\"tr\",\"potentialAction\":[{\"@type\":\"ReadAction\",\"target\":[\"https:\/\/www.jibble.io\/tr\/self-host-zaman-takip-yazilimi\"]}]},{\"@type\":\"BreadcrumbList\",\"@id\":\"https:\/\/www.jibble.io\/tr\/self-host-zaman-takip-yazilimi#breadcrumb\",\"itemListElement\":[{\"@type\":\"ListItem\",\"position\":1,\"name\":\"Enterprise\",\"item\":\"https:\/\/www.jibble.io\/tr\/kurumsal-is-takibi\"},{\"@type\":\"ListItem\",\"position\":2,\"name\":\"Self-hosted\"}]},{\"@type\":\"WebSite\",\"@id\":\"https:\/\/www.jibble.io\/tr#website\",\"url\":\"https:\/\/www.jibble.io\/tr\",\"name\":\"Jibble\",\"description\":\"Meet the new standard in time tracking software\",\"publisher\":{\"@id\":\"https:\/\/www.jibble.io\/tr#organization\"},\"potentialAction\":[{\"@type\":\"SearchAction\",\"target\":{\"@type\":\"EntryPoint\",\"urlTemplate\":\"https:\/\/www.jibble.io\/tr?s={search_term_string}\"},\"query-input\":{\"@type\":\"PropertyValueSpecification\",\"valueRequired\":true,\"valueName\":\"search_term_string\"}}],\"inLanguage\":\"tr\"},{\"@type\":\"Organization\",\"@id\":\"https:\/\/www.jibble.io\/tr#organization\",\"name\":\"Jibble\",\"url\":\"https:\/\/www.jibble.io\/tr\",\"logo\":{\"@type\":\"ImageObject\",\"inLanguage\":\"tr\",\"@id\":\"https:\/\/www.jibble.io\/tr#\/schema\/logo\/image\/\",\"url\":\"https:\/\/www.jibble.io\/wp-content\/uploads\/2022\/05\/Original-copy-923x1024.png\",\"contentUrl\":\"https:\/\/www.jibble.io\/wp-content\/uploads\/2022\/05\/Original-copy-923x1024.png\",\"width\":\"923\",\"height\":\"1024\",\"caption\":\"Jibble\"},\"image\":{\"@id\":\"https:\/\/www.jibble.io\/tr#\/schema\/logo\/image\/\"},\"sameAs\":[\"https:\/\/www.linkedin.com\/company\/jibble\/\"]}]}<\/script>\n<!-- \/ Yoast SEO Premium plugin. -->","yoast_head_json":{"title":"Self-Host Zaman ve Devams\u0131zl\u0131k Takibi | Jibble\u2122","description":"G\u00fcvenlik ve gizlilik i\u00e7in verilerini kendi sunucular\u0131nda bar\u0131nd\u0131rmak isteyen \u015firketler i\u00e7in kurumsal self host zaman ve devams\u0131zl\u0131k takibi.","robots":{"index":"index","follow":"follow","max-snippet":"max-snippet:-1","max-image-preview":"max-image-preview:large","max-video-preview":"max-video-preview:-1"},"canonical":"https:\/\/www.jibble.io\/tr\/self-host-zaman-takip-yazilimi","og_locale":"tr_TR","og_type":"article","og_title":"Self-Host Zaman ve Devams\u0131zl\u0131k Takibi | Jibble\u2122","og_description":"G\u00fcvenlik ve gizlilik i\u00e7in verilerini kendi sunucular\u0131nda bar\u0131nd\u0131rmak isteyen \u015firketler i\u00e7in kurumsal self host zaman ve devams\u0131zl\u0131k takibi.","og_url":"https:\/\/www.jibble.io\/tr\/self-host-zaman-takip-yazilimi","og_site_name":"Jibble","article_modified_time":"2025-11-14T12:48:47+00:00","twitter_card":"summary_large_image","twitter_misc":{"Tahmini okuma s\u00fcresi":"4 dakika"},"schema":{"@context":"https:\/\/schema.org","@graph":[{"@type":"WebPage","@id":"https:\/\/www.jibble.io\/tr\/self-host-zaman-takip-yazilimi","url":"https:\/\/www.jibble.io\/tr\/self-host-zaman-takip-yazilimi","name":"Self-Host Zaman ve Devams\u0131zl\u0131k Takibi | Jibble\u2122","isPartOf":{"@id":"https:\/\/www.jibble.io\/tr#website"},"datePublished":"2021-11-22T06:56:41+00:00","dateModified":"2025-11-14T12:48:47+00:00","description":"G\u00fcvenlik ve gizlilik i\u00e7in verilerini kendi sunucular\u0131nda bar\u0131nd\u0131rmak isteyen \u015firketler i\u00e7in kurumsal self host zaman ve devams\u0131zl\u0131k takibi.","breadcrumb":{"@id":"https:\/\/www.jibble.io\/tr\/self-host-zaman-takip-yazilimi#breadcrumb"},"inLanguage":"tr","potentialAction":[{"@type":"ReadAction","target":["https:\/\/www.jibble.io\/tr\/self-host-zaman-takip-yazilimi"]}]},{"@type":"BreadcrumbList","@id":"https:\/\/www.jibble.io\/tr\/self-host-zaman-takip-yazilimi#breadcrumb","itemListElement":[{"@type":"ListItem","position":1,"name":"Enterprise","item":"https:\/\/www.jibble.io\/tr\/kurumsal-is-takibi"},{"@type":"ListItem","position":2,"name":"Self-hosted"}]},{"@type":"WebSite","@id":"https:\/\/www.jibble.io\/tr#website","url":"https:\/\/www.jibble.io\/tr","name":"Jibble","description":"Meet the new standard in time tracking software","publisher":{"@id":"https:\/\/www.jibble.io\/tr#organization"},"potentialAction":[{"@type":"SearchAction","target":{"@type":"EntryPoint","urlTemplate":"https:\/\/www.jibble.io\/tr?s={search_term_string}"},"query-input":{"@type":"PropertyValueSpecification","valueRequired":true,"valueName":"search_term_string"}}],"inLanguage":"tr"},{"@type":"Organization","@id":"https:\/\/www.jibble.io\/tr#organization","name":"Jibble","url":"https:\/\/www.jibble.io\/tr","logo":{"@type":"ImageObject","inLanguage":"tr","@id":"https:\/\/www.jibble.io\/tr#\/schema\/logo\/image\/","url":"https:\/\/www.jibble.io\/wp-content\/uploads\/2022\/05\/Original-copy-923x1024.png","contentUrl":"https:\/\/www.jibble.io\/wp-content\/uploads\/2022\/05\/Original-copy-923x1024.png","width":"923","height":"1024","caption":"Jibble"},"image":{"@id":"https:\/\/www.jibble.io\/tr#\/schema\/logo\/image\/"},"sameAs":["https:\/\/www.linkedin.com\/company\/jibble\/"]}]}},"_links":{"self":[{"href":"https:\/\/www.jibble.io\/tr\/wp-json\/wp\/v2\/pages\/210772","targetHints":{"allow":["GET"]}}],"collection":[{"href":"https:\/\/www.jibble.io\/tr\/wp-json\/wp\/v2\/pages"}],"about":[{"href":"https:\/\/www.jibble.io\/tr\/wp-json\/wp\/v2\/types\/page"}],"author":[{"embeddable":true,"href":"https:\/\/www.jibble.io\/tr\/wp-json\/wp\/v2\/users\/6"}],"replies":[{"embeddable":true,"href":"https:\/\/www.jibble.io\/tr\/wp-json\/wp\/v2\/comments?post=210772"}],"version-history":[{"count":3,"href":"https:\/\/www.jibble.io\/tr\/wp-json\/wp\/v2\/pages\/210772\/revisions"}],"predecessor-version":[{"id":345101,"href":"https:\/\/www.jibble.io\/tr\/wp-json\/wp\/v2\/pages\/210772\/revisions\/345101"}],"wp:attachment":[{"href":"https:\/\/www.jibble.io\/tr\/wp-json\/wp\/v2\/media?parent=210772"}],"curies":[{"name":"wp","href":"https:\/\/api.w.org\/{rel}","templated":true}]}}