{"id":204027,"date":"2024-10-09T14:54:58","date_gmt":"2024-10-09T13:54:58","guid":{"rendered":"https:\/\/www.jibble.io\/overtime-calculator"},"modified":"2025-09-11T14:57:16","modified_gmt":"2025-09-11T13:57:16","slug":"fazla-mesai-hesaplama","status":"publish","type":"page","link":"https:\/\/www.jibble.io\/tr\/fazla-mesai-hesaplama","title":{"rendered":"Overtime Calculator"},"content":{"rendered":"","protected":false},"excerpt":{"rendered":"","protected":false},"author":87,"featured_media":0,"parent":0,"menu_order":0,"comment_status":"closed","ping_status":"closed","template":"ot-calculator-template.php","meta":{"_acf_changed":false,"footnotes":""},"class_list":["post-204027","page","type-page","status-publish","hentry"],"acf":[],"yoast_head":"<!-- This site is optimized with the Yoast SEO Premium plugin v26.8 (Yoast SEO v26.8) - https:\/\/yoast.com\/product\/yoast-seo-premium-wordpress\/ -->\n<title>Fazla Mesai \u00dccreti Hesaplama | Jibble<\/title>\n<meta name=\"description\" content=\"\u00dccretsiz fazla mesai \u00fccreti hesaplama uygulamas\u0131 ile fazla mesai \u00fccretlerini h\u0131zl\u0131 ve hatas\u0131z hesaplay\u0131n. Hemen deneyin!\" \/>\n<meta name=\"robots\" content=\"index, follow, max-snippet:-1, max-image-preview:large, max-video-preview:-1\" \/>\n<link rel=\"canonical\" href=\"https:\/\/www.jibble.io\/tr\/fazla-mesai-hesaplama\" \/>\n<meta property=\"og:locale\" content=\"tr_TR\" \/>\n<meta property=\"og:type\" content=\"article\" \/>\n<meta property=\"og:title\" content=\"Fazla Mesai \u00dccreti Hesaplama | Jibble\" \/>\n<meta property=\"og:description\" content=\"\u00dccretsiz fazla mesai \u00fccreti hesaplama uygulamas\u0131 ile fazla mesai \u00fccretlerini h\u0131zl\u0131 ve hatas\u0131z hesaplay\u0131n. Hemen deneyin!\" \/>\n<meta property=\"og:url\" content=\"https:\/\/www.jibble.io\/tr\/fazla-mesai-hesaplama\" \/>\n<meta property=\"og:site_name\" content=\"Jibble\" \/>\n<meta property=\"article:modified_time\" content=\"2025-09-11T13:57:16+00:00\" \/>\n<meta name=\"twitter:card\" content=\"summary_large_image\" \/>\n<meta name=\"twitter:label1\" content=\"Tahmini okuma s\u00fcresi\" \/>\n\t<meta name=\"twitter:data1\" content=\"4 dakika\" \/>\n<script type=\"application\/ld+json\" class=\"yoast-schema-graph\">{\"@context\":\"https:\/\/schema.org\",\"@graph\":[{\"@type\":\"WebPage\",\"@id\":\"https:\/\/www.jibble.io\/tr\/fazla-mesai-hesaplama\",\"url\":\"https:\/\/www.jibble.io\/tr\/fazla-mesai-hesaplama\",\"name\":\"Fazla Mesai \u00dccreti Hesaplama | Jibble\",\"isPartOf\":{\"@id\":\"https:\/\/www.jibble.io\/tr#website\"},\"datePublished\":\"2024-10-09T13:54:58+00:00\",\"dateModified\":\"2025-09-11T13:57:16+00:00\",\"description\":\"\u00dccretsiz fazla mesai \u00fccreti hesaplama uygulamas\u0131 ile fazla mesai \u00fccretlerini h\u0131zl\u0131 ve hatas\u0131z hesaplay\u0131n. Hemen deneyin!\",\"inLanguage\":\"tr\",\"potentialAction\":[{\"@type\":\"ReadAction\",\"target\":[\"https:\/\/www.jibble.io\/tr\/fazla-mesai-hesaplama\"]}]},{\"@type\":\"WebSite\",\"@id\":\"https:\/\/www.jibble.io\/tr#website\",\"url\":\"https:\/\/www.jibble.io\/tr\",\"name\":\"Jibble\",\"description\":\"Meet the new standard in time tracking software\",\"publisher\":{\"@id\":\"https:\/\/www.jibble.io\/tr#organization\"},\"potentialAction\":[{\"@type\":\"SearchAction\",\"target\":{\"@type\":\"EntryPoint\",\"urlTemplate\":\"https:\/\/www.jibble.io\/tr?s={search_term_string}\"},\"query-input\":{\"@type\":\"PropertyValueSpecification\",\"valueRequired\":true,\"valueName\":\"search_term_string\"}}],\"inLanguage\":\"tr\"},{\"@type\":\"Organization\",\"@id\":\"https:\/\/www.jibble.io\/tr#organization\",\"name\":\"Jibble\",\"url\":\"https:\/\/www.jibble.io\/tr\",\"logo\":{\"@type\":\"ImageObject\",\"inLanguage\":\"tr\",\"@id\":\"https:\/\/www.jibble.io\/tr#\/schema\/logo\/image\/\",\"url\":\"https:\/\/www.jibble.io\/wp-content\/uploads\/2022\/05\/Original-copy-923x1024.png\",\"contentUrl\":\"https:\/\/www.jibble.io\/wp-content\/uploads\/2022\/05\/Original-copy-923x1024.png\",\"width\":\"923\",\"height\":\"1024\",\"caption\":\"Jibble\"},\"image\":{\"@id\":\"https:\/\/www.jibble.io\/tr#\/schema\/logo\/image\/\"},\"sameAs\":[\"https:\/\/www.linkedin.com\/company\/jibble\/\"]}]}<\/script>\n<!-- \/ Yoast SEO Premium plugin. -->","yoast_head_json":{"title":"Fazla Mesai \u00dccreti Hesaplama | Jibble","description":"\u00dccretsiz fazla mesai \u00fccreti hesaplama uygulamas\u0131 ile fazla mesai \u00fccretlerini h\u0131zl\u0131 ve hatas\u0131z hesaplay\u0131n. Hemen deneyin!","robots":{"index":"index","follow":"follow","max-snippet":"max-snippet:-1","max-image-preview":"max-image-preview:large","max-video-preview":"max-video-preview:-1"},"canonical":"https:\/\/www.jibble.io\/tr\/fazla-mesai-hesaplama","og_locale":"tr_TR","og_type":"article","og_title":"Fazla Mesai \u00dccreti Hesaplama | Jibble","og_description":"\u00dccretsiz fazla mesai \u00fccreti hesaplama uygulamas\u0131 ile fazla mesai \u00fccretlerini h\u0131zl\u0131 ve hatas\u0131z hesaplay\u0131n. Hemen deneyin!","og_url":"https:\/\/www.jibble.io\/tr\/fazla-mesai-hesaplama","og_site_name":"Jibble","article_modified_time":"2025-09-11T13:57:16+00:00","twitter_card":"summary_large_image","twitter_misc":{"Tahmini okuma s\u00fcresi":"4 dakika"},"schema":{"@context":"https:\/\/schema.org","@graph":[{"@type":"WebPage","@id":"https:\/\/www.jibble.io\/tr\/fazla-mesai-hesaplama","url":"https:\/\/www.jibble.io\/tr\/fazla-mesai-hesaplama","name":"Fazla Mesai \u00dccreti Hesaplama | Jibble","isPartOf":{"@id":"https:\/\/www.jibble.io\/tr#website"},"datePublished":"2024-10-09T13:54:58+00:00","dateModified":"2025-09-11T13:57:16+00:00","description":"\u00dccretsiz fazla mesai \u00fccreti hesaplama uygulamas\u0131 ile fazla mesai \u00fccretlerini h\u0131zl\u0131 ve hatas\u0131z hesaplay\u0131n. Hemen deneyin!","inLanguage":"tr","potentialAction":[{"@type":"ReadAction","target":["https:\/\/www.jibble.io\/tr\/fazla-mesai-hesaplama"]}]},{"@type":"WebSite","@id":"https:\/\/www.jibble.io\/tr#website","url":"https:\/\/www.jibble.io\/tr","name":"Jibble","description":"Meet the new standard in time tracking software","publisher":{"@id":"https:\/\/www.jibble.io\/tr#organization"},"potentialAction":[{"@type":"SearchAction","target":{"@type":"EntryPoint","urlTemplate":"https:\/\/www.jibble.io\/tr?s={search_term_string}"},"query-input":{"@type":"PropertyValueSpecification","valueRequired":true,"valueName":"search_term_string"}}],"inLanguage":"tr"},{"@type":"Organization","@id":"https:\/\/www.jibble.io\/tr#organization","name":"Jibble","url":"https:\/\/www.jibble.io\/tr","logo":{"@type":"ImageObject","inLanguage":"tr","@id":"https:\/\/www.jibble.io\/tr#\/schema\/logo\/image\/","url":"https:\/\/www.jibble.io\/wp-content\/uploads\/2022\/05\/Original-copy-923x1024.png","contentUrl":"https:\/\/www.jibble.io\/wp-content\/uploads\/2022\/05\/Original-copy-923x1024.png","width":"923","height":"1024","caption":"Jibble"},"image":{"@id":"https:\/\/www.jibble.io\/tr#\/schema\/logo\/image\/"},"sameAs":["https:\/\/www.linkedin.com\/company\/jibble\/"]}]}},"_links":{"self":[{"href":"https:\/\/www.jibble.io\/tr\/wp-json\/wp\/v2\/pages\/204027","targetHints":{"allow":["GET"]}}],"collection":[{"href":"https:\/\/www.jibble.io\/tr\/wp-json\/wp\/v2\/pages"}],"about":[{"href":"https:\/\/www.jibble.io\/tr\/wp-json\/wp\/v2\/types\/page"}],"author":[{"embeddable":true,"href":"https:\/\/www.jibble.io\/tr\/wp-json\/wp\/v2\/users\/87"}],"replies":[{"embeddable":true,"href":"https:\/\/www.jibble.io\/tr\/wp-json\/wp\/v2\/comments?post=204027"}],"version-history":[{"count":3,"href":"https:\/\/www.jibble.io\/tr\/wp-json\/wp\/v2\/pages\/204027\/revisions"}],"predecessor-version":[{"id":321883,"href":"https:\/\/www.jibble.io\/tr\/wp-json\/wp\/v2\/pages\/204027\/revisions\/321883"}],"wp:attachment":[{"href":"https:\/\/www.jibble.io\/tr\/wp-json\/wp\/v2\/media?parent=204027"}],"curies":[{"name":"wp","href":"https:\/\/api.w.org\/{rel}","templated":true}]}}