{"id":154031,"date":"2023-04-12T11:16:05","date_gmt":"2023-04-12T10:16:05","guid":{"rendered":"https:\/\/www.jibble.io\/work-time-calculator"},"modified":"2025-12-21T16:57:58","modified_gmt":"2025-12-21T16:57:58","slug":"is-gunu-hesaplama","status":"publish","type":"page","link":"https:\/\/www.jibble.io\/tr\/is-gunu-hesaplama","title":{"rendered":"\u0130\u015f G\u00fcn\u00fc Hesaplay\u0131c\u0131"},"content":{"rendered":"<p>Yes<\/p>\n<p>Yes<\/p>\n<p>WP_Post Object<\/p>\n<p>4303<br \/>\n6<br \/>\n2022-05-07 01:03:37<br \/>\n2022-05-07 05:03:37<\/p>\n<p>Giavani C &#8211; Exceeded my expectations &#8211; Time Tracking Software<\/p>\n<p>giavani-c-exceeded-my-expectations-time-tracking-software<\/p>\n<p>2022-05-07 01:03:37<br \/>\n2022-05-07 05:03:37<\/p>\n<p>0<br \/>\n=user_reviews&amp;p=4303<br \/>\n0<br \/>\nuser_reviews<\/p>\n<p>0<\/p>\n<p>WP_Post Object<\/p>\n<p>1543<br \/>\n6<br \/>\n2021-05-12 11:53:35<br \/>\n2021-05-12 03:53:35<\/p>\n<p>Josie Millar &#8211; Customer support is outstanding<\/p>\n<p>josie-millar-customer-support-is-outstanding<\/p>\n<p>2021-08-08 17:00:35<br \/>\n2021-08-08 09:00:35<\/p>\n<p>0<br \/>\n=user_reviews&amp;p=1543<br \/>\n0<br \/>\nuser_reviews<\/p>\n<p>0<\/p>\n<p>WP_Post Object<\/p>\n<p>2265<br \/>\n6<br \/>\n2021-08-08 16:53:13<br \/>\n2021-08-08 08:53:13<\/p>\n<p>Paul Andersen &#8211; Life-saving<\/p>\n<p>2265<\/p>\n<p>2021-08-08 16:53:36<br \/>\n2021-08-08 08:53:36<\/p>\n<p>0<br \/>\n=user_reviews&amp;p=2265<br \/>\n0<br \/>\nuser_reviews<\/p>\n<p>0<\/p>\n<p>WP_Post Object<\/p>\n<p>2271<br \/>\n6<br \/>\n2021-08-08 17:03:12<br \/>\n2021-08-08 09:03:12<\/p>\n<p>Sandra Hamnett &#8211; 10\/10<\/p>\n<p>sandra-hamnett-10-10<\/p>\n<p>2022-11-25 02:44:53<br \/>\n2022-11-25 07:44:53<\/p>\n<p>0<br \/>\n=user_reviews&amp;p=2271<br \/>\n0<br \/>\nuser_reviews<\/p>\n<p>0<\/p>\n<p>WP_Post Object<\/p>\n<p>1539<br \/>\n6<br \/>\n2021-05-12 11:52:24<br \/>\n2021-05-12 03:52:24<\/p>\n<p>Ma. Louren Camballa &#8211; Jibble Rocks!<\/p>\n<p>ma-louren-camballa-jibble-rocks<\/p>\n<p>2021-05-12 11:52:24<br \/>\n2021-05-12 03:52:24<\/p>\n<p>0<br \/>\n=user_reviews&amp;p=1539<br \/>\n0<br \/>\nuser_reviews<\/p>\n<p>0<\/p>\n<p>WP_Post Object<\/p>\n<p>1537<br \/>\n6<br \/>\n2021-05-12 11:51:58<br \/>\n2021-05-12 03:51:58<\/p>\n<p>Kevin Morrill &#8211; Employees enjoy the simplicity<\/p>\n<p>kevin-morrill-employees-enjoy-the-simplicity<\/p>\n<p>2021-05-12 11:51:58<br \/>\n2021-05-12 03:51:58<\/p>\n<p>0<br \/>\n=user_reviews&amp;p=1537<br \/>\n0<br \/>\nuser_reviews<\/p>\n<p>0<\/p>\n<p>WP_Post Object<\/p>\n<p>1556<br \/>\n6<br \/>\n2021-05-12 11:57:21<br \/>\n2021-05-12 03:57:21<\/p>\n<p>Garry Hicks &#8211; Like it&#8217;s ease of use<\/p>\n<p>garry-hicks-like-its-ease-of-use<\/p>\n<p>2021-05-12 11:57:21<br \/>\n2021-05-12 03:57:21<\/p>\n<p>0<br \/>\n=user_reviews&amp;p=1556<br \/>\n0<br \/>\nuser_reviews<\/p>\n<p>0<\/p>\n<p>WP_Post Object<\/p>\n<p>1554<br \/>\n6<br \/>\n2021-05-12 11:56:42<br \/>\n2021-05-12 03:56:42<\/p>\n<p>Matthew Ainge &#8211; Couldn&#8217;t be easier<\/p>\n<p>matthew-ainge-couldnt-be-easier<\/p>\n<p>2021-05-12 11:56:42<br \/>\n2021-05-12 03:56:42<\/p>\n<p>0<br \/>\n=user_reviews&amp;p=1554<br \/>\n0<br \/>\nuser_reviews<\/p>\n<p>0<\/p>\n","protected":false},"excerpt":{"rendered":"<p>Yes Yes WP_Post Object 4303 6 2022-05-07 01:03:37 2022-05-07 05:03:37 Giavani C &#8211; Exceeded my expectations &#8211; Time Tracking Software giavani-c-exceeded-my-expectations-time-tracking-software 2022-05-07 01:03:37 2022-05-07 05:03:37 0 =user_reviews&amp;p=4303 0 user_reviews 0 WP_Post Object 1543 6 2021-05-12 11:53:35 2021-05-12 03:53:35 Josie Millar &#8211; Customer support is outstanding josie-millar-customer-support-is-outstanding 2021-08-08 17:00:35 2021-08-08 09:00:35 0 =user_reviews&amp;p=1543 0 user_reviews 0 [&hellip;]<\/p>\n","protected":false},"author":56,"featured_media":0,"parent":0,"menu_order":0,"comment_status":"closed","ping_status":"closed","template":"template-work-hours-calculator.php","meta":{"_acf_changed":false,"footnotes":""},"class_list":["post-154031","page","type-page","status-publish","hentry"],"acf":[],"yoast_head":"<!-- This site is optimized with the Yoast SEO Premium plugin v26.8 (Yoast SEO v26.8) - https:\/\/yoast.com\/product\/yoast-seo-premium-wordpress\/ -->\n<title>%100 \u00dccretsiz \u0130\u015f G\u00fcn\u00fc Hesaplama Arac\u0131 | Jibble\u2122<\/title>\n<meta name=\"description\" content=\"\u00dccretsiz i\u015f g\u00fcn\u00fc hesaplama arac\u0131 ile \u00e7al\u0131\u015fma s\u00fcrelerini hesaplay\u0131n. Molalar\u0131 d\u00fc\u015f\u00fcn, \u00e7al\u0131\u015fma g\u00fcnlerini ayarlay\u0131n. 12 ya da 24 saatlik.\" \/>\n<meta name=\"robots\" content=\"index, follow, max-snippet:-1, max-image-preview:large, max-video-preview:-1\" \/>\n<link rel=\"canonical\" href=\"https:\/\/www.jibble.io\/tr\/is-gunu-hesaplama\" \/>\n<meta property=\"og:locale\" content=\"tr_TR\" \/>\n<meta property=\"og:type\" content=\"article\" \/>\n<meta property=\"og:title\" content=\"%100 \u00dccretsiz \u0130\u015f G\u00fcn\u00fc Hesaplama Arac\u0131 | Jibble\u2122\" \/>\n<meta property=\"og:description\" content=\"\u00dccretsiz i\u015f g\u00fcn\u00fc hesaplama arac\u0131 ile \u00e7al\u0131\u015fma s\u00fcrelerini hesaplay\u0131n. Molalar\u0131 d\u00fc\u015f\u00fcn, \u00e7al\u0131\u015fma g\u00fcnlerini ayarlay\u0131n. 12 ya da 24 saatlik.\" \/>\n<meta property=\"og:url\" content=\"https:\/\/www.jibble.io\/tr\/is-gunu-hesaplama\" \/>\n<meta property=\"og:site_name\" content=\"Jibble\" \/>\n<meta property=\"article:modified_time\" content=\"2025-12-21T16:57:58+00:00\" \/>\n<meta name=\"twitter:card\" content=\"summary_large_image\" \/>\n<meta name=\"twitter:label1\" content=\"Tahmini okuma s\u00fcresi\" \/>\n\t<meta name=\"twitter:data1\" content=\"8 dakika\" \/>\n<script type=\"application\/ld+json\" class=\"yoast-schema-graph\">{\"@context\":\"https:\/\/schema.org\",\"@graph\":[{\"@type\":\"WebPage\",\"@id\":\"https:\/\/www.jibble.io\/tr\/is-gunu-hesaplama\",\"url\":\"https:\/\/www.jibble.io\/tr\/is-gunu-hesaplama\",\"name\":\"%100 \u00dccretsiz \u0130\u015f G\u00fcn\u00fc Hesaplama Arac\u0131 | Jibble\u2122\",\"isPartOf\":{\"@id\":\"https:\/\/www.jibble.io\/tr#website\"},\"datePublished\":\"2023-04-12T10:16:05+00:00\",\"dateModified\":\"2025-12-21T16:57:58+00:00\",\"description\":\"\u00dccretsiz i\u015f g\u00fcn\u00fc hesaplama arac\u0131 ile \u00e7al\u0131\u015fma s\u00fcrelerini hesaplay\u0131n. Molalar\u0131 d\u00fc\u015f\u00fcn, \u00e7al\u0131\u015fma g\u00fcnlerini ayarlay\u0131n. 12 ya da 24 saatlik.\",\"inLanguage\":\"tr\",\"potentialAction\":[{\"@type\":\"ReadAction\",\"target\":[\"https:\/\/www.jibble.io\/tr\/is-gunu-hesaplama\"]}]},{\"@type\":\"WebSite\",\"@id\":\"https:\/\/www.jibble.io\/tr#website\",\"url\":\"https:\/\/www.jibble.io\/tr\",\"name\":\"Jibble\",\"description\":\"Meet the new standard in time tracking software\",\"publisher\":{\"@id\":\"https:\/\/www.jibble.io\/tr#organization\"},\"potentialAction\":[{\"@type\":\"SearchAction\",\"target\":{\"@type\":\"EntryPoint\",\"urlTemplate\":\"https:\/\/www.jibble.io\/tr?s={search_term_string}\"},\"query-input\":{\"@type\":\"PropertyValueSpecification\",\"valueRequired\":true,\"valueName\":\"search_term_string\"}}],\"inLanguage\":\"tr\"},{\"@type\":\"Organization\",\"@id\":\"https:\/\/www.jibble.io\/tr#organization\",\"name\":\"Jibble\",\"url\":\"https:\/\/www.jibble.io\/tr\",\"logo\":{\"@type\":\"ImageObject\",\"inLanguage\":\"tr\",\"@id\":\"https:\/\/www.jibble.io\/tr#\/schema\/logo\/image\/\",\"url\":\"https:\/\/www.jibble.io\/wp-content\/uploads\/2022\/05\/Original-copy-923x1024.png\",\"contentUrl\":\"https:\/\/www.jibble.io\/wp-content\/uploads\/2022\/05\/Original-copy-923x1024.png\",\"width\":\"923\",\"height\":\"1024\",\"caption\":\"Jibble\"},\"image\":{\"@id\":\"https:\/\/www.jibble.io\/tr#\/schema\/logo\/image\/\"},\"sameAs\":[\"https:\/\/www.linkedin.com\/company\/jibble\/\"]}]}<\/script>\n<!-- \/ Yoast SEO Premium plugin. -->","yoast_head_json":{"title":"%100 \u00dccretsiz \u0130\u015f G\u00fcn\u00fc Hesaplama Arac\u0131 | Jibble\u2122","description":"\u00dccretsiz i\u015f g\u00fcn\u00fc hesaplama arac\u0131 ile \u00e7al\u0131\u015fma s\u00fcrelerini hesaplay\u0131n. Molalar\u0131 d\u00fc\u015f\u00fcn, \u00e7al\u0131\u015fma g\u00fcnlerini ayarlay\u0131n. 12 ya da 24 saatlik.","robots":{"index":"index","follow":"follow","max-snippet":"max-snippet:-1","max-image-preview":"max-image-preview:large","max-video-preview":"max-video-preview:-1"},"canonical":"https:\/\/www.jibble.io\/tr\/is-gunu-hesaplama","og_locale":"tr_TR","og_type":"article","og_title":"%100 \u00dccretsiz \u0130\u015f G\u00fcn\u00fc Hesaplama Arac\u0131 | Jibble\u2122","og_description":"\u00dccretsiz i\u015f g\u00fcn\u00fc hesaplama arac\u0131 ile \u00e7al\u0131\u015fma s\u00fcrelerini hesaplay\u0131n. Molalar\u0131 d\u00fc\u015f\u00fcn, \u00e7al\u0131\u015fma g\u00fcnlerini ayarlay\u0131n. 12 ya da 24 saatlik.","og_url":"https:\/\/www.jibble.io\/tr\/is-gunu-hesaplama","og_site_name":"Jibble","article_modified_time":"2025-12-21T16:57:58+00:00","twitter_card":"summary_large_image","twitter_misc":{"Tahmini okuma s\u00fcresi":"8 dakika"},"schema":{"@context":"https:\/\/schema.org","@graph":[{"@type":"WebPage","@id":"https:\/\/www.jibble.io\/tr\/is-gunu-hesaplama","url":"https:\/\/www.jibble.io\/tr\/is-gunu-hesaplama","name":"%100 \u00dccretsiz \u0130\u015f G\u00fcn\u00fc Hesaplama Arac\u0131 | Jibble\u2122","isPartOf":{"@id":"https:\/\/www.jibble.io\/tr#website"},"datePublished":"2023-04-12T10:16:05+00:00","dateModified":"2025-12-21T16:57:58+00:00","description":"\u00dccretsiz i\u015f g\u00fcn\u00fc hesaplama arac\u0131 ile \u00e7al\u0131\u015fma s\u00fcrelerini hesaplay\u0131n. Molalar\u0131 d\u00fc\u015f\u00fcn, \u00e7al\u0131\u015fma g\u00fcnlerini ayarlay\u0131n. 12 ya da 24 saatlik.","inLanguage":"tr","potentialAction":[{"@type":"ReadAction","target":["https:\/\/www.jibble.io\/tr\/is-gunu-hesaplama"]}]},{"@type":"WebSite","@id":"https:\/\/www.jibble.io\/tr#website","url":"https:\/\/www.jibble.io\/tr","name":"Jibble","description":"Meet the new standard in time tracking software","publisher":{"@id":"https:\/\/www.jibble.io\/tr#organization"},"potentialAction":[{"@type":"SearchAction","target":{"@type":"EntryPoint","urlTemplate":"https:\/\/www.jibble.io\/tr?s={search_term_string}"},"query-input":{"@type":"PropertyValueSpecification","valueRequired":true,"valueName":"search_term_string"}}],"inLanguage":"tr"},{"@type":"Organization","@id":"https:\/\/www.jibble.io\/tr#organization","name":"Jibble","url":"https:\/\/www.jibble.io\/tr","logo":{"@type":"ImageObject","inLanguage":"tr","@id":"https:\/\/www.jibble.io\/tr#\/schema\/logo\/image\/","url":"https:\/\/www.jibble.io\/wp-content\/uploads\/2022\/05\/Original-copy-923x1024.png","contentUrl":"https:\/\/www.jibble.io\/wp-content\/uploads\/2022\/05\/Original-copy-923x1024.png","width":"923","height":"1024","caption":"Jibble"},"image":{"@id":"https:\/\/www.jibble.io\/tr#\/schema\/logo\/image\/"},"sameAs":["https:\/\/www.linkedin.com\/company\/jibble\/"]}]}},"_links":{"self":[{"href":"https:\/\/www.jibble.io\/tr\/wp-json\/wp\/v2\/pages\/154031","targetHints":{"allow":["GET"]}}],"collection":[{"href":"https:\/\/www.jibble.io\/tr\/wp-json\/wp\/v2\/pages"}],"about":[{"href":"https:\/\/www.jibble.io\/tr\/wp-json\/wp\/v2\/types\/page"}],"author":[{"embeddable":true,"href":"https:\/\/www.jibble.io\/tr\/wp-json\/wp\/v2\/users\/56"}],"replies":[{"embeddable":true,"href":"https:\/\/www.jibble.io\/tr\/wp-json\/wp\/v2\/comments?post=154031"}],"version-history":[{"count":3,"href":"https:\/\/www.jibble.io\/tr\/wp-json\/wp\/v2\/pages\/154031\/revisions"}],"predecessor-version":[{"id":360920,"href":"https:\/\/www.jibble.io\/tr\/wp-json\/wp\/v2\/pages\/154031\/revisions\/360920"}],"wp:attachment":[{"href":"https:\/\/www.jibble.io\/tr\/wp-json\/wp\/v2\/media?parent=154031"}],"curies":[{"name":"wp","href":"https:\/\/api.w.org\/{rel}","templated":true}]}}