{"id":151863,"date":"2023-04-12T07:37:43","date_gmt":"2023-04-12T06:37:43","guid":{"rendered":"https:\/\/www.jibble.io\/time-card-calculator"},"modified":"2025-07-08T11:43:33","modified_gmt":"2025-07-08T10:43:33","slug":"zaman-takip-karti-hesaplayici","status":"publish","type":"page","link":"https:\/\/www.jibble.io\/tr\/zaman-takip-karti-hesaplayici","title":{"rendered":"Time Card Calculator"},"content":{"rendered":"<p>Yes<\/p>\n<p>Yes<\/p>\n<p>WP_Post Object<\/p>\n<p>4303<br \/>\n6<br \/>\n2022-05-07 01:03:37<br \/>\n2022-05-07 05:03:37<\/p>\n<p>Giavani C &#8211; Exceeded my expectations &#8211; Time Tracking Software<\/p>\n<p>giavani-c-exceeded-my-expectations-time-tracking-software<\/p>\n<p>2022-05-07 01:03:37<br \/>\n2022-05-07 05:03:37<\/p>\n<p>0<br \/>\n=user_reviews&amp;p=4303<br \/>\n0<br \/>\nuser_reviews<\/p>\n<p>0<\/p>\n<p>WP_Post Object<\/p>\n<p>1543<br \/>\n6<br \/>\n2021-05-12 11:53:35<br \/>\n2021-05-12 03:53:35<\/p>\n<p>Josie Millar &#8211; Customer support is outstanding<\/p>\n<p>josie-millar-customer-support-is-outstanding<\/p>\n<p>2021-08-08 17:00:35<br \/>\n2021-08-08 09:00:35<\/p>\n<p>0<br \/>\n=user_reviews&amp;p=1543<br \/>\n0<br \/>\nuser_reviews<\/p>\n<p>0<\/p>\n<p>WP_Post Object<\/p>\n<p>2271<br \/>\n6<br \/>\n2021-08-08 17:03:12<br \/>\n2021-08-08 09:03:12<\/p>\n<p>Sandra Hamnett &#8211; 10\/10<\/p>\n<p>sandra-hamnett-10-10<\/p>\n<p>2022-11-25 02:44:53<br \/>\n2022-11-25 07:44:53<\/p>\n<p>0<br \/>\n=user_reviews&amp;p=2271<br \/>\n0<br \/>\nuser_reviews<\/p>\n<p>0<\/p>\n<p>WP_Post Object<\/p>\n<p>2265<br \/>\n6<br \/>\n2021-08-08 16:53:13<br \/>\n2021-08-08 08:53:13<\/p>\n<p>Paul Andersen &#8211; Life-saving<\/p>\n<p>2265<\/p>\n<p>2021-08-08 16:53:36<br \/>\n2021-08-08 08:53:36<\/p>\n<p>0<br \/>\n=user_reviews&amp;p=2265<br \/>\n0<br \/>\nuser_reviews<\/p>\n<p>0<\/p>\n<p>WP_Post Object<\/p>\n<p>1539<br \/>\n6<br \/>\n2021-05-12 11:52:24<br \/>\n2021-05-12 03:52:24<\/p>\n<p>Ma. Louren Camballa &#8211; Jibble Rocks!<\/p>\n<p>ma-louren-camballa-jibble-rocks<\/p>\n<p>2021-05-12 11:52:24<br \/>\n2021-05-12 03:52:24<\/p>\n<p>0<br \/>\n=user_reviews&amp;p=1539<br \/>\n0<br \/>\nuser_reviews<\/p>\n<p>0<\/p>\n<p>WP_Post Object<\/p>\n<p>5965<br \/>\n6<br \/>\n2022-06-06 03:27:05<br \/>\n2022-06-06 07:27:05<\/p>\n<p>Brenda N &#8211; Payroll now takes minutes &#8211; Payroll Hours Tracker<\/p>\n<p>brenda-n-payroll-now-takes-minutes-payroll-hours-tracker<\/p>\n<p>2022-06-06 03:27:05<br \/>\n2022-06-06 07:27:05<\/p>\n<p>0<br \/>\n=user_reviews&amp;p=5965<br \/>\n0<br \/>\nuser_reviews<\/p>\n<p>0<\/p>\n<p>WP_Post Object<\/p>\n<p>1556<br \/>\n6<br \/>\n2021-05-12 11:57:21<br \/>\n2021-05-12 03:57:21<\/p>\n<p>Garry Hicks &#8211; Like it&#8217;s ease of use<\/p>\n<p>garry-hicks-like-its-ease-of-use<\/p>\n<p>2021-05-12 11:57:21<br \/>\n2021-05-12 03:57:21<\/p>\n<p>0<br \/>\n=user_reviews&amp;p=1556<br \/>\n0<br \/>\nuser_reviews<\/p>\n<p>0<\/p>\n<p>WP_Post Object<\/p>\n<p>1554<br \/>\n6<br \/>\n2021-05-12 11:56:42<br \/>\n2021-05-12 03:56:42<\/p>\n<p>Matthew Ainge &#8211; Couldn&#8217;t be easier<\/p>\n<p>matthew-ainge-couldnt-be-easier<\/p>\n<p>2021-05-12 11:56:42<br \/>\n2021-05-12 03:56:42<\/p>\n<p>0<br \/>\n=user_reviews&amp;p=1554<br \/>\n0<br \/>\nuser_reviews<\/p>\n<p>0<\/p>\n","protected":false},"excerpt":{"rendered":"<p>Yes Yes WP_Post Object 4303 6 2022-05-07 01:03:37 2022-05-07 05:03:37 Giavani C &#8211; Exceeded my expectations &#8211; Time Tracking Software giavani-c-exceeded-my-expectations-time-tracking-software 2022-05-07 01:03:37 2022-05-07 05:03:37 0 =user_reviews&amp;p=4303 0 user_reviews 0 WP_Post Object 1543 6 2021-05-12 11:53:35 2021-05-12 03:53:35 Josie Millar &#8211; Customer support is outstanding josie-millar-customer-support-is-outstanding 2021-08-08 17:00:35 2021-08-08 09:00:35 0 =user_reviews&amp;p=1543 0 user_reviews 0 [&hellip;]<\/p>\n","protected":false},"author":56,"featured_media":0,"parent":0,"menu_order":0,"comment_status":"closed","ping_status":"closed","template":"template-time-card-calculator.php","meta":{"_acf_changed":false,"footnotes":""},"class_list":["post-151863","page","type-page","status-publish","hentry"],"acf":[],"yoast_head":"<!-- This site is optimized with the Yoast SEO Premium plugin v26.8 (Yoast SEO v26.8) - https:\/\/yoast.com\/product\/yoast-seo-premium-wordpress\/ -->\n<title>%100 \u00dcCRETS\u0130Z Zaman Takip Kart\u0131 Hesaplay\u0131c\u0131 | 2025 G\u00fcncel<\/title>\n<meta name=\"description\" content=\"Molalar ve fazla mesai dahil \u00e7al\u0131\u015fma saatleri i\u00e7in kolay zaman kart\u0131 hesaplay\u0131c\u0131s\u0131. FLSA Yuvarlama, Kaliforniya Eyalet Kurallar\u0131, Kanada ESDC Uyumlu.\" \/>\n<meta name=\"robots\" content=\"index, follow, max-snippet:-1, max-image-preview:large, max-video-preview:-1\" \/>\n<link rel=\"canonical\" href=\"https:\/\/www.jibble.io\/tr\/zaman-takip-karti-hesaplayici\" \/>\n<meta property=\"og:locale\" content=\"tr_TR\" \/>\n<meta property=\"og:type\" content=\"article\" \/>\n<meta property=\"og:title\" content=\"%100 \u00dcCRETS\u0130Z Zaman Takip Kart\u0131 Hesaplay\u0131c\u0131 | 2025 G\u00fcncel\" \/>\n<meta property=\"og:description\" content=\"Molalar ve fazla mesai dahil \u00e7al\u0131\u015fma saatleri i\u00e7in kolay zaman kart\u0131 hesaplay\u0131c\u0131s\u0131. FLSA Yuvarlama, Kaliforniya Eyalet Kurallar\u0131, Kanada ESDC Uyumlu.\" \/>\n<meta property=\"og:url\" content=\"https:\/\/www.jibble.io\/tr\/zaman-takip-karti-hesaplayici\" \/>\n<meta property=\"og:site_name\" content=\"Jibble\" \/>\n<meta property=\"article:modified_time\" content=\"2025-07-08T10:43:33+00:00\" \/>\n<meta name=\"twitter:card\" content=\"summary_large_image\" \/>\n<meta name=\"twitter:label1\" content=\"Tahmini okuma s\u00fcresi\" \/>\n\t<meta name=\"twitter:data1\" content=\"7 dakika\" \/>\n<script type=\"application\/ld+json\" class=\"yoast-schema-graph\">{\"@context\":\"https:\/\/schema.org\",\"@graph\":[{\"@type\":\"WebPage\",\"@id\":\"https:\/\/www.jibble.io\/tr\/zaman-takip-karti-hesaplayici\",\"url\":\"https:\/\/www.jibble.io\/tr\/zaman-takip-karti-hesaplayici\",\"name\":\"%100 \u00dcCRETS\u0130Z Zaman Takip Kart\u0131 Hesaplay\u0131c\u0131 | 2025 G\u00fcncel\",\"isPartOf\":{\"@id\":\"https:\/\/www.jibble.io\/tr#website\"},\"datePublished\":\"2023-04-12T06:37:43+00:00\",\"dateModified\":\"2025-07-08T10:43:33+00:00\",\"description\":\"Molalar ve fazla mesai dahil \u00e7al\u0131\u015fma saatleri i\u00e7in kolay zaman kart\u0131 hesaplay\u0131c\u0131s\u0131. FLSA Yuvarlama, Kaliforniya Eyalet Kurallar\u0131, Kanada ESDC Uyumlu.\",\"inLanguage\":\"tr\",\"potentialAction\":[{\"@type\":\"ReadAction\",\"target\":[\"https:\/\/www.jibble.io\/tr\/zaman-takip-karti-hesaplayici\"]}]},{\"@type\":\"WebSite\",\"@id\":\"https:\/\/www.jibble.io\/tr#website\",\"url\":\"https:\/\/www.jibble.io\/tr\",\"name\":\"Jibble\",\"description\":\"Meet the new standard in time tracking software\",\"publisher\":{\"@id\":\"https:\/\/www.jibble.io\/tr#organization\"},\"potentialAction\":[{\"@type\":\"SearchAction\",\"target\":{\"@type\":\"EntryPoint\",\"urlTemplate\":\"https:\/\/www.jibble.io\/tr?s={search_term_string}\"},\"query-input\":{\"@type\":\"PropertyValueSpecification\",\"valueRequired\":true,\"valueName\":\"search_term_string\"}}],\"inLanguage\":\"tr\"},{\"@type\":\"Organization\",\"@id\":\"https:\/\/www.jibble.io\/tr#organization\",\"name\":\"Jibble\",\"url\":\"https:\/\/www.jibble.io\/tr\",\"logo\":{\"@type\":\"ImageObject\",\"inLanguage\":\"tr\",\"@id\":\"https:\/\/www.jibble.io\/tr#\/schema\/logo\/image\/\",\"url\":\"https:\/\/www.jibble.io\/wp-content\/uploads\/2022\/05\/Original-copy-923x1024.png\",\"contentUrl\":\"https:\/\/www.jibble.io\/wp-content\/uploads\/2022\/05\/Original-copy-923x1024.png\",\"width\":\"923\",\"height\":\"1024\",\"caption\":\"Jibble\"},\"image\":{\"@id\":\"https:\/\/www.jibble.io\/tr#\/schema\/logo\/image\/\"},\"sameAs\":[\"https:\/\/www.linkedin.com\/company\/jibble\/\"]}]}<\/script>\n<!-- \/ Yoast SEO Premium plugin. -->","yoast_head_json":{"title":"%100 \u00dcCRETS\u0130Z Zaman Takip Kart\u0131 Hesaplay\u0131c\u0131 | 2025 G\u00fcncel","description":"Molalar ve fazla mesai dahil \u00e7al\u0131\u015fma saatleri i\u00e7in kolay zaman kart\u0131 hesaplay\u0131c\u0131s\u0131. FLSA Yuvarlama, Kaliforniya Eyalet Kurallar\u0131, Kanada ESDC Uyumlu.","robots":{"index":"index","follow":"follow","max-snippet":"max-snippet:-1","max-image-preview":"max-image-preview:large","max-video-preview":"max-video-preview:-1"},"canonical":"https:\/\/www.jibble.io\/tr\/zaman-takip-karti-hesaplayici","og_locale":"tr_TR","og_type":"article","og_title":"%100 \u00dcCRETS\u0130Z Zaman Takip Kart\u0131 Hesaplay\u0131c\u0131 | 2025 G\u00fcncel","og_description":"Molalar ve fazla mesai dahil \u00e7al\u0131\u015fma saatleri i\u00e7in kolay zaman kart\u0131 hesaplay\u0131c\u0131s\u0131. FLSA Yuvarlama, Kaliforniya Eyalet Kurallar\u0131, Kanada ESDC Uyumlu.","og_url":"https:\/\/www.jibble.io\/tr\/zaman-takip-karti-hesaplayici","og_site_name":"Jibble","article_modified_time":"2025-07-08T10:43:33+00:00","twitter_card":"summary_large_image","twitter_misc":{"Tahmini okuma s\u00fcresi":"7 dakika"},"schema":{"@context":"https:\/\/schema.org","@graph":[{"@type":"WebPage","@id":"https:\/\/www.jibble.io\/tr\/zaman-takip-karti-hesaplayici","url":"https:\/\/www.jibble.io\/tr\/zaman-takip-karti-hesaplayici","name":"%100 \u00dcCRETS\u0130Z Zaman Takip Kart\u0131 Hesaplay\u0131c\u0131 | 2025 G\u00fcncel","isPartOf":{"@id":"https:\/\/www.jibble.io\/tr#website"},"datePublished":"2023-04-12T06:37:43+00:00","dateModified":"2025-07-08T10:43:33+00:00","description":"Molalar ve fazla mesai dahil \u00e7al\u0131\u015fma saatleri i\u00e7in kolay zaman kart\u0131 hesaplay\u0131c\u0131s\u0131. FLSA Yuvarlama, Kaliforniya Eyalet Kurallar\u0131, Kanada ESDC Uyumlu.","inLanguage":"tr","potentialAction":[{"@type":"ReadAction","target":["https:\/\/www.jibble.io\/tr\/zaman-takip-karti-hesaplayici"]}]},{"@type":"WebSite","@id":"https:\/\/www.jibble.io\/tr#website","url":"https:\/\/www.jibble.io\/tr","name":"Jibble","description":"Meet the new standard in time tracking software","publisher":{"@id":"https:\/\/www.jibble.io\/tr#organization"},"potentialAction":[{"@type":"SearchAction","target":{"@type":"EntryPoint","urlTemplate":"https:\/\/www.jibble.io\/tr?s={search_term_string}"},"query-input":{"@type":"PropertyValueSpecification","valueRequired":true,"valueName":"search_term_string"}}],"inLanguage":"tr"},{"@type":"Organization","@id":"https:\/\/www.jibble.io\/tr#organization","name":"Jibble","url":"https:\/\/www.jibble.io\/tr","logo":{"@type":"ImageObject","inLanguage":"tr","@id":"https:\/\/www.jibble.io\/tr#\/schema\/logo\/image\/","url":"https:\/\/www.jibble.io\/wp-content\/uploads\/2022\/05\/Original-copy-923x1024.png","contentUrl":"https:\/\/www.jibble.io\/wp-content\/uploads\/2022\/05\/Original-copy-923x1024.png","width":"923","height":"1024","caption":"Jibble"},"image":{"@id":"https:\/\/www.jibble.io\/tr#\/schema\/logo\/image\/"},"sameAs":["https:\/\/www.linkedin.com\/company\/jibble\/"]}]}},"_links":{"self":[{"href":"https:\/\/www.jibble.io\/tr\/wp-json\/wp\/v2\/pages\/151863","targetHints":{"allow":["GET"]}}],"collection":[{"href":"https:\/\/www.jibble.io\/tr\/wp-json\/wp\/v2\/pages"}],"about":[{"href":"https:\/\/www.jibble.io\/tr\/wp-json\/wp\/v2\/types\/page"}],"author":[{"embeddable":true,"href":"https:\/\/www.jibble.io\/tr\/wp-json\/wp\/v2\/users\/56"}],"replies":[{"embeddable":true,"href":"https:\/\/www.jibble.io\/tr\/wp-json\/wp\/v2\/comments?post=151863"}],"version-history":[{"count":3,"href":"https:\/\/www.jibble.io\/tr\/wp-json\/wp\/v2\/pages\/151863\/revisions"}],"predecessor-version":[{"id":294647,"href":"https:\/\/www.jibble.io\/tr\/wp-json\/wp\/v2\/pages\/151863\/revisions\/294647"}],"wp:attachment":[{"href":"https:\/\/www.jibble.io\/tr\/wp-json\/wp\/v2\/media?parent=151863"}],"curies":[{"name":"wp","href":"https:\/\/api.w.org\/{rel}","templated":true}]}}