{"id":151317,"date":"2024-04-23T13:48:49","date_gmt":"2024-04-23T12:48:49","guid":{"rendered":"https:\/\/www.jibble.io\/coworking-space-attendance-app"},"modified":"2025-12-24T16:31:52","modified_gmt":"2025-12-24T16:31:52","slug":"ortak-calisma-alani-devam-takip-uygulamasi","status":"publish","type":"page","link":"https:\/\/www.jibble.io\/tr\/ortak-calisma-alani-devam-takip-uygulamasi","title":{"rendered":"Ortak \u00c7al\u0131\u015fma Alanlar\u0131 i\u00e7in \u00dcCRETS\u0130Z Devam Takip Uygulamas\u0131"},"content":{"rendered":"","protected":false},"excerpt":{"rendered":"","protected":false},"author":51,"featured_media":0,"parent":0,"menu_order":0,"comment_status":"closed","ping_status":"closed","template":"template-feature-new-youtube.php","meta":{"_acf_changed":false,"footnotes":""},"class_list":["post-151317","page","type-page","status-publish","hentry"],"acf":[],"yoast_head":"<!-- This site is optimized with the Yoast SEO Premium plugin v26.8 (Yoast SEO v26.8) - https:\/\/yoast.com\/product\/yoast-seo-premium-wordpress\/ -->\n<title>Ortak \u00c7al\u0131\u015fma Alan\u0131 i\u00e7in \u00dcCRETS\u0130Z Devam Takip Uygulamas\u0131<\/title>\n<meta name=\"description\" content=\"Ortak \u00e7al\u0131\u015fma alan\u0131nda personelinizin devam takibini profesyonelce yap\u0131n. \u0130\u015f devam takibi, faturaland\u0131rma ve rapor i\u015flerini kolayla\u015ft\u0131r\u0131n.\" \/>\n<meta name=\"robots\" content=\"index, follow, max-snippet:-1, max-image-preview:large, max-video-preview:-1\" \/>\n<link rel=\"canonical\" href=\"https:\/\/www.jibble.io\/tr\/ortak-calisma-alani-devam-takip-uygulamasi\" \/>\n<meta property=\"og:locale\" content=\"tr_TR\" \/>\n<meta property=\"og:type\" content=\"article\" \/>\n<meta property=\"og:title\" content=\"Ortak \u00c7al\u0131\u015fma Alan\u0131 i\u00e7in \u00dcCRETS\u0130Z Devam Takip Uygulamas\u0131\" \/>\n<meta property=\"og:description\" content=\"Ortak \u00e7al\u0131\u015fma alan\u0131nda personelinizin devam takibini profesyonelce yap\u0131n. \u0130\u015f devam takibi, faturaland\u0131rma ve rapor i\u015flerini kolayla\u015ft\u0131r\u0131n.\" \/>\n<meta property=\"og:url\" content=\"https:\/\/www.jibble.io\/tr\/ortak-calisma-alani-devam-takip-uygulamasi\" \/>\n<meta property=\"og:site_name\" content=\"Jibble\" \/>\n<meta property=\"article:modified_time\" content=\"2025-12-24T16:31:52+00:00\" \/>\n<meta name=\"twitter:card\" content=\"summary_large_image\" \/>\n<meta name=\"twitter:label1\" content=\"Tahmini okuma s\u00fcresi\" \/>\n\t<meta name=\"twitter:data1\" content=\"5 dakika\" \/>\n<script type=\"application\/ld+json\" class=\"yoast-schema-graph\">{\"@context\":\"https:\/\/schema.org\",\"@graph\":[{\"@type\":\"WebPage\",\"@id\":\"https:\/\/www.jibble.io\/tr\/ortak-calisma-alani-devam-takip-uygulamasi\",\"url\":\"https:\/\/www.jibble.io\/tr\/ortak-calisma-alani-devam-takip-uygulamasi\",\"name\":\"Ortak \u00c7al\u0131\u015fma Alan\u0131 i\u00e7in \u00dcCRETS\u0130Z Devam Takip Uygulamas\u0131\",\"isPartOf\":{\"@id\":\"https:\/\/www.jibble.io\/tr#website\"},\"datePublished\":\"2024-04-23T12:48:49+00:00\",\"dateModified\":\"2025-12-24T16:31:52+00:00\",\"description\":\"Ortak \u00e7al\u0131\u015fma alan\u0131nda personelinizin devam takibini profesyonelce yap\u0131n. \u0130\u015f devam takibi, faturaland\u0131rma ve rapor i\u015flerini kolayla\u015ft\u0131r\u0131n.\",\"inLanguage\":\"tr\",\"potentialAction\":[{\"@type\":\"ReadAction\",\"target\":[\"https:\/\/www.jibble.io\/tr\/ortak-calisma-alani-devam-takip-uygulamasi\"]}]},{\"@type\":\"WebSite\",\"@id\":\"https:\/\/www.jibble.io\/tr#website\",\"url\":\"https:\/\/www.jibble.io\/tr\",\"name\":\"Jibble\",\"description\":\"Meet the new standard in time tracking software\",\"publisher\":{\"@id\":\"https:\/\/www.jibble.io\/tr#organization\"},\"potentialAction\":[{\"@type\":\"SearchAction\",\"target\":{\"@type\":\"EntryPoint\",\"urlTemplate\":\"https:\/\/www.jibble.io\/tr?s={search_term_string}\"},\"query-input\":{\"@type\":\"PropertyValueSpecification\",\"valueRequired\":true,\"valueName\":\"search_term_string\"}}],\"inLanguage\":\"tr\"},{\"@type\":\"Organization\",\"@id\":\"https:\/\/www.jibble.io\/tr#organization\",\"name\":\"Jibble\",\"url\":\"https:\/\/www.jibble.io\/tr\",\"logo\":{\"@type\":\"ImageObject\",\"inLanguage\":\"tr\",\"@id\":\"https:\/\/www.jibble.io\/tr#\/schema\/logo\/image\/\",\"url\":\"https:\/\/www.jibble.io\/wp-content\/uploads\/2022\/05\/Original-copy-923x1024.png\",\"contentUrl\":\"https:\/\/www.jibble.io\/wp-content\/uploads\/2022\/05\/Original-copy-923x1024.png\",\"width\":\"923\",\"height\":\"1024\",\"caption\":\"Jibble\"},\"image\":{\"@id\":\"https:\/\/www.jibble.io\/tr#\/schema\/logo\/image\/\"},\"sameAs\":[\"https:\/\/www.linkedin.com\/company\/jibble\/\"]}]}<\/script>\n<!-- \/ Yoast SEO Premium plugin. -->","yoast_head_json":{"title":"Ortak \u00c7al\u0131\u015fma Alan\u0131 i\u00e7in \u00dcCRETS\u0130Z Devam Takip Uygulamas\u0131","description":"Ortak \u00e7al\u0131\u015fma alan\u0131nda personelinizin devam takibini profesyonelce yap\u0131n. \u0130\u015f devam takibi, faturaland\u0131rma ve rapor i\u015flerini kolayla\u015ft\u0131r\u0131n.","robots":{"index":"index","follow":"follow","max-snippet":"max-snippet:-1","max-image-preview":"max-image-preview:large","max-video-preview":"max-video-preview:-1"},"canonical":"https:\/\/www.jibble.io\/tr\/ortak-calisma-alani-devam-takip-uygulamasi","og_locale":"tr_TR","og_type":"article","og_title":"Ortak \u00c7al\u0131\u015fma Alan\u0131 i\u00e7in \u00dcCRETS\u0130Z Devam Takip Uygulamas\u0131","og_description":"Ortak \u00e7al\u0131\u015fma alan\u0131nda personelinizin devam takibini profesyonelce yap\u0131n. \u0130\u015f devam takibi, faturaland\u0131rma ve rapor i\u015flerini kolayla\u015ft\u0131r\u0131n.","og_url":"https:\/\/www.jibble.io\/tr\/ortak-calisma-alani-devam-takip-uygulamasi","og_site_name":"Jibble","article_modified_time":"2025-12-24T16:31:52+00:00","twitter_card":"summary_large_image","twitter_misc":{"Tahmini okuma s\u00fcresi":"5 dakika"},"schema":{"@context":"https:\/\/schema.org","@graph":[{"@type":"WebPage","@id":"https:\/\/www.jibble.io\/tr\/ortak-calisma-alani-devam-takip-uygulamasi","url":"https:\/\/www.jibble.io\/tr\/ortak-calisma-alani-devam-takip-uygulamasi","name":"Ortak \u00c7al\u0131\u015fma Alan\u0131 i\u00e7in \u00dcCRETS\u0130Z Devam Takip Uygulamas\u0131","isPartOf":{"@id":"https:\/\/www.jibble.io\/tr#website"},"datePublished":"2024-04-23T12:48:49+00:00","dateModified":"2025-12-24T16:31:52+00:00","description":"Ortak \u00e7al\u0131\u015fma alan\u0131nda personelinizin devam takibini profesyonelce yap\u0131n. \u0130\u015f devam takibi, faturaland\u0131rma ve rapor i\u015flerini kolayla\u015ft\u0131r\u0131n.","inLanguage":"tr","potentialAction":[{"@type":"ReadAction","target":["https:\/\/www.jibble.io\/tr\/ortak-calisma-alani-devam-takip-uygulamasi"]}]},{"@type":"WebSite","@id":"https:\/\/www.jibble.io\/tr#website","url":"https:\/\/www.jibble.io\/tr","name":"Jibble","description":"Meet the new standard in time tracking software","publisher":{"@id":"https:\/\/www.jibble.io\/tr#organization"},"potentialAction":[{"@type":"SearchAction","target":{"@type":"EntryPoint","urlTemplate":"https:\/\/www.jibble.io\/tr?s={search_term_string}"},"query-input":{"@type":"PropertyValueSpecification","valueRequired":true,"valueName":"search_term_string"}}],"inLanguage":"tr"},{"@type":"Organization","@id":"https:\/\/www.jibble.io\/tr#organization","name":"Jibble","url":"https:\/\/www.jibble.io\/tr","logo":{"@type":"ImageObject","inLanguage":"tr","@id":"https:\/\/www.jibble.io\/tr#\/schema\/logo\/image\/","url":"https:\/\/www.jibble.io\/wp-content\/uploads\/2022\/05\/Original-copy-923x1024.png","contentUrl":"https:\/\/www.jibble.io\/wp-content\/uploads\/2022\/05\/Original-copy-923x1024.png","width":"923","height":"1024","caption":"Jibble"},"image":{"@id":"https:\/\/www.jibble.io\/tr#\/schema\/logo\/image\/"},"sameAs":["https:\/\/www.linkedin.com\/company\/jibble\/"]}]}},"_links":{"self":[{"href":"https:\/\/www.jibble.io\/tr\/wp-json\/wp\/v2\/pages\/151317","targetHints":{"allow":["GET"]}}],"collection":[{"href":"https:\/\/www.jibble.io\/tr\/wp-json\/wp\/v2\/pages"}],"about":[{"href":"https:\/\/www.jibble.io\/tr\/wp-json\/wp\/v2\/types\/page"}],"author":[{"embeddable":true,"href":"https:\/\/www.jibble.io\/tr\/wp-json\/wp\/v2\/users\/51"}],"replies":[{"embeddable":true,"href":"https:\/\/www.jibble.io\/tr\/wp-json\/wp\/v2\/comments?post=151317"}],"version-history":[{"count":3,"href":"https:\/\/www.jibble.io\/tr\/wp-json\/wp\/v2\/pages\/151317\/revisions"}],"predecessor-version":[{"id":363316,"href":"https:\/\/www.jibble.io\/tr\/wp-json\/wp\/v2\/pages\/151317\/revisions\/363316"}],"wp:attachment":[{"href":"https:\/\/www.jibble.io\/tr\/wp-json\/wp\/v2\/media?parent=151317"}],"curies":[{"name":"wp","href":"https:\/\/api.w.org\/{rel}","templated":true}]}}