{"id":144090,"date":"2023-08-15T03:19:13","date_gmt":"2023-08-15T02:19:13","guid":{"rendered":"https:\/\/www.jibble.io\/dentist-time-attendance-app\/"},"modified":"2026-04-05T22:47:52","modified_gmt":"2026-04-05T21:47:52","slug":"dis-hekimleri-icin-zaman-ve-devamlilik-uygulamasi","status":"publish","type":"page","link":"https:\/\/www.jibble.io\/tr\/dis-hekimleri-icin-zaman-ve-devamlilik-uygulamasi","title":{"rendered":"Time and Attendance App for Dentists"},"content":{"rendered":"","protected":false},"excerpt":{"rendered":"","protected":false},"author":51,"featured_media":0,"parent":0,"menu_order":0,"comment_status":"closed","ping_status":"closed","template":"template-feature.php","meta":{"_acf_changed":false,"footnotes":""},"class_list":["post-144090","page","type-page","status-publish","hentry"],"acf":[],"yoast_head":"<!-- This site is optimized with the Yoast SEO Premium plugin v26.8 (Yoast SEO v26.8) - https:\/\/yoast.com\/product\/yoast-seo-premium-wordpress\/ -->\n<title>Di\u015f Hekimleri i\u00e7in \u00dcCRETS\u0130Z Zaman ve Devam Takip Uygulamas\u0131<\/title>\n<meta name=\"description\" content=\"Jibble&#039;\u0131n di\u015f hekimleri i\u00e7in i\u015f zaman takibi uygulamas\u0131 ile personelinizi takip edin ve bordrolar\u0131n\u0131 kolayl\u0131kla olu\u015fturun. \u00dcCRETS\u0130Z!\" \/>\n<meta name=\"robots\" content=\"index, follow, max-snippet:-1, max-image-preview:large, max-video-preview:-1\" \/>\n<link rel=\"canonical\" href=\"https:\/\/www.jibble.io\/tr\/dis-hekimleri-icin-zaman-ve-devamlilik-uygulamasi\" \/>\n<meta property=\"og:locale\" content=\"tr_TR\" \/>\n<meta property=\"og:type\" content=\"article\" \/>\n<meta property=\"og:title\" content=\"Di\u015f Hekimleri i\u00e7in \u00dcCRETS\u0130Z Zaman ve Devam Takip Uygulamas\u0131\" \/>\n<meta property=\"og:description\" content=\"Jibble&#039;\u0131n di\u015f hekimleri i\u00e7in i\u015f zaman takibi uygulamas\u0131 ile personelinizi takip edin ve bordrolar\u0131n\u0131 kolayl\u0131kla olu\u015fturun. \u00dcCRETS\u0130Z!\" \/>\n<meta property=\"og:url\" content=\"https:\/\/www.jibble.io\/tr\/dis-hekimleri-icin-zaman-ve-devamlilik-uygulamasi\" \/>\n<meta property=\"og:site_name\" content=\"Jibble\" \/>\n<meta property=\"article:modified_time\" content=\"2026-04-05T21:47:52+00:00\" \/>\n<meta name=\"twitter:card\" content=\"summary_large_image\" \/>\n<meta name=\"twitter:label1\" content=\"Tahmini okuma s\u00fcresi\" \/>\n\t<meta name=\"twitter:data1\" content=\"9 dakika\" \/>\n<script type=\"application\/ld+json\" class=\"yoast-schema-graph\">{\"@context\":\"https:\/\/schema.org\",\"@graph\":[{\"@type\":\"WebPage\",\"@id\":\"https:\/\/www.jibble.io\/tr\/dis-hekimleri-icin-zaman-ve-devamlilik-uygulamasi\",\"url\":\"https:\/\/www.jibble.io\/tr\/dis-hekimleri-icin-zaman-ve-devamlilik-uygulamasi\",\"name\":\"Di\u015f Hekimleri i\u00e7in \u00dcCRETS\u0130Z Zaman ve Devam Takip Uygulamas\u0131\",\"isPartOf\":{\"@id\":\"https:\/\/www.jibble.io\/tr#website\"},\"datePublished\":\"2023-08-15T02:19:13+00:00\",\"dateModified\":\"2026-04-05T21:47:52+00:00\",\"description\":\"Jibble'\u0131n di\u015f hekimleri i\u00e7in i\u015f zaman takibi uygulamas\u0131 ile personelinizi takip edin ve bordrolar\u0131n\u0131 kolayl\u0131kla olu\u015fturun. \u00dcCRETS\u0130Z!\",\"inLanguage\":\"tr\",\"potentialAction\":[{\"@type\":\"ReadAction\",\"target\":[\"https:\/\/www.jibble.io\/tr\/dis-hekimleri-icin-zaman-ve-devamlilik-uygulamasi\"]}]},{\"@type\":\"WebSite\",\"@id\":\"https:\/\/www.jibble.io\/tr#website\",\"url\":\"https:\/\/www.jibble.io\/tr\",\"name\":\"Jibble\",\"description\":\"Meet the new standard in time tracking software\",\"publisher\":{\"@id\":\"https:\/\/www.jibble.io\/tr#organization\"},\"potentialAction\":[{\"@type\":\"SearchAction\",\"target\":{\"@type\":\"EntryPoint\",\"urlTemplate\":\"https:\/\/www.jibble.io\/tr?s={search_term_string}\"},\"query-input\":{\"@type\":\"PropertyValueSpecification\",\"valueRequired\":true,\"valueName\":\"search_term_string\"}}],\"inLanguage\":\"tr\"},{\"@type\":\"Organization\",\"@id\":\"https:\/\/www.jibble.io\/tr#organization\",\"name\":\"Jibble\",\"url\":\"https:\/\/www.jibble.io\/tr\",\"logo\":{\"@type\":\"ImageObject\",\"inLanguage\":\"tr\",\"@id\":\"https:\/\/www.jibble.io\/tr#\/schema\/logo\/image\/\",\"url\":\"https:\/\/www.jibble.io\/wp-content\/uploads\/2022\/05\/Original-copy-923x1024.png\",\"contentUrl\":\"https:\/\/www.jibble.io\/wp-content\/uploads\/2022\/05\/Original-copy-923x1024.png\",\"width\":\"923\",\"height\":\"1024\",\"caption\":\"Jibble\"},\"image\":{\"@id\":\"https:\/\/www.jibble.io\/tr#\/schema\/logo\/image\/\"},\"sameAs\":[\"https:\/\/www.linkedin.com\/company\/jibble\/\"]}]}<\/script>\n<!-- \/ Yoast SEO Premium plugin. -->","yoast_head_json":{"title":"Di\u015f Hekimleri i\u00e7in \u00dcCRETS\u0130Z Zaman ve Devam Takip Uygulamas\u0131","description":"Jibble'\u0131n di\u015f hekimleri i\u00e7in i\u015f zaman takibi uygulamas\u0131 ile personelinizi takip edin ve bordrolar\u0131n\u0131 kolayl\u0131kla olu\u015fturun. \u00dcCRETS\u0130Z!","robots":{"index":"index","follow":"follow","max-snippet":"max-snippet:-1","max-image-preview":"max-image-preview:large","max-video-preview":"max-video-preview:-1"},"canonical":"https:\/\/www.jibble.io\/tr\/dis-hekimleri-icin-zaman-ve-devamlilik-uygulamasi","og_locale":"tr_TR","og_type":"article","og_title":"Di\u015f Hekimleri i\u00e7in \u00dcCRETS\u0130Z Zaman ve Devam Takip Uygulamas\u0131","og_description":"Jibble'\u0131n di\u015f hekimleri i\u00e7in i\u015f zaman takibi uygulamas\u0131 ile personelinizi takip edin ve bordrolar\u0131n\u0131 kolayl\u0131kla olu\u015fturun. \u00dcCRETS\u0130Z!","og_url":"https:\/\/www.jibble.io\/tr\/dis-hekimleri-icin-zaman-ve-devamlilik-uygulamasi","og_site_name":"Jibble","article_modified_time":"2026-04-05T21:47:52+00:00","twitter_card":"summary_large_image","twitter_misc":{"Tahmini okuma s\u00fcresi":"9 dakika"},"schema":{"@context":"https:\/\/schema.org","@graph":[{"@type":"WebPage","@id":"https:\/\/www.jibble.io\/tr\/dis-hekimleri-icin-zaman-ve-devamlilik-uygulamasi","url":"https:\/\/www.jibble.io\/tr\/dis-hekimleri-icin-zaman-ve-devamlilik-uygulamasi","name":"Di\u015f Hekimleri i\u00e7in \u00dcCRETS\u0130Z Zaman ve Devam Takip Uygulamas\u0131","isPartOf":{"@id":"https:\/\/www.jibble.io\/tr#website"},"datePublished":"2023-08-15T02:19:13+00:00","dateModified":"2026-04-05T21:47:52+00:00","description":"Jibble'\u0131n di\u015f hekimleri i\u00e7in i\u015f zaman takibi uygulamas\u0131 ile personelinizi takip edin ve bordrolar\u0131n\u0131 kolayl\u0131kla olu\u015fturun. \u00dcCRETS\u0130Z!","inLanguage":"tr","potentialAction":[{"@type":"ReadAction","target":["https:\/\/www.jibble.io\/tr\/dis-hekimleri-icin-zaman-ve-devamlilik-uygulamasi"]}]},{"@type":"WebSite","@id":"https:\/\/www.jibble.io\/tr#website","url":"https:\/\/www.jibble.io\/tr","name":"Jibble","description":"Meet the new standard in time tracking software","publisher":{"@id":"https:\/\/www.jibble.io\/tr#organization"},"potentialAction":[{"@type":"SearchAction","target":{"@type":"EntryPoint","urlTemplate":"https:\/\/www.jibble.io\/tr?s={search_term_string}"},"query-input":{"@type":"PropertyValueSpecification","valueRequired":true,"valueName":"search_term_string"}}],"inLanguage":"tr"},{"@type":"Organization","@id":"https:\/\/www.jibble.io\/tr#organization","name":"Jibble","url":"https:\/\/www.jibble.io\/tr","logo":{"@type":"ImageObject","inLanguage":"tr","@id":"https:\/\/www.jibble.io\/tr#\/schema\/logo\/image\/","url":"https:\/\/www.jibble.io\/wp-content\/uploads\/2022\/05\/Original-copy-923x1024.png","contentUrl":"https:\/\/www.jibble.io\/wp-content\/uploads\/2022\/05\/Original-copy-923x1024.png","width":"923","height":"1024","caption":"Jibble"},"image":{"@id":"https:\/\/www.jibble.io\/tr#\/schema\/logo\/image\/"},"sameAs":["https:\/\/www.linkedin.com\/company\/jibble\/"]}]}},"_links":{"self":[{"href":"https:\/\/www.jibble.io\/tr\/wp-json\/wp\/v2\/pages\/144090","targetHints":{"allow":["GET"]}}],"collection":[{"href":"https:\/\/www.jibble.io\/tr\/wp-json\/wp\/v2\/pages"}],"about":[{"href":"https:\/\/www.jibble.io\/tr\/wp-json\/wp\/v2\/types\/page"}],"author":[{"embeddable":true,"href":"https:\/\/www.jibble.io\/tr\/wp-json\/wp\/v2\/users\/51"}],"replies":[{"embeddable":true,"href":"https:\/\/www.jibble.io\/tr\/wp-json\/wp\/v2\/comments?post=144090"}],"version-history":[{"count":3,"href":"https:\/\/www.jibble.io\/tr\/wp-json\/wp\/v2\/pages\/144090\/revisions"}],"predecessor-version":[{"id":393639,"href":"https:\/\/www.jibble.io\/tr\/wp-json\/wp\/v2\/pages\/144090\/revisions\/393639"}],"wp:attachment":[{"href":"https:\/\/www.jibble.io\/tr\/wp-json\/wp\/v2\/media?parent=144090"}],"curies":[{"name":"wp","href":"https:\/\/api.w.org\/{rel}","templated":true}]}}