{"id":130113,"date":"2023-09-12T04:59:28","date_gmt":"2023-09-12T03:59:28","guid":{"rendered":"https:\/\/www.jibble.io\/github-time-tracking"},"modified":"2025-11-19T07:57:53","modified_gmt":"2025-11-19T07:57:53","slug":"github-personel-zaman-takibi","status":"publish","type":"page","link":"https:\/\/www.jibble.io\/tr\/github-personel-zaman-takibi","title":{"rendered":"GitHub Time Tracking"},"content":{"rendered":"","protected":false},"excerpt":{"rendered":"","protected":false},"author":56,"featured_media":0,"parent":0,"menu_order":0,"comment_status":"closed","ping_status":"closed","template":"template-feature-new-youtube.php","meta":{"_acf_changed":false,"footnotes":""},"class_list":["post-130113","page","type-page","status-publish","hentry"],"acf":[],"yoast_head":"<!-- This site is optimized with the Yoast SEO Premium plugin v26.8 (Yoast SEO v26.8) - https:\/\/yoast.com\/product\/yoast-seo-premium-wordpress\/ -->\n<title>%100 \u00dcCRETS\u0130Z GitHub Personel Zaman Takibi | Jibble\u2122<\/title>\n<meta name=\"description\" content=\"GitHub nedir? Ak\u0131ll\u0131 yaz\u0131l\u0131m geli\u015ftirme i\u00e7in zaman takibini GitHub i\u015f ak\u0131\u015f\u0131n\u0131za entegre edin. Kullan\u0131c\u0131 s\u0131n\u0131r\u0131 yok ve tamamen \u00fccretsiz.\" \/>\n<meta name=\"robots\" content=\"index, follow, max-snippet:-1, max-image-preview:large, max-video-preview:-1\" \/>\n<link rel=\"canonical\" href=\"https:\/\/www.jibble.io\/tr\/github-personel-zaman-takibi\" \/>\n<meta property=\"og:locale\" content=\"tr_TR\" \/>\n<meta property=\"og:type\" content=\"article\" \/>\n<meta property=\"og:title\" content=\"%100 \u00dcCRETS\u0130Z GitHub Personel Zaman Takibi | Jibble\u2122\" \/>\n<meta property=\"og:description\" content=\"GitHub nedir? Ak\u0131ll\u0131 yaz\u0131l\u0131m geli\u015ftirme i\u00e7in zaman takibini GitHub i\u015f ak\u0131\u015f\u0131n\u0131za entegre edin. Kullan\u0131c\u0131 s\u0131n\u0131r\u0131 yok ve tamamen \u00fccretsiz.\" \/>\n<meta property=\"og:url\" content=\"https:\/\/www.jibble.io\/tr\/github-personel-zaman-takibi\" \/>\n<meta property=\"og:site_name\" content=\"Jibble\" \/>\n<meta property=\"article:modified_time\" content=\"2025-11-19T07:57:53+00:00\" \/>\n<meta name=\"twitter:card\" content=\"summary_large_image\" \/>\n<meta name=\"twitter:label1\" content=\"Tahmini okuma s\u00fcresi\" \/>\n\t<meta name=\"twitter:data1\" content=\"6 dakika\" \/>\n<script type=\"application\/ld+json\" class=\"yoast-schema-graph\">{\"@context\":\"https:\/\/schema.org\",\"@graph\":[{\"@type\":\"WebPage\",\"@id\":\"https:\/\/www.jibble.io\/tr\/github-personel-zaman-takibi\",\"url\":\"https:\/\/www.jibble.io\/tr\/github-personel-zaman-takibi\",\"name\":\"%100 \u00dcCRETS\u0130Z GitHub Personel Zaman Takibi | Jibble\u2122\",\"isPartOf\":{\"@id\":\"https:\/\/www.jibble.io\/tr#website\"},\"datePublished\":\"2023-09-12T03:59:28+00:00\",\"dateModified\":\"2025-11-19T07:57:53+00:00\",\"description\":\"GitHub nedir? Ak\u0131ll\u0131 yaz\u0131l\u0131m geli\u015ftirme i\u00e7in zaman takibini GitHub i\u015f ak\u0131\u015f\u0131n\u0131za entegre edin. Kullan\u0131c\u0131 s\u0131n\u0131r\u0131 yok ve tamamen \u00fccretsiz.\",\"inLanguage\":\"tr\",\"potentialAction\":[{\"@type\":\"ReadAction\",\"target\":[\"https:\/\/www.jibble.io\/tr\/github-personel-zaman-takibi\"]}]},{\"@type\":\"WebSite\",\"@id\":\"https:\/\/www.jibble.io\/tr#website\",\"url\":\"https:\/\/www.jibble.io\/tr\",\"name\":\"Jibble\",\"description\":\"Meet the new standard in time tracking software\",\"publisher\":{\"@id\":\"https:\/\/www.jibble.io\/tr#organization\"},\"potentialAction\":[{\"@type\":\"SearchAction\",\"target\":{\"@type\":\"EntryPoint\",\"urlTemplate\":\"https:\/\/www.jibble.io\/tr?s={search_term_string}\"},\"query-input\":{\"@type\":\"PropertyValueSpecification\",\"valueRequired\":true,\"valueName\":\"search_term_string\"}}],\"inLanguage\":\"tr\"},{\"@type\":\"Organization\",\"@id\":\"https:\/\/www.jibble.io\/tr#organization\",\"name\":\"Jibble\",\"url\":\"https:\/\/www.jibble.io\/tr\",\"logo\":{\"@type\":\"ImageObject\",\"inLanguage\":\"tr\",\"@id\":\"https:\/\/www.jibble.io\/tr#\/schema\/logo\/image\/\",\"url\":\"https:\/\/www.jibble.io\/wp-content\/uploads\/2022\/05\/Original-copy-923x1024.png\",\"contentUrl\":\"https:\/\/www.jibble.io\/wp-content\/uploads\/2022\/05\/Original-copy-923x1024.png\",\"width\":\"923\",\"height\":\"1024\",\"caption\":\"Jibble\"},\"image\":{\"@id\":\"https:\/\/www.jibble.io\/tr#\/schema\/logo\/image\/\"},\"sameAs\":[\"https:\/\/www.linkedin.com\/company\/jibble\/\"]}]}<\/script>\n<!-- \/ Yoast SEO Premium plugin. -->","yoast_head_json":{"title":"%100 \u00dcCRETS\u0130Z GitHub Personel Zaman Takibi | Jibble\u2122","description":"GitHub nedir? Ak\u0131ll\u0131 yaz\u0131l\u0131m geli\u015ftirme i\u00e7in zaman takibini GitHub i\u015f ak\u0131\u015f\u0131n\u0131za entegre edin. Kullan\u0131c\u0131 s\u0131n\u0131r\u0131 yok ve tamamen \u00fccretsiz.","robots":{"index":"index","follow":"follow","max-snippet":"max-snippet:-1","max-image-preview":"max-image-preview:large","max-video-preview":"max-video-preview:-1"},"canonical":"https:\/\/www.jibble.io\/tr\/github-personel-zaman-takibi","og_locale":"tr_TR","og_type":"article","og_title":"%100 \u00dcCRETS\u0130Z GitHub Personel Zaman Takibi | Jibble\u2122","og_description":"GitHub nedir? Ak\u0131ll\u0131 yaz\u0131l\u0131m geli\u015ftirme i\u00e7in zaman takibini GitHub i\u015f ak\u0131\u015f\u0131n\u0131za entegre edin. Kullan\u0131c\u0131 s\u0131n\u0131r\u0131 yok ve tamamen \u00fccretsiz.","og_url":"https:\/\/www.jibble.io\/tr\/github-personel-zaman-takibi","og_site_name":"Jibble","article_modified_time":"2025-11-19T07:57:53+00:00","twitter_card":"summary_large_image","twitter_misc":{"Tahmini okuma s\u00fcresi":"6 dakika"},"schema":{"@context":"https:\/\/schema.org","@graph":[{"@type":"WebPage","@id":"https:\/\/www.jibble.io\/tr\/github-personel-zaman-takibi","url":"https:\/\/www.jibble.io\/tr\/github-personel-zaman-takibi","name":"%100 \u00dcCRETS\u0130Z GitHub Personel Zaman Takibi | Jibble\u2122","isPartOf":{"@id":"https:\/\/www.jibble.io\/tr#website"},"datePublished":"2023-09-12T03:59:28+00:00","dateModified":"2025-11-19T07:57:53+00:00","description":"GitHub nedir? Ak\u0131ll\u0131 yaz\u0131l\u0131m geli\u015ftirme i\u00e7in zaman takibini GitHub i\u015f ak\u0131\u015f\u0131n\u0131za entegre edin. Kullan\u0131c\u0131 s\u0131n\u0131r\u0131 yok ve tamamen \u00fccretsiz.","inLanguage":"tr","potentialAction":[{"@type":"ReadAction","target":["https:\/\/www.jibble.io\/tr\/github-personel-zaman-takibi"]}]},{"@type":"WebSite","@id":"https:\/\/www.jibble.io\/tr#website","url":"https:\/\/www.jibble.io\/tr","name":"Jibble","description":"Meet the new standard in time tracking software","publisher":{"@id":"https:\/\/www.jibble.io\/tr#organization"},"potentialAction":[{"@type":"SearchAction","target":{"@type":"EntryPoint","urlTemplate":"https:\/\/www.jibble.io\/tr?s={search_term_string}"},"query-input":{"@type":"PropertyValueSpecification","valueRequired":true,"valueName":"search_term_string"}}],"inLanguage":"tr"},{"@type":"Organization","@id":"https:\/\/www.jibble.io\/tr#organization","name":"Jibble","url":"https:\/\/www.jibble.io\/tr","logo":{"@type":"ImageObject","inLanguage":"tr","@id":"https:\/\/www.jibble.io\/tr#\/schema\/logo\/image\/","url":"https:\/\/www.jibble.io\/wp-content\/uploads\/2022\/05\/Original-copy-923x1024.png","contentUrl":"https:\/\/www.jibble.io\/wp-content\/uploads\/2022\/05\/Original-copy-923x1024.png","width":"923","height":"1024","caption":"Jibble"},"image":{"@id":"https:\/\/www.jibble.io\/tr#\/schema\/logo\/image\/"},"sameAs":["https:\/\/www.linkedin.com\/company\/jibble\/"]}]}},"_links":{"self":[{"href":"https:\/\/www.jibble.io\/tr\/wp-json\/wp\/v2\/pages\/130113","targetHints":{"allow":["GET"]}}],"collection":[{"href":"https:\/\/www.jibble.io\/tr\/wp-json\/wp\/v2\/pages"}],"about":[{"href":"https:\/\/www.jibble.io\/tr\/wp-json\/wp\/v2\/types\/page"}],"author":[{"embeddable":true,"href":"https:\/\/www.jibble.io\/tr\/wp-json\/wp\/v2\/users\/56"}],"replies":[{"embeddable":true,"href":"https:\/\/www.jibble.io\/tr\/wp-json\/wp\/v2\/comments?post=130113"}],"version-history":[{"count":3,"href":"https:\/\/www.jibble.io\/tr\/wp-json\/wp\/v2\/pages\/130113\/revisions"}],"predecessor-version":[{"id":346316,"href":"https:\/\/www.jibble.io\/tr\/wp-json\/wp\/v2\/pages\/130113\/revisions\/346316"}],"wp:attachment":[{"href":"https:\/\/www.jibble.io\/tr\/wp-json\/wp\/v2\/media?parent=130113"}],"curies":[{"name":"wp","href":"https:\/\/api.w.org\/{rel}","templated":true}]}}