{"id":121710,"date":"2022-05-27T02:51:24","date_gmt":"2022-05-27T01:51:24","guid":{"rendered":"https:\/\/www.jibble.io\/freelancer-zaman-takibi"},"modified":"2025-11-14T13:20:28","modified_gmt":"2025-11-14T13:20:28","slug":"serbest-calisan-is-takip","status":"publish","type":"page","link":"https:\/\/www.jibble.io\/tr\/serbest-calisan-is-takip","title":{"rendered":"Freelancer Zaman Takibi"},"content":{"rendered":"","protected":false},"excerpt":{"rendered":"","protected":false},"author":6,"featured_media":0,"parent":0,"menu_order":0,"comment_status":"closed","ping_status":"closed","template":"template-feature-new-youtube.php","meta":{"_acf_changed":false,"footnotes":""},"class_list":["post-121710","page","type-page","status-publish","hentry"],"acf":[],"yoast_head":"<!-- This site is optimized with the Yoast SEO Premium plugin v26.8 (Yoast SEO v26.8) - https:\/\/yoast.com\/product\/yoast-seo-premium-wordpress\/ -->\n<title>Serbest \u00c7al\u0131\u015fanlar i\u00e7in \u0130\u015f Takip Yaz\u0131l\u0131m\u0131 \u00dcCRETS\u0130Z | Jibble\u2122<\/title>\n<meta name=\"description\" content=\"Serbest \u00e7al\u0131\u015fanlar i\u00e7in i\u015f takip yaz\u0131l\u0131m\u0131. Zaman\u0131 istedi\u011finiz ayg\u0131ttan takip edin. S\u0131n\u0131rs\u0131z kullan\u0131c\u0131 i\u00e7in sonsuza kadar \u00fccretsiz.\" \/>\n<meta name=\"robots\" content=\"index, follow, max-snippet:-1, max-image-preview:large, max-video-preview:-1\" \/>\n<link rel=\"canonical\" href=\"https:\/\/www.jibble.io\/tr\/serbest-calisan-is-takip\" \/>\n<meta property=\"og:locale\" content=\"tr_TR\" \/>\n<meta property=\"og:type\" content=\"article\" \/>\n<meta property=\"og:title\" content=\"Serbest \u00c7al\u0131\u015fanlar i\u00e7in \u0130\u015f Takip Yaz\u0131l\u0131m\u0131 \u00dcCRETS\u0130Z | Jibble\u2122\" \/>\n<meta property=\"og:description\" content=\"Serbest \u00e7al\u0131\u015fanlar i\u00e7in i\u015f takip yaz\u0131l\u0131m\u0131. Zaman\u0131 istedi\u011finiz ayg\u0131ttan takip edin. S\u0131n\u0131rs\u0131z kullan\u0131c\u0131 i\u00e7in sonsuza kadar \u00fccretsiz.\" \/>\n<meta property=\"og:url\" content=\"https:\/\/www.jibble.io\/tr\/serbest-calisan-is-takip\" \/>\n<meta property=\"og:site_name\" content=\"Jibble\" \/>\n<meta property=\"article:modified_time\" content=\"2025-11-14T13:20:28+00:00\" \/>\n<meta name=\"twitter:card\" content=\"summary_large_image\" \/>\n<meta name=\"twitter:label1\" content=\"Tahmini okuma s\u00fcresi\" \/>\n\t<meta name=\"twitter:data1\" content=\"8 dakika\" \/>\n<script type=\"application\/ld+json\" class=\"yoast-schema-graph\">{\"@context\":\"https:\/\/schema.org\",\"@graph\":[{\"@type\":\"WebPage\",\"@id\":\"https:\/\/www.jibble.io\/tr\/serbest-calisan-is-takip\",\"url\":\"https:\/\/www.jibble.io\/tr\/serbest-calisan-is-takip\",\"name\":\"Serbest \u00c7al\u0131\u015fanlar i\u00e7in \u0130\u015f Takip Yaz\u0131l\u0131m\u0131 \u00dcCRETS\u0130Z | Jibble\u2122\",\"isPartOf\":{\"@id\":\"https:\/\/www.jibble.io\/tr#website\"},\"datePublished\":\"2022-05-27T01:51:24+00:00\",\"dateModified\":\"2025-11-14T13:20:28+00:00\",\"description\":\"Serbest \u00e7al\u0131\u015fanlar i\u00e7in i\u015f takip yaz\u0131l\u0131m\u0131. Zaman\u0131 istedi\u011finiz ayg\u0131ttan takip edin. S\u0131n\u0131rs\u0131z kullan\u0131c\u0131 i\u00e7in sonsuza kadar \u00fccretsiz.\",\"inLanguage\":\"tr\",\"potentialAction\":[{\"@type\":\"ReadAction\",\"target\":[\"https:\/\/www.jibble.io\/tr\/serbest-calisan-is-takip\"]}]},{\"@type\":\"WebSite\",\"@id\":\"https:\/\/www.jibble.io\/tr#website\",\"url\":\"https:\/\/www.jibble.io\/tr\",\"name\":\"Jibble\",\"description\":\"Meet the new standard in time tracking software\",\"publisher\":{\"@id\":\"https:\/\/www.jibble.io\/tr#organization\"},\"potentialAction\":[{\"@type\":\"SearchAction\",\"target\":{\"@type\":\"EntryPoint\",\"urlTemplate\":\"https:\/\/www.jibble.io\/tr?s={search_term_string}\"},\"query-input\":{\"@type\":\"PropertyValueSpecification\",\"valueRequired\":true,\"valueName\":\"search_term_string\"}}],\"inLanguage\":\"tr\"},{\"@type\":\"Organization\",\"@id\":\"https:\/\/www.jibble.io\/tr#organization\",\"name\":\"Jibble\",\"url\":\"https:\/\/www.jibble.io\/tr\",\"logo\":{\"@type\":\"ImageObject\",\"inLanguage\":\"tr\",\"@id\":\"https:\/\/www.jibble.io\/tr#\/schema\/logo\/image\/\",\"url\":\"https:\/\/www.jibble.io\/wp-content\/uploads\/2022\/05\/Original-copy-923x1024.png\",\"contentUrl\":\"https:\/\/www.jibble.io\/wp-content\/uploads\/2022\/05\/Original-copy-923x1024.png\",\"width\":\"923\",\"height\":\"1024\",\"caption\":\"Jibble\"},\"image\":{\"@id\":\"https:\/\/www.jibble.io\/tr#\/schema\/logo\/image\/\"},\"sameAs\":[\"https:\/\/www.linkedin.com\/company\/jibble\/\"]}]}<\/script>\n<!-- \/ Yoast SEO Premium plugin. -->","yoast_head_json":{"title":"Serbest \u00c7al\u0131\u015fanlar i\u00e7in \u0130\u015f Takip Yaz\u0131l\u0131m\u0131 \u00dcCRETS\u0130Z | Jibble\u2122","description":"Serbest \u00e7al\u0131\u015fanlar i\u00e7in i\u015f takip yaz\u0131l\u0131m\u0131. Zaman\u0131 istedi\u011finiz ayg\u0131ttan takip edin. S\u0131n\u0131rs\u0131z kullan\u0131c\u0131 i\u00e7in sonsuza kadar \u00fccretsiz.","robots":{"index":"index","follow":"follow","max-snippet":"max-snippet:-1","max-image-preview":"max-image-preview:large","max-video-preview":"max-video-preview:-1"},"canonical":"https:\/\/www.jibble.io\/tr\/serbest-calisan-is-takip","og_locale":"tr_TR","og_type":"article","og_title":"Serbest \u00c7al\u0131\u015fanlar i\u00e7in \u0130\u015f Takip Yaz\u0131l\u0131m\u0131 \u00dcCRETS\u0130Z | Jibble\u2122","og_description":"Serbest \u00e7al\u0131\u015fanlar i\u00e7in i\u015f takip yaz\u0131l\u0131m\u0131. Zaman\u0131 istedi\u011finiz ayg\u0131ttan takip edin. S\u0131n\u0131rs\u0131z kullan\u0131c\u0131 i\u00e7in sonsuza kadar \u00fccretsiz.","og_url":"https:\/\/www.jibble.io\/tr\/serbest-calisan-is-takip","og_site_name":"Jibble","article_modified_time":"2025-11-14T13:20:28+00:00","twitter_card":"summary_large_image","twitter_misc":{"Tahmini okuma s\u00fcresi":"8 dakika"},"schema":{"@context":"https:\/\/schema.org","@graph":[{"@type":"WebPage","@id":"https:\/\/www.jibble.io\/tr\/serbest-calisan-is-takip","url":"https:\/\/www.jibble.io\/tr\/serbest-calisan-is-takip","name":"Serbest \u00c7al\u0131\u015fanlar i\u00e7in \u0130\u015f Takip Yaz\u0131l\u0131m\u0131 \u00dcCRETS\u0130Z | Jibble\u2122","isPartOf":{"@id":"https:\/\/www.jibble.io\/tr#website"},"datePublished":"2022-05-27T01:51:24+00:00","dateModified":"2025-11-14T13:20:28+00:00","description":"Serbest \u00e7al\u0131\u015fanlar i\u00e7in i\u015f takip yaz\u0131l\u0131m\u0131. Zaman\u0131 istedi\u011finiz ayg\u0131ttan takip edin. S\u0131n\u0131rs\u0131z kullan\u0131c\u0131 i\u00e7in sonsuza kadar \u00fccretsiz.","inLanguage":"tr","potentialAction":[{"@type":"ReadAction","target":["https:\/\/www.jibble.io\/tr\/serbest-calisan-is-takip"]}]},{"@type":"WebSite","@id":"https:\/\/www.jibble.io\/tr#website","url":"https:\/\/www.jibble.io\/tr","name":"Jibble","description":"Meet the new standard in time tracking software","publisher":{"@id":"https:\/\/www.jibble.io\/tr#organization"},"potentialAction":[{"@type":"SearchAction","target":{"@type":"EntryPoint","urlTemplate":"https:\/\/www.jibble.io\/tr?s={search_term_string}"},"query-input":{"@type":"PropertyValueSpecification","valueRequired":true,"valueName":"search_term_string"}}],"inLanguage":"tr"},{"@type":"Organization","@id":"https:\/\/www.jibble.io\/tr#organization","name":"Jibble","url":"https:\/\/www.jibble.io\/tr","logo":{"@type":"ImageObject","inLanguage":"tr","@id":"https:\/\/www.jibble.io\/tr#\/schema\/logo\/image\/","url":"https:\/\/www.jibble.io\/wp-content\/uploads\/2022\/05\/Original-copy-923x1024.png","contentUrl":"https:\/\/www.jibble.io\/wp-content\/uploads\/2022\/05\/Original-copy-923x1024.png","width":"923","height":"1024","caption":"Jibble"},"image":{"@id":"https:\/\/www.jibble.io\/tr#\/schema\/logo\/image\/"},"sameAs":["https:\/\/www.linkedin.com\/company\/jibble\/"]}]}},"_links":{"self":[{"href":"https:\/\/www.jibble.io\/tr\/wp-json\/wp\/v2\/pages\/121710","targetHints":{"allow":["GET"]}}],"collection":[{"href":"https:\/\/www.jibble.io\/tr\/wp-json\/wp\/v2\/pages"}],"about":[{"href":"https:\/\/www.jibble.io\/tr\/wp-json\/wp\/v2\/types\/page"}],"author":[{"embeddable":true,"href":"https:\/\/www.jibble.io\/tr\/wp-json\/wp\/v2\/users\/6"}],"replies":[{"embeddable":true,"href":"https:\/\/www.jibble.io\/tr\/wp-json\/wp\/v2\/comments?post=121710"}],"version-history":[{"count":3,"href":"https:\/\/www.jibble.io\/tr\/wp-json\/wp\/v2\/pages\/121710\/revisions"}],"predecessor-version":[{"id":345111,"href":"https:\/\/www.jibble.io\/tr\/wp-json\/wp\/v2\/pages\/121710\/revisions\/345111"}],"wp:attachment":[{"href":"https:\/\/www.jibble.io\/tr\/wp-json\/wp\/v2\/media?parent=121710"}],"curies":[{"name":"wp","href":"https:\/\/api.w.org\/{rel}","templated":true}]}}