{"id":110294,"date":"2022-10-17T22:48:17","date_gmt":"2022-10-17T21:48:17","guid":{"rendered":"https:\/\/www.jibble.io\/project-time-tracker"},"modified":"2026-03-13T21:16:48","modified_gmt":"2026-03-13T21:16:48","slug":"proje-zaman-takip-programi","status":"publish","type":"page","link":"https:\/\/www.jibble.io\/tr\/proje-zaman-takip-programi","title":{"rendered":"Project Time Tracker"},"content":{"rendered":"","protected":false},"excerpt":{"rendered":"","protected":false},"author":6,"featured_media":0,"parent":0,"menu_order":0,"comment_status":"closed","ping_status":"closed","template":"template-feature-new-youtube.php","meta":{"_acf_changed":false,"footnotes":""},"class_list":["post-110294","page","type-page","status-publish","hentry"],"acf":[],"yoast_head":"<!-- This site is optimized with the Yoast SEO Premium plugin v26.8 (Yoast SEO v26.8) - https:\/\/yoast.com\/product\/yoast-seo-premium-wordpress\/ -->\n<title>%100 \u00dcCRETS\u0130Z Proje Takip Program\u0131 | Jibble\u2122<\/title>\n<meta name=\"description\" content=\"Jibble&#039;\u0131n proje takip program\u0131 ile t\u00fcm cihazlardan proje s\u00fcresini ve ilerleyi\u015fini takip edin. Tamamen \u00fccretsiz\" \/>\n<meta name=\"robots\" content=\"index, follow, max-snippet:-1, max-image-preview:large, max-video-preview:-1\" \/>\n<link rel=\"canonical\" href=\"https:\/\/www.jibble.io\/tr\/proje-zaman-takip-programi\" \/>\n<meta property=\"og:locale\" content=\"tr_TR\" \/>\n<meta property=\"og:type\" content=\"article\" \/>\n<meta property=\"og:title\" content=\"%100 \u00dcCRETS\u0130Z Proje Takip Program\u0131 | Jibble\u2122\" \/>\n<meta property=\"og:description\" content=\"Jibble&#039;\u0131n proje takip program\u0131 ile t\u00fcm cihazlardan proje s\u00fcresini ve ilerleyi\u015fini takip edin. Tamamen \u00fccretsiz\" \/>\n<meta property=\"og:url\" content=\"https:\/\/www.jibble.io\/tr\/proje-zaman-takip-programi\" \/>\n<meta property=\"og:site_name\" content=\"Jibble\" \/>\n<meta property=\"article:modified_time\" content=\"2026-03-13T21:16:48+00:00\" \/>\n<meta name=\"twitter:card\" content=\"summary_large_image\" \/>\n<meta name=\"twitter:label1\" content=\"Tahmini okuma s\u00fcresi\" \/>\n\t<meta name=\"twitter:data1\" content=\"6 dakika\" \/>\n<script type=\"application\/ld+json\" class=\"yoast-schema-graph\">{\"@context\":\"https:\/\/schema.org\",\"@graph\":[{\"@type\":\"WebPage\",\"@id\":\"https:\/\/www.jibble.io\/tr\/proje-zaman-takip-programi\",\"url\":\"https:\/\/www.jibble.io\/tr\/proje-zaman-takip-programi\",\"name\":\"%100 \u00dcCRETS\u0130Z Proje Takip Program\u0131 | Jibble\u2122\",\"isPartOf\":{\"@id\":\"https:\/\/www.jibble.io\/tr#website\"},\"datePublished\":\"2022-10-17T21:48:17+00:00\",\"dateModified\":\"2026-03-13T21:16:48+00:00\",\"description\":\"Jibble'\u0131n proje takip program\u0131 ile t\u00fcm cihazlardan proje s\u00fcresini ve ilerleyi\u015fini takip edin. Tamamen \u00fccretsiz\",\"inLanguage\":\"tr\",\"potentialAction\":[{\"@type\":\"ReadAction\",\"target\":[\"https:\/\/www.jibble.io\/tr\/proje-zaman-takip-programi\"]}]},{\"@type\":\"WebSite\",\"@id\":\"https:\/\/www.jibble.io\/tr#website\",\"url\":\"https:\/\/www.jibble.io\/tr\",\"name\":\"Jibble\",\"description\":\"Meet the new standard in time tracking software\",\"publisher\":{\"@id\":\"https:\/\/www.jibble.io\/tr#organization\"},\"potentialAction\":[{\"@type\":\"SearchAction\",\"target\":{\"@type\":\"EntryPoint\",\"urlTemplate\":\"https:\/\/www.jibble.io\/tr?s={search_term_string}\"},\"query-input\":{\"@type\":\"PropertyValueSpecification\",\"valueRequired\":true,\"valueName\":\"search_term_string\"}}],\"inLanguage\":\"tr\"},{\"@type\":\"Organization\",\"@id\":\"https:\/\/www.jibble.io\/tr#organization\",\"name\":\"Jibble\",\"url\":\"https:\/\/www.jibble.io\/tr\",\"logo\":{\"@type\":\"ImageObject\",\"inLanguage\":\"tr\",\"@id\":\"https:\/\/www.jibble.io\/tr#\/schema\/logo\/image\/\",\"url\":\"https:\/\/www.jibble.io\/wp-content\/uploads\/2022\/05\/Original-copy-923x1024.png\",\"contentUrl\":\"https:\/\/www.jibble.io\/wp-content\/uploads\/2022\/05\/Original-copy-923x1024.png\",\"width\":\"923\",\"height\":\"1024\",\"caption\":\"Jibble\"},\"image\":{\"@id\":\"https:\/\/www.jibble.io\/tr#\/schema\/logo\/image\/\"},\"sameAs\":[\"https:\/\/www.linkedin.com\/company\/jibble\/\"]}]}<\/script>\n<!-- \/ Yoast SEO Premium plugin. -->","yoast_head_json":{"title":"%100 \u00dcCRETS\u0130Z Proje Takip Program\u0131 | Jibble\u2122","description":"Jibble'\u0131n proje takip program\u0131 ile t\u00fcm cihazlardan proje s\u00fcresini ve ilerleyi\u015fini takip edin. Tamamen \u00fccretsiz","robots":{"index":"index","follow":"follow","max-snippet":"max-snippet:-1","max-image-preview":"max-image-preview:large","max-video-preview":"max-video-preview:-1"},"canonical":"https:\/\/www.jibble.io\/tr\/proje-zaman-takip-programi","og_locale":"tr_TR","og_type":"article","og_title":"%100 \u00dcCRETS\u0130Z Proje Takip Program\u0131 | Jibble\u2122","og_description":"Jibble'\u0131n proje takip program\u0131 ile t\u00fcm cihazlardan proje s\u00fcresini ve ilerleyi\u015fini takip edin. Tamamen \u00fccretsiz","og_url":"https:\/\/www.jibble.io\/tr\/proje-zaman-takip-programi","og_site_name":"Jibble","article_modified_time":"2026-03-13T21:16:48+00:00","twitter_card":"summary_large_image","twitter_misc":{"Tahmini okuma s\u00fcresi":"6 dakika"},"schema":{"@context":"https:\/\/schema.org","@graph":[{"@type":"WebPage","@id":"https:\/\/www.jibble.io\/tr\/proje-zaman-takip-programi","url":"https:\/\/www.jibble.io\/tr\/proje-zaman-takip-programi","name":"%100 \u00dcCRETS\u0130Z Proje Takip Program\u0131 | Jibble\u2122","isPartOf":{"@id":"https:\/\/www.jibble.io\/tr#website"},"datePublished":"2022-10-17T21:48:17+00:00","dateModified":"2026-03-13T21:16:48+00:00","description":"Jibble'\u0131n proje takip program\u0131 ile t\u00fcm cihazlardan proje s\u00fcresini ve ilerleyi\u015fini takip edin. Tamamen \u00fccretsiz","inLanguage":"tr","potentialAction":[{"@type":"ReadAction","target":["https:\/\/www.jibble.io\/tr\/proje-zaman-takip-programi"]}]},{"@type":"WebSite","@id":"https:\/\/www.jibble.io\/tr#website","url":"https:\/\/www.jibble.io\/tr","name":"Jibble","description":"Meet the new standard in time tracking software","publisher":{"@id":"https:\/\/www.jibble.io\/tr#organization"},"potentialAction":[{"@type":"SearchAction","target":{"@type":"EntryPoint","urlTemplate":"https:\/\/www.jibble.io\/tr?s={search_term_string}"},"query-input":{"@type":"PropertyValueSpecification","valueRequired":true,"valueName":"search_term_string"}}],"inLanguage":"tr"},{"@type":"Organization","@id":"https:\/\/www.jibble.io\/tr#organization","name":"Jibble","url":"https:\/\/www.jibble.io\/tr","logo":{"@type":"ImageObject","inLanguage":"tr","@id":"https:\/\/www.jibble.io\/tr#\/schema\/logo\/image\/","url":"https:\/\/www.jibble.io\/wp-content\/uploads\/2022\/05\/Original-copy-923x1024.png","contentUrl":"https:\/\/www.jibble.io\/wp-content\/uploads\/2022\/05\/Original-copy-923x1024.png","width":"923","height":"1024","caption":"Jibble"},"image":{"@id":"https:\/\/www.jibble.io\/tr#\/schema\/logo\/image\/"},"sameAs":["https:\/\/www.linkedin.com\/company\/jibble\/"]}]}},"_links":{"self":[{"href":"https:\/\/www.jibble.io\/tr\/wp-json\/wp\/v2\/pages\/110294","targetHints":{"allow":["GET"]}}],"collection":[{"href":"https:\/\/www.jibble.io\/tr\/wp-json\/wp\/v2\/pages"}],"about":[{"href":"https:\/\/www.jibble.io\/tr\/wp-json\/wp\/v2\/types\/page"}],"author":[{"embeddable":true,"href":"https:\/\/www.jibble.io\/tr\/wp-json\/wp\/v2\/users\/6"}],"replies":[{"embeddable":true,"href":"https:\/\/www.jibble.io\/tr\/wp-json\/wp\/v2\/comments?post=110294"}],"version-history":[{"count":3,"href":"https:\/\/www.jibble.io\/tr\/wp-json\/wp\/v2\/pages\/110294\/revisions"}],"predecessor-version":[{"id":389198,"href":"https:\/\/www.jibble.io\/tr\/wp-json\/wp\/v2\/pages\/110294\/revisions\/389198"}],"wp:attachment":[{"href":"https:\/\/www.jibble.io\/tr\/wp-json\/wp\/v2\/media?parent=110294"}],"curies":[{"name":"wp","href":"https:\/\/api.w.org\/{rel}","templated":true}]}}