{"id":339875,"date":"2024-02-14T09:11:38","date_gmt":"2024-02-14T09:11:38","guid":{"rendered":"https:\/\/www.jibble.io\/?page_id=339875"},"modified":"2026-01-13T17:29:01","modified_gmt":"2026-01-13T17:29:01","slug":"app-tidrapportering-entreprenorer","status":"publish","type":"page","link":"https:\/\/www.jibble.io\/sv\/app-tidrapportering-entreprenorer","title":{"rendered":"100% GRATIS App f\u00f6r Tidrapportering f\u00f6r Entrepren\u00f6rer"},"content":{"rendered":"<p>&nbsp;<\/p>\n<p>&nbsp;<\/p>\n","protected":false},"excerpt":{"rendered":"<p>&nbsp; &nbsp;<\/p>\n","protected":false},"author":51,"featured_media":0,"parent":0,"menu_order":0,"comment_status":"closed","ping_status":"closed","template":"template-feature-new-youtube.php","meta":{"_acf_changed":false,"footnotes":""},"class_list":["post-339875","page","type-page","status-publish","hentry"],"acf":[],"yoast_head":"<!-- This site is optimized with the Yoast SEO Premium plugin v26.8 (Yoast SEO v26.8) - https:\/\/yoast.com\/product\/yoast-seo-premium-wordpress\/ -->\n<title>100% GRATIS App f\u00f6r Tidrapportering f\u00f6r Entrepren\u00f6rer | Jibble\u2122<\/title>\n<meta name=\"description\" content=\"Registrera tid p\u00e5 vilken enhet som helst med den ultimata appen f\u00f6r tidrapportering f\u00f6r entrepren\u00f6rer. Gratis f\u00f6r obegr\u00e4nsat antal anv\u00e4ndare.\" \/>\n<meta name=\"robots\" content=\"index, follow, max-snippet:-1, max-image-preview:large, max-video-preview:-1\" \/>\n<link rel=\"canonical\" href=\"https:\/\/www.jibble.io\/sv\/app-tidrapportering-entreprenorer\" \/>\n<meta property=\"og:locale\" content=\"sv_SE\" \/>\n<meta property=\"og:type\" content=\"article\" \/>\n<meta property=\"og:title\" content=\"100% GRATIS App f\u00f6r Tidrapportering f\u00f6r Entrepren\u00f6rer | Jibble\u2122\" \/>\n<meta property=\"og:description\" content=\"Registrera tid p\u00e5 vilken enhet som helst med den ultimata appen f\u00f6r tidrapportering f\u00f6r entrepren\u00f6rer. Gratis f\u00f6r obegr\u00e4nsat antal anv\u00e4ndare.\" \/>\n<meta property=\"og:url\" content=\"https:\/\/www.jibble.io\/sv\/app-tidrapportering-entreprenorer\" \/>\n<meta property=\"og:site_name\" content=\"Jibble\" \/>\n<meta property=\"article:modified_time\" content=\"2026-01-13T17:29:01+00:00\" \/>\n<meta name=\"twitter:card\" content=\"summary_large_image\" \/>\n<meta name=\"twitter:label1\" content=\"Ber\u00e4knad l\u00e4stid\" \/>\n\t<meta name=\"twitter:data1\" content=\"7 minuter\" \/>\n<script type=\"application\/ld+json\" class=\"yoast-schema-graph\">{\"@context\":\"https:\/\/schema.org\",\"@graph\":[{\"@type\":\"WebPage\",\"@id\":\"https:\/\/www.jibble.io\/sv\/app-tidrapportering-entreprenorer\",\"url\":\"https:\/\/www.jibble.io\/sv\/app-tidrapportering-entreprenorer\",\"name\":\"100% GRATIS App f\u00f6r Tidrapportering f\u00f6r Entrepren\u00f6rer | Jibble\u2122\",\"isPartOf\":{\"@id\":\"https:\/\/www.jibble.io\/sv#website\"},\"datePublished\":\"2024-02-14T09:11:38+00:00\",\"dateModified\":\"2026-01-13T17:29:01+00:00\",\"description\":\"Registrera tid p\u00e5 vilken enhet som helst med den ultimata appen f\u00f6r tidrapportering f\u00f6r entrepren\u00f6rer. Gratis f\u00f6r obegr\u00e4nsat antal anv\u00e4ndare.\",\"inLanguage\":\"sv-SE\",\"potentialAction\":[{\"@type\":\"ReadAction\",\"target\":[\"https:\/\/www.jibble.io\/sv\/app-tidrapportering-entreprenorer\"]}]},{\"@type\":\"WebSite\",\"@id\":\"https:\/\/www.jibble.io\/sv#website\",\"url\":\"https:\/\/www.jibble.io\/sv\",\"name\":\"Jibble\",\"description\":\"Meet the new standard in time tracking software\",\"publisher\":{\"@id\":\"https:\/\/www.jibble.io\/sv#organization\"},\"potentialAction\":[{\"@type\":\"SearchAction\",\"target\":{\"@type\":\"EntryPoint\",\"urlTemplate\":\"https:\/\/www.jibble.io\/sv?s={search_term_string}\"},\"query-input\":{\"@type\":\"PropertyValueSpecification\",\"valueRequired\":true,\"valueName\":\"search_term_string\"}}],\"inLanguage\":\"sv-SE\"},{\"@type\":\"Organization\",\"@id\":\"https:\/\/www.jibble.io\/sv#organization\",\"name\":\"Jibble\",\"url\":\"https:\/\/www.jibble.io\/sv\",\"logo\":{\"@type\":\"ImageObject\",\"inLanguage\":\"sv-SE\",\"@id\":\"https:\/\/www.jibble.io\/sv#\/schema\/logo\/image\/\",\"url\":\"https:\/\/www.jibble.io\/wp-content\/uploads\/2022\/05\/Original-copy-923x1024.png\",\"contentUrl\":\"https:\/\/www.jibble.io\/wp-content\/uploads\/2022\/05\/Original-copy-923x1024.png\",\"width\":\"923\",\"height\":\"1024\",\"caption\":\"Jibble\"},\"image\":{\"@id\":\"https:\/\/www.jibble.io\/sv#\/schema\/logo\/image\/\"},\"sameAs\":[\"https:\/\/www.linkedin.com\/company\/jibble\/\"]}]}<\/script>\n<!-- \/ Yoast SEO Premium plugin. -->","yoast_head_json":{"title":"100% GRATIS App f\u00f6r Tidrapportering f\u00f6r Entrepren\u00f6rer | Jibble\u2122","description":"Registrera tid p\u00e5 vilken enhet som helst med den ultimata appen f\u00f6r tidrapportering f\u00f6r entrepren\u00f6rer. Gratis f\u00f6r obegr\u00e4nsat antal anv\u00e4ndare.","robots":{"index":"index","follow":"follow","max-snippet":"max-snippet:-1","max-image-preview":"max-image-preview:large","max-video-preview":"max-video-preview:-1"},"canonical":"https:\/\/www.jibble.io\/sv\/app-tidrapportering-entreprenorer","og_locale":"sv_SE","og_type":"article","og_title":"100% GRATIS App f\u00f6r Tidrapportering f\u00f6r Entrepren\u00f6rer | Jibble\u2122","og_description":"Registrera tid p\u00e5 vilken enhet som helst med den ultimata appen f\u00f6r tidrapportering f\u00f6r entrepren\u00f6rer. Gratis f\u00f6r obegr\u00e4nsat antal anv\u00e4ndare.","og_url":"https:\/\/www.jibble.io\/sv\/app-tidrapportering-entreprenorer","og_site_name":"Jibble","article_modified_time":"2026-01-13T17:29:01+00:00","twitter_card":"summary_large_image","twitter_misc":{"Ber\u00e4knad l\u00e4stid":"7 minuter"},"schema":{"@context":"https:\/\/schema.org","@graph":[{"@type":"WebPage","@id":"https:\/\/www.jibble.io\/sv\/app-tidrapportering-entreprenorer","url":"https:\/\/www.jibble.io\/sv\/app-tidrapportering-entreprenorer","name":"100% GRATIS App f\u00f6r Tidrapportering f\u00f6r Entrepren\u00f6rer | Jibble\u2122","isPartOf":{"@id":"https:\/\/www.jibble.io\/sv#website"},"datePublished":"2024-02-14T09:11:38+00:00","dateModified":"2026-01-13T17:29:01+00:00","description":"Registrera tid p\u00e5 vilken enhet som helst med den ultimata appen f\u00f6r tidrapportering f\u00f6r entrepren\u00f6rer. Gratis f\u00f6r obegr\u00e4nsat antal anv\u00e4ndare.","inLanguage":"sv-SE","potentialAction":[{"@type":"ReadAction","target":["https:\/\/www.jibble.io\/sv\/app-tidrapportering-entreprenorer"]}]},{"@type":"WebSite","@id":"https:\/\/www.jibble.io\/sv#website","url":"https:\/\/www.jibble.io\/sv","name":"Jibble","description":"Meet the new standard in time tracking software","publisher":{"@id":"https:\/\/www.jibble.io\/sv#organization"},"potentialAction":[{"@type":"SearchAction","target":{"@type":"EntryPoint","urlTemplate":"https:\/\/www.jibble.io\/sv?s={search_term_string}"},"query-input":{"@type":"PropertyValueSpecification","valueRequired":true,"valueName":"search_term_string"}}],"inLanguage":"sv-SE"},{"@type":"Organization","@id":"https:\/\/www.jibble.io\/sv#organization","name":"Jibble","url":"https:\/\/www.jibble.io\/sv","logo":{"@type":"ImageObject","inLanguage":"sv-SE","@id":"https:\/\/www.jibble.io\/sv#\/schema\/logo\/image\/","url":"https:\/\/www.jibble.io\/wp-content\/uploads\/2022\/05\/Original-copy-923x1024.png","contentUrl":"https:\/\/www.jibble.io\/wp-content\/uploads\/2022\/05\/Original-copy-923x1024.png","width":"923","height":"1024","caption":"Jibble"},"image":{"@id":"https:\/\/www.jibble.io\/sv#\/schema\/logo\/image\/"},"sameAs":["https:\/\/www.linkedin.com\/company\/jibble\/"]}]}},"_links":{"self":[{"href":"https:\/\/www.jibble.io\/sv\/wp-json\/wp\/v2\/pages\/339875","targetHints":{"allow":["GET"]}}],"collection":[{"href":"https:\/\/www.jibble.io\/sv\/wp-json\/wp\/v2\/pages"}],"about":[{"href":"https:\/\/www.jibble.io\/sv\/wp-json\/wp\/v2\/types\/page"}],"author":[{"embeddable":true,"href":"https:\/\/www.jibble.io\/sv\/wp-json\/wp\/v2\/users\/51"}],"replies":[{"embeddable":true,"href":"https:\/\/www.jibble.io\/sv\/wp-json\/wp\/v2\/comments?post=339875"}],"version-history":[{"count":3,"href":"https:\/\/www.jibble.io\/sv\/wp-json\/wp\/v2\/pages\/339875\/revisions"}],"predecessor-version":[{"id":371017,"href":"https:\/\/www.jibble.io\/sv\/wp-json\/wp\/v2\/pages\/339875\/revisions\/371017"}],"wp:attachment":[{"href":"https:\/\/www.jibble.io\/sv\/wp-json\/wp\/v2\/media?parent=339875"}],"curies":[{"name":"wp","href":"https:\/\/api.w.org\/{rel}","templated":true}]}}