{"id":329004,"date":"2024-01-15T03:41:32","date_gmt":"2024-01-15T03:41:32","guid":{"rendered":"https:\/\/www.jibble.io\/employee-monitoring-software-windows"},"modified":"2025-09-27T07:22:00","modified_gmt":"2025-09-27T06:22:00","slug":"programvara-overvakning-anstallda-windows","status":"publish","type":"page","link":"https:\/\/www.jibble.io\/sv\/programvara-overvakning-anstallda-windows","title":{"rendered":"Programvara f\u00f6r \u00d6vervakning av Anst\u00e4llda p\u00e5 Windows"},"content":{"rendered":"","protected":false},"excerpt":{"rendered":"","protected":false},"author":56,"featured_media":0,"parent":0,"menu_order":0,"comment_status":"closed","ping_status":"closed","template":"template-feature-new-youtube.php","meta":{"_acf_changed":false,"footnotes":""},"class_list":["post-329004","page","type-page","status-publish","hentry"],"acf":[],"yoast_head":"<!-- This site is optimized with the Yoast SEO Premium plugin v26.8 (Yoast SEO v26.8) - https:\/\/yoast.com\/product\/yoast-seo-premium-wordpress\/ -->\n<title>100% GRATIS Program f\u00f6r \u00d6vervakning av Anst\u00e4llda p\u00e5 Windows<\/title>\n<meta name=\"description\" content=\"Diskret programvara f\u00f6r \u00f6vervakning av personal. Sp\u00e5ra aktiviteter och \u00f6ka produktiviteten. Gratis f\u00f6r alltid f\u00f6r obegr\u00e4nsat antal anv\u00e4ndare.\" \/>\n<meta name=\"robots\" content=\"index, follow, max-snippet:-1, max-image-preview:large, max-video-preview:-1\" \/>\n<link rel=\"canonical\" href=\"https:\/\/www.jibble.io\/sv\/programvara-overvakning-anstallda-windows\" \/>\n<meta property=\"og:locale\" content=\"sv_SE\" \/>\n<meta property=\"og:type\" content=\"article\" \/>\n<meta property=\"og:title\" content=\"100% GRATIS Program f\u00f6r \u00d6vervakning av Anst\u00e4llda p\u00e5 Windows\" \/>\n<meta property=\"og:description\" content=\"Diskret programvara f\u00f6r \u00f6vervakning av personal. Sp\u00e5ra aktiviteter och \u00f6ka produktiviteten. Gratis f\u00f6r alltid f\u00f6r obegr\u00e4nsat antal anv\u00e4ndare.\" \/>\n<meta property=\"og:url\" content=\"https:\/\/www.jibble.io\/sv\/programvara-overvakning-anstallda-windows\" \/>\n<meta property=\"og:site_name\" content=\"Jibble\" \/>\n<meta property=\"article:modified_time\" content=\"2025-09-27T06:22:00+00:00\" \/>\n<meta name=\"twitter:card\" content=\"summary_large_image\" \/>\n<meta name=\"twitter:label1\" content=\"Ber\u00e4knad l\u00e4stid\" \/>\n\t<meta name=\"twitter:data1\" content=\"6 minuter\" \/>\n<script type=\"application\/ld+json\" class=\"yoast-schema-graph\">{\"@context\":\"https:\/\/schema.org\",\"@graph\":[{\"@type\":\"WebPage\",\"@id\":\"https:\/\/www.jibble.io\/sv\/programvara-overvakning-anstallda-windows\",\"url\":\"https:\/\/www.jibble.io\/sv\/programvara-overvakning-anstallda-windows\",\"name\":\"100% GRATIS Program f\u00f6r \u00d6vervakning av Anst\u00e4llda p\u00e5 Windows\",\"isPartOf\":{\"@id\":\"https:\/\/www.jibble.io\/sv#website\"},\"datePublished\":\"2024-01-15T03:41:32+00:00\",\"dateModified\":\"2025-09-27T06:22:00+00:00\",\"description\":\"Diskret programvara f\u00f6r \u00f6vervakning av personal. Sp\u00e5ra aktiviteter och \u00f6ka produktiviteten. Gratis f\u00f6r alltid f\u00f6r obegr\u00e4nsat antal anv\u00e4ndare.\",\"inLanguage\":\"sv-SE\",\"potentialAction\":[{\"@type\":\"ReadAction\",\"target\":[\"https:\/\/www.jibble.io\/sv\/programvara-overvakning-anstallda-windows\"]}]},{\"@type\":\"WebSite\",\"@id\":\"https:\/\/www.jibble.io\/sv#website\",\"url\":\"https:\/\/www.jibble.io\/sv\",\"name\":\"Jibble\",\"description\":\"Meet the new standard in time tracking software\",\"publisher\":{\"@id\":\"https:\/\/www.jibble.io\/sv#organization\"},\"potentialAction\":[{\"@type\":\"SearchAction\",\"target\":{\"@type\":\"EntryPoint\",\"urlTemplate\":\"https:\/\/www.jibble.io\/sv?s={search_term_string}\"},\"query-input\":{\"@type\":\"PropertyValueSpecification\",\"valueRequired\":true,\"valueName\":\"search_term_string\"}}],\"inLanguage\":\"sv-SE\"},{\"@type\":\"Organization\",\"@id\":\"https:\/\/www.jibble.io\/sv#organization\",\"name\":\"Jibble\",\"url\":\"https:\/\/www.jibble.io\/sv\",\"logo\":{\"@type\":\"ImageObject\",\"inLanguage\":\"sv-SE\",\"@id\":\"https:\/\/www.jibble.io\/sv#\/schema\/logo\/image\/\",\"url\":\"https:\/\/www.jibble.io\/wp-content\/uploads\/2022\/05\/Original-copy-923x1024.png\",\"contentUrl\":\"https:\/\/www.jibble.io\/wp-content\/uploads\/2022\/05\/Original-copy-923x1024.png\",\"width\":\"923\",\"height\":\"1024\",\"caption\":\"Jibble\"},\"image\":{\"@id\":\"https:\/\/www.jibble.io\/sv#\/schema\/logo\/image\/\"},\"sameAs\":[\"https:\/\/www.linkedin.com\/company\/jibble\/\"]}]}<\/script>\n<!-- \/ Yoast SEO Premium plugin. -->","yoast_head_json":{"title":"100% GRATIS Program f\u00f6r \u00d6vervakning av Anst\u00e4llda p\u00e5 Windows","description":"Diskret programvara f\u00f6r \u00f6vervakning av personal. Sp\u00e5ra aktiviteter och \u00f6ka produktiviteten. Gratis f\u00f6r alltid f\u00f6r obegr\u00e4nsat antal anv\u00e4ndare.","robots":{"index":"index","follow":"follow","max-snippet":"max-snippet:-1","max-image-preview":"max-image-preview:large","max-video-preview":"max-video-preview:-1"},"canonical":"https:\/\/www.jibble.io\/sv\/programvara-overvakning-anstallda-windows","og_locale":"sv_SE","og_type":"article","og_title":"100% GRATIS Program f\u00f6r \u00d6vervakning av Anst\u00e4llda p\u00e5 Windows","og_description":"Diskret programvara f\u00f6r \u00f6vervakning av personal. Sp\u00e5ra aktiviteter och \u00f6ka produktiviteten. Gratis f\u00f6r alltid f\u00f6r obegr\u00e4nsat antal anv\u00e4ndare.","og_url":"https:\/\/www.jibble.io\/sv\/programvara-overvakning-anstallda-windows","og_site_name":"Jibble","article_modified_time":"2025-09-27T06:22:00+00:00","twitter_card":"summary_large_image","twitter_misc":{"Ber\u00e4knad l\u00e4stid":"6 minuter"},"schema":{"@context":"https:\/\/schema.org","@graph":[{"@type":"WebPage","@id":"https:\/\/www.jibble.io\/sv\/programvara-overvakning-anstallda-windows","url":"https:\/\/www.jibble.io\/sv\/programvara-overvakning-anstallda-windows","name":"100% GRATIS Program f\u00f6r \u00d6vervakning av Anst\u00e4llda p\u00e5 Windows","isPartOf":{"@id":"https:\/\/www.jibble.io\/sv#website"},"datePublished":"2024-01-15T03:41:32+00:00","dateModified":"2025-09-27T06:22:00+00:00","description":"Diskret programvara f\u00f6r \u00f6vervakning av personal. Sp\u00e5ra aktiviteter och \u00f6ka produktiviteten. Gratis f\u00f6r alltid f\u00f6r obegr\u00e4nsat antal anv\u00e4ndare.","inLanguage":"sv-SE","potentialAction":[{"@type":"ReadAction","target":["https:\/\/www.jibble.io\/sv\/programvara-overvakning-anstallda-windows"]}]},{"@type":"WebSite","@id":"https:\/\/www.jibble.io\/sv#website","url":"https:\/\/www.jibble.io\/sv","name":"Jibble","description":"Meet the new standard in time tracking software","publisher":{"@id":"https:\/\/www.jibble.io\/sv#organization"},"potentialAction":[{"@type":"SearchAction","target":{"@type":"EntryPoint","urlTemplate":"https:\/\/www.jibble.io\/sv?s={search_term_string}"},"query-input":{"@type":"PropertyValueSpecification","valueRequired":true,"valueName":"search_term_string"}}],"inLanguage":"sv-SE"},{"@type":"Organization","@id":"https:\/\/www.jibble.io\/sv#organization","name":"Jibble","url":"https:\/\/www.jibble.io\/sv","logo":{"@type":"ImageObject","inLanguage":"sv-SE","@id":"https:\/\/www.jibble.io\/sv#\/schema\/logo\/image\/","url":"https:\/\/www.jibble.io\/wp-content\/uploads\/2022\/05\/Original-copy-923x1024.png","contentUrl":"https:\/\/www.jibble.io\/wp-content\/uploads\/2022\/05\/Original-copy-923x1024.png","width":"923","height":"1024","caption":"Jibble"},"image":{"@id":"https:\/\/www.jibble.io\/sv#\/schema\/logo\/image\/"},"sameAs":["https:\/\/www.linkedin.com\/company\/jibble\/"]}]}},"_links":{"self":[{"href":"https:\/\/www.jibble.io\/sv\/wp-json\/wp\/v2\/pages\/329004","targetHints":{"allow":["GET"]}}],"collection":[{"href":"https:\/\/www.jibble.io\/sv\/wp-json\/wp\/v2\/pages"}],"about":[{"href":"https:\/\/www.jibble.io\/sv\/wp-json\/wp\/v2\/types\/page"}],"author":[{"embeddable":true,"href":"https:\/\/www.jibble.io\/sv\/wp-json\/wp\/v2\/users\/56"}],"replies":[{"embeddable":true,"href":"https:\/\/www.jibble.io\/sv\/wp-json\/wp\/v2\/comments?post=329004"}],"version-history":[{"count":3,"href":"https:\/\/www.jibble.io\/sv\/wp-json\/wp\/v2\/pages\/329004\/revisions"}],"predecessor-version":[{"id":329270,"href":"https:\/\/www.jibble.io\/sv\/wp-json\/wp\/v2\/pages\/329004\/revisions\/329270"}],"wp:attachment":[{"href":"https:\/\/www.jibble.io\/sv\/wp-json\/wp\/v2\/media?parent=329004"}],"curies":[{"name":"wp","href":"https:\/\/api.w.org\/{rel}","templated":true}]}}