{"id":322384,"date":"2025-04-29T09:40:13","date_gmt":"2025-04-29T08:40:13","guid":{"rendered":"https:\/\/www.jibble.io\/project-time-tracking"},"modified":"2025-09-17T11:06:39","modified_gmt":"2025-09-17T10:06:39","slug":"tidredovisning-for-projekt","status":"publish","type":"page","link":"https:\/\/www.jibble.io\/sv\/tidredovisning-for-projekt","title":{"rendered":"Tidredovisning f\u00f6r Projekt\u200b"},"content":{"rendered":"","protected":false},"excerpt":{"rendered":"","protected":false},"author":51,"featured_media":0,"parent":0,"menu_order":0,"comment_status":"closed","ping_status":"closed","template":"template-feature-new-youtube.php","meta":{"_acf_changed":false,"footnotes":""},"class_list":["post-322384","page","type-page","status-publish","hentry"],"acf":[],"yoast_head":"<!-- This site is optimized with the Yoast SEO Premium plugin v26.8 (Yoast SEO v26.8) - https:\/\/yoast.com\/product\/yoast-seo-premium-wordpress\/ -->\n<title>100% GRATIS Tidredovisning f\u00f6r Projekt | Jibble\u2122<\/title>\n<meta name=\"description\" content=\"Registrera projekttid och hantera kostnader p\u00e5 alla enheter med Jibbles tidrapportering. Alltid gratis f\u00f6r obegr\u00e4nsat antal anv\u00e4ndare.\" \/>\n<meta name=\"robots\" content=\"index, follow, max-snippet:-1, max-image-preview:large, max-video-preview:-1\" \/>\n<link rel=\"canonical\" href=\"https:\/\/www.jibble.io\/sv\/tidredovisning-for-projekt\" \/>\n<meta property=\"og:locale\" content=\"sv_SE\" \/>\n<meta property=\"og:type\" content=\"article\" \/>\n<meta property=\"og:title\" content=\"100% GRATIS Tidredovisning f\u00f6r Projekt | Jibble\u2122\" \/>\n<meta property=\"og:description\" content=\"Registrera projekttid och hantera kostnader p\u00e5 alla enheter med Jibbles tidrapportering. Alltid gratis f\u00f6r obegr\u00e4nsat antal anv\u00e4ndare.\" \/>\n<meta property=\"og:url\" content=\"https:\/\/www.jibble.io\/sv\/tidredovisning-for-projekt\" \/>\n<meta property=\"og:site_name\" content=\"Jibble\" \/>\n<meta property=\"article:modified_time\" content=\"2025-09-17T10:06:39+00:00\" \/>\n<meta name=\"twitter:card\" content=\"summary_large_image\" \/>\n<meta name=\"twitter:label1\" content=\"Ber\u00e4knad l\u00e4stid\" \/>\n\t<meta name=\"twitter:data1\" content=\"7 minuter\" \/>\n<script type=\"application\/ld+json\" class=\"yoast-schema-graph\">{\"@context\":\"https:\/\/schema.org\",\"@graph\":[{\"@type\":\"WebPage\",\"@id\":\"https:\/\/www.jibble.io\/sv\/tidredovisning-for-projekt\",\"url\":\"https:\/\/www.jibble.io\/sv\/tidredovisning-for-projekt\",\"name\":\"100% GRATIS Tidredovisning f\u00f6r Projekt | Jibble\u2122\",\"isPartOf\":{\"@id\":\"https:\/\/www.jibble.io\/sv#website\"},\"datePublished\":\"2025-04-29T08:40:13+00:00\",\"dateModified\":\"2025-09-17T10:06:39+00:00\",\"description\":\"Registrera projekttid och hantera kostnader p\u00e5 alla enheter med Jibbles tidrapportering. Alltid gratis f\u00f6r obegr\u00e4nsat antal anv\u00e4ndare.\",\"inLanguage\":\"sv-SE\",\"potentialAction\":[{\"@type\":\"ReadAction\",\"target\":[\"https:\/\/www.jibble.io\/sv\/tidredovisning-for-projekt\"]}]},{\"@type\":\"WebSite\",\"@id\":\"https:\/\/www.jibble.io\/sv#website\",\"url\":\"https:\/\/www.jibble.io\/sv\",\"name\":\"Jibble\",\"description\":\"Meet the new standard in time tracking software\",\"publisher\":{\"@id\":\"https:\/\/www.jibble.io\/sv#organization\"},\"potentialAction\":[{\"@type\":\"SearchAction\",\"target\":{\"@type\":\"EntryPoint\",\"urlTemplate\":\"https:\/\/www.jibble.io\/sv?s={search_term_string}\"},\"query-input\":{\"@type\":\"PropertyValueSpecification\",\"valueRequired\":true,\"valueName\":\"search_term_string\"}}],\"inLanguage\":\"sv-SE\"},{\"@type\":\"Organization\",\"@id\":\"https:\/\/www.jibble.io\/sv#organization\",\"name\":\"Jibble\",\"url\":\"https:\/\/www.jibble.io\/sv\",\"logo\":{\"@type\":\"ImageObject\",\"inLanguage\":\"sv-SE\",\"@id\":\"https:\/\/www.jibble.io\/sv#\/schema\/logo\/image\/\",\"url\":\"https:\/\/www.jibble.io\/wp-content\/uploads\/2022\/05\/Original-copy-923x1024.png\",\"contentUrl\":\"https:\/\/www.jibble.io\/wp-content\/uploads\/2022\/05\/Original-copy-923x1024.png\",\"width\":\"923\",\"height\":\"1024\",\"caption\":\"Jibble\"},\"image\":{\"@id\":\"https:\/\/www.jibble.io\/sv#\/schema\/logo\/image\/\"},\"sameAs\":[\"https:\/\/www.linkedin.com\/company\/jibble\/\"]}]}<\/script>\n<!-- \/ Yoast SEO Premium plugin. -->","yoast_head_json":{"title":"100% GRATIS Tidredovisning f\u00f6r Projekt | Jibble\u2122","description":"Registrera projekttid och hantera kostnader p\u00e5 alla enheter med Jibbles tidrapportering. Alltid gratis f\u00f6r obegr\u00e4nsat antal anv\u00e4ndare.","robots":{"index":"index","follow":"follow","max-snippet":"max-snippet:-1","max-image-preview":"max-image-preview:large","max-video-preview":"max-video-preview:-1"},"canonical":"https:\/\/www.jibble.io\/sv\/tidredovisning-for-projekt","og_locale":"sv_SE","og_type":"article","og_title":"100% GRATIS Tidredovisning f\u00f6r Projekt | Jibble\u2122","og_description":"Registrera projekttid och hantera kostnader p\u00e5 alla enheter med Jibbles tidrapportering. Alltid gratis f\u00f6r obegr\u00e4nsat antal anv\u00e4ndare.","og_url":"https:\/\/www.jibble.io\/sv\/tidredovisning-for-projekt","og_site_name":"Jibble","article_modified_time":"2025-09-17T10:06:39+00:00","twitter_card":"summary_large_image","twitter_misc":{"Ber\u00e4knad l\u00e4stid":"7 minuter"},"schema":{"@context":"https:\/\/schema.org","@graph":[{"@type":"WebPage","@id":"https:\/\/www.jibble.io\/sv\/tidredovisning-for-projekt","url":"https:\/\/www.jibble.io\/sv\/tidredovisning-for-projekt","name":"100% GRATIS Tidredovisning f\u00f6r Projekt | Jibble\u2122","isPartOf":{"@id":"https:\/\/www.jibble.io\/sv#website"},"datePublished":"2025-04-29T08:40:13+00:00","dateModified":"2025-09-17T10:06:39+00:00","description":"Registrera projekttid och hantera kostnader p\u00e5 alla enheter med Jibbles tidrapportering. Alltid gratis f\u00f6r obegr\u00e4nsat antal anv\u00e4ndare.","inLanguage":"sv-SE","potentialAction":[{"@type":"ReadAction","target":["https:\/\/www.jibble.io\/sv\/tidredovisning-for-projekt"]}]},{"@type":"WebSite","@id":"https:\/\/www.jibble.io\/sv#website","url":"https:\/\/www.jibble.io\/sv","name":"Jibble","description":"Meet the new standard in time tracking software","publisher":{"@id":"https:\/\/www.jibble.io\/sv#organization"},"potentialAction":[{"@type":"SearchAction","target":{"@type":"EntryPoint","urlTemplate":"https:\/\/www.jibble.io\/sv?s={search_term_string}"},"query-input":{"@type":"PropertyValueSpecification","valueRequired":true,"valueName":"search_term_string"}}],"inLanguage":"sv-SE"},{"@type":"Organization","@id":"https:\/\/www.jibble.io\/sv#organization","name":"Jibble","url":"https:\/\/www.jibble.io\/sv","logo":{"@type":"ImageObject","inLanguage":"sv-SE","@id":"https:\/\/www.jibble.io\/sv#\/schema\/logo\/image\/","url":"https:\/\/www.jibble.io\/wp-content\/uploads\/2022\/05\/Original-copy-923x1024.png","contentUrl":"https:\/\/www.jibble.io\/wp-content\/uploads\/2022\/05\/Original-copy-923x1024.png","width":"923","height":"1024","caption":"Jibble"},"image":{"@id":"https:\/\/www.jibble.io\/sv#\/schema\/logo\/image\/"},"sameAs":["https:\/\/www.linkedin.com\/company\/jibble\/"]}]}},"_links":{"self":[{"href":"https:\/\/www.jibble.io\/sv\/wp-json\/wp\/v2\/pages\/322384","targetHints":{"allow":["GET"]}}],"collection":[{"href":"https:\/\/www.jibble.io\/sv\/wp-json\/wp\/v2\/pages"}],"about":[{"href":"https:\/\/www.jibble.io\/sv\/wp-json\/wp\/v2\/types\/page"}],"author":[{"embeddable":true,"href":"https:\/\/www.jibble.io\/sv\/wp-json\/wp\/v2\/users\/51"}],"replies":[{"embeddable":true,"href":"https:\/\/www.jibble.io\/sv\/wp-json\/wp\/v2\/comments?post=322384"}],"version-history":[{"count":3,"href":"https:\/\/www.jibble.io\/sv\/wp-json\/wp\/v2\/pages\/322384\/revisions"}],"predecessor-version":[{"id":324574,"href":"https:\/\/www.jibble.io\/sv\/wp-json\/wp\/v2\/pages\/322384\/revisions\/324574"}],"wp:attachment":[{"href":"https:\/\/www.jibble.io\/sv\/wp-json\/wp\/v2\/media?parent=322384"}],"curies":[{"name":"wp","href":"https:\/\/api.w.org\/{rel}","templated":true}]}}