{"id":138145,"date":"2024-02-13T06:52:34","date_gmt":"2024-02-13T06:52:34","guid":{"rendered":"https:\/\/www.jibble.io\/upgrade-plans"},"modified":"2026-03-04T02:26:52","modified_gmt":"2026-03-04T02:26:52","slug":"uppgradera-planer","status":"publish","type":"page","link":"https:\/\/www.jibble.io\/sv\/uppgradera-planer","title":{"rendered":"Upgraderingsplaner"},"content":{"rendered":"","protected":false},"excerpt":{"rendered":"","protected":false},"author":87,"featured_media":0,"parent":0,"menu_order":0,"comment_status":"closed","ping_status":"closed","template":"page-pricing.php","meta":{"_acf_changed":false,"footnotes":""},"class_list":["post-138145","page","type-page","status-publish","hentry"],"acf":[],"yoast_head":"<!-- This site is optimized with the Yoast SEO Premium plugin v26.8 (Yoast SEO v26.8) - https:\/\/yoast.com\/product\/yoast-seo-premium-wordpress\/ -->\n<title>Uppgraderingsplaner | Kostnadsfri Tidsregistrering | Jibble<\/title>\n<meta name=\"description\" content=\"Gratis app f\u00f6r tidsregistrering. Anv\u00e4nds av 10 000-tals anv\u00e4ndare v\u00e4rlden \u00f6ver, fr\u00e5n sm\u00e5 till stora f\u00f6retag. Kom ig\u00e5ng nu, det \u00e4r gratis!\" \/>\n<meta name=\"robots\" content=\"index, follow, max-snippet:-1, max-image-preview:large, max-video-preview:-1\" \/>\n<link rel=\"canonical\" href=\"https:\/\/www.jibble.io\/sv\/uppgradera-planer\" \/>\n<meta property=\"og:locale\" content=\"sv_SE\" \/>\n<meta property=\"og:type\" content=\"article\" \/>\n<meta property=\"og:title\" content=\"Uppgraderingsplaner | Kostnadsfri Tidsregistrering | Jibble\" \/>\n<meta property=\"og:description\" content=\"Gratis app f\u00f6r tidsregistrering. Anv\u00e4nds av 10 000-tals anv\u00e4ndare v\u00e4rlden \u00f6ver, fr\u00e5n sm\u00e5 till stora f\u00f6retag. Kom ig\u00e5ng nu, det \u00e4r gratis!\" \/>\n<meta property=\"og:url\" content=\"https:\/\/www.jibble.io\/sv\/uppgradera-planer\" \/>\n<meta property=\"og:site_name\" content=\"Jibble\" \/>\n<meta property=\"article:modified_time\" content=\"2026-03-04T02:26:52+00:00\" \/>\n<meta name=\"twitter:card\" content=\"summary_large_image\" \/>\n<meta name=\"twitter:label1\" content=\"Ber\u00e4knad l\u00e4stid\" \/>\n\t<meta name=\"twitter:data1\" content=\"10 minuter\" \/>\n<script type=\"application\/ld+json\" class=\"yoast-schema-graph\">{\"@context\":\"https:\/\/schema.org\",\"@graph\":[{\"@type\":\"WebPage\",\"@id\":\"https:\/\/www.jibble.io\/sv\/uppgradera-planer\",\"url\":\"https:\/\/www.jibble.io\/sv\/uppgradera-planer\",\"name\":\"Uppgraderingsplaner | Kostnadsfri Tidsregistrering | Jibble\",\"isPartOf\":{\"@id\":\"https:\/\/www.jibble.io\/sv#website\"},\"datePublished\":\"2024-02-13T06:52:34+00:00\",\"dateModified\":\"2026-03-04T02:26:52+00:00\",\"description\":\"Gratis app f\u00f6r tidsregistrering. Anv\u00e4nds av 10 000-tals anv\u00e4ndare v\u00e4rlden \u00f6ver, fr\u00e5n sm\u00e5 till stora f\u00f6retag. Kom ig\u00e5ng nu, det \u00e4r gratis!\",\"inLanguage\":\"sv-SE\",\"potentialAction\":[{\"@type\":\"ReadAction\",\"target\":[\"https:\/\/www.jibble.io\/sv\/uppgradera-planer\"]}]},{\"@type\":\"WebSite\",\"@id\":\"https:\/\/www.jibble.io\/sv#website\",\"url\":\"https:\/\/www.jibble.io\/sv\",\"name\":\"Jibble\",\"description\":\"Meet the new standard in time tracking software\",\"publisher\":{\"@id\":\"https:\/\/www.jibble.io\/sv#organization\"},\"potentialAction\":[{\"@type\":\"SearchAction\",\"target\":{\"@type\":\"EntryPoint\",\"urlTemplate\":\"https:\/\/www.jibble.io\/sv?s={search_term_string}\"},\"query-input\":{\"@type\":\"PropertyValueSpecification\",\"valueRequired\":true,\"valueName\":\"search_term_string\"}}],\"inLanguage\":\"sv-SE\"},{\"@type\":\"Organization\",\"@id\":\"https:\/\/www.jibble.io\/sv#organization\",\"name\":\"Jibble\",\"url\":\"https:\/\/www.jibble.io\/sv\",\"logo\":{\"@type\":\"ImageObject\",\"inLanguage\":\"sv-SE\",\"@id\":\"https:\/\/www.jibble.io\/sv#\/schema\/logo\/image\/\",\"url\":\"https:\/\/www.jibble.io\/wp-content\/uploads\/2022\/05\/Original-copy-923x1024.png\",\"contentUrl\":\"https:\/\/www.jibble.io\/wp-content\/uploads\/2022\/05\/Original-copy-923x1024.png\",\"width\":\"923\",\"height\":\"1024\",\"caption\":\"Jibble\"},\"image\":{\"@id\":\"https:\/\/www.jibble.io\/sv#\/schema\/logo\/image\/\"},\"sameAs\":[\"https:\/\/www.linkedin.com\/company\/jibble\/\"]}]}<\/script>\n<!-- \/ Yoast SEO Premium plugin. -->","yoast_head_json":{"title":"Uppgraderingsplaner | Kostnadsfri Tidsregistrering | Jibble","description":"Gratis app f\u00f6r tidsregistrering. Anv\u00e4nds av 10 000-tals anv\u00e4ndare v\u00e4rlden \u00f6ver, fr\u00e5n sm\u00e5 till stora f\u00f6retag. Kom ig\u00e5ng nu, det \u00e4r gratis!","robots":{"index":"index","follow":"follow","max-snippet":"max-snippet:-1","max-image-preview":"max-image-preview:large","max-video-preview":"max-video-preview:-1"},"canonical":"https:\/\/www.jibble.io\/sv\/uppgradera-planer","og_locale":"sv_SE","og_type":"article","og_title":"Uppgraderingsplaner | Kostnadsfri Tidsregistrering | Jibble","og_description":"Gratis app f\u00f6r tidsregistrering. Anv\u00e4nds av 10 000-tals anv\u00e4ndare v\u00e4rlden \u00f6ver, fr\u00e5n sm\u00e5 till stora f\u00f6retag. Kom ig\u00e5ng nu, det \u00e4r gratis!","og_url":"https:\/\/www.jibble.io\/sv\/uppgradera-planer","og_site_name":"Jibble","article_modified_time":"2026-03-04T02:26:52+00:00","twitter_card":"summary_large_image","twitter_misc":{"Ber\u00e4knad l\u00e4stid":"10 minuter"},"schema":{"@context":"https:\/\/schema.org","@graph":[{"@type":"WebPage","@id":"https:\/\/www.jibble.io\/sv\/uppgradera-planer","url":"https:\/\/www.jibble.io\/sv\/uppgradera-planer","name":"Uppgraderingsplaner | Kostnadsfri Tidsregistrering | Jibble","isPartOf":{"@id":"https:\/\/www.jibble.io\/sv#website"},"datePublished":"2024-02-13T06:52:34+00:00","dateModified":"2026-03-04T02:26:52+00:00","description":"Gratis app f\u00f6r tidsregistrering. Anv\u00e4nds av 10 000-tals anv\u00e4ndare v\u00e4rlden \u00f6ver, fr\u00e5n sm\u00e5 till stora f\u00f6retag. Kom ig\u00e5ng nu, det \u00e4r gratis!","inLanguage":"sv-SE","potentialAction":[{"@type":"ReadAction","target":["https:\/\/www.jibble.io\/sv\/uppgradera-planer"]}]},{"@type":"WebSite","@id":"https:\/\/www.jibble.io\/sv#website","url":"https:\/\/www.jibble.io\/sv","name":"Jibble","description":"Meet the new standard in time tracking software","publisher":{"@id":"https:\/\/www.jibble.io\/sv#organization"},"potentialAction":[{"@type":"SearchAction","target":{"@type":"EntryPoint","urlTemplate":"https:\/\/www.jibble.io\/sv?s={search_term_string}"},"query-input":{"@type":"PropertyValueSpecification","valueRequired":true,"valueName":"search_term_string"}}],"inLanguage":"sv-SE"},{"@type":"Organization","@id":"https:\/\/www.jibble.io\/sv#organization","name":"Jibble","url":"https:\/\/www.jibble.io\/sv","logo":{"@type":"ImageObject","inLanguage":"sv-SE","@id":"https:\/\/www.jibble.io\/sv#\/schema\/logo\/image\/","url":"https:\/\/www.jibble.io\/wp-content\/uploads\/2022\/05\/Original-copy-923x1024.png","contentUrl":"https:\/\/www.jibble.io\/wp-content\/uploads\/2022\/05\/Original-copy-923x1024.png","width":"923","height":"1024","caption":"Jibble"},"image":{"@id":"https:\/\/www.jibble.io\/sv#\/schema\/logo\/image\/"},"sameAs":["https:\/\/www.linkedin.com\/company\/jibble\/"]}]}},"_links":{"self":[{"href":"https:\/\/www.jibble.io\/sv\/wp-json\/wp\/v2\/pages\/138145","targetHints":{"allow":["GET"]}}],"collection":[{"href":"https:\/\/www.jibble.io\/sv\/wp-json\/wp\/v2\/pages"}],"about":[{"href":"https:\/\/www.jibble.io\/sv\/wp-json\/wp\/v2\/types\/page"}],"author":[{"embeddable":true,"href":"https:\/\/www.jibble.io\/sv\/wp-json\/wp\/v2\/users\/87"}],"replies":[{"embeddable":true,"href":"https:\/\/www.jibble.io\/sv\/wp-json\/wp\/v2\/comments?post=138145"}],"version-history":[{"count":3,"href":"https:\/\/www.jibble.io\/sv\/wp-json\/wp\/v2\/pages\/138145\/revisions"}],"predecessor-version":[{"id":386576,"href":"https:\/\/www.jibble.io\/sv\/wp-json\/wp\/v2\/pages\/138145\/revisions\/386576"}],"wp:attachment":[{"href":"https:\/\/www.jibble.io\/sv\/wp-json\/wp\/v2\/media?parent=138145"}],"curies":[{"name":"wp","href":"https:\/\/api.w.org\/{rel}","templated":true}]}}