{"id":360649,"date":"2022-11-19T03:02:26","date_gmt":"2022-11-19T03:02:26","guid":{"rendered":"https:\/\/www.jibble.io\/help"},"modified":"2026-01-02T09:33:34","modified_gmt":"2026-01-02T09:33:34","slug":"pomoc","status":"publish","type":"page","link":"https:\/\/www.jibble.io\/sk\/pomoc","title":{"rendered":"Centrum pomoci"},"content":{"rendered":"","protected":false},"excerpt":{"rendered":"","protected":false},"author":56,"featured_media":0,"parent":0,"menu_order":0,"comment_status":"closed","ping_status":"closed","template":"page-help-center.php","meta":{"_acf_changed":false,"footnotes":""},"class_list":["post-360649","page","type-page","status-publish","hentry"],"acf":[],"yoast_head":"<!-- This site is optimized with the Yoast SEO Premium plugin v26.8 (Yoast SEO v26.8) - https:\/\/yoast.com\/product\/yoast-seo-premium-wordpress\/ -->\n<title>Centrum pomoci Jibble | Rie\u0161enia a odpovede<\/title>\n<meta name=\"description\" content=\"Presk\u00famajte Centrum pomoci Jibble, kde n\u00e1jdete odpovede na svoje ot\u00e1zky, rie\u0161enia, n\u00e1vody na rie\u0161enie probl\u00e9mov, naj\u010dastej\u0161ie ot\u00e1zky.\" \/>\n<meta name=\"robots\" content=\"index, follow, max-snippet:-1, max-image-preview:large, max-video-preview:-1\" \/>\n<link rel=\"canonical\" href=\"https:\/\/www.jibble.io\/sk\/pomoc\" \/>\n<meta property=\"og:locale\" content=\"sk_SK\" \/>\n<meta property=\"og:type\" content=\"article\" \/>\n<meta property=\"og:title\" content=\"Centrum pomoci Jibble | Rie\u0161enia a odpovede\" \/>\n<meta property=\"og:description\" content=\"Presk\u00famajte Centrum pomoci Jibble, kde n\u00e1jdete odpovede na svoje ot\u00e1zky, rie\u0161enia, n\u00e1vody na rie\u0161enie probl\u00e9mov, naj\u010dastej\u0161ie ot\u00e1zky.\" \/>\n<meta property=\"og:url\" content=\"https:\/\/www.jibble.io\/sk\/pomoc\" \/>\n<meta property=\"og:site_name\" content=\"Jibble\" \/>\n<meta property=\"article:modified_time\" content=\"2026-01-02T09:33:34+00:00\" \/>\n<meta name=\"twitter:card\" content=\"summary_large_image\" \/>\n<meta name=\"twitter:label1\" content=\"Predpokladan\u00fd \u010das \u010d\u00edtania\" \/>\n\t<meta name=\"twitter:data1\" content=\"1 min\u00fata\" \/>\n<script type=\"application\/ld+json\" class=\"yoast-schema-graph\">{\"@context\":\"https:\/\/schema.org\",\"@graph\":[{\"@type\":\"WebPage\",\"@id\":\"https:\/\/www.jibble.io\/sk\/pomoc\",\"url\":\"https:\/\/www.jibble.io\/sk\/pomoc\",\"name\":\"Centrum pomoci Jibble | Rie\u0161enia a odpovede\",\"isPartOf\":{\"@id\":\"https:\/\/www.jibble.io\/sk#website\"},\"datePublished\":\"2022-11-19T03:02:26+00:00\",\"dateModified\":\"2026-01-02T09:33:34+00:00\",\"description\":\"Presk\u00famajte Centrum pomoci Jibble, kde n\u00e1jdete odpovede na svoje ot\u00e1zky, rie\u0161enia, n\u00e1vody na rie\u0161enie probl\u00e9mov, naj\u010dastej\u0161ie ot\u00e1zky.\",\"inLanguage\":\"sk-SK\",\"potentialAction\":[{\"@type\":\"ReadAction\",\"target\":[\"https:\/\/www.jibble.io\/sk\/pomoc\"]}]},{\"@type\":\"WebSite\",\"@id\":\"https:\/\/www.jibble.io\/sk#website\",\"url\":\"https:\/\/www.jibble.io\/sk\",\"name\":\"Jibble\",\"description\":\"Meet the new standard in time tracking software\",\"publisher\":{\"@id\":\"https:\/\/www.jibble.io\/sk#organization\"},\"potentialAction\":[{\"@type\":\"SearchAction\",\"target\":{\"@type\":\"EntryPoint\",\"urlTemplate\":\"https:\/\/www.jibble.io\/sk?s={search_term_string}\"},\"query-input\":{\"@type\":\"PropertyValueSpecification\",\"valueRequired\":true,\"valueName\":\"search_term_string\"}}],\"inLanguage\":\"sk-SK\"},{\"@type\":\"Organization\",\"@id\":\"https:\/\/www.jibble.io\/sk#organization\",\"name\":\"Jibble\",\"url\":\"https:\/\/www.jibble.io\/sk\",\"logo\":{\"@type\":\"ImageObject\",\"inLanguage\":\"sk-SK\",\"@id\":\"https:\/\/www.jibble.io\/sk#\/schema\/logo\/image\/\",\"url\":\"https:\/\/www.jibble.io\/wp-content\/uploads\/2022\/05\/Original-copy-923x1024.png\",\"contentUrl\":\"https:\/\/www.jibble.io\/wp-content\/uploads\/2022\/05\/Original-copy-923x1024.png\",\"width\":\"923\",\"height\":\"1024\",\"caption\":\"Jibble\"},\"image\":{\"@id\":\"https:\/\/www.jibble.io\/sk#\/schema\/logo\/image\/\"},\"sameAs\":[\"https:\/\/www.linkedin.com\/company\/jibble\/\"]}]}<\/script>\n<!-- \/ Yoast SEO Premium plugin. -->","yoast_head_json":{"title":"Centrum pomoci Jibble | Rie\u0161enia a odpovede","description":"Presk\u00famajte Centrum pomoci Jibble, kde n\u00e1jdete odpovede na svoje ot\u00e1zky, rie\u0161enia, n\u00e1vody na rie\u0161enie probl\u00e9mov, naj\u010dastej\u0161ie ot\u00e1zky.","robots":{"index":"index","follow":"follow","max-snippet":"max-snippet:-1","max-image-preview":"max-image-preview:large","max-video-preview":"max-video-preview:-1"},"canonical":"https:\/\/www.jibble.io\/sk\/pomoc","og_locale":"sk_SK","og_type":"article","og_title":"Centrum pomoci Jibble | Rie\u0161enia a odpovede","og_description":"Presk\u00famajte Centrum pomoci Jibble, kde n\u00e1jdete odpovede na svoje ot\u00e1zky, rie\u0161enia, n\u00e1vody na rie\u0161enie probl\u00e9mov, naj\u010dastej\u0161ie ot\u00e1zky.","og_url":"https:\/\/www.jibble.io\/sk\/pomoc","og_site_name":"Jibble","article_modified_time":"2026-01-02T09:33:34+00:00","twitter_card":"summary_large_image","twitter_misc":{"Predpokladan\u00fd \u010das \u010d\u00edtania":"1 min\u00fata"},"schema":{"@context":"https:\/\/schema.org","@graph":[{"@type":"WebPage","@id":"https:\/\/www.jibble.io\/sk\/pomoc","url":"https:\/\/www.jibble.io\/sk\/pomoc","name":"Centrum pomoci Jibble | Rie\u0161enia a odpovede","isPartOf":{"@id":"https:\/\/www.jibble.io\/sk#website"},"datePublished":"2022-11-19T03:02:26+00:00","dateModified":"2026-01-02T09:33:34+00:00","description":"Presk\u00famajte Centrum pomoci Jibble, kde n\u00e1jdete odpovede na svoje ot\u00e1zky, rie\u0161enia, n\u00e1vody na rie\u0161enie probl\u00e9mov, naj\u010dastej\u0161ie ot\u00e1zky.","inLanguage":"sk-SK","potentialAction":[{"@type":"ReadAction","target":["https:\/\/www.jibble.io\/sk\/pomoc"]}]},{"@type":"WebSite","@id":"https:\/\/www.jibble.io\/sk#website","url":"https:\/\/www.jibble.io\/sk","name":"Jibble","description":"Meet the new standard in time tracking software","publisher":{"@id":"https:\/\/www.jibble.io\/sk#organization"},"potentialAction":[{"@type":"SearchAction","target":{"@type":"EntryPoint","urlTemplate":"https:\/\/www.jibble.io\/sk?s={search_term_string}"},"query-input":{"@type":"PropertyValueSpecification","valueRequired":true,"valueName":"search_term_string"}}],"inLanguage":"sk-SK"},{"@type":"Organization","@id":"https:\/\/www.jibble.io\/sk#organization","name":"Jibble","url":"https:\/\/www.jibble.io\/sk","logo":{"@type":"ImageObject","inLanguage":"sk-SK","@id":"https:\/\/www.jibble.io\/sk#\/schema\/logo\/image\/","url":"https:\/\/www.jibble.io\/wp-content\/uploads\/2022\/05\/Original-copy-923x1024.png","contentUrl":"https:\/\/www.jibble.io\/wp-content\/uploads\/2022\/05\/Original-copy-923x1024.png","width":"923","height":"1024","caption":"Jibble"},"image":{"@id":"https:\/\/www.jibble.io\/sk#\/schema\/logo\/image\/"},"sameAs":["https:\/\/www.linkedin.com\/company\/jibble\/"]}]}},"_links":{"self":[{"href":"https:\/\/www.jibble.io\/sk\/wp-json\/wp\/v2\/pages\/360649","targetHints":{"allow":["GET"]}}],"collection":[{"href":"https:\/\/www.jibble.io\/sk\/wp-json\/wp\/v2\/pages"}],"about":[{"href":"https:\/\/www.jibble.io\/sk\/wp-json\/wp\/v2\/types\/page"}],"author":[{"embeddable":true,"href":"https:\/\/www.jibble.io\/sk\/wp-json\/wp\/v2\/users\/56"}],"replies":[{"embeddable":true,"href":"https:\/\/www.jibble.io\/sk\/wp-json\/wp\/v2\/comments?post=360649"}],"version-history":[{"count":2,"href":"https:\/\/www.jibble.io\/sk\/wp-json\/wp\/v2\/pages\/360649\/revisions"}],"predecessor-version":[{"id":360657,"href":"https:\/\/www.jibble.io\/sk\/wp-json\/wp\/v2\/pages\/360649\/revisions\/360657"}],"wp:attachment":[{"href":"https:\/\/www.jibble.io\/sk\/wp-json\/wp\/v2\/media?parent=360649"}],"curies":[{"name":"wp","href":"https:\/\/api.w.org\/{rel}","templated":true}]}}