{"id":344617,"date":"2022-03-21T19:13:27","date_gmt":"2022-03-21T19:13:27","guid":{"rendered":"https:\/\/www.jibble.io\/?page_id=344617"},"modified":"2025-12-07T19:51:05","modified_gmt":"2025-12-07T19:51:05","slug":"enterprise","status":"publish","type":"page","link":"https:\/\/www.jibble.io\/sk\/enterprise","title":{"rendered":"Podnikov\u00e9 rie\u0161enie"},"content":{"rendered":"","protected":false},"excerpt":{"rendered":"","protected":false},"author":6,"featured_media":0,"parent":0,"menu_order":0,"comment_status":"closed","ping_status":"closed","template":"template-industry.php","meta":{"_acf_changed":false,"footnotes":""},"class_list":["post-344617","page","type-page","status-publish","hentry"],"acf":[],"yoast_head":"<!-- This site is optimized with the Yoast SEO Premium plugin v26.8 (Yoast SEO v26.8) - https:\/\/yoast.com\/product\/yoast-seo-premium-wordpress\/ -->\n<title>Podnikov\u00fd softv\u00e9r na sledovanie \u010dasu | Jibble\u2122<\/title>\n<meta name=\"description\" content=\"Podnikov\u00fd softv\u00e9r na sledovanie \u010dasu pre presn\u00e9, bezpe\u010dn\u00e9 \u00fadaje. Zjednodu\u0161te spracovanie miezd, spravujte ve\u013ek\u00e9 t\u00edmy a sledujte projekty.\" \/>\n<meta name=\"robots\" content=\"index, follow, max-snippet:-1, max-image-preview:large, max-video-preview:-1\" \/>\n<link rel=\"canonical\" href=\"https:\/\/www.jibble.io\/sk\/enterprise\" \/>\n<meta property=\"og:locale\" content=\"sk_SK\" \/>\n<meta property=\"og:type\" content=\"article\" \/>\n<meta property=\"og:title\" content=\"Podnikov\u00fd softv\u00e9r na sledovanie \u010dasu | Jibble\u2122\" \/>\n<meta property=\"og:description\" content=\"Podnikov\u00fd softv\u00e9r na sledovanie \u010dasu pre presn\u00e9, bezpe\u010dn\u00e9 \u00fadaje. Zjednodu\u0161te spracovanie miezd, spravujte ve\u013ek\u00e9 t\u00edmy a sledujte projekty.\" \/>\n<meta property=\"og:url\" content=\"https:\/\/www.jibble.io\/sk\/enterprise\" \/>\n<meta property=\"og:site_name\" content=\"Jibble\" \/>\n<meta property=\"article:modified_time\" content=\"2025-12-07T19:51:05+00:00\" \/>\n<meta name=\"twitter:card\" content=\"summary_large_image\" \/>\n<meta name=\"twitter:label1\" content=\"Predpokladan\u00fd \u010das \u010d\u00edtania\" \/>\n\t<meta name=\"twitter:data1\" content=\"5 min\u00fata\" \/>\n<script type=\"application\/ld+json\" class=\"yoast-schema-graph\">{\"@context\":\"https:\/\/schema.org\",\"@graph\":[{\"@type\":\"WebPage\",\"@id\":\"https:\/\/www.jibble.io\/sk\/enterprise\",\"url\":\"https:\/\/www.jibble.io\/sk\/enterprise\",\"name\":\"Podnikov\u00fd softv\u00e9r na sledovanie \u010dasu | Jibble\u2122\",\"isPartOf\":{\"@id\":\"https:\/\/www.jibble.io\/sk#website\"},\"datePublished\":\"2022-03-21T19:13:27+00:00\",\"dateModified\":\"2025-12-07T19:51:05+00:00\",\"description\":\"Podnikov\u00fd softv\u00e9r na sledovanie \u010dasu pre presn\u00e9, bezpe\u010dn\u00e9 \u00fadaje. Zjednodu\u0161te spracovanie miezd, spravujte ve\u013ek\u00e9 t\u00edmy a sledujte projekty.\",\"inLanguage\":\"sk-SK\",\"potentialAction\":[{\"@type\":\"ReadAction\",\"target\":[\"https:\/\/www.jibble.io\/sk\/enterprise\"]}]},{\"@type\":\"WebSite\",\"@id\":\"https:\/\/www.jibble.io\/sk#website\",\"url\":\"https:\/\/www.jibble.io\/sk\",\"name\":\"Jibble\",\"description\":\"Meet the new standard in time tracking software\",\"publisher\":{\"@id\":\"https:\/\/www.jibble.io\/sk#organization\"},\"potentialAction\":[{\"@type\":\"SearchAction\",\"target\":{\"@type\":\"EntryPoint\",\"urlTemplate\":\"https:\/\/www.jibble.io\/sk?s={search_term_string}\"},\"query-input\":{\"@type\":\"PropertyValueSpecification\",\"valueRequired\":true,\"valueName\":\"search_term_string\"}}],\"inLanguage\":\"sk-SK\"},{\"@type\":\"Organization\",\"@id\":\"https:\/\/www.jibble.io\/sk#organization\",\"name\":\"Jibble\",\"url\":\"https:\/\/www.jibble.io\/sk\",\"logo\":{\"@type\":\"ImageObject\",\"inLanguage\":\"sk-SK\",\"@id\":\"https:\/\/www.jibble.io\/sk#\/schema\/logo\/image\/\",\"url\":\"https:\/\/www.jibble.io\/wp-content\/uploads\/2022\/05\/Original-copy-923x1024.png\",\"contentUrl\":\"https:\/\/www.jibble.io\/wp-content\/uploads\/2022\/05\/Original-copy-923x1024.png\",\"width\":\"923\",\"height\":\"1024\",\"caption\":\"Jibble\"},\"image\":{\"@id\":\"https:\/\/www.jibble.io\/sk#\/schema\/logo\/image\/\"},\"sameAs\":[\"https:\/\/www.linkedin.com\/company\/jibble\/\"]}]}<\/script>\n<!-- \/ Yoast SEO Premium plugin. -->","yoast_head_json":{"title":"Podnikov\u00fd softv\u00e9r na sledovanie \u010dasu | Jibble\u2122","description":"Podnikov\u00fd softv\u00e9r na sledovanie \u010dasu pre presn\u00e9, bezpe\u010dn\u00e9 \u00fadaje. Zjednodu\u0161te spracovanie miezd, spravujte ve\u013ek\u00e9 t\u00edmy a sledujte projekty.","robots":{"index":"index","follow":"follow","max-snippet":"max-snippet:-1","max-image-preview":"max-image-preview:large","max-video-preview":"max-video-preview:-1"},"canonical":"https:\/\/www.jibble.io\/sk\/enterprise","og_locale":"sk_SK","og_type":"article","og_title":"Podnikov\u00fd softv\u00e9r na sledovanie \u010dasu | Jibble\u2122","og_description":"Podnikov\u00fd softv\u00e9r na sledovanie \u010dasu pre presn\u00e9, bezpe\u010dn\u00e9 \u00fadaje. Zjednodu\u0161te spracovanie miezd, spravujte ve\u013ek\u00e9 t\u00edmy a sledujte projekty.","og_url":"https:\/\/www.jibble.io\/sk\/enterprise","og_site_name":"Jibble","article_modified_time":"2025-12-07T19:51:05+00:00","twitter_card":"summary_large_image","twitter_misc":{"Predpokladan\u00fd \u010das \u010d\u00edtania":"5 min\u00fata"},"schema":{"@context":"https:\/\/schema.org","@graph":[{"@type":"WebPage","@id":"https:\/\/www.jibble.io\/sk\/enterprise","url":"https:\/\/www.jibble.io\/sk\/enterprise","name":"Podnikov\u00fd softv\u00e9r na sledovanie \u010dasu | Jibble\u2122","isPartOf":{"@id":"https:\/\/www.jibble.io\/sk#website"},"datePublished":"2022-03-21T19:13:27+00:00","dateModified":"2025-12-07T19:51:05+00:00","description":"Podnikov\u00fd softv\u00e9r na sledovanie \u010dasu pre presn\u00e9, bezpe\u010dn\u00e9 \u00fadaje. Zjednodu\u0161te spracovanie miezd, spravujte ve\u013ek\u00e9 t\u00edmy a sledujte projekty.","inLanguage":"sk-SK","potentialAction":[{"@type":"ReadAction","target":["https:\/\/www.jibble.io\/sk\/enterprise"]}]},{"@type":"WebSite","@id":"https:\/\/www.jibble.io\/sk#website","url":"https:\/\/www.jibble.io\/sk","name":"Jibble","description":"Meet the new standard in time tracking software","publisher":{"@id":"https:\/\/www.jibble.io\/sk#organization"},"potentialAction":[{"@type":"SearchAction","target":{"@type":"EntryPoint","urlTemplate":"https:\/\/www.jibble.io\/sk?s={search_term_string}"},"query-input":{"@type":"PropertyValueSpecification","valueRequired":true,"valueName":"search_term_string"}}],"inLanguage":"sk-SK"},{"@type":"Organization","@id":"https:\/\/www.jibble.io\/sk#organization","name":"Jibble","url":"https:\/\/www.jibble.io\/sk","logo":{"@type":"ImageObject","inLanguage":"sk-SK","@id":"https:\/\/www.jibble.io\/sk#\/schema\/logo\/image\/","url":"https:\/\/www.jibble.io\/wp-content\/uploads\/2022\/05\/Original-copy-923x1024.png","contentUrl":"https:\/\/www.jibble.io\/wp-content\/uploads\/2022\/05\/Original-copy-923x1024.png","width":"923","height":"1024","caption":"Jibble"},"image":{"@id":"https:\/\/www.jibble.io\/sk#\/schema\/logo\/image\/"},"sameAs":["https:\/\/www.linkedin.com\/company\/jibble\/"]}]}},"_links":{"self":[{"href":"https:\/\/www.jibble.io\/sk\/wp-json\/wp\/v2\/pages\/344617","targetHints":{"allow":["GET"]}}],"collection":[{"href":"https:\/\/www.jibble.io\/sk\/wp-json\/wp\/v2\/pages"}],"about":[{"href":"https:\/\/www.jibble.io\/sk\/wp-json\/wp\/v2\/types\/page"}],"author":[{"embeddable":true,"href":"https:\/\/www.jibble.io\/sk\/wp-json\/wp\/v2\/users\/6"}],"replies":[{"embeddable":true,"href":"https:\/\/www.jibble.io\/sk\/wp-json\/wp\/v2\/comments?post=344617"}],"version-history":[{"count":3,"href":"https:\/\/www.jibble.io\/sk\/wp-json\/wp\/v2\/pages\/344617\/revisions"}],"predecessor-version":[{"id":355454,"href":"https:\/\/www.jibble.io\/sk\/wp-json\/wp\/v2\/pages\/344617\/revisions\/355454"}],"wp:attachment":[{"href":"https:\/\/www.jibble.io\/sk\/wp-json\/wp\/v2\/media?parent=344617"}],"curies":[{"name":"wp","href":"https:\/\/api.w.org\/{rel}","templated":true}]}}