{"id":344510,"date":"2024-12-06T08:31:17","date_gmt":"2024-12-06T08:31:17","guid":{"rendered":"https:\/\/www.jibble.io\/?page_id=344510"},"modified":"2026-03-18T02:59:44","modified_gmt":"2026-03-18T02:59:44","slug":"projektovy-vykaz-prace","status":"publish","type":"page","link":"https:\/\/www.jibble.io\/sk\/projektovy-vykaz-prace","title":{"rendered":"Projektov\u00fd v\u00fdkaz pr\u00e1ce"},"content":{"rendered":"","protected":false},"excerpt":{"rendered":"","protected":false},"author":87,"featured_media":0,"parent":0,"menu_order":0,"comment_status":"closed","ping_status":"closed","template":"template-project-timesheet.php","meta":{"_acf_changed":false,"footnotes":""},"class_list":["post-344510","page","type-page","status-publish","hentry"],"acf":[],"yoast_head":"<!-- This site is optimized with the Yoast SEO Premium plugin v26.8 (Yoast SEO v26.8) - https:\/\/yoast.com\/product\/yoast-seo-premium-wordpress\/ -->\n<title>BEZPLATN\u00dd online projektov\u00fd v\u00fdkaz pr\u00e1ce | Jibble<\/title>\n<meta name=\"description\" content=\"Sledujte projekty s BEZPLATN\u00ddM projektov\u00fdm v\u00fdkazom pr\u00e1ce. Zapisujte \u00falohy, \u010das a exportujte \u00fadaje \u2014 ide\u00e1lne pre freelancerov, t\u00edmy aj firmy.\" \/>\n<meta name=\"robots\" content=\"index, follow, max-snippet:-1, max-image-preview:large, max-video-preview:-1\" \/>\n<link rel=\"canonical\" href=\"https:\/\/www.jibble.io\/sk\/projektovy-vykaz-prace\" \/>\n<meta property=\"og:locale\" content=\"sk_SK\" \/>\n<meta property=\"og:type\" content=\"article\" \/>\n<meta property=\"og:title\" content=\"BEZPLATN\u00dd online projektov\u00fd v\u00fdkaz pr\u00e1ce | Jibble\" \/>\n<meta property=\"og:description\" content=\"Sledujte projekty s BEZPLATN\u00ddM projektov\u00fdm v\u00fdkazom pr\u00e1ce. Zapisujte \u00falohy, \u010das a exportujte \u00fadaje \u2014 ide\u00e1lne pre freelancerov, t\u00edmy aj firmy.\" \/>\n<meta property=\"og:url\" content=\"https:\/\/www.jibble.io\/sk\/projektovy-vykaz-prace\" \/>\n<meta property=\"og:site_name\" content=\"Jibble\" \/>\n<meta property=\"article:modified_time\" content=\"2026-03-18T02:59:44+00:00\" \/>\n<meta name=\"twitter:card\" content=\"summary_large_image\" \/>\n<meta name=\"twitter:label1\" content=\"Predpokladan\u00fd \u010das \u010d\u00edtania\" \/>\n\t<meta name=\"twitter:data1\" content=\"4 min\u00fata\" \/>\n<script type=\"application\/ld+json\" class=\"yoast-schema-graph\">{\"@context\":\"https:\/\/schema.org\",\"@graph\":[{\"@type\":\"WebPage\",\"@id\":\"https:\/\/www.jibble.io\/sk\/projektovy-vykaz-prace\",\"url\":\"https:\/\/www.jibble.io\/sk\/projektovy-vykaz-prace\",\"name\":\"BEZPLATN\u00dd online projektov\u00fd v\u00fdkaz pr\u00e1ce | Jibble\",\"isPartOf\":{\"@id\":\"https:\/\/www.jibble.io\/sk#website\"},\"datePublished\":\"2024-12-06T08:31:17+00:00\",\"dateModified\":\"2026-03-18T02:59:44+00:00\",\"description\":\"Sledujte projekty s BEZPLATN\u00ddM projektov\u00fdm v\u00fdkazom pr\u00e1ce. Zapisujte \u00falohy, \u010das a exportujte \u00fadaje \u2014 ide\u00e1lne pre freelancerov, t\u00edmy aj firmy.\",\"inLanguage\":\"sk-SK\",\"potentialAction\":[{\"@type\":\"ReadAction\",\"target\":[\"https:\/\/www.jibble.io\/sk\/projektovy-vykaz-prace\"]}]},{\"@type\":\"WebSite\",\"@id\":\"https:\/\/www.jibble.io\/sk#website\",\"url\":\"https:\/\/www.jibble.io\/sk\",\"name\":\"Jibble\",\"description\":\"Meet the new standard in time tracking software\",\"publisher\":{\"@id\":\"https:\/\/www.jibble.io\/sk#organization\"},\"potentialAction\":[{\"@type\":\"SearchAction\",\"target\":{\"@type\":\"EntryPoint\",\"urlTemplate\":\"https:\/\/www.jibble.io\/sk?s={search_term_string}\"},\"query-input\":{\"@type\":\"PropertyValueSpecification\",\"valueRequired\":true,\"valueName\":\"search_term_string\"}}],\"inLanguage\":\"sk-SK\"},{\"@type\":\"Organization\",\"@id\":\"https:\/\/www.jibble.io\/sk#organization\",\"name\":\"Jibble\",\"url\":\"https:\/\/www.jibble.io\/sk\",\"logo\":{\"@type\":\"ImageObject\",\"inLanguage\":\"sk-SK\",\"@id\":\"https:\/\/www.jibble.io\/sk#\/schema\/logo\/image\/\",\"url\":\"https:\/\/www.jibble.io\/wp-content\/uploads\/2022\/05\/Original-copy-923x1024.png\",\"contentUrl\":\"https:\/\/www.jibble.io\/wp-content\/uploads\/2022\/05\/Original-copy-923x1024.png\",\"width\":\"923\",\"height\":\"1024\",\"caption\":\"Jibble\"},\"image\":{\"@id\":\"https:\/\/www.jibble.io\/sk#\/schema\/logo\/image\/\"},\"sameAs\":[\"https:\/\/www.linkedin.com\/company\/jibble\/\"]}]}<\/script>\n<!-- \/ Yoast SEO Premium plugin. -->","yoast_head_json":{"title":"BEZPLATN\u00dd online projektov\u00fd v\u00fdkaz pr\u00e1ce | Jibble","description":"Sledujte projekty s BEZPLATN\u00ddM projektov\u00fdm v\u00fdkazom pr\u00e1ce. Zapisujte \u00falohy, \u010das a exportujte \u00fadaje \u2014 ide\u00e1lne pre freelancerov, t\u00edmy aj firmy.","robots":{"index":"index","follow":"follow","max-snippet":"max-snippet:-1","max-image-preview":"max-image-preview:large","max-video-preview":"max-video-preview:-1"},"canonical":"https:\/\/www.jibble.io\/sk\/projektovy-vykaz-prace","og_locale":"sk_SK","og_type":"article","og_title":"BEZPLATN\u00dd online projektov\u00fd v\u00fdkaz pr\u00e1ce | Jibble","og_description":"Sledujte projekty s BEZPLATN\u00ddM projektov\u00fdm v\u00fdkazom pr\u00e1ce. Zapisujte \u00falohy, \u010das a exportujte \u00fadaje \u2014 ide\u00e1lne pre freelancerov, t\u00edmy aj firmy.","og_url":"https:\/\/www.jibble.io\/sk\/projektovy-vykaz-prace","og_site_name":"Jibble","article_modified_time":"2026-03-18T02:59:44+00:00","twitter_card":"summary_large_image","twitter_misc":{"Predpokladan\u00fd \u010das \u010d\u00edtania":"4 min\u00fata"},"schema":{"@context":"https:\/\/schema.org","@graph":[{"@type":"WebPage","@id":"https:\/\/www.jibble.io\/sk\/projektovy-vykaz-prace","url":"https:\/\/www.jibble.io\/sk\/projektovy-vykaz-prace","name":"BEZPLATN\u00dd online projektov\u00fd v\u00fdkaz pr\u00e1ce | Jibble","isPartOf":{"@id":"https:\/\/www.jibble.io\/sk#website"},"datePublished":"2024-12-06T08:31:17+00:00","dateModified":"2026-03-18T02:59:44+00:00","description":"Sledujte projekty s BEZPLATN\u00ddM projektov\u00fdm v\u00fdkazom pr\u00e1ce. Zapisujte \u00falohy, \u010das a exportujte \u00fadaje \u2014 ide\u00e1lne pre freelancerov, t\u00edmy aj firmy.","inLanguage":"sk-SK","potentialAction":[{"@type":"ReadAction","target":["https:\/\/www.jibble.io\/sk\/projektovy-vykaz-prace"]}]},{"@type":"WebSite","@id":"https:\/\/www.jibble.io\/sk#website","url":"https:\/\/www.jibble.io\/sk","name":"Jibble","description":"Meet the new standard in time tracking software","publisher":{"@id":"https:\/\/www.jibble.io\/sk#organization"},"potentialAction":[{"@type":"SearchAction","target":{"@type":"EntryPoint","urlTemplate":"https:\/\/www.jibble.io\/sk?s={search_term_string}"},"query-input":{"@type":"PropertyValueSpecification","valueRequired":true,"valueName":"search_term_string"}}],"inLanguage":"sk-SK"},{"@type":"Organization","@id":"https:\/\/www.jibble.io\/sk#organization","name":"Jibble","url":"https:\/\/www.jibble.io\/sk","logo":{"@type":"ImageObject","inLanguage":"sk-SK","@id":"https:\/\/www.jibble.io\/sk#\/schema\/logo\/image\/","url":"https:\/\/www.jibble.io\/wp-content\/uploads\/2022\/05\/Original-copy-923x1024.png","contentUrl":"https:\/\/www.jibble.io\/wp-content\/uploads\/2022\/05\/Original-copy-923x1024.png","width":"923","height":"1024","caption":"Jibble"},"image":{"@id":"https:\/\/www.jibble.io\/sk#\/schema\/logo\/image\/"},"sameAs":["https:\/\/www.linkedin.com\/company\/jibble\/"]}]}},"_links":{"self":[{"href":"https:\/\/www.jibble.io\/sk\/wp-json\/wp\/v2\/pages\/344510","targetHints":{"allow":["GET"]}}],"collection":[{"href":"https:\/\/www.jibble.io\/sk\/wp-json\/wp\/v2\/pages"}],"about":[{"href":"https:\/\/www.jibble.io\/sk\/wp-json\/wp\/v2\/types\/page"}],"author":[{"embeddable":true,"href":"https:\/\/www.jibble.io\/sk\/wp-json\/wp\/v2\/users\/87"}],"replies":[{"embeddable":true,"href":"https:\/\/www.jibble.io\/sk\/wp-json\/wp\/v2\/comments?post=344510"}],"version-history":[{"count":3,"href":"https:\/\/www.jibble.io\/sk\/wp-json\/wp\/v2\/pages\/344510\/revisions"}],"predecessor-version":[{"id":389861,"href":"https:\/\/www.jibble.io\/sk\/wp-json\/wp\/v2\/pages\/344510\/revisions\/389861"}],"wp:attachment":[{"href":"https:\/\/www.jibble.io\/sk\/wp-json\/wp\/v2\/media?parent=344510"}],"curies":[{"name":"wp","href":"https:\/\/api.w.org\/{rel}","templated":true}]}}