{"id":344299,"date":"2022-10-17T22:48:17","date_gmt":"2022-10-17T21:48:17","guid":{"rendered":"https:\/\/www.jibble.io\/?page_id=344299"},"modified":"2026-03-17T16:16:16","modified_gmt":"2026-03-17T16:16:16","slug":"nastroj-na-sledovanie-casu-projektu","status":"publish","type":"page","link":"https:\/\/www.jibble.io\/sk\/nastroj-na-sledovanie-casu-projektu","title":{"rendered":"N\u00e1stroj na sledovanie \u010dasu projektu"},"content":{"rendered":"","protected":false},"excerpt":{"rendered":"","protected":false},"author":6,"featured_media":0,"parent":0,"menu_order":0,"comment_status":"closed","ping_status":"closed","template":"template-feature-new-youtube.php","meta":{"_acf_changed":false,"footnotes":""},"class_list":["post-344299","page","type-page","status-publish","hentry"],"acf":[],"yoast_head":"<!-- This site is optimized with the Yoast SEO Premium plugin v26.8 (Yoast SEO v26.8) - https:\/\/yoast.com\/product\/yoast-seo-premium-wordpress\/ -->\n<title>100% ZDARMA n\u00e1stroj na sledovanie \u010dasu projektu | Jibble\u2122<\/title>\n<meta name=\"description\" content=\"Sledujte \u010das projektu a priebeh projektu, pou\u017eite n\u00e1stroj na sledovanie \u010dasu projektu Jibble. Zadarmo pre neobmedzen\u00fd po\u010det pou\u017e\u00edvate\u013eov.\" \/>\n<meta name=\"robots\" content=\"index, follow, max-snippet:-1, max-image-preview:large, max-video-preview:-1\" \/>\n<link rel=\"canonical\" href=\"https:\/\/www.jibble.io\/sk\/nastroj-na-sledovanie-casu-projektu\" \/>\n<meta property=\"og:locale\" content=\"sk_SK\" \/>\n<meta property=\"og:type\" content=\"article\" \/>\n<meta property=\"og:title\" content=\"100% ZDARMA n\u00e1stroj na sledovanie \u010dasu projektu | Jibble\u2122\" \/>\n<meta property=\"og:description\" content=\"Sledujte \u010das projektu a priebeh projektu, pou\u017eite n\u00e1stroj na sledovanie \u010dasu projektu Jibble. Zadarmo pre neobmedzen\u00fd po\u010det pou\u017e\u00edvate\u013eov.\" \/>\n<meta property=\"og:url\" content=\"https:\/\/www.jibble.io\/sk\/nastroj-na-sledovanie-casu-projektu\" \/>\n<meta property=\"og:site_name\" content=\"Jibble\" \/>\n<meta property=\"article:modified_time\" content=\"2026-03-17T16:16:16+00:00\" \/>\n<meta name=\"twitter:card\" content=\"summary_large_image\" \/>\n<meta name=\"twitter:label1\" content=\"Predpokladan\u00fd \u010das \u010d\u00edtania\" \/>\n\t<meta name=\"twitter:data1\" content=\"6 min\u00fata\" \/>\n<script type=\"application\/ld+json\" class=\"yoast-schema-graph\">{\"@context\":\"https:\/\/schema.org\",\"@graph\":[{\"@type\":\"WebPage\",\"@id\":\"https:\/\/www.jibble.io\/sk\/nastroj-na-sledovanie-casu-projektu\",\"url\":\"https:\/\/www.jibble.io\/sk\/nastroj-na-sledovanie-casu-projektu\",\"name\":\"100% ZDARMA n\u00e1stroj na sledovanie \u010dasu projektu | Jibble\u2122\",\"isPartOf\":{\"@id\":\"https:\/\/www.jibble.io\/sk#website\"},\"datePublished\":\"2022-10-17T21:48:17+00:00\",\"dateModified\":\"2026-03-17T16:16:16+00:00\",\"description\":\"Sledujte \u010das projektu a priebeh projektu, pou\u017eite n\u00e1stroj na sledovanie \u010dasu projektu Jibble. Zadarmo pre neobmedzen\u00fd po\u010det pou\u017e\u00edvate\u013eov.\",\"inLanguage\":\"sk-SK\",\"potentialAction\":[{\"@type\":\"ReadAction\",\"target\":[\"https:\/\/www.jibble.io\/sk\/nastroj-na-sledovanie-casu-projektu\"]}]},{\"@type\":\"WebSite\",\"@id\":\"https:\/\/www.jibble.io\/sk#website\",\"url\":\"https:\/\/www.jibble.io\/sk\",\"name\":\"Jibble\",\"description\":\"Meet the new standard in time tracking software\",\"publisher\":{\"@id\":\"https:\/\/www.jibble.io\/sk#organization\"},\"potentialAction\":[{\"@type\":\"SearchAction\",\"target\":{\"@type\":\"EntryPoint\",\"urlTemplate\":\"https:\/\/www.jibble.io\/sk?s={search_term_string}\"},\"query-input\":{\"@type\":\"PropertyValueSpecification\",\"valueRequired\":true,\"valueName\":\"search_term_string\"}}],\"inLanguage\":\"sk-SK\"},{\"@type\":\"Organization\",\"@id\":\"https:\/\/www.jibble.io\/sk#organization\",\"name\":\"Jibble\",\"url\":\"https:\/\/www.jibble.io\/sk\",\"logo\":{\"@type\":\"ImageObject\",\"inLanguage\":\"sk-SK\",\"@id\":\"https:\/\/www.jibble.io\/sk#\/schema\/logo\/image\/\",\"url\":\"https:\/\/www.jibble.io\/wp-content\/uploads\/2022\/05\/Original-copy-923x1024.png\",\"contentUrl\":\"https:\/\/www.jibble.io\/wp-content\/uploads\/2022\/05\/Original-copy-923x1024.png\",\"width\":\"923\",\"height\":\"1024\",\"caption\":\"Jibble\"},\"image\":{\"@id\":\"https:\/\/www.jibble.io\/sk#\/schema\/logo\/image\/\"},\"sameAs\":[\"https:\/\/www.linkedin.com\/company\/jibble\/\"]}]}<\/script>\n<!-- \/ Yoast SEO Premium plugin. -->","yoast_head_json":{"title":"100% ZDARMA n\u00e1stroj na sledovanie \u010dasu projektu | Jibble\u2122","description":"Sledujte \u010das projektu a priebeh projektu, pou\u017eite n\u00e1stroj na sledovanie \u010dasu projektu Jibble. Zadarmo pre neobmedzen\u00fd po\u010det pou\u017e\u00edvate\u013eov.","robots":{"index":"index","follow":"follow","max-snippet":"max-snippet:-1","max-image-preview":"max-image-preview:large","max-video-preview":"max-video-preview:-1"},"canonical":"https:\/\/www.jibble.io\/sk\/nastroj-na-sledovanie-casu-projektu","og_locale":"sk_SK","og_type":"article","og_title":"100% ZDARMA n\u00e1stroj na sledovanie \u010dasu projektu | Jibble\u2122","og_description":"Sledujte \u010das projektu a priebeh projektu, pou\u017eite n\u00e1stroj na sledovanie \u010dasu projektu Jibble. Zadarmo pre neobmedzen\u00fd po\u010det pou\u017e\u00edvate\u013eov.","og_url":"https:\/\/www.jibble.io\/sk\/nastroj-na-sledovanie-casu-projektu","og_site_name":"Jibble","article_modified_time":"2026-03-17T16:16:16+00:00","twitter_card":"summary_large_image","twitter_misc":{"Predpokladan\u00fd \u010das \u010d\u00edtania":"6 min\u00fata"},"schema":{"@context":"https:\/\/schema.org","@graph":[{"@type":"WebPage","@id":"https:\/\/www.jibble.io\/sk\/nastroj-na-sledovanie-casu-projektu","url":"https:\/\/www.jibble.io\/sk\/nastroj-na-sledovanie-casu-projektu","name":"100% ZDARMA n\u00e1stroj na sledovanie \u010dasu projektu | Jibble\u2122","isPartOf":{"@id":"https:\/\/www.jibble.io\/sk#website"},"datePublished":"2022-10-17T21:48:17+00:00","dateModified":"2026-03-17T16:16:16+00:00","description":"Sledujte \u010das projektu a priebeh projektu, pou\u017eite n\u00e1stroj na sledovanie \u010dasu projektu Jibble. Zadarmo pre neobmedzen\u00fd po\u010det pou\u017e\u00edvate\u013eov.","inLanguage":"sk-SK","potentialAction":[{"@type":"ReadAction","target":["https:\/\/www.jibble.io\/sk\/nastroj-na-sledovanie-casu-projektu"]}]},{"@type":"WebSite","@id":"https:\/\/www.jibble.io\/sk#website","url":"https:\/\/www.jibble.io\/sk","name":"Jibble","description":"Meet the new standard in time tracking software","publisher":{"@id":"https:\/\/www.jibble.io\/sk#organization"},"potentialAction":[{"@type":"SearchAction","target":{"@type":"EntryPoint","urlTemplate":"https:\/\/www.jibble.io\/sk?s={search_term_string}"},"query-input":{"@type":"PropertyValueSpecification","valueRequired":true,"valueName":"search_term_string"}}],"inLanguage":"sk-SK"},{"@type":"Organization","@id":"https:\/\/www.jibble.io\/sk#organization","name":"Jibble","url":"https:\/\/www.jibble.io\/sk","logo":{"@type":"ImageObject","inLanguage":"sk-SK","@id":"https:\/\/www.jibble.io\/sk#\/schema\/logo\/image\/","url":"https:\/\/www.jibble.io\/wp-content\/uploads\/2022\/05\/Original-copy-923x1024.png","contentUrl":"https:\/\/www.jibble.io\/wp-content\/uploads\/2022\/05\/Original-copy-923x1024.png","width":"923","height":"1024","caption":"Jibble"},"image":{"@id":"https:\/\/www.jibble.io\/sk#\/schema\/logo\/image\/"},"sameAs":["https:\/\/www.linkedin.com\/company\/jibble\/"]}]}},"_links":{"self":[{"href":"https:\/\/www.jibble.io\/sk\/wp-json\/wp\/v2\/pages\/344299","targetHints":{"allow":["GET"]}}],"collection":[{"href":"https:\/\/www.jibble.io\/sk\/wp-json\/wp\/v2\/pages"}],"about":[{"href":"https:\/\/www.jibble.io\/sk\/wp-json\/wp\/v2\/types\/page"}],"author":[{"embeddable":true,"href":"https:\/\/www.jibble.io\/sk\/wp-json\/wp\/v2\/users\/6"}],"replies":[{"embeddable":true,"href":"https:\/\/www.jibble.io\/sk\/wp-json\/wp\/v2\/comments?post=344299"}],"version-history":[{"count":3,"href":"https:\/\/www.jibble.io\/sk\/wp-json\/wp\/v2\/pages\/344299\/revisions"}],"predecessor-version":[{"id":389792,"href":"https:\/\/www.jibble.io\/sk\/wp-json\/wp\/v2\/pages\/344299\/revisions\/389792"}],"wp:attachment":[{"href":"https:\/\/www.jibble.io\/sk\/wp-json\/wp\/v2\/media?parent=344299"}],"curies":[{"name":"wp","href":"https:\/\/api.w.org\/{rel}","templated":true}]}}