{"id":343759,"date":"2022-02-10T13:50:02","date_gmt":"2022-02-10T13:50:02","guid":{"rendered":"https:\/\/www.jibble.io\/?page_id=343759"},"modified":"2026-03-18T02:54:18","modified_gmt":"2026-03-18T02:54:18","slug":"100-bezplatna-aplikacia-na-vykazy-pracovneho-casu","status":"publish","type":"page","link":"https:\/\/www.jibble.io\/sk\/100-bezplatna-aplikacia-na-vykazy-pracovneho-casu","title":{"rendered":"100% BEZPLATN\u00c1 aplik\u00e1cia na v\u00fdkazy pracovn\u00e9ho \u010dasu"},"content":{"rendered":"","protected":false},"excerpt":{"rendered":"","protected":false},"author":6,"featured_media":0,"parent":0,"menu_order":0,"comment_status":"closed","ping_status":"closed","template":"template-feature-new-youtube.php","meta":{"_acf_changed":false,"footnotes":""},"class_list":["post-343759","page","type-page","status-publish","hentry"],"acf":[],"yoast_head":"<!-- This site is optimized with the Yoast SEO Premium plugin v26.8 (Yoast SEO v26.8) - https:\/\/yoast.com\/product\/yoast-seo-premium-wordpress\/ -->\n<title>100% BEZPLATN\u00c1 aplik\u00e1cia na v\u00fdkazy pracovn\u00e9ho \u010dasu | Jibble\u2122<\/title>\n<meta name=\"description\" content=\"\u013dahko pou\u017eite\u013en\u00e1 aplik\u00e1cia na v\u00fdkazy pracovn\u00e9ho \u010dasu,odpracovan\u00fdch hod\u00edn zamestnancov. Nav\u017edy zadarmo pre neobmedzen\u00fd po\u010det pou\u017e\u00edvate\u013eov.\" \/>\n<meta name=\"robots\" content=\"index, follow, max-snippet:-1, max-image-preview:large, max-video-preview:-1\" \/>\n<link rel=\"canonical\" href=\"https:\/\/www.jibble.io\/sk\/100-bezplatna-aplikacia-na-vykazy-pracovneho-casu\" \/>\n<meta property=\"og:locale\" content=\"sk_SK\" \/>\n<meta property=\"og:type\" content=\"article\" \/>\n<meta property=\"og:title\" content=\"100% BEZPLATN\u00c1 aplik\u00e1cia na v\u00fdkazy pracovn\u00e9ho \u010dasu | Jibble\u2122\" \/>\n<meta property=\"og:description\" content=\"\u013dahko pou\u017eite\u013en\u00e1 aplik\u00e1cia na v\u00fdkazy pracovn\u00e9ho \u010dasu,odpracovan\u00fdch hod\u00edn zamestnancov. Nav\u017edy zadarmo pre neobmedzen\u00fd po\u010det pou\u017e\u00edvate\u013eov.\" \/>\n<meta property=\"og:url\" content=\"https:\/\/www.jibble.io\/sk\/100-bezplatna-aplikacia-na-vykazy-pracovneho-casu\" \/>\n<meta property=\"og:site_name\" content=\"Jibble\" \/>\n<meta property=\"article:modified_time\" content=\"2026-03-18T02:54:18+00:00\" \/>\n<meta name=\"twitter:card\" content=\"summary_large_image\" \/>\n<meta name=\"twitter:label1\" content=\"Predpokladan\u00fd \u010das \u010d\u00edtania\" \/>\n\t<meta name=\"twitter:data1\" content=\"10 min\u00fata\" \/>\n<script type=\"application\/ld+json\" class=\"yoast-schema-graph\">{\"@context\":\"https:\/\/schema.org\",\"@graph\":[{\"@type\":\"WebPage\",\"@id\":\"https:\/\/www.jibble.io\/sk\/100-bezplatna-aplikacia-na-vykazy-pracovneho-casu\",\"url\":\"https:\/\/www.jibble.io\/sk\/100-bezplatna-aplikacia-na-vykazy-pracovneho-casu\",\"name\":\"100% BEZPLATN\u00c1 aplik\u00e1cia na v\u00fdkazy pracovn\u00e9ho \u010dasu | Jibble\u2122\",\"isPartOf\":{\"@id\":\"https:\/\/www.jibble.io\/sk#website\"},\"datePublished\":\"2022-02-10T13:50:02+00:00\",\"dateModified\":\"2026-03-18T02:54:18+00:00\",\"description\":\"\u013dahko pou\u017eite\u013en\u00e1 aplik\u00e1cia na v\u00fdkazy pracovn\u00e9ho \u010dasu,odpracovan\u00fdch hod\u00edn zamestnancov. Nav\u017edy zadarmo pre neobmedzen\u00fd po\u010det pou\u017e\u00edvate\u013eov.\",\"inLanguage\":\"sk-SK\",\"potentialAction\":[{\"@type\":\"ReadAction\",\"target\":[\"https:\/\/www.jibble.io\/sk\/100-bezplatna-aplikacia-na-vykazy-pracovneho-casu\"]}]},{\"@type\":\"WebSite\",\"@id\":\"https:\/\/www.jibble.io\/sk#website\",\"url\":\"https:\/\/www.jibble.io\/sk\",\"name\":\"Jibble\",\"description\":\"Meet the new standard in time tracking software\",\"publisher\":{\"@id\":\"https:\/\/www.jibble.io\/sk#organization\"},\"potentialAction\":[{\"@type\":\"SearchAction\",\"target\":{\"@type\":\"EntryPoint\",\"urlTemplate\":\"https:\/\/www.jibble.io\/sk?s={search_term_string}\"},\"query-input\":{\"@type\":\"PropertyValueSpecification\",\"valueRequired\":true,\"valueName\":\"search_term_string\"}}],\"inLanguage\":\"sk-SK\"},{\"@type\":\"Organization\",\"@id\":\"https:\/\/www.jibble.io\/sk#organization\",\"name\":\"Jibble\",\"url\":\"https:\/\/www.jibble.io\/sk\",\"logo\":{\"@type\":\"ImageObject\",\"inLanguage\":\"sk-SK\",\"@id\":\"https:\/\/www.jibble.io\/sk#\/schema\/logo\/image\/\",\"url\":\"https:\/\/www.jibble.io\/wp-content\/uploads\/2022\/05\/Original-copy-923x1024.png\",\"contentUrl\":\"https:\/\/www.jibble.io\/wp-content\/uploads\/2022\/05\/Original-copy-923x1024.png\",\"width\":\"923\",\"height\":\"1024\",\"caption\":\"Jibble\"},\"image\":{\"@id\":\"https:\/\/www.jibble.io\/sk#\/schema\/logo\/image\/\"},\"sameAs\":[\"https:\/\/www.linkedin.com\/company\/jibble\/\"]}]}<\/script>\n<!-- \/ Yoast SEO Premium plugin. -->","yoast_head_json":{"title":"100% BEZPLATN\u00c1 aplik\u00e1cia na v\u00fdkazy pracovn\u00e9ho \u010dasu | Jibble\u2122","description":"\u013dahko pou\u017eite\u013en\u00e1 aplik\u00e1cia na v\u00fdkazy pracovn\u00e9ho \u010dasu,odpracovan\u00fdch hod\u00edn zamestnancov. Nav\u017edy zadarmo pre neobmedzen\u00fd po\u010det pou\u017e\u00edvate\u013eov.","robots":{"index":"index","follow":"follow","max-snippet":"max-snippet:-1","max-image-preview":"max-image-preview:large","max-video-preview":"max-video-preview:-1"},"canonical":"https:\/\/www.jibble.io\/sk\/100-bezplatna-aplikacia-na-vykazy-pracovneho-casu","og_locale":"sk_SK","og_type":"article","og_title":"100% BEZPLATN\u00c1 aplik\u00e1cia na v\u00fdkazy pracovn\u00e9ho \u010dasu | Jibble\u2122","og_description":"\u013dahko pou\u017eite\u013en\u00e1 aplik\u00e1cia na v\u00fdkazy pracovn\u00e9ho \u010dasu,odpracovan\u00fdch hod\u00edn zamestnancov. Nav\u017edy zadarmo pre neobmedzen\u00fd po\u010det pou\u017e\u00edvate\u013eov.","og_url":"https:\/\/www.jibble.io\/sk\/100-bezplatna-aplikacia-na-vykazy-pracovneho-casu","og_site_name":"Jibble","article_modified_time":"2026-03-18T02:54:18+00:00","twitter_card":"summary_large_image","twitter_misc":{"Predpokladan\u00fd \u010das \u010d\u00edtania":"10 min\u00fata"},"schema":{"@context":"https:\/\/schema.org","@graph":[{"@type":"WebPage","@id":"https:\/\/www.jibble.io\/sk\/100-bezplatna-aplikacia-na-vykazy-pracovneho-casu","url":"https:\/\/www.jibble.io\/sk\/100-bezplatna-aplikacia-na-vykazy-pracovneho-casu","name":"100% BEZPLATN\u00c1 aplik\u00e1cia na v\u00fdkazy pracovn\u00e9ho \u010dasu | Jibble\u2122","isPartOf":{"@id":"https:\/\/www.jibble.io\/sk#website"},"datePublished":"2022-02-10T13:50:02+00:00","dateModified":"2026-03-18T02:54:18+00:00","description":"\u013dahko pou\u017eite\u013en\u00e1 aplik\u00e1cia na v\u00fdkazy pracovn\u00e9ho \u010dasu,odpracovan\u00fdch hod\u00edn zamestnancov. Nav\u017edy zadarmo pre neobmedzen\u00fd po\u010det pou\u017e\u00edvate\u013eov.","inLanguage":"sk-SK","potentialAction":[{"@type":"ReadAction","target":["https:\/\/www.jibble.io\/sk\/100-bezplatna-aplikacia-na-vykazy-pracovneho-casu"]}]},{"@type":"WebSite","@id":"https:\/\/www.jibble.io\/sk#website","url":"https:\/\/www.jibble.io\/sk","name":"Jibble","description":"Meet the new standard in time tracking software","publisher":{"@id":"https:\/\/www.jibble.io\/sk#organization"},"potentialAction":[{"@type":"SearchAction","target":{"@type":"EntryPoint","urlTemplate":"https:\/\/www.jibble.io\/sk?s={search_term_string}"},"query-input":{"@type":"PropertyValueSpecification","valueRequired":true,"valueName":"search_term_string"}}],"inLanguage":"sk-SK"},{"@type":"Organization","@id":"https:\/\/www.jibble.io\/sk#organization","name":"Jibble","url":"https:\/\/www.jibble.io\/sk","logo":{"@type":"ImageObject","inLanguage":"sk-SK","@id":"https:\/\/www.jibble.io\/sk#\/schema\/logo\/image\/","url":"https:\/\/www.jibble.io\/wp-content\/uploads\/2022\/05\/Original-copy-923x1024.png","contentUrl":"https:\/\/www.jibble.io\/wp-content\/uploads\/2022\/05\/Original-copy-923x1024.png","width":"923","height":"1024","caption":"Jibble"},"image":{"@id":"https:\/\/www.jibble.io\/sk#\/schema\/logo\/image\/"},"sameAs":["https:\/\/www.linkedin.com\/company\/jibble\/"]}]}},"_links":{"self":[{"href":"https:\/\/www.jibble.io\/sk\/wp-json\/wp\/v2\/pages\/343759","targetHints":{"allow":["GET"]}}],"collection":[{"href":"https:\/\/www.jibble.io\/sk\/wp-json\/wp\/v2\/pages"}],"about":[{"href":"https:\/\/www.jibble.io\/sk\/wp-json\/wp\/v2\/types\/page"}],"author":[{"embeddable":true,"href":"https:\/\/www.jibble.io\/sk\/wp-json\/wp\/v2\/users\/6"}],"replies":[{"embeddable":true,"href":"https:\/\/www.jibble.io\/sk\/wp-json\/wp\/v2\/comments?post=343759"}],"version-history":[{"count":3,"href":"https:\/\/www.jibble.io\/sk\/wp-json\/wp\/v2\/pages\/343759\/revisions"}],"predecessor-version":[{"id":389847,"href":"https:\/\/www.jibble.io\/sk\/wp-json\/wp\/v2\/pages\/343759\/revisions\/389847"}],"wp:attachment":[{"href":"https:\/\/www.jibble.io\/sk\/wp-json\/wp\/v2\/media?parent=343759"}],"curies":[{"name":"wp","href":"https:\/\/api.w.org\/{rel}","templated":true}]}}