{"id":92923,"date":"2023-08-28T21:44:54","date_gmt":"2023-08-28T20:44:54","guid":{"rendered":"https:\/\/www.jibble.io\/student-absence-tracker"},"modified":"2026-02-17T22:51:04","modified_gmt":"2026-02-17T22:51:04","slug":"rastreador-faltas-alunos","status":"publish","type":"page","link":"https:\/\/www.jibble.io\/pt-br\/rastreador-faltas-alunos","title":{"rendered":"Rastreador de faltas dos alunos"},"content":{"rendered":"","protected":false},"excerpt":{"rendered":"","protected":false},"author":51,"featured_media":0,"parent":0,"menu_order":0,"comment_status":"closed","ping_status":"closed","template":"template-feature-new-youtube.php","meta":{"_acf_changed":false,"footnotes":""},"class_list":["post-92923","page","type-page","status-publish","hentry"],"acf":[],"yoast_head":"<!-- This site is optimized with the Yoast SEO Premium plugin v26.8 (Yoast SEO v26.8) - https:\/\/yoast.com\/product\/yoast-seo-premium-wordpress\/ -->\n<title>Rastreador de Faltas dos Alunos 100% GR\u00c1TIS | Jibble\u2122<\/title>\n<meta name=\"description\" content=\"\u00c9 f\u00e1cil gerenciar, monitorar e gravar as faltas dos alunos com o nosso rastreador. \u00c9 gr\u00e1tis, sem limite de usu\u00e1rios.\" \/>\n<meta name=\"robots\" content=\"index, follow, max-snippet:-1, max-image-preview:large, max-video-preview:-1\" \/>\n<link rel=\"canonical\" href=\"https:\/\/www.jibble.io\/pt-br\/rastreador-faltas-alunos\" \/>\n<meta property=\"og:locale\" content=\"pt_BR\" \/>\n<meta property=\"og:type\" content=\"article\" \/>\n<meta property=\"og:title\" content=\"Rastreador de Faltas dos Alunos 100% GR\u00c1TIS | Jibble\u2122\" \/>\n<meta property=\"og:description\" content=\"\u00c9 f\u00e1cil gerenciar, monitorar e gravar as faltas dos alunos com o nosso rastreador. \u00c9 gr\u00e1tis, sem limite de usu\u00e1rios.\" \/>\n<meta property=\"og:url\" content=\"https:\/\/www.jibble.io\/pt-br\/rastreador-faltas-alunos\" \/>\n<meta property=\"og:site_name\" content=\"Jibble\" \/>\n<meta property=\"article:modified_time\" content=\"2026-02-17T22:51:04+00:00\" \/>\n<meta name=\"twitter:card\" content=\"summary_large_image\" \/>\n<meta name=\"twitter:label1\" content=\"Est. tempo de leitura\" \/>\n\t<meta name=\"twitter:data1\" content=\"8 minutos\" \/>\n<script type=\"application\/ld+json\" class=\"yoast-schema-graph\">{\"@context\":\"https:\/\/schema.org\",\"@graph\":[{\"@type\":\"WebPage\",\"@id\":\"https:\/\/www.jibble.io\/pt-br\/rastreador-faltas-alunos\",\"url\":\"https:\/\/www.jibble.io\/pt-br\/rastreador-faltas-alunos\",\"name\":\"Rastreador de Faltas dos Alunos 100% GR\u00c1TIS | Jibble\u2122\",\"isPartOf\":{\"@id\":\"https:\/\/www.jibble.io\/pt-br#website\"},\"datePublished\":\"2023-08-28T20:44:54+00:00\",\"dateModified\":\"2026-02-17T22:51:04+00:00\",\"description\":\"\u00c9 f\u00e1cil gerenciar, monitorar e gravar as faltas dos alunos com o nosso rastreador. \u00c9 gr\u00e1tis, sem limite de usu\u00e1rios.\",\"inLanguage\":\"pt-BR\",\"potentialAction\":[{\"@type\":\"ReadAction\",\"target\":[\"https:\/\/www.jibble.io\/pt-br\/rastreador-faltas-alunos\"]}]},{\"@type\":\"WebSite\",\"@id\":\"https:\/\/www.jibble.io\/pt-br#website\",\"url\":\"https:\/\/www.jibble.io\/pt-br\",\"name\":\"Jibble\",\"description\":\"Meet the new standard in time tracking software\",\"publisher\":{\"@id\":\"https:\/\/www.jibble.io\/pt-br#organization\"},\"potentialAction\":[{\"@type\":\"SearchAction\",\"target\":{\"@type\":\"EntryPoint\",\"urlTemplate\":\"https:\/\/www.jibble.io\/pt-br?s={search_term_string}\"},\"query-input\":{\"@type\":\"PropertyValueSpecification\",\"valueRequired\":true,\"valueName\":\"search_term_string\"}}],\"inLanguage\":\"pt-BR\"},{\"@type\":\"Organization\",\"@id\":\"https:\/\/www.jibble.io\/pt-br#organization\",\"name\":\"Jibble\",\"url\":\"https:\/\/www.jibble.io\/pt-br\",\"logo\":{\"@type\":\"ImageObject\",\"inLanguage\":\"pt-BR\",\"@id\":\"https:\/\/www.jibble.io\/pt-br#\/schema\/logo\/image\/\",\"url\":\"https:\/\/www.jibble.io\/wp-content\/uploads\/2022\/05\/Original-copy-923x1024.png\",\"contentUrl\":\"https:\/\/www.jibble.io\/wp-content\/uploads\/2022\/05\/Original-copy-923x1024.png\",\"width\":\"923\",\"height\":\"1024\",\"caption\":\"Jibble\"},\"image\":{\"@id\":\"https:\/\/www.jibble.io\/pt-br#\/schema\/logo\/image\/\"},\"sameAs\":[\"https:\/\/www.linkedin.com\/company\/jibble\/\"]}]}<\/script>\n<!-- \/ Yoast SEO Premium plugin. -->","yoast_head_json":{"title":"Rastreador de Faltas dos Alunos 100% GR\u00c1TIS | Jibble\u2122","description":"\u00c9 f\u00e1cil gerenciar, monitorar e gravar as faltas dos alunos com o nosso rastreador. \u00c9 gr\u00e1tis, sem limite de usu\u00e1rios.","robots":{"index":"index","follow":"follow","max-snippet":"max-snippet:-1","max-image-preview":"max-image-preview:large","max-video-preview":"max-video-preview:-1"},"canonical":"https:\/\/www.jibble.io\/pt-br\/rastreador-faltas-alunos","og_locale":"pt_BR","og_type":"article","og_title":"Rastreador de Faltas dos Alunos 100% GR\u00c1TIS | Jibble\u2122","og_description":"\u00c9 f\u00e1cil gerenciar, monitorar e gravar as faltas dos alunos com o nosso rastreador. \u00c9 gr\u00e1tis, sem limite de usu\u00e1rios.","og_url":"https:\/\/www.jibble.io\/pt-br\/rastreador-faltas-alunos","og_site_name":"Jibble","article_modified_time":"2026-02-17T22:51:04+00:00","twitter_card":"summary_large_image","twitter_misc":{"Est. tempo de leitura":"8 minutos"},"schema":{"@context":"https:\/\/schema.org","@graph":[{"@type":"WebPage","@id":"https:\/\/www.jibble.io\/pt-br\/rastreador-faltas-alunos","url":"https:\/\/www.jibble.io\/pt-br\/rastreador-faltas-alunos","name":"Rastreador de Faltas dos Alunos 100% GR\u00c1TIS | Jibble\u2122","isPartOf":{"@id":"https:\/\/www.jibble.io\/pt-br#website"},"datePublished":"2023-08-28T20:44:54+00:00","dateModified":"2026-02-17T22:51:04+00:00","description":"\u00c9 f\u00e1cil gerenciar, monitorar e gravar as faltas dos alunos com o nosso rastreador. \u00c9 gr\u00e1tis, sem limite de usu\u00e1rios.","inLanguage":"pt-BR","potentialAction":[{"@type":"ReadAction","target":["https:\/\/www.jibble.io\/pt-br\/rastreador-faltas-alunos"]}]},{"@type":"WebSite","@id":"https:\/\/www.jibble.io\/pt-br#website","url":"https:\/\/www.jibble.io\/pt-br","name":"Jibble","description":"Meet the new standard in time tracking software","publisher":{"@id":"https:\/\/www.jibble.io\/pt-br#organization"},"potentialAction":[{"@type":"SearchAction","target":{"@type":"EntryPoint","urlTemplate":"https:\/\/www.jibble.io\/pt-br?s={search_term_string}"},"query-input":{"@type":"PropertyValueSpecification","valueRequired":true,"valueName":"search_term_string"}}],"inLanguage":"pt-BR"},{"@type":"Organization","@id":"https:\/\/www.jibble.io\/pt-br#organization","name":"Jibble","url":"https:\/\/www.jibble.io\/pt-br","logo":{"@type":"ImageObject","inLanguage":"pt-BR","@id":"https:\/\/www.jibble.io\/pt-br#\/schema\/logo\/image\/","url":"https:\/\/www.jibble.io\/wp-content\/uploads\/2022\/05\/Original-copy-923x1024.png","contentUrl":"https:\/\/www.jibble.io\/wp-content\/uploads\/2022\/05\/Original-copy-923x1024.png","width":"923","height":"1024","caption":"Jibble"},"image":{"@id":"https:\/\/www.jibble.io\/pt-br#\/schema\/logo\/image\/"},"sameAs":["https:\/\/www.linkedin.com\/company\/jibble\/"]}]}},"_links":{"self":[{"href":"https:\/\/www.jibble.io\/pt-br\/wp-json\/wp\/v2\/pages\/92923","targetHints":{"allow":["GET"]}}],"collection":[{"href":"https:\/\/www.jibble.io\/pt-br\/wp-json\/wp\/v2\/pages"}],"about":[{"href":"https:\/\/www.jibble.io\/pt-br\/wp-json\/wp\/v2\/types\/page"}],"author":[{"embeddable":true,"href":"https:\/\/www.jibble.io\/pt-br\/wp-json\/wp\/v2\/users\/51"}],"replies":[{"embeddable":true,"href":"https:\/\/www.jibble.io\/pt-br\/wp-json\/wp\/v2\/comments?post=92923"}],"version-history":[{"count":3,"href":"https:\/\/www.jibble.io\/pt-br\/wp-json\/wp\/v2\/pages\/92923\/revisions"}],"predecessor-version":[{"id":382773,"href":"https:\/\/www.jibble.io\/pt-br\/wp-json\/wp\/v2\/pages\/92923\/revisions\/382773"}],"wp:attachment":[{"href":"https:\/\/www.jibble.io\/pt-br\/wp-json\/wp\/v2\/media?parent=92923"}],"curies":[{"name":"wp","href":"https:\/\/api.w.org\/{rel}","templated":true}]}}