{"id":91561,"date":"2022-05-20T03:25:43","date_gmt":"2022-05-20T02:25:43","guid":{"rendered":"https:\/\/www.jibble.io\/time-and-attendance-manufacturing"},"modified":"2026-03-20T19:55:26","modified_gmt":"2026-03-20T19:55:26","slug":"controle-horas-presenca-industrias","status":"publish","type":"page","link":"https:\/\/www.jibble.io\/pt-br\/controle-horas-presenca-industrias","title":{"rendered":"Controle de horas e presen\u00e7a para ind\u00fastrias"},"content":{"rendered":"","protected":false},"excerpt":{"rendered":"","protected":false},"author":81,"featured_media":0,"parent":0,"menu_order":0,"comment_status":"closed","ping_status":"closed","template":"template-feature-new-youtube.php","meta":{"_acf_changed":false,"footnotes":""},"class_list":["post-91561","page","type-page","status-publish","hentry"],"acf":[],"yoast_head":"<!-- This site is optimized with the Yoast SEO Premium plugin v26.8 (Yoast SEO v26.8) - https:\/\/yoast.com\/product\/yoast-seo-premium-wordpress\/ -->\n<title>Controle de horas e presen\u00e7a para ind\u00fastrias 100% GR\u00c1TIS<\/title>\n<meta name=\"description\" content=\"O software de controle de horas e presen\u00e7a usado pelas maiores ind\u00fastrias. \u00c9 gr\u00e1tis para sempre, sem limite de usu\u00e1rios.\" \/>\n<meta name=\"robots\" content=\"index, follow, max-snippet:-1, max-image-preview:large, max-video-preview:-1\" \/>\n<link rel=\"canonical\" href=\"https:\/\/www.jibble.io\/pt-br\/controle-horas-presenca-industrias\" \/>\n<meta property=\"og:locale\" content=\"pt_BR\" \/>\n<meta property=\"og:type\" content=\"article\" \/>\n<meta property=\"og:title\" content=\"Controle de horas e presen\u00e7a para ind\u00fastrias 100% GR\u00c1TIS\" \/>\n<meta property=\"og:description\" content=\"O software de controle de horas e presen\u00e7a usado pelas maiores ind\u00fastrias. \u00c9 gr\u00e1tis para sempre, sem limite de usu\u00e1rios.\" \/>\n<meta property=\"og:url\" content=\"https:\/\/www.jibble.io\/pt-br\/controle-horas-presenca-industrias\" \/>\n<meta property=\"og:site_name\" content=\"Jibble\" \/>\n<meta property=\"article:modified_time\" content=\"2026-03-20T19:55:26+00:00\" \/>\n<meta name=\"twitter:card\" content=\"summary_large_image\" \/>\n<meta name=\"twitter:label1\" content=\"Est. tempo de leitura\" \/>\n\t<meta name=\"twitter:data1\" content=\"9 minutos\" \/>\n<script type=\"application\/ld+json\" class=\"yoast-schema-graph\">{\"@context\":\"https:\/\/schema.org\",\"@graph\":[{\"@type\":\"WebPage\",\"@id\":\"https:\/\/www.jibble.io\/pt-br\/controle-horas-presenca-industrias\",\"url\":\"https:\/\/www.jibble.io\/pt-br\/controle-horas-presenca-industrias\",\"name\":\"Controle de horas e presen\u00e7a para ind\u00fastrias 100% GR\u00c1TIS\",\"isPartOf\":{\"@id\":\"https:\/\/www.jibble.io\/pt-br#website\"},\"datePublished\":\"2022-05-20T02:25:43+00:00\",\"dateModified\":\"2026-03-20T19:55:26+00:00\",\"description\":\"O software de controle de horas e presen\u00e7a usado pelas maiores ind\u00fastrias. \u00c9 gr\u00e1tis para sempre, sem limite de usu\u00e1rios.\",\"inLanguage\":\"pt-BR\",\"potentialAction\":[{\"@type\":\"ReadAction\",\"target\":[\"https:\/\/www.jibble.io\/pt-br\/controle-horas-presenca-industrias\"]}]},{\"@type\":\"WebSite\",\"@id\":\"https:\/\/www.jibble.io\/pt-br#website\",\"url\":\"https:\/\/www.jibble.io\/pt-br\",\"name\":\"Jibble\",\"description\":\"Meet the new standard in time tracking software\",\"publisher\":{\"@id\":\"https:\/\/www.jibble.io\/pt-br#organization\"},\"potentialAction\":[{\"@type\":\"SearchAction\",\"target\":{\"@type\":\"EntryPoint\",\"urlTemplate\":\"https:\/\/www.jibble.io\/pt-br?s={search_term_string}\"},\"query-input\":{\"@type\":\"PropertyValueSpecification\",\"valueRequired\":true,\"valueName\":\"search_term_string\"}}],\"inLanguage\":\"pt-BR\"},{\"@type\":\"Organization\",\"@id\":\"https:\/\/www.jibble.io\/pt-br#organization\",\"name\":\"Jibble\",\"url\":\"https:\/\/www.jibble.io\/pt-br\",\"logo\":{\"@type\":\"ImageObject\",\"inLanguage\":\"pt-BR\",\"@id\":\"https:\/\/www.jibble.io\/pt-br#\/schema\/logo\/image\/\",\"url\":\"https:\/\/www.jibble.io\/wp-content\/uploads\/2022\/05\/Original-copy-923x1024.png\",\"contentUrl\":\"https:\/\/www.jibble.io\/wp-content\/uploads\/2022\/05\/Original-copy-923x1024.png\",\"width\":\"923\",\"height\":\"1024\",\"caption\":\"Jibble\"},\"image\":{\"@id\":\"https:\/\/www.jibble.io\/pt-br#\/schema\/logo\/image\/\"},\"sameAs\":[\"https:\/\/www.linkedin.com\/company\/jibble\/\"]}]}<\/script>\n<!-- \/ Yoast SEO Premium plugin. -->","yoast_head_json":{"title":"Controle de horas e presen\u00e7a para ind\u00fastrias 100% GR\u00c1TIS","description":"O software de controle de horas e presen\u00e7a usado pelas maiores ind\u00fastrias. \u00c9 gr\u00e1tis para sempre, sem limite de usu\u00e1rios.","robots":{"index":"index","follow":"follow","max-snippet":"max-snippet:-1","max-image-preview":"max-image-preview:large","max-video-preview":"max-video-preview:-1"},"canonical":"https:\/\/www.jibble.io\/pt-br\/controle-horas-presenca-industrias","og_locale":"pt_BR","og_type":"article","og_title":"Controle de horas e presen\u00e7a para ind\u00fastrias 100% GR\u00c1TIS","og_description":"O software de controle de horas e presen\u00e7a usado pelas maiores ind\u00fastrias. \u00c9 gr\u00e1tis para sempre, sem limite de usu\u00e1rios.","og_url":"https:\/\/www.jibble.io\/pt-br\/controle-horas-presenca-industrias","og_site_name":"Jibble","article_modified_time":"2026-03-20T19:55:26+00:00","twitter_card":"summary_large_image","twitter_misc":{"Est. tempo de leitura":"9 minutos"},"schema":{"@context":"https:\/\/schema.org","@graph":[{"@type":"WebPage","@id":"https:\/\/www.jibble.io\/pt-br\/controle-horas-presenca-industrias","url":"https:\/\/www.jibble.io\/pt-br\/controle-horas-presenca-industrias","name":"Controle de horas e presen\u00e7a para ind\u00fastrias 100% GR\u00c1TIS","isPartOf":{"@id":"https:\/\/www.jibble.io\/pt-br#website"},"datePublished":"2022-05-20T02:25:43+00:00","dateModified":"2026-03-20T19:55:26+00:00","description":"O software de controle de horas e presen\u00e7a usado pelas maiores ind\u00fastrias. \u00c9 gr\u00e1tis para sempre, sem limite de usu\u00e1rios.","inLanguage":"pt-BR","potentialAction":[{"@type":"ReadAction","target":["https:\/\/www.jibble.io\/pt-br\/controle-horas-presenca-industrias"]}]},{"@type":"WebSite","@id":"https:\/\/www.jibble.io\/pt-br#website","url":"https:\/\/www.jibble.io\/pt-br","name":"Jibble","description":"Meet the new standard in time tracking software","publisher":{"@id":"https:\/\/www.jibble.io\/pt-br#organization"},"potentialAction":[{"@type":"SearchAction","target":{"@type":"EntryPoint","urlTemplate":"https:\/\/www.jibble.io\/pt-br?s={search_term_string}"},"query-input":{"@type":"PropertyValueSpecification","valueRequired":true,"valueName":"search_term_string"}}],"inLanguage":"pt-BR"},{"@type":"Organization","@id":"https:\/\/www.jibble.io\/pt-br#organization","name":"Jibble","url":"https:\/\/www.jibble.io\/pt-br","logo":{"@type":"ImageObject","inLanguage":"pt-BR","@id":"https:\/\/www.jibble.io\/pt-br#\/schema\/logo\/image\/","url":"https:\/\/www.jibble.io\/wp-content\/uploads\/2022\/05\/Original-copy-923x1024.png","contentUrl":"https:\/\/www.jibble.io\/wp-content\/uploads\/2022\/05\/Original-copy-923x1024.png","width":"923","height":"1024","caption":"Jibble"},"image":{"@id":"https:\/\/www.jibble.io\/pt-br#\/schema\/logo\/image\/"},"sameAs":["https:\/\/www.linkedin.com\/company\/jibble\/"]}]}},"_links":{"self":[{"href":"https:\/\/www.jibble.io\/pt-br\/wp-json\/wp\/v2\/pages\/91561","targetHints":{"allow":["GET"]}}],"collection":[{"href":"https:\/\/www.jibble.io\/pt-br\/wp-json\/wp\/v2\/pages"}],"about":[{"href":"https:\/\/www.jibble.io\/pt-br\/wp-json\/wp\/v2\/types\/page"}],"author":[{"embeddable":true,"href":"https:\/\/www.jibble.io\/pt-br\/wp-json\/wp\/v2\/users\/81"}],"replies":[{"embeddable":true,"href":"https:\/\/www.jibble.io\/pt-br\/wp-json\/wp\/v2\/comments?post=91561"}],"version-history":[{"count":3,"href":"https:\/\/www.jibble.io\/pt-br\/wp-json\/wp\/v2\/pages\/91561\/revisions"}],"predecessor-version":[{"id":390530,"href":"https:\/\/www.jibble.io\/pt-br\/wp-json\/wp\/v2\/pages\/91561\/revisions\/390530"}],"wp:attachment":[{"href":"https:\/\/www.jibble.io\/pt-br\/wp-json\/wp\/v2\/media?parent=91561"}],"curies":[{"name":"wp","href":"https:\/\/api.w.org\/{rel}","templated":true}]}}