{"id":380827,"date":"2025-12-10T15:56:39","date_gmt":"2025-12-10T15:56:39","guid":{"rendered":"https:\/\/www.jibble.io\/roi-calculator"},"modified":"2026-02-12T20:27:33","modified_gmt":"2026-02-12T20:27:33","slug":"calculadora-roi","status":"publish","type":"page","link":"https:\/\/www.jibble.io\/pt-br\/calculadora-roi","title":{"rendered":"ROI Calculator"},"content":{"rendered":"","protected":false},"excerpt":{"rendered":"","protected":false},"author":87,"featured_media":0,"parent":0,"menu_order":0,"comment_status":"closed","ping_status":"closed","template":"page-savings-calculator-iframe.php","meta":{"_acf_changed":false,"footnotes":""},"class_list":["post-380827","page","type-page","status-publish","hentry"],"acf":[],"yoast_head":"<!-- This site is optimized with the Yoast SEO Premium plugin v26.8 (Yoast SEO v26.8) - https:\/\/yoast.com\/product\/yoast-seo-premium-wordpress\/ -->\n<title>Calculadora ROI | Calcule suas economias com o Jibble<\/title>\n<meta name=\"description\" content=\"Use a calculadora de ROI gr\u00e1tis do Jibble e estime quanto sua empresa pode economizar com o controle de horas autom\u00e1tico, preciso e f\u00e1cil!\" \/>\n<meta name=\"robots\" content=\"index, follow, max-snippet:-1, max-image-preview:large, max-video-preview:-1\" \/>\n<link rel=\"canonical\" href=\"https:\/\/www.jibble.io\/pt-br\/calculadora-roi\" \/>\n<meta property=\"og:locale\" content=\"pt_BR\" \/>\n<meta property=\"og:type\" content=\"article\" \/>\n<meta property=\"og:title\" content=\"Calculadora ROI | Calcule suas economias com o Jibble\" \/>\n<meta property=\"og:description\" content=\"Use a calculadora de ROI gr\u00e1tis do Jibble e estime quanto sua empresa pode economizar com o controle de horas autom\u00e1tico, preciso e f\u00e1cil!\" \/>\n<meta property=\"og:url\" content=\"https:\/\/www.jibble.io\/pt-br\/calculadora-roi\" \/>\n<meta property=\"og:site_name\" content=\"Jibble\" \/>\n<meta property=\"article:modified_time\" content=\"2026-02-12T20:27:33+00:00\" \/>\n<meta name=\"twitter:card\" content=\"summary_large_image\" \/>\n<meta name=\"twitter:label1\" content=\"Est. tempo de leitura\" \/>\n\t<meta name=\"twitter:data1\" content=\"1 minuto\" \/>\n<script type=\"application\/ld+json\" class=\"yoast-schema-graph\">{\"@context\":\"https:\/\/schema.org\",\"@graph\":[{\"@type\":\"WebPage\",\"@id\":\"https:\/\/www.jibble.io\/pt-br\/calculadora-roi\",\"url\":\"https:\/\/www.jibble.io\/pt-br\/calculadora-roi\",\"name\":\"Calculadora ROI | Calcule suas economias com o Jibble\",\"isPartOf\":{\"@id\":\"https:\/\/www.jibble.io\/pt-br#website\"},\"datePublished\":\"2025-12-10T15:56:39+00:00\",\"dateModified\":\"2026-02-12T20:27:33+00:00\",\"description\":\"Use a calculadora de ROI gr\u00e1tis do Jibble e estime quanto sua empresa pode economizar com o controle de horas autom\u00e1tico, preciso e f\u00e1cil!\",\"inLanguage\":\"pt-BR\",\"potentialAction\":[{\"@type\":\"ReadAction\",\"target\":[\"https:\/\/www.jibble.io\/pt-br\/calculadora-roi\"]}]},{\"@type\":\"WebSite\",\"@id\":\"https:\/\/www.jibble.io\/pt-br#website\",\"url\":\"https:\/\/www.jibble.io\/pt-br\",\"name\":\"Jibble\",\"description\":\"Meet the new standard in time tracking software\",\"publisher\":{\"@id\":\"https:\/\/www.jibble.io\/pt-br#organization\"},\"potentialAction\":[{\"@type\":\"SearchAction\",\"target\":{\"@type\":\"EntryPoint\",\"urlTemplate\":\"https:\/\/www.jibble.io\/pt-br?s={search_term_string}\"},\"query-input\":{\"@type\":\"PropertyValueSpecification\",\"valueRequired\":true,\"valueName\":\"search_term_string\"}}],\"inLanguage\":\"pt-BR\"},{\"@type\":\"Organization\",\"@id\":\"https:\/\/www.jibble.io\/pt-br#organization\",\"name\":\"Jibble\",\"url\":\"https:\/\/www.jibble.io\/pt-br\",\"logo\":{\"@type\":\"ImageObject\",\"inLanguage\":\"pt-BR\",\"@id\":\"https:\/\/www.jibble.io\/pt-br#\/schema\/logo\/image\/\",\"url\":\"https:\/\/www.jibble.io\/wp-content\/uploads\/2022\/05\/Original-copy-923x1024.png\",\"contentUrl\":\"https:\/\/www.jibble.io\/wp-content\/uploads\/2022\/05\/Original-copy-923x1024.png\",\"width\":\"923\",\"height\":\"1024\",\"caption\":\"Jibble\"},\"image\":{\"@id\":\"https:\/\/www.jibble.io\/pt-br#\/schema\/logo\/image\/\"},\"sameAs\":[\"https:\/\/www.linkedin.com\/company\/jibble\/\"]}]}<\/script>\n<!-- \/ Yoast SEO Premium plugin. -->","yoast_head_json":{"title":"Calculadora ROI | Calcule suas economias com o Jibble","description":"Use a calculadora de ROI gr\u00e1tis do Jibble e estime quanto sua empresa pode economizar com o controle de horas autom\u00e1tico, preciso e f\u00e1cil!","robots":{"index":"index","follow":"follow","max-snippet":"max-snippet:-1","max-image-preview":"max-image-preview:large","max-video-preview":"max-video-preview:-1"},"canonical":"https:\/\/www.jibble.io\/pt-br\/calculadora-roi","og_locale":"pt_BR","og_type":"article","og_title":"Calculadora ROI | Calcule suas economias com o Jibble","og_description":"Use a calculadora de ROI gr\u00e1tis do Jibble e estime quanto sua empresa pode economizar com o controle de horas autom\u00e1tico, preciso e f\u00e1cil!","og_url":"https:\/\/www.jibble.io\/pt-br\/calculadora-roi","og_site_name":"Jibble","article_modified_time":"2026-02-12T20:27:33+00:00","twitter_card":"summary_large_image","twitter_misc":{"Est. tempo de leitura":"1 minuto"},"schema":{"@context":"https:\/\/schema.org","@graph":[{"@type":"WebPage","@id":"https:\/\/www.jibble.io\/pt-br\/calculadora-roi","url":"https:\/\/www.jibble.io\/pt-br\/calculadora-roi","name":"Calculadora ROI | Calcule suas economias com o Jibble","isPartOf":{"@id":"https:\/\/www.jibble.io\/pt-br#website"},"datePublished":"2025-12-10T15:56:39+00:00","dateModified":"2026-02-12T20:27:33+00:00","description":"Use a calculadora de ROI gr\u00e1tis do Jibble e estime quanto sua empresa pode economizar com o controle de horas autom\u00e1tico, preciso e f\u00e1cil!","inLanguage":"pt-BR","potentialAction":[{"@type":"ReadAction","target":["https:\/\/www.jibble.io\/pt-br\/calculadora-roi"]}]},{"@type":"WebSite","@id":"https:\/\/www.jibble.io\/pt-br#website","url":"https:\/\/www.jibble.io\/pt-br","name":"Jibble","description":"Meet the new standard in time tracking software","publisher":{"@id":"https:\/\/www.jibble.io\/pt-br#organization"},"potentialAction":[{"@type":"SearchAction","target":{"@type":"EntryPoint","urlTemplate":"https:\/\/www.jibble.io\/pt-br?s={search_term_string}"},"query-input":{"@type":"PropertyValueSpecification","valueRequired":true,"valueName":"search_term_string"}}],"inLanguage":"pt-BR"},{"@type":"Organization","@id":"https:\/\/www.jibble.io\/pt-br#organization","name":"Jibble","url":"https:\/\/www.jibble.io\/pt-br","logo":{"@type":"ImageObject","inLanguage":"pt-BR","@id":"https:\/\/www.jibble.io\/pt-br#\/schema\/logo\/image\/","url":"https:\/\/www.jibble.io\/wp-content\/uploads\/2022\/05\/Original-copy-923x1024.png","contentUrl":"https:\/\/www.jibble.io\/wp-content\/uploads\/2022\/05\/Original-copy-923x1024.png","width":"923","height":"1024","caption":"Jibble"},"image":{"@id":"https:\/\/www.jibble.io\/pt-br#\/schema\/logo\/image\/"},"sameAs":["https:\/\/www.linkedin.com\/company\/jibble\/"]}]}},"_links":{"self":[{"href":"https:\/\/www.jibble.io\/pt-br\/wp-json\/wp\/v2\/pages\/380827","targetHints":{"allow":["GET"]}}],"collection":[{"href":"https:\/\/www.jibble.io\/pt-br\/wp-json\/wp\/v2\/pages"}],"about":[{"href":"https:\/\/www.jibble.io\/pt-br\/wp-json\/wp\/v2\/types\/page"}],"author":[{"embeddable":true,"href":"https:\/\/www.jibble.io\/pt-br\/wp-json\/wp\/v2\/users\/87"}],"replies":[{"embeddable":true,"href":"https:\/\/www.jibble.io\/pt-br\/wp-json\/wp\/v2\/comments?post=380827"}],"version-history":[{"count":2,"href":"https:\/\/www.jibble.io\/pt-br\/wp-json\/wp\/v2\/pages\/380827\/revisions"}],"predecessor-version":[{"id":381358,"href":"https:\/\/www.jibble.io\/pt-br\/wp-json\/wp\/v2\/pages\/380827\/revisions\/381358"}],"wp:attachment":[{"href":"https:\/\/www.jibble.io\/pt-br\/wp-json\/wp\/v2\/media?parent=380827"}],"curies":[{"name":"wp","href":"https:\/\/api.w.org\/{rel}","templated":true}]}}