{"id":245442,"date":"2025-03-17T06:21:04","date_gmt":"2025-03-17T06:21:04","guid":{"rendered":"https:\/\/www.jibble.io\/office-attendance-tracker"},"modified":"2025-08-20T21:55:28","modified_gmt":"2025-08-20T20:55:28","slug":"controle-presenca-escritorios","status":"publish","type":"page","link":"https:\/\/www.jibble.io\/pt-br\/controle-presenca-escritorios","title":{"rendered":"Controle de Presen\u00e7a para Escrit\u00f3rios"},"content":{"rendered":"","protected":false},"excerpt":{"rendered":"","protected":false},"author":56,"featured_media":0,"parent":0,"menu_order":0,"comment_status":"closed","ping_status":"closed","template":"template-feature.php","meta":{"_acf_changed":false,"footnotes":""},"class_list":["post-245442","page","type-page","status-publish","hentry"],"acf":[],"yoast_head":"<!-- This site is optimized with the Yoast SEO Premium plugin v26.8 (Yoast SEO v26.8) - https:\/\/yoast.com\/product\/yoast-seo-premium-wordpress\/ -->\n<title>Software de Controle de Presen\u00e7a para Escrit\u00f3rios 100% GR\u00c1TIS<\/title>\n<meta name=\"description\" content=\"Controle o tempo, monitore atividades e gerencie projetos com o app de presen\u00e7a do Jibble para escrit\u00f3rios. Gr\u00e1tis, usu\u00e1rios ilimitados.\" \/>\n<meta name=\"robots\" content=\"index, follow, max-snippet:-1, max-image-preview:large, max-video-preview:-1\" \/>\n<link rel=\"canonical\" href=\"https:\/\/www.jibble.io\/pt-br\/controle-presenca-escritorios\" \/>\n<meta property=\"og:locale\" content=\"pt_BR\" \/>\n<meta property=\"og:type\" content=\"article\" \/>\n<meta property=\"og:title\" content=\"Software de Controle de Presen\u00e7a para Escrit\u00f3rios 100% GR\u00c1TIS\" \/>\n<meta property=\"og:description\" content=\"Controle o tempo, monitore atividades e gerencie projetos com o app de presen\u00e7a do Jibble para escrit\u00f3rios. Gr\u00e1tis, usu\u00e1rios ilimitados.\" \/>\n<meta property=\"og:url\" content=\"https:\/\/www.jibble.io\/pt-br\/controle-presenca-escritorios\" \/>\n<meta property=\"og:site_name\" content=\"Jibble\" \/>\n<meta property=\"article:modified_time\" content=\"2025-08-20T20:55:28+00:00\" \/>\n<meta name=\"twitter:card\" content=\"summary_large_image\" \/>\n<meta name=\"twitter:label1\" content=\"Est. tempo de leitura\" \/>\n\t<meta name=\"twitter:data1\" content=\"8 minutos\" \/>\n<script type=\"application\/ld+json\" class=\"yoast-schema-graph\">{\"@context\":\"https:\/\/schema.org\",\"@graph\":[{\"@type\":\"WebPage\",\"@id\":\"https:\/\/www.jibble.io\/pt-br\/controle-presenca-escritorios\",\"url\":\"https:\/\/www.jibble.io\/pt-br\/controle-presenca-escritorios\",\"name\":\"Software de Controle de Presen\u00e7a para Escrit\u00f3rios 100% GR\u00c1TIS\",\"isPartOf\":{\"@id\":\"https:\/\/www.jibble.io\/pt-br#website\"},\"datePublished\":\"2025-03-17T06:21:04+00:00\",\"dateModified\":\"2025-08-20T20:55:28+00:00\",\"description\":\"Controle o tempo, monitore atividades e gerencie projetos com o app de presen\u00e7a do Jibble para escrit\u00f3rios. Gr\u00e1tis, usu\u00e1rios ilimitados.\",\"inLanguage\":\"pt-BR\",\"potentialAction\":[{\"@type\":\"ReadAction\",\"target\":[\"https:\/\/www.jibble.io\/pt-br\/controle-presenca-escritorios\"]}]},{\"@type\":\"WebSite\",\"@id\":\"https:\/\/www.jibble.io\/pt-br#website\",\"url\":\"https:\/\/www.jibble.io\/pt-br\",\"name\":\"Jibble\",\"description\":\"Meet the new standard in time tracking software\",\"publisher\":{\"@id\":\"https:\/\/www.jibble.io\/pt-br#organization\"},\"potentialAction\":[{\"@type\":\"SearchAction\",\"target\":{\"@type\":\"EntryPoint\",\"urlTemplate\":\"https:\/\/www.jibble.io\/pt-br?s={search_term_string}\"},\"query-input\":{\"@type\":\"PropertyValueSpecification\",\"valueRequired\":true,\"valueName\":\"search_term_string\"}}],\"inLanguage\":\"pt-BR\"},{\"@type\":\"Organization\",\"@id\":\"https:\/\/www.jibble.io\/pt-br#organization\",\"name\":\"Jibble\",\"url\":\"https:\/\/www.jibble.io\/pt-br\",\"logo\":{\"@type\":\"ImageObject\",\"inLanguage\":\"pt-BR\",\"@id\":\"https:\/\/www.jibble.io\/pt-br#\/schema\/logo\/image\/\",\"url\":\"https:\/\/www.jibble.io\/wp-content\/uploads\/2022\/05\/Original-copy-923x1024.png\",\"contentUrl\":\"https:\/\/www.jibble.io\/wp-content\/uploads\/2022\/05\/Original-copy-923x1024.png\",\"width\":\"923\",\"height\":\"1024\",\"caption\":\"Jibble\"},\"image\":{\"@id\":\"https:\/\/www.jibble.io\/pt-br#\/schema\/logo\/image\/\"},\"sameAs\":[\"https:\/\/www.linkedin.com\/company\/jibble\/\"]}]}<\/script>\n<!-- \/ Yoast SEO Premium plugin. -->","yoast_head_json":{"title":"Software de Controle de Presen\u00e7a para Escrit\u00f3rios 100% GR\u00c1TIS","description":"Controle o tempo, monitore atividades e gerencie projetos com o app de presen\u00e7a do Jibble para escrit\u00f3rios. Gr\u00e1tis, usu\u00e1rios ilimitados.","robots":{"index":"index","follow":"follow","max-snippet":"max-snippet:-1","max-image-preview":"max-image-preview:large","max-video-preview":"max-video-preview:-1"},"canonical":"https:\/\/www.jibble.io\/pt-br\/controle-presenca-escritorios","og_locale":"pt_BR","og_type":"article","og_title":"Software de Controle de Presen\u00e7a para Escrit\u00f3rios 100% GR\u00c1TIS","og_description":"Controle o tempo, monitore atividades e gerencie projetos com o app de presen\u00e7a do Jibble para escrit\u00f3rios. Gr\u00e1tis, usu\u00e1rios ilimitados.","og_url":"https:\/\/www.jibble.io\/pt-br\/controle-presenca-escritorios","og_site_name":"Jibble","article_modified_time":"2025-08-20T20:55:28+00:00","twitter_card":"summary_large_image","twitter_misc":{"Est. tempo de leitura":"8 minutos"},"schema":{"@context":"https:\/\/schema.org","@graph":[{"@type":"WebPage","@id":"https:\/\/www.jibble.io\/pt-br\/controle-presenca-escritorios","url":"https:\/\/www.jibble.io\/pt-br\/controle-presenca-escritorios","name":"Software de Controle de Presen\u00e7a para Escrit\u00f3rios 100% GR\u00c1TIS","isPartOf":{"@id":"https:\/\/www.jibble.io\/pt-br#website"},"datePublished":"2025-03-17T06:21:04+00:00","dateModified":"2025-08-20T20:55:28+00:00","description":"Controle o tempo, monitore atividades e gerencie projetos com o app de presen\u00e7a do Jibble para escrit\u00f3rios. Gr\u00e1tis, usu\u00e1rios ilimitados.","inLanguage":"pt-BR","potentialAction":[{"@type":"ReadAction","target":["https:\/\/www.jibble.io\/pt-br\/controle-presenca-escritorios"]}]},{"@type":"WebSite","@id":"https:\/\/www.jibble.io\/pt-br#website","url":"https:\/\/www.jibble.io\/pt-br","name":"Jibble","description":"Meet the new standard in time tracking software","publisher":{"@id":"https:\/\/www.jibble.io\/pt-br#organization"},"potentialAction":[{"@type":"SearchAction","target":{"@type":"EntryPoint","urlTemplate":"https:\/\/www.jibble.io\/pt-br?s={search_term_string}"},"query-input":{"@type":"PropertyValueSpecification","valueRequired":true,"valueName":"search_term_string"}}],"inLanguage":"pt-BR"},{"@type":"Organization","@id":"https:\/\/www.jibble.io\/pt-br#organization","name":"Jibble","url":"https:\/\/www.jibble.io\/pt-br","logo":{"@type":"ImageObject","inLanguage":"pt-BR","@id":"https:\/\/www.jibble.io\/pt-br#\/schema\/logo\/image\/","url":"https:\/\/www.jibble.io\/wp-content\/uploads\/2022\/05\/Original-copy-923x1024.png","contentUrl":"https:\/\/www.jibble.io\/wp-content\/uploads\/2022\/05\/Original-copy-923x1024.png","width":"923","height":"1024","caption":"Jibble"},"image":{"@id":"https:\/\/www.jibble.io\/pt-br#\/schema\/logo\/image\/"},"sameAs":["https:\/\/www.linkedin.com\/company\/jibble\/"]}]}},"_links":{"self":[{"href":"https:\/\/www.jibble.io\/pt-br\/wp-json\/wp\/v2\/pages\/245442","targetHints":{"allow":["GET"]}}],"collection":[{"href":"https:\/\/www.jibble.io\/pt-br\/wp-json\/wp\/v2\/pages"}],"about":[{"href":"https:\/\/www.jibble.io\/pt-br\/wp-json\/wp\/v2\/types\/page"}],"author":[{"embeddable":true,"href":"https:\/\/www.jibble.io\/pt-br\/wp-json\/wp\/v2\/users\/56"}],"replies":[{"embeddable":true,"href":"https:\/\/www.jibble.io\/pt-br\/wp-json\/wp\/v2\/comments?post=245442"}],"version-history":[{"count":3,"href":"https:\/\/www.jibble.io\/pt-br\/wp-json\/wp\/v2\/pages\/245442\/revisions"}],"predecessor-version":[{"id":313189,"href":"https:\/\/www.jibble.io\/pt-br\/wp-json\/wp\/v2\/pages\/245442\/revisions\/313189"}],"wp:attachment":[{"href":"https:\/\/www.jibble.io\/pt-br\/wp-json\/wp\/v2\/media?parent=245442"}],"curies":[{"name":"wp","href":"https:\/\/api.w.org\/{rel}","templated":true}]}}