{"id":151706,"date":"2023-07-26T05:57:16","date_gmt":"2023-07-26T04:57:16","guid":{"rendered":"https:\/\/www.jibble.io\/time-clock-kiosk-app"},"modified":"2025-09-23T21:43:51","modified_gmt":"2025-09-23T20:43:51","slug":"app-quiosque-registro-ponto","status":"publish","type":"page","link":"https:\/\/www.jibble.io\/pt-br\/app-quiosque-registro-ponto","title":{"rendered":"App de Quiosque de Registro de Ponto"},"content":{"rendered":"","protected":false},"excerpt":{"rendered":"","protected":false},"author":56,"featured_media":0,"parent":0,"menu_order":0,"comment_status":"closed","ping_status":"closed","template":"template-feature-new-youtube.php","meta":{"_acf_changed":false,"footnotes":""},"class_list":["post-151706","page","type-page","status-publish","hentry"],"acf":[],"yoast_head":"<!-- This site is optimized with the Yoast SEO Premium plugin v26.8 (Yoast SEO v26.8) - https:\/\/yoast.com\/product\/yoast-seo-premium-wordpress\/ -->\n<title>App de Quiosque de Registro de Ponto 100% GR\u00c1TIS | Jibble\u2122<\/title>\n<meta name=\"description\" content=\"Simplifique os registros de entrada e sa\u00edda dos funcion\u00e1rios e obtenha insights valiosos com um quiosque de registro de ponto. Gr\u00e1tis.\" \/>\n<meta name=\"robots\" content=\"index, follow, max-snippet:-1, max-image-preview:large, max-video-preview:-1\" \/>\n<link rel=\"canonical\" href=\"https:\/\/www.jibble.io\/pt-br\/app-quiosque-registro-ponto\" \/>\n<meta property=\"og:locale\" content=\"pt_BR\" \/>\n<meta property=\"og:type\" content=\"article\" \/>\n<meta property=\"og:title\" content=\"App de Quiosque de Registro de Ponto 100% GR\u00c1TIS | Jibble\u2122\" \/>\n<meta property=\"og:description\" content=\"Simplifique os registros de entrada e sa\u00edda dos funcion\u00e1rios e obtenha insights valiosos com um quiosque de registro de ponto. Gr\u00e1tis.\" \/>\n<meta property=\"og:url\" content=\"https:\/\/www.jibble.io\/pt-br\/app-quiosque-registro-ponto\" \/>\n<meta property=\"og:site_name\" content=\"Jibble\" \/>\n<meta property=\"article:modified_time\" content=\"2025-09-23T20:43:51+00:00\" \/>\n<meta name=\"twitter:card\" content=\"summary_large_image\" \/>\n<meta name=\"twitter:label1\" content=\"Est. tempo de leitura\" \/>\n\t<meta name=\"twitter:data1\" content=\"11 minutos\" \/>\n<script type=\"application\/ld+json\" class=\"yoast-schema-graph\">{\"@context\":\"https:\/\/schema.org\",\"@graph\":[{\"@type\":\"WebPage\",\"@id\":\"https:\/\/www.jibble.io\/pt-br\/app-quiosque-registro-ponto\",\"url\":\"https:\/\/www.jibble.io\/pt-br\/app-quiosque-registro-ponto\",\"name\":\"App de Quiosque de Registro de Ponto 100% GR\u00c1TIS | Jibble\u2122\",\"isPartOf\":{\"@id\":\"https:\/\/www.jibble.io\/pt-br#website\"},\"datePublished\":\"2023-07-26T04:57:16+00:00\",\"dateModified\":\"2025-09-23T20:43:51+00:00\",\"description\":\"Simplifique os registros de entrada e sa\u00edda dos funcion\u00e1rios e obtenha insights valiosos com um quiosque de registro de ponto. Gr\u00e1tis.\",\"inLanguage\":\"pt-BR\",\"potentialAction\":[{\"@type\":\"ReadAction\",\"target\":[\"https:\/\/www.jibble.io\/pt-br\/app-quiosque-registro-ponto\"]}]},{\"@type\":\"WebSite\",\"@id\":\"https:\/\/www.jibble.io\/pt-br#website\",\"url\":\"https:\/\/www.jibble.io\/pt-br\",\"name\":\"Jibble\",\"description\":\"Meet the new standard in time tracking software\",\"publisher\":{\"@id\":\"https:\/\/www.jibble.io\/pt-br#organization\"},\"potentialAction\":[{\"@type\":\"SearchAction\",\"target\":{\"@type\":\"EntryPoint\",\"urlTemplate\":\"https:\/\/www.jibble.io\/pt-br?s={search_term_string}\"},\"query-input\":{\"@type\":\"PropertyValueSpecification\",\"valueRequired\":true,\"valueName\":\"search_term_string\"}}],\"inLanguage\":\"pt-BR\"},{\"@type\":\"Organization\",\"@id\":\"https:\/\/www.jibble.io\/pt-br#organization\",\"name\":\"Jibble\",\"url\":\"https:\/\/www.jibble.io\/pt-br\",\"logo\":{\"@type\":\"ImageObject\",\"inLanguage\":\"pt-BR\",\"@id\":\"https:\/\/www.jibble.io\/pt-br#\/schema\/logo\/image\/\",\"url\":\"https:\/\/www.jibble.io\/wp-content\/uploads\/2022\/05\/Original-copy-923x1024.png\",\"contentUrl\":\"https:\/\/www.jibble.io\/wp-content\/uploads\/2022\/05\/Original-copy-923x1024.png\",\"width\":\"923\",\"height\":\"1024\",\"caption\":\"Jibble\"},\"image\":{\"@id\":\"https:\/\/www.jibble.io\/pt-br#\/schema\/logo\/image\/\"},\"sameAs\":[\"https:\/\/www.linkedin.com\/company\/jibble\/\"]}]}<\/script>\n<!-- \/ Yoast SEO Premium plugin. -->","yoast_head_json":{"title":"App de Quiosque de Registro de Ponto 100% GR\u00c1TIS | Jibble\u2122","description":"Simplifique os registros de entrada e sa\u00edda dos funcion\u00e1rios e obtenha insights valiosos com um quiosque de registro de ponto. Gr\u00e1tis.","robots":{"index":"index","follow":"follow","max-snippet":"max-snippet:-1","max-image-preview":"max-image-preview:large","max-video-preview":"max-video-preview:-1"},"canonical":"https:\/\/www.jibble.io\/pt-br\/app-quiosque-registro-ponto","og_locale":"pt_BR","og_type":"article","og_title":"App de Quiosque de Registro de Ponto 100% GR\u00c1TIS | Jibble\u2122","og_description":"Simplifique os registros de entrada e sa\u00edda dos funcion\u00e1rios e obtenha insights valiosos com um quiosque de registro de ponto. Gr\u00e1tis.","og_url":"https:\/\/www.jibble.io\/pt-br\/app-quiosque-registro-ponto","og_site_name":"Jibble","article_modified_time":"2025-09-23T20:43:51+00:00","twitter_card":"summary_large_image","twitter_misc":{"Est. tempo de leitura":"11 minutos"},"schema":{"@context":"https:\/\/schema.org","@graph":[{"@type":"WebPage","@id":"https:\/\/www.jibble.io\/pt-br\/app-quiosque-registro-ponto","url":"https:\/\/www.jibble.io\/pt-br\/app-quiosque-registro-ponto","name":"App de Quiosque de Registro de Ponto 100% GR\u00c1TIS | Jibble\u2122","isPartOf":{"@id":"https:\/\/www.jibble.io\/pt-br#website"},"datePublished":"2023-07-26T04:57:16+00:00","dateModified":"2025-09-23T20:43:51+00:00","description":"Simplifique os registros de entrada e sa\u00edda dos funcion\u00e1rios e obtenha insights valiosos com um quiosque de registro de ponto. Gr\u00e1tis.","inLanguage":"pt-BR","potentialAction":[{"@type":"ReadAction","target":["https:\/\/www.jibble.io\/pt-br\/app-quiosque-registro-ponto"]}]},{"@type":"WebSite","@id":"https:\/\/www.jibble.io\/pt-br#website","url":"https:\/\/www.jibble.io\/pt-br","name":"Jibble","description":"Meet the new standard in time tracking software","publisher":{"@id":"https:\/\/www.jibble.io\/pt-br#organization"},"potentialAction":[{"@type":"SearchAction","target":{"@type":"EntryPoint","urlTemplate":"https:\/\/www.jibble.io\/pt-br?s={search_term_string}"},"query-input":{"@type":"PropertyValueSpecification","valueRequired":true,"valueName":"search_term_string"}}],"inLanguage":"pt-BR"},{"@type":"Organization","@id":"https:\/\/www.jibble.io\/pt-br#organization","name":"Jibble","url":"https:\/\/www.jibble.io\/pt-br","logo":{"@type":"ImageObject","inLanguage":"pt-BR","@id":"https:\/\/www.jibble.io\/pt-br#\/schema\/logo\/image\/","url":"https:\/\/www.jibble.io\/wp-content\/uploads\/2022\/05\/Original-copy-923x1024.png","contentUrl":"https:\/\/www.jibble.io\/wp-content\/uploads\/2022\/05\/Original-copy-923x1024.png","width":"923","height":"1024","caption":"Jibble"},"image":{"@id":"https:\/\/www.jibble.io\/pt-br#\/schema\/logo\/image\/"},"sameAs":["https:\/\/www.linkedin.com\/company\/jibble\/"]}]}},"_links":{"self":[{"href":"https:\/\/www.jibble.io\/pt-br\/wp-json\/wp\/v2\/pages\/151706","targetHints":{"allow":["GET"]}}],"collection":[{"href":"https:\/\/www.jibble.io\/pt-br\/wp-json\/wp\/v2\/pages"}],"about":[{"href":"https:\/\/www.jibble.io\/pt-br\/wp-json\/wp\/v2\/types\/page"}],"author":[{"embeddable":true,"href":"https:\/\/www.jibble.io\/pt-br\/wp-json\/wp\/v2\/users\/56"}],"replies":[{"embeddable":true,"href":"https:\/\/www.jibble.io\/pt-br\/wp-json\/wp\/v2\/comments?post=151706"}],"version-history":[{"count":3,"href":"https:\/\/www.jibble.io\/pt-br\/wp-json\/wp\/v2\/pages\/151706\/revisions"}],"predecessor-version":[{"id":327731,"href":"https:\/\/www.jibble.io\/pt-br\/wp-json\/wp\/v2\/pages\/151706\/revisions\/327731"}],"wp:attachment":[{"href":"https:\/\/www.jibble.io\/pt-br\/wp-json\/wp\/v2\/media?parent=151706"}],"curies":[{"name":"wp","href":"https:\/\/api.w.org\/{rel}","templated":true}]}}