{"id":385405,"date":"2025-10-28T11:39:52","date_gmt":"2025-10-28T11:39:52","guid":{"rendered":"https:\/\/www.jibble.io\/?page_id=385405"},"modified":"2026-03-18T10:48:20","modified_gmt":"2026-03-18T10:48:20","slug":"najlepszy-program-rejestracji-czasu-pracy-forbes","status":"publish","type":"page","link":"https:\/\/www.jibble.io\/pl\/najlepszy-program-rejestracji-czasu-pracy-forbes","title":{"rendered":"Jibble najlepszym programem do rejestracji czasu pracy 2025 wed\u0142ug Forbes Advisor"},"content":{"rendered":"","protected":false},"excerpt":{"rendered":"","protected":false},"author":34,"featured_media":0,"parent":0,"menu_order":0,"comment_status":"closed","ping_status":"closed","template":"simple-content-template.php","meta":{"_acf_changed":false,"footnotes":""},"class_list":["post-385405","page","type-page","status-publish","hentry"],"acf":[],"yoast_head":"<!-- This site is optimized with the Yoast SEO Premium plugin v26.8 (Yoast SEO v26.8) - https:\/\/yoast.com\/product\/yoast-seo-premium-wordpress\/ -->\n<title>Jibble najlepszym programem do rejestracji czasu Forbesa<\/title>\n<meta name=\"description\" content=\"Forbes Advisor og\u0142osi\u0142 Jibble jako najlepsze rozwi\u0105zanie do rejestracji czasu klasy enterprise, dost\u0119pne bezp\u0142atnie dla wi\u0119kszo\u015bci firm.\" \/>\n<meta name=\"robots\" content=\"index, follow, max-snippet:-1, max-image-preview:large, max-video-preview:-1\" \/>\n<link rel=\"canonical\" href=\"https:\/\/www.jibble.io\/pl\/najlepszy-program-rejestracji-czasu-pracy-forbes\" \/>\n<meta property=\"og:locale\" content=\"pl_PL\" \/>\n<meta property=\"og:type\" content=\"article\" \/>\n<meta property=\"og:title\" content=\"Jibble najlepszym programem do rejestracji czasu Forbesa\" \/>\n<meta property=\"og:description\" content=\"Forbes Advisor og\u0142osi\u0142 Jibble jako najlepsze rozwi\u0105zanie do rejestracji czasu klasy enterprise, dost\u0119pne bezp\u0142atnie dla wi\u0119kszo\u015bci firm.\" \/>\n<meta property=\"og:url\" content=\"https:\/\/www.jibble.io\/pl\/najlepszy-program-rejestracji-czasu-pracy-forbes\" \/>\n<meta property=\"og:site_name\" content=\"Jibble\" \/>\n<meta property=\"article:modified_time\" content=\"2026-03-18T10:48:20+00:00\" \/>\n<meta name=\"twitter:card\" content=\"summary_large_image\" \/>\n<meta name=\"twitter:label1\" content=\"Szacowany czas czytania\" \/>\n\t<meta name=\"twitter:data1\" content=\"8 minut\" \/>\n<script type=\"application\/ld+json\" class=\"yoast-schema-graph\">{\"@context\":\"https:\/\/schema.org\",\"@graph\":[{\"@type\":\"WebPage\",\"@id\":\"https:\/\/www.jibble.io\/pl\/najlepszy-program-rejestracji-czasu-pracy-forbes\",\"url\":\"https:\/\/www.jibble.io\/pl\/najlepszy-program-rejestracji-czasu-pracy-forbes\",\"name\":\"Jibble najlepszym programem do rejestracji czasu Forbesa\",\"isPartOf\":{\"@id\":\"https:\/\/www.jibble.io\/pl#website\"},\"datePublished\":\"2025-10-28T11:39:52+00:00\",\"dateModified\":\"2026-03-18T10:48:20+00:00\",\"description\":\"Forbes Advisor og\u0142osi\u0142 Jibble jako najlepsze rozwi\u0105zanie do rejestracji czasu klasy enterprise, dost\u0119pne bezp\u0142atnie dla wi\u0119kszo\u015bci firm.\",\"inLanguage\":\"pl-PL\",\"potentialAction\":[{\"@type\":\"ReadAction\",\"target\":[\"https:\/\/www.jibble.io\/pl\/najlepszy-program-rejestracji-czasu-pracy-forbes\"]}]},{\"@type\":\"WebSite\",\"@id\":\"https:\/\/www.jibble.io\/pl#website\",\"url\":\"https:\/\/www.jibble.io\/pl\",\"name\":\"Jibble\",\"description\":\"Meet the new standard in time tracking software\",\"publisher\":{\"@id\":\"https:\/\/www.jibble.io\/pl#organization\"},\"potentialAction\":[{\"@type\":\"SearchAction\",\"target\":{\"@type\":\"EntryPoint\",\"urlTemplate\":\"https:\/\/www.jibble.io\/pl?s={search_term_string}\"},\"query-input\":{\"@type\":\"PropertyValueSpecification\",\"valueRequired\":true,\"valueName\":\"search_term_string\"}}],\"inLanguage\":\"pl-PL\"},{\"@type\":\"Organization\",\"@id\":\"https:\/\/www.jibble.io\/pl#organization\",\"name\":\"Jibble\",\"url\":\"https:\/\/www.jibble.io\/pl\",\"logo\":{\"@type\":\"ImageObject\",\"inLanguage\":\"pl-PL\",\"@id\":\"https:\/\/www.jibble.io\/pl#\/schema\/logo\/image\/\",\"url\":\"https:\/\/www.jibble.io\/wp-content\/uploads\/2022\/05\/Original-copy-923x1024.png\",\"contentUrl\":\"https:\/\/www.jibble.io\/wp-content\/uploads\/2022\/05\/Original-copy-923x1024.png\",\"width\":\"923\",\"height\":\"1024\",\"caption\":\"Jibble\"},\"image\":{\"@id\":\"https:\/\/www.jibble.io\/pl#\/schema\/logo\/image\/\"},\"sameAs\":[\"https:\/\/www.linkedin.com\/company\/jibble\/\"]}]}<\/script>\n<!-- \/ Yoast SEO Premium plugin. -->","yoast_head_json":{"title":"Jibble najlepszym programem do rejestracji czasu Forbesa","description":"Forbes Advisor og\u0142osi\u0142 Jibble jako najlepsze rozwi\u0105zanie do rejestracji czasu klasy enterprise, dost\u0119pne bezp\u0142atnie dla wi\u0119kszo\u015bci firm.","robots":{"index":"index","follow":"follow","max-snippet":"max-snippet:-1","max-image-preview":"max-image-preview:large","max-video-preview":"max-video-preview:-1"},"canonical":"https:\/\/www.jibble.io\/pl\/najlepszy-program-rejestracji-czasu-pracy-forbes","og_locale":"pl_PL","og_type":"article","og_title":"Jibble najlepszym programem do rejestracji czasu Forbesa","og_description":"Forbes Advisor og\u0142osi\u0142 Jibble jako najlepsze rozwi\u0105zanie do rejestracji czasu klasy enterprise, dost\u0119pne bezp\u0142atnie dla wi\u0119kszo\u015bci firm.","og_url":"https:\/\/www.jibble.io\/pl\/najlepszy-program-rejestracji-czasu-pracy-forbes","og_site_name":"Jibble","article_modified_time":"2026-03-18T10:48:20+00:00","twitter_card":"summary_large_image","twitter_misc":{"Szacowany czas czytania":"8 minut"},"schema":{"@context":"https:\/\/schema.org","@graph":[{"@type":"WebPage","@id":"https:\/\/www.jibble.io\/pl\/najlepszy-program-rejestracji-czasu-pracy-forbes","url":"https:\/\/www.jibble.io\/pl\/najlepszy-program-rejestracji-czasu-pracy-forbes","name":"Jibble najlepszym programem do rejestracji czasu Forbesa","isPartOf":{"@id":"https:\/\/www.jibble.io\/pl#website"},"datePublished":"2025-10-28T11:39:52+00:00","dateModified":"2026-03-18T10:48:20+00:00","description":"Forbes Advisor og\u0142osi\u0142 Jibble jako najlepsze rozwi\u0105zanie do rejestracji czasu klasy enterprise, dost\u0119pne bezp\u0142atnie dla wi\u0119kszo\u015bci firm.","inLanguage":"pl-PL","potentialAction":[{"@type":"ReadAction","target":["https:\/\/www.jibble.io\/pl\/najlepszy-program-rejestracji-czasu-pracy-forbes"]}]},{"@type":"WebSite","@id":"https:\/\/www.jibble.io\/pl#website","url":"https:\/\/www.jibble.io\/pl","name":"Jibble","description":"Meet the new standard in time tracking software","publisher":{"@id":"https:\/\/www.jibble.io\/pl#organization"},"potentialAction":[{"@type":"SearchAction","target":{"@type":"EntryPoint","urlTemplate":"https:\/\/www.jibble.io\/pl?s={search_term_string}"},"query-input":{"@type":"PropertyValueSpecification","valueRequired":true,"valueName":"search_term_string"}}],"inLanguage":"pl-PL"},{"@type":"Organization","@id":"https:\/\/www.jibble.io\/pl#organization","name":"Jibble","url":"https:\/\/www.jibble.io\/pl","logo":{"@type":"ImageObject","inLanguage":"pl-PL","@id":"https:\/\/www.jibble.io\/pl#\/schema\/logo\/image\/","url":"https:\/\/www.jibble.io\/wp-content\/uploads\/2022\/05\/Original-copy-923x1024.png","contentUrl":"https:\/\/www.jibble.io\/wp-content\/uploads\/2022\/05\/Original-copy-923x1024.png","width":"923","height":"1024","caption":"Jibble"},"image":{"@id":"https:\/\/www.jibble.io\/pl#\/schema\/logo\/image\/"},"sameAs":["https:\/\/www.linkedin.com\/company\/jibble\/"]}]}},"_links":{"self":[{"href":"https:\/\/www.jibble.io\/pl\/wp-json\/wp\/v2\/pages\/385405","targetHints":{"allow":["GET"]}}],"collection":[{"href":"https:\/\/www.jibble.io\/pl\/wp-json\/wp\/v2\/pages"}],"about":[{"href":"https:\/\/www.jibble.io\/pl\/wp-json\/wp\/v2\/types\/page"}],"author":[{"embeddable":true,"href":"https:\/\/www.jibble.io\/pl\/wp-json\/wp\/v2\/users\/34"}],"replies":[{"embeddable":true,"href":"https:\/\/www.jibble.io\/pl\/wp-json\/wp\/v2\/comments?post=385405"}],"version-history":[{"count":3,"href":"https:\/\/www.jibble.io\/pl\/wp-json\/wp\/v2\/pages\/385405\/revisions"}],"predecessor-version":[{"id":389958,"href":"https:\/\/www.jibble.io\/pl\/wp-json\/wp\/v2\/pages\/385405\/revisions\/389958"}],"wp:attachment":[{"href":"https:\/\/www.jibble.io\/pl\/wp-json\/wp\/v2\/media?parent=385405"}],"curies":[{"name":"wp","href":"https:\/\/api.w.org\/{rel}","templated":true}]}}