{"id":342592,"date":"2023-12-18T10:35:06","date_gmt":"2023-12-18T10:35:06","guid":{"rendered":"https:\/\/www.jibble.io\/?page_id=342592"},"modified":"2025-11-24T14:59:45","modified_gmt":"2025-11-24T14:59:45","slug":"aplikacja-do-rejestracji-czasu-pracy-w-xero","status":"publish","type":"page","link":"https:\/\/www.jibble.io\/pl\/aplikacja-do-rejestracji-czasu-pracy-w-xero","title":{"rendered":"Aplikacja do rejestracji czasu pracy w Xero"},"content":{"rendered":"","protected":false},"excerpt":{"rendered":"","protected":false},"author":56,"featured_media":0,"parent":0,"menu_order":0,"comment_status":"closed","ping_status":"closed","template":"template-feature-new-youtube.php","meta":{"_acf_changed":false,"footnotes":""},"class_list":["post-342592","page","type-page","status-publish","hentry"],"acf":[],"yoast_head":"<!-- This site is optimized with the Yoast SEO Premium plugin v26.8 (Yoast SEO v26.8) - https:\/\/yoast.com\/product\/yoast-seo-premium-wordpress\/ -->\n<title>Aplikacja do rejestracji czasu pracy w Xero w 100% ZA DARMO<\/title>\n<meta name=\"description\" content=\"\u0141atwa w obs\u0142udze aplikacja do rejestracji czasu pracy w Xero usprawnia ewidencj\u0119 godzin pracy pracownik\u00f3w. Bez op\u0142at na zawsze.\" \/>\n<meta name=\"robots\" content=\"index, follow, max-snippet:-1, max-image-preview:large, max-video-preview:-1\" \/>\n<link rel=\"canonical\" href=\"https:\/\/www.jibble.io\/pl\/aplikacja-do-rejestracji-czasu-pracy-w-xero\" \/>\n<meta property=\"og:locale\" content=\"pl_PL\" \/>\n<meta property=\"og:type\" content=\"article\" \/>\n<meta property=\"og:title\" content=\"Aplikacja do rejestracji czasu pracy w Xero w 100% ZA DARMO\" \/>\n<meta property=\"og:description\" content=\"\u0141atwa w obs\u0142udze aplikacja do rejestracji czasu pracy w Xero usprawnia ewidencj\u0119 godzin pracy pracownik\u00f3w. Bez op\u0142at na zawsze.\" \/>\n<meta property=\"og:url\" content=\"https:\/\/www.jibble.io\/pl\/aplikacja-do-rejestracji-czasu-pracy-w-xero\" \/>\n<meta property=\"og:site_name\" content=\"Jibble\" \/>\n<meta property=\"article:modified_time\" content=\"2025-11-24T14:59:45+00:00\" \/>\n<meta name=\"twitter:card\" content=\"summary_large_image\" \/>\n<meta name=\"twitter:label1\" content=\"Szacowany czas czytania\" \/>\n\t<meta name=\"twitter:data1\" content=\"6 minut\" \/>\n<script type=\"application\/ld+json\" class=\"yoast-schema-graph\">{\"@context\":\"https:\/\/schema.org\",\"@graph\":[{\"@type\":\"WebPage\",\"@id\":\"https:\/\/www.jibble.io\/pl\/aplikacja-do-rejestracji-czasu-pracy-w-xero\",\"url\":\"https:\/\/www.jibble.io\/pl\/aplikacja-do-rejestracji-czasu-pracy-w-xero\",\"name\":\"Aplikacja do rejestracji czasu pracy w Xero w 100% ZA DARMO\",\"isPartOf\":{\"@id\":\"https:\/\/www.jibble.io\/pl#website\"},\"datePublished\":\"2023-12-18T10:35:06+00:00\",\"dateModified\":\"2025-11-24T14:59:45+00:00\",\"description\":\"\u0141atwa w obs\u0142udze aplikacja do rejestracji czasu pracy w Xero usprawnia ewidencj\u0119 godzin pracy pracownik\u00f3w. Bez op\u0142at na zawsze.\",\"inLanguage\":\"pl-PL\",\"potentialAction\":[{\"@type\":\"ReadAction\",\"target\":[\"https:\/\/www.jibble.io\/pl\/aplikacja-do-rejestracji-czasu-pracy-w-xero\"]}]},{\"@type\":\"WebSite\",\"@id\":\"https:\/\/www.jibble.io\/pl#website\",\"url\":\"https:\/\/www.jibble.io\/pl\",\"name\":\"Jibble\",\"description\":\"Meet the new standard in time tracking software\",\"publisher\":{\"@id\":\"https:\/\/www.jibble.io\/pl#organization\"},\"potentialAction\":[{\"@type\":\"SearchAction\",\"target\":{\"@type\":\"EntryPoint\",\"urlTemplate\":\"https:\/\/www.jibble.io\/pl?s={search_term_string}\"},\"query-input\":{\"@type\":\"PropertyValueSpecification\",\"valueRequired\":true,\"valueName\":\"search_term_string\"}}],\"inLanguage\":\"pl-PL\"},{\"@type\":\"Organization\",\"@id\":\"https:\/\/www.jibble.io\/pl#organization\",\"name\":\"Jibble\",\"url\":\"https:\/\/www.jibble.io\/pl\",\"logo\":{\"@type\":\"ImageObject\",\"inLanguage\":\"pl-PL\",\"@id\":\"https:\/\/www.jibble.io\/pl#\/schema\/logo\/image\/\",\"url\":\"https:\/\/www.jibble.io\/wp-content\/uploads\/2022\/05\/Original-copy-923x1024.png\",\"contentUrl\":\"https:\/\/www.jibble.io\/wp-content\/uploads\/2022\/05\/Original-copy-923x1024.png\",\"width\":\"923\",\"height\":\"1024\",\"caption\":\"Jibble\"},\"image\":{\"@id\":\"https:\/\/www.jibble.io\/pl#\/schema\/logo\/image\/\"},\"sameAs\":[\"https:\/\/www.linkedin.com\/company\/jibble\/\"]}]}<\/script>\n<!-- \/ Yoast SEO Premium plugin. -->","yoast_head_json":{"title":"Aplikacja do rejestracji czasu pracy w Xero w 100% ZA DARMO","description":"\u0141atwa w obs\u0142udze aplikacja do rejestracji czasu pracy w Xero usprawnia ewidencj\u0119 godzin pracy pracownik\u00f3w. Bez op\u0142at na zawsze.","robots":{"index":"index","follow":"follow","max-snippet":"max-snippet:-1","max-image-preview":"max-image-preview:large","max-video-preview":"max-video-preview:-1"},"canonical":"https:\/\/www.jibble.io\/pl\/aplikacja-do-rejestracji-czasu-pracy-w-xero","og_locale":"pl_PL","og_type":"article","og_title":"Aplikacja do rejestracji czasu pracy w Xero w 100% ZA DARMO","og_description":"\u0141atwa w obs\u0142udze aplikacja do rejestracji czasu pracy w Xero usprawnia ewidencj\u0119 godzin pracy pracownik\u00f3w. Bez op\u0142at na zawsze.","og_url":"https:\/\/www.jibble.io\/pl\/aplikacja-do-rejestracji-czasu-pracy-w-xero","og_site_name":"Jibble","article_modified_time":"2025-11-24T14:59:45+00:00","twitter_card":"summary_large_image","twitter_misc":{"Szacowany czas czytania":"6 minut"},"schema":{"@context":"https:\/\/schema.org","@graph":[{"@type":"WebPage","@id":"https:\/\/www.jibble.io\/pl\/aplikacja-do-rejestracji-czasu-pracy-w-xero","url":"https:\/\/www.jibble.io\/pl\/aplikacja-do-rejestracji-czasu-pracy-w-xero","name":"Aplikacja do rejestracji czasu pracy w Xero w 100% ZA DARMO","isPartOf":{"@id":"https:\/\/www.jibble.io\/pl#website"},"datePublished":"2023-12-18T10:35:06+00:00","dateModified":"2025-11-24T14:59:45+00:00","description":"\u0141atwa w obs\u0142udze aplikacja do rejestracji czasu pracy w Xero usprawnia ewidencj\u0119 godzin pracy pracownik\u00f3w. Bez op\u0142at na zawsze.","inLanguage":"pl-PL","potentialAction":[{"@type":"ReadAction","target":["https:\/\/www.jibble.io\/pl\/aplikacja-do-rejestracji-czasu-pracy-w-xero"]}]},{"@type":"WebSite","@id":"https:\/\/www.jibble.io\/pl#website","url":"https:\/\/www.jibble.io\/pl","name":"Jibble","description":"Meet the new standard in time tracking software","publisher":{"@id":"https:\/\/www.jibble.io\/pl#organization"},"potentialAction":[{"@type":"SearchAction","target":{"@type":"EntryPoint","urlTemplate":"https:\/\/www.jibble.io\/pl?s={search_term_string}"},"query-input":{"@type":"PropertyValueSpecification","valueRequired":true,"valueName":"search_term_string"}}],"inLanguage":"pl-PL"},{"@type":"Organization","@id":"https:\/\/www.jibble.io\/pl#organization","name":"Jibble","url":"https:\/\/www.jibble.io\/pl","logo":{"@type":"ImageObject","inLanguage":"pl-PL","@id":"https:\/\/www.jibble.io\/pl#\/schema\/logo\/image\/","url":"https:\/\/www.jibble.io\/wp-content\/uploads\/2022\/05\/Original-copy-923x1024.png","contentUrl":"https:\/\/www.jibble.io\/wp-content\/uploads\/2022\/05\/Original-copy-923x1024.png","width":"923","height":"1024","caption":"Jibble"},"image":{"@id":"https:\/\/www.jibble.io\/pl#\/schema\/logo\/image\/"},"sameAs":["https:\/\/www.linkedin.com\/company\/jibble\/"]}]}},"_links":{"self":[{"href":"https:\/\/www.jibble.io\/pl\/wp-json\/wp\/v2\/pages\/342592","targetHints":{"allow":["GET"]}}],"collection":[{"href":"https:\/\/www.jibble.io\/pl\/wp-json\/wp\/v2\/pages"}],"about":[{"href":"https:\/\/www.jibble.io\/pl\/wp-json\/wp\/v2\/types\/page"}],"author":[{"embeddable":true,"href":"https:\/\/www.jibble.io\/pl\/wp-json\/wp\/v2\/users\/56"}],"replies":[{"embeddable":true,"href":"https:\/\/www.jibble.io\/pl\/wp-json\/wp\/v2\/comments?post=342592"}],"version-history":[{"count":3,"href":"https:\/\/www.jibble.io\/pl\/wp-json\/wp\/v2\/pages\/342592\/revisions"}],"predecessor-version":[{"id":347670,"href":"https:\/\/www.jibble.io\/pl\/wp-json\/wp\/v2\/pages\/342592\/revisions\/347670"}],"wp:attachment":[{"href":"https:\/\/www.jibble.io\/pl\/wp-json\/wp\/v2\/media?parent=342592"}],"curies":[{"name":"wp","href":"https:\/\/api.w.org\/{rel}","templated":true}]}}