{"id":329067,"date":"2025-09-14T12:31:15","date_gmt":"2025-09-14T11:31:15","guid":{"rendered":"https:\/\/www.jibble.io\/time-duration-calculator"},"modified":"2025-10-13T05:42:29","modified_gmt":"2025-10-13T04:42:29","slug":"kalkulator-godzin-minut-dni-kalendarzowych","status":"publish","type":"page","link":"https:\/\/www.jibble.io\/pl\/kalkulator-godzin-minut-dni-kalendarzowych","title":{"rendered":"Kalkulator godzin i minut | Kalkulator dni kalendarzowych"},"content":{"rendered":"","protected":false},"excerpt":{"rendered":"","protected":false},"author":56,"featured_media":0,"parent":0,"menu_order":0,"comment_status":"closed","ping_status":"closed","template":"time-duration-template.php","meta":{"_acf_changed":false,"footnotes":""},"class_list":["post-329067","page","type-page","status-publish","hentry"],"acf":[],"yoast_head":"<!-- This site is optimized with the Yoast SEO Premium plugin v26.8 (Yoast SEO v26.8) - https:\/\/yoast.com\/product\/yoast-seo-premium-wordpress\/ -->\n<title>Kalkulator godzin i minut | Kalkulator dni kalendarzowych<\/title>\n<meta name=\"description\" content=\"DARMOWY kalkulator godzin i minut oraz dni kalendarzowych. Oblicz czas i dat\u0119 za pomoc\u0105 kilku klikni\u0119\u0107 i uzyskaj dok\u0142adne wyniki.\" \/>\n<meta name=\"robots\" content=\"index, follow, max-snippet:-1, max-image-preview:large, max-video-preview:-1\" \/>\n<link rel=\"canonical\" href=\"https:\/\/www.jibble.io\/pl\/kalkulator-godzin-minut-dni-kalendarzowych\" \/>\n<meta property=\"og:locale\" content=\"pl_PL\" \/>\n<meta property=\"og:type\" content=\"article\" \/>\n<meta property=\"og:title\" content=\"Kalkulator godzin i minut | Kalkulator dni kalendarzowych\" \/>\n<meta property=\"og:description\" content=\"DARMOWY kalkulator godzin i minut oraz dni kalendarzowych. Oblicz czas i dat\u0119 za pomoc\u0105 kilku klikni\u0119\u0107 i uzyskaj dok\u0142adne wyniki.\" \/>\n<meta property=\"og:url\" content=\"https:\/\/www.jibble.io\/pl\/kalkulator-godzin-minut-dni-kalendarzowych\" \/>\n<meta property=\"og:site_name\" content=\"Jibble\" \/>\n<meta property=\"article:modified_time\" content=\"2025-10-13T04:42:29+00:00\" \/>\n<meta name=\"twitter:card\" content=\"summary_large_image\" \/>\n<meta name=\"twitter:label1\" content=\"Szacowany czas czytania\" \/>\n\t<meta name=\"twitter:data1\" content=\"4 minuty\" \/>\n<script type=\"application\/ld+json\" class=\"yoast-schema-graph\">{\"@context\":\"https:\/\/schema.org\",\"@graph\":[{\"@type\":\"WebPage\",\"@id\":\"https:\/\/www.jibble.io\/pl\/kalkulator-godzin-minut-dni-kalendarzowych\",\"url\":\"https:\/\/www.jibble.io\/pl\/kalkulator-godzin-minut-dni-kalendarzowych\",\"name\":\"Kalkulator godzin i minut | Kalkulator dni kalendarzowych\",\"isPartOf\":{\"@id\":\"https:\/\/www.jibble.io\/pl#website\"},\"datePublished\":\"2025-09-14T11:31:15+00:00\",\"dateModified\":\"2025-10-13T04:42:29+00:00\",\"description\":\"DARMOWY kalkulator godzin i minut oraz dni kalendarzowych. Oblicz czas i dat\u0119 za pomoc\u0105 kilku klikni\u0119\u0107 i uzyskaj dok\u0142adne wyniki.\",\"inLanguage\":\"pl-PL\",\"potentialAction\":[{\"@type\":\"ReadAction\",\"target\":[\"https:\/\/www.jibble.io\/pl\/kalkulator-godzin-minut-dni-kalendarzowych\"]}]},{\"@type\":\"WebSite\",\"@id\":\"https:\/\/www.jibble.io\/pl#website\",\"url\":\"https:\/\/www.jibble.io\/pl\",\"name\":\"Jibble\",\"description\":\"Meet the new standard in time tracking software\",\"publisher\":{\"@id\":\"https:\/\/www.jibble.io\/pl#organization\"},\"potentialAction\":[{\"@type\":\"SearchAction\",\"target\":{\"@type\":\"EntryPoint\",\"urlTemplate\":\"https:\/\/www.jibble.io\/pl?s={search_term_string}\"},\"query-input\":{\"@type\":\"PropertyValueSpecification\",\"valueRequired\":true,\"valueName\":\"search_term_string\"}}],\"inLanguage\":\"pl-PL\"},{\"@type\":\"Organization\",\"@id\":\"https:\/\/www.jibble.io\/pl#organization\",\"name\":\"Jibble\",\"url\":\"https:\/\/www.jibble.io\/pl\",\"logo\":{\"@type\":\"ImageObject\",\"inLanguage\":\"pl-PL\",\"@id\":\"https:\/\/www.jibble.io\/pl#\/schema\/logo\/image\/\",\"url\":\"https:\/\/www.jibble.io\/wp-content\/uploads\/2022\/05\/Original-copy-923x1024.png\",\"contentUrl\":\"https:\/\/www.jibble.io\/wp-content\/uploads\/2022\/05\/Original-copy-923x1024.png\",\"width\":\"923\",\"height\":\"1024\",\"caption\":\"Jibble\"},\"image\":{\"@id\":\"https:\/\/www.jibble.io\/pl#\/schema\/logo\/image\/\"},\"sameAs\":[\"https:\/\/www.linkedin.com\/company\/jibble\/\"]}]}<\/script>\n<!-- \/ Yoast SEO Premium plugin. -->","yoast_head_json":{"title":"Kalkulator godzin i minut | Kalkulator dni kalendarzowych","description":"DARMOWY kalkulator godzin i minut oraz dni kalendarzowych. Oblicz czas i dat\u0119 za pomoc\u0105 kilku klikni\u0119\u0107 i uzyskaj dok\u0142adne wyniki.","robots":{"index":"index","follow":"follow","max-snippet":"max-snippet:-1","max-image-preview":"max-image-preview:large","max-video-preview":"max-video-preview:-1"},"canonical":"https:\/\/www.jibble.io\/pl\/kalkulator-godzin-minut-dni-kalendarzowych","og_locale":"pl_PL","og_type":"article","og_title":"Kalkulator godzin i minut | Kalkulator dni kalendarzowych","og_description":"DARMOWY kalkulator godzin i minut oraz dni kalendarzowych. Oblicz czas i dat\u0119 za pomoc\u0105 kilku klikni\u0119\u0107 i uzyskaj dok\u0142adne wyniki.","og_url":"https:\/\/www.jibble.io\/pl\/kalkulator-godzin-minut-dni-kalendarzowych","og_site_name":"Jibble","article_modified_time":"2025-10-13T04:42:29+00:00","twitter_card":"summary_large_image","twitter_misc":{"Szacowany czas czytania":"4 minuty"},"schema":{"@context":"https:\/\/schema.org","@graph":[{"@type":"WebPage","@id":"https:\/\/www.jibble.io\/pl\/kalkulator-godzin-minut-dni-kalendarzowych","url":"https:\/\/www.jibble.io\/pl\/kalkulator-godzin-minut-dni-kalendarzowych","name":"Kalkulator godzin i minut | Kalkulator dni kalendarzowych","isPartOf":{"@id":"https:\/\/www.jibble.io\/pl#website"},"datePublished":"2025-09-14T11:31:15+00:00","dateModified":"2025-10-13T04:42:29+00:00","description":"DARMOWY kalkulator godzin i minut oraz dni kalendarzowych. Oblicz czas i dat\u0119 za pomoc\u0105 kilku klikni\u0119\u0107 i uzyskaj dok\u0142adne wyniki.","inLanguage":"pl-PL","potentialAction":[{"@type":"ReadAction","target":["https:\/\/www.jibble.io\/pl\/kalkulator-godzin-minut-dni-kalendarzowych"]}]},{"@type":"WebSite","@id":"https:\/\/www.jibble.io\/pl#website","url":"https:\/\/www.jibble.io\/pl","name":"Jibble","description":"Meet the new standard in time tracking software","publisher":{"@id":"https:\/\/www.jibble.io\/pl#organization"},"potentialAction":[{"@type":"SearchAction","target":{"@type":"EntryPoint","urlTemplate":"https:\/\/www.jibble.io\/pl?s={search_term_string}"},"query-input":{"@type":"PropertyValueSpecification","valueRequired":true,"valueName":"search_term_string"}}],"inLanguage":"pl-PL"},{"@type":"Organization","@id":"https:\/\/www.jibble.io\/pl#organization","name":"Jibble","url":"https:\/\/www.jibble.io\/pl","logo":{"@type":"ImageObject","inLanguage":"pl-PL","@id":"https:\/\/www.jibble.io\/pl#\/schema\/logo\/image\/","url":"https:\/\/www.jibble.io\/wp-content\/uploads\/2022\/05\/Original-copy-923x1024.png","contentUrl":"https:\/\/www.jibble.io\/wp-content\/uploads\/2022\/05\/Original-copy-923x1024.png","width":"923","height":"1024","caption":"Jibble"},"image":{"@id":"https:\/\/www.jibble.io\/pl#\/schema\/logo\/image\/"},"sameAs":["https:\/\/www.linkedin.com\/company\/jibble\/"]}]}},"_links":{"self":[{"href":"https:\/\/www.jibble.io\/pl\/wp-json\/wp\/v2\/pages\/329067","targetHints":{"allow":["GET"]}}],"collection":[{"href":"https:\/\/www.jibble.io\/pl\/wp-json\/wp\/v2\/pages"}],"about":[{"href":"https:\/\/www.jibble.io\/pl\/wp-json\/wp\/v2\/types\/page"}],"author":[{"embeddable":true,"href":"https:\/\/www.jibble.io\/pl\/wp-json\/wp\/v2\/users\/56"}],"replies":[{"embeddable":true,"href":"https:\/\/www.jibble.io\/pl\/wp-json\/wp\/v2\/comments?post=329067"}],"version-history":[{"count":3,"href":"https:\/\/www.jibble.io\/pl\/wp-json\/wp\/v2\/pages\/329067\/revisions"}],"predecessor-version":[{"id":335217,"href":"https:\/\/www.jibble.io\/pl\/wp-json\/wp\/v2\/pages\/329067\/revisions\/335217"}],"wp:attachment":[{"href":"https:\/\/www.jibble.io\/pl\/wp-json\/wp\/v2\/media?parent=329067"}],"curies":[{"name":"wp","href":"https:\/\/api.w.org\/{rel}","templated":true}]}}