{"id":208693,"date":"2022-05-30T03:36:13","date_gmt":"2022-05-30T02:36:13","guid":{"rendered":"https:\/\/www.jibble.io\/adp-time-tracking"},"modified":"2025-09-17T13:10:49","modified_gmt":"2025-09-17T12:10:49","slug":"mierzenie-czasu-adp","status":"publish","type":"page","link":"https:\/\/www.jibble.io\/pl\/mierzenie-czasu-adp","title":{"rendered":"Mierzenie czasu w ADP"},"content":{"rendered":"","protected":false},"excerpt":{"rendered":"","protected":false},"author":34,"featured_media":0,"parent":0,"menu_order":0,"comment_status":"closed","ping_status":"closed","template":"template-feature.php","meta":{"_acf_changed":false,"footnotes":""},"class_list":["post-208693","page","type-page","status-publish","hentry"],"acf":[],"yoast_head":"<!-- This site is optimized with the Yoast SEO Premium plugin v26.8 (Yoast SEO v26.8) - https:\/\/yoast.com\/product\/yoast-seo-premium-wordpress\/ -->\n<title>Mierzenie czasu w ADP w 100% ZA DARMO | Jibble\u2122<\/title>\n<meta name=\"description\" content=\"Wykorzystaj integracj\u0119 Jibble do mierzenia czasu ADP w Jibble, aby upro\u015bci\u0107 list\u0119 p\u0142ac i zapewni\u0107 dok\u0142adn\u0105 ewidencj\u0119 czasu pracy.\" \/>\n<meta name=\"robots\" content=\"index, follow, max-snippet:-1, max-image-preview:large, max-video-preview:-1\" \/>\n<link rel=\"canonical\" href=\"https:\/\/www.jibble.io\/pl\/mierzenie-czasu-adp\" \/>\n<meta property=\"og:locale\" content=\"pl_PL\" \/>\n<meta property=\"og:type\" content=\"article\" \/>\n<meta property=\"og:title\" content=\"Mierzenie czasu w ADP w 100% ZA DARMO | Jibble\u2122\" \/>\n<meta property=\"og:description\" content=\"Wykorzystaj integracj\u0119 Jibble do mierzenia czasu ADP w Jibble, aby upro\u015bci\u0107 list\u0119 p\u0142ac i zapewni\u0107 dok\u0142adn\u0105 ewidencj\u0119 czasu pracy.\" \/>\n<meta property=\"og:url\" content=\"https:\/\/www.jibble.io\/pl\/mierzenie-czasu-adp\" \/>\n<meta property=\"og:site_name\" content=\"Jibble\" \/>\n<meta property=\"article:modified_time\" content=\"2025-09-17T12:10:49+00:00\" \/>\n<meta name=\"twitter:card\" content=\"summary_large_image\" \/>\n<meta name=\"twitter:label1\" content=\"Szacowany czas czytania\" \/>\n\t<meta name=\"twitter:data1\" content=\"5 minut\" \/>\n<script type=\"application\/ld+json\" class=\"yoast-schema-graph\">{\"@context\":\"https:\/\/schema.org\",\"@graph\":[{\"@type\":\"WebPage\",\"@id\":\"https:\/\/www.jibble.io\/pl\/mierzenie-czasu-adp\",\"url\":\"https:\/\/www.jibble.io\/pl\/mierzenie-czasu-adp\",\"name\":\"Mierzenie czasu w ADP w 100% ZA DARMO | Jibble\u2122\",\"isPartOf\":{\"@id\":\"https:\/\/www.jibble.io\/pl#website\"},\"datePublished\":\"2022-05-30T02:36:13+00:00\",\"dateModified\":\"2025-09-17T12:10:49+00:00\",\"description\":\"Wykorzystaj integracj\u0119 Jibble do mierzenia czasu ADP w Jibble, aby upro\u015bci\u0107 list\u0119 p\u0142ac i zapewni\u0107 dok\u0142adn\u0105 ewidencj\u0119 czasu pracy.\",\"inLanguage\":\"pl-PL\",\"potentialAction\":[{\"@type\":\"ReadAction\",\"target\":[\"https:\/\/www.jibble.io\/pl\/mierzenie-czasu-adp\"]}]},{\"@type\":\"WebSite\",\"@id\":\"https:\/\/www.jibble.io\/pl#website\",\"url\":\"https:\/\/www.jibble.io\/pl\",\"name\":\"Jibble\",\"description\":\"Meet the new standard in time tracking software\",\"publisher\":{\"@id\":\"https:\/\/www.jibble.io\/pl#organization\"},\"potentialAction\":[{\"@type\":\"SearchAction\",\"target\":{\"@type\":\"EntryPoint\",\"urlTemplate\":\"https:\/\/www.jibble.io\/pl?s={search_term_string}\"},\"query-input\":{\"@type\":\"PropertyValueSpecification\",\"valueRequired\":true,\"valueName\":\"search_term_string\"}}],\"inLanguage\":\"pl-PL\"},{\"@type\":\"Organization\",\"@id\":\"https:\/\/www.jibble.io\/pl#organization\",\"name\":\"Jibble\",\"url\":\"https:\/\/www.jibble.io\/pl\",\"logo\":{\"@type\":\"ImageObject\",\"inLanguage\":\"pl-PL\",\"@id\":\"https:\/\/www.jibble.io\/pl#\/schema\/logo\/image\/\",\"url\":\"https:\/\/www.jibble.io\/wp-content\/uploads\/2022\/05\/Original-copy-923x1024.png\",\"contentUrl\":\"https:\/\/www.jibble.io\/wp-content\/uploads\/2022\/05\/Original-copy-923x1024.png\",\"width\":\"923\",\"height\":\"1024\",\"caption\":\"Jibble\"},\"image\":{\"@id\":\"https:\/\/www.jibble.io\/pl#\/schema\/logo\/image\/\"},\"sameAs\":[\"https:\/\/www.linkedin.com\/company\/jibble\/\"]}]}<\/script>\n<!-- \/ Yoast SEO Premium plugin. -->","yoast_head_json":{"title":"Mierzenie czasu w ADP w 100% ZA DARMO | Jibble\u2122","description":"Wykorzystaj integracj\u0119 Jibble do mierzenia czasu ADP w Jibble, aby upro\u015bci\u0107 list\u0119 p\u0142ac i zapewni\u0107 dok\u0142adn\u0105 ewidencj\u0119 czasu pracy.","robots":{"index":"index","follow":"follow","max-snippet":"max-snippet:-1","max-image-preview":"max-image-preview:large","max-video-preview":"max-video-preview:-1"},"canonical":"https:\/\/www.jibble.io\/pl\/mierzenie-czasu-adp","og_locale":"pl_PL","og_type":"article","og_title":"Mierzenie czasu w ADP w 100% ZA DARMO | Jibble\u2122","og_description":"Wykorzystaj integracj\u0119 Jibble do mierzenia czasu ADP w Jibble, aby upro\u015bci\u0107 list\u0119 p\u0142ac i zapewni\u0107 dok\u0142adn\u0105 ewidencj\u0119 czasu pracy.","og_url":"https:\/\/www.jibble.io\/pl\/mierzenie-czasu-adp","og_site_name":"Jibble","article_modified_time":"2025-09-17T12:10:49+00:00","twitter_card":"summary_large_image","twitter_misc":{"Szacowany czas czytania":"5 minut"},"schema":{"@context":"https:\/\/schema.org","@graph":[{"@type":"WebPage","@id":"https:\/\/www.jibble.io\/pl\/mierzenie-czasu-adp","url":"https:\/\/www.jibble.io\/pl\/mierzenie-czasu-adp","name":"Mierzenie czasu w ADP w 100% ZA DARMO | Jibble\u2122","isPartOf":{"@id":"https:\/\/www.jibble.io\/pl#website"},"datePublished":"2022-05-30T02:36:13+00:00","dateModified":"2025-09-17T12:10:49+00:00","description":"Wykorzystaj integracj\u0119 Jibble do mierzenia czasu ADP w Jibble, aby upro\u015bci\u0107 list\u0119 p\u0142ac i zapewni\u0107 dok\u0142adn\u0105 ewidencj\u0119 czasu pracy.","inLanguage":"pl-PL","potentialAction":[{"@type":"ReadAction","target":["https:\/\/www.jibble.io\/pl\/mierzenie-czasu-adp"]}]},{"@type":"WebSite","@id":"https:\/\/www.jibble.io\/pl#website","url":"https:\/\/www.jibble.io\/pl","name":"Jibble","description":"Meet the new standard in time tracking software","publisher":{"@id":"https:\/\/www.jibble.io\/pl#organization"},"potentialAction":[{"@type":"SearchAction","target":{"@type":"EntryPoint","urlTemplate":"https:\/\/www.jibble.io\/pl?s={search_term_string}"},"query-input":{"@type":"PropertyValueSpecification","valueRequired":true,"valueName":"search_term_string"}}],"inLanguage":"pl-PL"},{"@type":"Organization","@id":"https:\/\/www.jibble.io\/pl#organization","name":"Jibble","url":"https:\/\/www.jibble.io\/pl","logo":{"@type":"ImageObject","inLanguage":"pl-PL","@id":"https:\/\/www.jibble.io\/pl#\/schema\/logo\/image\/","url":"https:\/\/www.jibble.io\/wp-content\/uploads\/2022\/05\/Original-copy-923x1024.png","contentUrl":"https:\/\/www.jibble.io\/wp-content\/uploads\/2022\/05\/Original-copy-923x1024.png","width":"923","height":"1024","caption":"Jibble"},"image":{"@id":"https:\/\/www.jibble.io\/pl#\/schema\/logo\/image\/"},"sameAs":["https:\/\/www.linkedin.com\/company\/jibble\/"]}]}},"_links":{"self":[{"href":"https:\/\/www.jibble.io\/pl\/wp-json\/wp\/v2\/pages\/208693","targetHints":{"allow":["GET"]}}],"collection":[{"href":"https:\/\/www.jibble.io\/pl\/wp-json\/wp\/v2\/pages"}],"about":[{"href":"https:\/\/www.jibble.io\/pl\/wp-json\/wp\/v2\/types\/page"}],"author":[{"embeddable":true,"href":"https:\/\/www.jibble.io\/pl\/wp-json\/wp\/v2\/users\/34"}],"replies":[{"embeddable":true,"href":"https:\/\/www.jibble.io\/pl\/wp-json\/wp\/v2\/comments?post=208693"}],"version-history":[{"count":3,"href":"https:\/\/www.jibble.io\/pl\/wp-json\/wp\/v2\/pages\/208693\/revisions"}],"predecessor-version":[{"id":324648,"href":"https:\/\/www.jibble.io\/pl\/wp-json\/wp\/v2\/pages\/208693\/revisions\/324648"}],"wp:attachment":[{"href":"https:\/\/www.jibble.io\/pl\/wp-json\/wp\/v2\/media?parent=208693"}],"curies":[{"name":"wp","href":"https:\/\/api.w.org\/{rel}","templated":true}]}}