{"id":192152,"date":"2022-11-11T01:44:41","date_gmt":"2022-11-11T01:44:41","guid":{"rendered":"https:\/\/www.jibble.io\/pytania-dotyczace-czasu-i-obecnosci"},"modified":"2025-03-16T07:13:10","modified_gmt":"2025-03-16T07:13:10","slug":"pytania-o-ewidencje-czasu-i-obecnosci","status":"publish","type":"page","link":"https:\/\/www.jibble.io\/pl\/pytania-o-ewidencje-czasu-i-obecnosci","title":{"rendered":"Pytania o ewidencj\u0119 czasu i obecno\u015bci"},"content":{"rendered":"<p>1<\/p>\n<p>Is it really necessary to track employee time?<\/p>\n<p><span style=\"font-weight: 400;\">No. Tracking employee time makes sense for some situations and organizations and it doesn\u2019t in other situations or organizations.<\/span>In fact, at Jibble we have certain teams we track time and activity for \u2013 for example those paid by the hour \u2013 and for other teams we don\u2019t. In fact, for most of our staff, the key thing we do track is their performance and output.<\/p>\n<p>The key here is to identify why you need to track time and then how to go about it.<\/p>\n<p>necessary-to-track-employee-time<\/p>\n<p>And how about attendance?<\/p>\n<p>Generally, for staff that need to be on-site, such as at a restaurant, hospital, construction site, etc\u2026 it can make a lot of sense to track attendance because if staff aren\u2019t there, they can\u2019t do their job.<\/p>\n<p>necessary-to-track-attendance<\/p>\n<p>What the key types of time and attendance systems available?<\/p>\n<p>Here are just a few time and attendance systems:<\/p>\n<ul>\n<li>No monitoring, just relying on a physical presence.\n<ul>\n<li>This works well for very small teams.<\/li>\n<\/ul>\n<\/li>\n<li>Pen and paper\n<ul>\n<li>Again, it could work well for small teams where time needs to be recorded. Of course, it is open to abuse.<\/li>\n<\/ul>\n<\/li>\n<li>Card-based punch clocks\n<ul>\n<li>Systemized but open to abuse, time-consuming to get the data from the cards, the cards are not backed up, and all of it is prone to errors. Again, this could work well for small organizations where the team visibility is high.<\/li>\n<\/ul>\n<\/li>\n<li>Electronic non-cloud-based punch clocks\n<ul>\n<li>Typically expensive to set up, they become obsolete quickly, the data isn\u2019t available real time, and the data is not backed up.<\/li>\n<\/ul>\n<\/li>\n<li>A cloud-based time and attendance software.\n<ul>\n<li>Yes, we\u2019re selling this, but this is the way forward because it addresses all the issues of the other systems \u2013 which is why they\u2019ve become so popular.<\/li>\n<\/ul>\n<\/li>\n<\/ul>\n<p>types-time-and-attendance-systems<\/p>\n<p>Does a cloud-based time and attendance system produce timesheets?<\/p>\n<p>Yes, most time and attendance systems would also produce timesheets, and most would also provide them in many several formats.<\/p>\n<p>time-attendance-system-produce-timesheets<\/p>\n<p>Is attendance only suitable for managing employees&#8217; time?<\/p>\n<p><span style=\"font-weight: 400;\">No. Apart from managing employees\u2019 time, attendance can be used for tracking absenteeism or attendance scores across different events and services. That\u2019s why we have also made Jibble work perfectly for tracking <a href=\"https:\/\/www.jibble.io\/student-teacher-attendance-tracking-software\">student attendance<\/a> and <a href=\"https:\/\/www.jibble.io\/church-attendance\">church attendance<\/a>.<\/span>attendance-managing-employee-time<\/p>\n<p>What is the difference between time tracking software and time and attendance software?<\/p>\n<p><span style=\"font-weight: 400;\"><a href=\"https:\/\/www.jibble.io\">Time tracking software<\/a> is a generic term for software that does exactly as it says which is to track time<\/span>The key thing is that it could be used for desk-based employees as well as on-site ones.<\/p>\n<p>Time and attendance is a subset of time tracking, and given the word \u2018attendance\u2019 it implies it\u2019s for on-site employees.<\/p>\n<p>difference-time-tracking-software-time-attendance-software<\/p>\n<p>What is buddy punching?<\/p>\n<p>Buddy punching is when one employee asks another to clock in or out for him. Not only is it fraud, it\u2019s also demotivating for those who watch it happen as their colleagues are getting paid without working.<\/p>\n<p>buddy-punching<\/p>\n<p>How do you know the employee that clocked in was actually there?<\/p>\n<p>That\u2019s why you have <a href=\"https:\/\/www.jibble.io\/face-recognition-attendance-system\">biometric attendance<\/a> which is another way of saying attendance using biological data such as fingerprint, face recognition, or voice which we\u2019ve not yet seen . Pair that with either the attendance system being in a fixed location or using the GPS of a phone or tablet, and now you have both the correct person and the location at the given time being recorded.<\/p>\n<p>Some systems use an <a href=\"https:\/\/www.jibble.io\/rfid-nfc-attendance-system\">RFID card attendance<\/a>, but of course, cards are prone to buddy punching. This may work well in a high-visibility area such as an area with CCTV. Other software use phones instead of cards and while phones can be given to colleagues many will be reluctant to do so as it means they can\u2019t use their phone. Jibble supports this feature with \u201cdevice lock\u201d which means that only their particular phone can be used to clock themselves in and out.<\/p>\n<p>biometric-attendance<\/p>\n<p>Can an employer require an employee to download a time tracking app on their personal mobile?<\/p>\n<p><span style=\"font-weight: 400;\">An employer can\u2019t force an employee to use an app on the employee\u2019s mobile unless it\u2019s explicitly stated in the contract.<\/span>But the reality is that an employer and employee should have some level of understanding to maintain a good working relationship, and so an employee answering their mobile or using it to track time if asked would normally be considered reasonable.<\/p>\n<p>employer-force-use-own-mobile<\/p>\n<p>How do the 100% FREE time and attendance apps make money?<\/p>\n<p><span style=\"font-weight: 400;\">There aren\u2019t many free ones, but the ones that are, make money by charging for optional upgrades.<\/span>free-time-attendance-money<\/p>\n<p>How do I explain to my staff that we\u2019re going to start monitoring their time?<\/p>\n<p><span style=\"font-weight: 400;\">Communication is really important, as well as setting expectations. Tracking attendance means employees being paid fairly, and employers paying fairly, and that\u2019s a key message to get across.<\/span>communicating-staff<\/p>\n<p>Aren\u2019t all time and attendance solutions essentially the same?<\/p>\n<p><span style=\"font-weight: 400;\">Most are indeed trying to solve the same problem, i.e. to track time and attendance. However, each has its own strengths, price, methods of clocking in and out, and, perhaps most importantly, each has varying levels of execution \u2013 a time and attendance software that makes it difficult for employees to actually clock in and out is ultimately going to cause a lot more problems than it solves.<\/span>Also, it\u2019s worth bearing in mind that when you go for an <a href=\"https:\/\/www.jibble.io\/attendance-tracker\">attendance tracker<\/a>, you\u2019re not buying the product but investing in it as the product will change over time and it\u2019s difficult to change systems. So it\u2019s worth ensuring the system is improving and that customer support is responsive.<\/p>\n<p>difference-between-time-and-attendance-solutions<\/p>\n<p>Isn\u2019t tracking your employees\u2019 time and attendance illegal?<\/p>\n<p><span style=\"font-weight: 400;\">Tracking employee attendance is perfectly legal in every jurisdiction in the world as employers essentially need to know where their staff are.<\/span>In fact, in many developed countries, time tracking has become required by law in some way, shape or form, to protect employees from being overworked and to ensure they are paid any overtime due, but lack of awareness means such laws are rarely enforced.<\/p>\n<p>tracking-employee-time-legal<\/p>\n<p>Do most time and attendance software solutions also manage leave?<\/p>\n<p>Yes, because leave tracking and time and attendance are mutually dependent.<\/p>\n<p>attendance-leave-pto<\/p>\n<p>How can I find out more about tracking time?<\/p>\n<p>Here are some <a href=\"https:\/\/www.jibble.io\/basic-time-tracking-questions\">time tracking questions you were afraid to ask<\/a>!<\/p>\n<p>more-time-tracking-questions<\/p>\n","protected":false},"excerpt":{"rendered":"<p>1 Is it really necessary to track employee time? No. Tracking employee time makes sense for some situations and organizations and it doesn\u2019t in other situations or organizations.In fact, at Jibble we have certain teams we track time and activity for \u2013 for example those paid by the hour \u2013 and for other teams we [&hellip;]<\/p>\n","protected":false},"author":6,"featured_media":0,"parent":0,"menu_order":0,"comment_status":"closed","ping_status":"closed","template":"page-blank.php","meta":{"_acf_changed":false,"footnotes":""},"class_list":["post-192152","page","type-page","status-publish","hentry"],"acf":[],"yoast_head":"<!-- This site is optimized with the Yoast SEO Premium plugin v26.8 (Yoast SEO v26.8) - https:\/\/yoast.com\/product\/yoast-seo-premium-wordpress\/ -->\n<title>Pytania o ewidencj\u0119 czasu, kt\u00f3rych boisz si\u0119 zada\u0107<\/title>\n<meta name=\"description\" content=\"Odpowiadamy na najcz\u0119\u015bciej zadawane pytania o ewidencj\u0119 czasu i obecno\u015bci, a zw\u0142aszcza te zwi\u0105zane z oprogramowaniem.\" \/>\n<meta name=\"robots\" content=\"index, follow, max-snippet:-1, max-image-preview:large, max-video-preview:-1\" \/>\n<link rel=\"canonical\" href=\"https:\/\/www.jibble.io\/pl\/pytania-o-ewidencje-czasu-i-obecnosci\" \/>\n<meta property=\"og:locale\" content=\"pl_PL\" \/>\n<meta property=\"og:type\" content=\"article\" \/>\n<meta property=\"og:title\" content=\"Pytania o ewidencj\u0119 czasu, kt\u00f3rych boisz si\u0119 zada\u0107\" \/>\n<meta property=\"og:description\" content=\"Odpowiadamy na najcz\u0119\u015bciej zadawane pytania o ewidencj\u0119 czasu i obecno\u015bci, a zw\u0142aszcza te zwi\u0105zane z oprogramowaniem.\" \/>\n<meta property=\"og:url\" content=\"https:\/\/www.jibble.io\/pl\/pytania-o-ewidencje-czasu-i-obecnosci\" \/>\n<meta property=\"og:site_name\" content=\"Jibble\" \/>\n<meta property=\"article:modified_time\" content=\"2025-03-16T07:13:10+00:00\" \/>\n<meta name=\"twitter:card\" content=\"summary_large_image\" \/>\n<meta name=\"twitter:label1\" content=\"Szacowany czas czytania\" \/>\n\t<meta name=\"twitter:data1\" content=\"10 minut\" \/>\n<script type=\"application\/ld+json\" class=\"yoast-schema-graph\">{\"@context\":\"https:\/\/schema.org\",\"@graph\":[{\"@type\":\"WebPage\",\"@id\":\"https:\/\/www.jibble.io\/pl\/pytania-o-ewidencje-czasu-i-obecnosci\",\"url\":\"https:\/\/www.jibble.io\/pl\/pytania-o-ewidencje-czasu-i-obecnosci\",\"name\":\"Pytania o ewidencj\u0119 czasu, kt\u00f3rych boisz si\u0119 zada\u0107\",\"isPartOf\":{\"@id\":\"https:\/\/www.jibble.io\/pl#website\"},\"datePublished\":\"2022-11-11T01:44:41+00:00\",\"dateModified\":\"2025-03-16T07:13:10+00:00\",\"description\":\"Odpowiadamy na najcz\u0119\u015bciej zadawane pytania o ewidencj\u0119 czasu i obecno\u015bci, a zw\u0142aszcza te zwi\u0105zane z oprogramowaniem.\",\"inLanguage\":\"pl-PL\",\"potentialAction\":[{\"@type\":\"ReadAction\",\"target\":[\"https:\/\/www.jibble.io\/pl\/pytania-o-ewidencje-czasu-i-obecnosci\"]}]},{\"@type\":\"WebSite\",\"@id\":\"https:\/\/www.jibble.io\/pl#website\",\"url\":\"https:\/\/www.jibble.io\/pl\",\"name\":\"Jibble\",\"description\":\"Meet the new standard in time tracking software\",\"publisher\":{\"@id\":\"https:\/\/www.jibble.io\/pl#organization\"},\"potentialAction\":[{\"@type\":\"SearchAction\",\"target\":{\"@type\":\"EntryPoint\",\"urlTemplate\":\"https:\/\/www.jibble.io\/pl?s={search_term_string}\"},\"query-input\":{\"@type\":\"PropertyValueSpecification\",\"valueRequired\":true,\"valueName\":\"search_term_string\"}}],\"inLanguage\":\"pl-PL\"},{\"@type\":\"Organization\",\"@id\":\"https:\/\/www.jibble.io\/pl#organization\",\"name\":\"Jibble\",\"url\":\"https:\/\/www.jibble.io\/pl\",\"logo\":{\"@type\":\"ImageObject\",\"inLanguage\":\"pl-PL\",\"@id\":\"https:\/\/www.jibble.io\/pl#\/schema\/logo\/image\/\",\"url\":\"https:\/\/www.jibble.io\/wp-content\/uploads\/2022\/05\/Original-copy-923x1024.png\",\"contentUrl\":\"https:\/\/www.jibble.io\/wp-content\/uploads\/2022\/05\/Original-copy-923x1024.png\",\"width\":\"923\",\"height\":\"1024\",\"caption\":\"Jibble\"},\"image\":{\"@id\":\"https:\/\/www.jibble.io\/pl#\/schema\/logo\/image\/\"},\"sameAs\":[\"https:\/\/www.linkedin.com\/company\/jibble\/\"]}]}<\/script>\n<!-- \/ Yoast SEO Premium plugin. -->","yoast_head_json":{"title":"Pytania o ewidencj\u0119 czasu, kt\u00f3rych boisz si\u0119 zada\u0107","description":"Odpowiadamy na najcz\u0119\u015bciej zadawane pytania o ewidencj\u0119 czasu i obecno\u015bci, a zw\u0142aszcza te zwi\u0105zane z oprogramowaniem.","robots":{"index":"index","follow":"follow","max-snippet":"max-snippet:-1","max-image-preview":"max-image-preview:large","max-video-preview":"max-video-preview:-1"},"canonical":"https:\/\/www.jibble.io\/pl\/pytania-o-ewidencje-czasu-i-obecnosci","og_locale":"pl_PL","og_type":"article","og_title":"Pytania o ewidencj\u0119 czasu, kt\u00f3rych boisz si\u0119 zada\u0107","og_description":"Odpowiadamy na najcz\u0119\u015bciej zadawane pytania o ewidencj\u0119 czasu i obecno\u015bci, a zw\u0142aszcza te zwi\u0105zane z oprogramowaniem.","og_url":"https:\/\/www.jibble.io\/pl\/pytania-o-ewidencje-czasu-i-obecnosci","og_site_name":"Jibble","article_modified_time":"2025-03-16T07:13:10+00:00","twitter_card":"summary_large_image","twitter_misc":{"Szacowany czas czytania":"10 minut"},"schema":{"@context":"https:\/\/schema.org","@graph":[{"@type":"WebPage","@id":"https:\/\/www.jibble.io\/pl\/pytania-o-ewidencje-czasu-i-obecnosci","url":"https:\/\/www.jibble.io\/pl\/pytania-o-ewidencje-czasu-i-obecnosci","name":"Pytania o ewidencj\u0119 czasu, kt\u00f3rych boisz si\u0119 zada\u0107","isPartOf":{"@id":"https:\/\/www.jibble.io\/pl#website"},"datePublished":"2022-11-11T01:44:41+00:00","dateModified":"2025-03-16T07:13:10+00:00","description":"Odpowiadamy na najcz\u0119\u015bciej zadawane pytania o ewidencj\u0119 czasu i obecno\u015bci, a zw\u0142aszcza te zwi\u0105zane z oprogramowaniem.","inLanguage":"pl-PL","potentialAction":[{"@type":"ReadAction","target":["https:\/\/www.jibble.io\/pl\/pytania-o-ewidencje-czasu-i-obecnosci"]}]},{"@type":"WebSite","@id":"https:\/\/www.jibble.io\/pl#website","url":"https:\/\/www.jibble.io\/pl","name":"Jibble","description":"Meet the new standard in time tracking software","publisher":{"@id":"https:\/\/www.jibble.io\/pl#organization"},"potentialAction":[{"@type":"SearchAction","target":{"@type":"EntryPoint","urlTemplate":"https:\/\/www.jibble.io\/pl?s={search_term_string}"},"query-input":{"@type":"PropertyValueSpecification","valueRequired":true,"valueName":"search_term_string"}}],"inLanguage":"pl-PL"},{"@type":"Organization","@id":"https:\/\/www.jibble.io\/pl#organization","name":"Jibble","url":"https:\/\/www.jibble.io\/pl","logo":{"@type":"ImageObject","inLanguage":"pl-PL","@id":"https:\/\/www.jibble.io\/pl#\/schema\/logo\/image\/","url":"https:\/\/www.jibble.io\/wp-content\/uploads\/2022\/05\/Original-copy-923x1024.png","contentUrl":"https:\/\/www.jibble.io\/wp-content\/uploads\/2022\/05\/Original-copy-923x1024.png","width":"923","height":"1024","caption":"Jibble"},"image":{"@id":"https:\/\/www.jibble.io\/pl#\/schema\/logo\/image\/"},"sameAs":["https:\/\/www.linkedin.com\/company\/jibble\/"]}]}},"_links":{"self":[{"href":"https:\/\/www.jibble.io\/pl\/wp-json\/wp\/v2\/pages\/192152","targetHints":{"allow":["GET"]}}],"collection":[{"href":"https:\/\/www.jibble.io\/pl\/wp-json\/wp\/v2\/pages"}],"about":[{"href":"https:\/\/www.jibble.io\/pl\/wp-json\/wp\/v2\/types\/page"}],"author":[{"embeddable":true,"href":"https:\/\/www.jibble.io\/pl\/wp-json\/wp\/v2\/users\/6"}],"replies":[{"embeddable":true,"href":"https:\/\/www.jibble.io\/pl\/wp-json\/wp\/v2\/comments?post=192152"}],"version-history":[{"count":3,"href":"https:\/\/www.jibble.io\/pl\/wp-json\/wp\/v2\/pages\/192152\/revisions"}],"predecessor-version":[{"id":244967,"href":"https:\/\/www.jibble.io\/pl\/wp-json\/wp\/v2\/pages\/192152\/revisions\/244967"}],"wp:attachment":[{"href":"https:\/\/www.jibble.io\/pl\/wp-json\/wp\/v2\/media?parent=192152"}],"curies":[{"name":"wp","href":"https:\/\/api.w.org\/{rel}","templated":true}]}}