{"id":353840,"date":"2024-03-14T06:56:19","date_gmt":"2024-03-14T06:56:19","guid":{"rendered":"https:\/\/www.jibble.io\/?page_id=353840"},"modified":"2026-01-22T12:01:46","modified_gmt":"2026-01-22T12:01:46","slug":"idokoveto-alkalmazasok","status":"publish","type":"page","link":"https:\/\/www.jibble.io\/hu\/idokoveto-alkalmazasok","title":{"rendered":"Id\u0151k\u00f6vet\u0151 alkalmaz\u00e1sok"},"content":{"rendered":"","protected":false},"excerpt":{"rendered":"","protected":false},"author":87,"featured_media":0,"parent":0,"menu_order":0,"comment_status":"closed","ping_status":"closed","template":"template-apps.php","meta":{"_acf_changed":false,"footnotes":""},"class_list":["post-353840","page","type-page","status-publish","hentry"],"acf":[],"yoast_head":"<!-- This site is optimized with the Yoast SEO Premium plugin v26.8 (Yoast SEO v26.8) - https:\/\/yoast.com\/product\/yoast-seo-premium-wordpress\/ -->\n<title>100% INGYENES Id\u0151k\u00f6vet\u0151 alkalmaz\u00e1sok | Jibble<\/title>\n<meta name=\"description\" content=\"Jibble id\u0151k\u00f6vet\u0151 alkalmaz\u00e1sok! El\u00e9rhet\u0151k weben, mobilon, asztali g\u00e9pen \u00e9s Chrome b\u0151v\u00edtm\u00e9nyk\u00e9nt. Korl\u00e1tlan sz\u00e1m\u00fa felhaszn\u00e1l\u00f3nak ingyenes.\" \/>\n<meta name=\"robots\" content=\"index, follow, max-snippet:-1, max-image-preview:large, max-video-preview:-1\" \/>\n<link rel=\"canonical\" href=\"https:\/\/www.jibble.io\/hu\/idokoveto-alkalmazasok\" \/>\n<meta property=\"og:locale\" content=\"hu_HU\" \/>\n<meta property=\"og:type\" content=\"article\" \/>\n<meta property=\"og:title\" content=\"100% INGYENES Id\u0151k\u00f6vet\u0151 alkalmaz\u00e1sok | Jibble\" \/>\n<meta property=\"og:description\" content=\"Jibble id\u0151k\u00f6vet\u0151 alkalmaz\u00e1sok! El\u00e9rhet\u0151k weben, mobilon, asztali g\u00e9pen \u00e9s Chrome b\u0151v\u00edtm\u00e9nyk\u00e9nt. Korl\u00e1tlan sz\u00e1m\u00fa felhaszn\u00e1l\u00f3nak ingyenes.\" \/>\n<meta property=\"og:url\" content=\"https:\/\/www.jibble.io\/hu\/idokoveto-alkalmazasok\" \/>\n<meta property=\"og:site_name\" content=\"Jibble\" \/>\n<meta property=\"article:modified_time\" content=\"2026-01-22T12:01:46+00:00\" \/>\n<meta name=\"twitter:card\" content=\"summary_large_image\" \/>\n<meta name=\"twitter:label1\" content=\"Becs\u00fclt olvas\u00e1si id\u0151\" \/>\n\t<meta name=\"twitter:data1\" content=\"4 perc\" \/>\n<script type=\"application\/ld+json\" class=\"yoast-schema-graph\">{\"@context\":\"https:\/\/schema.org\",\"@graph\":[{\"@type\":\"WebPage\",\"@id\":\"https:\/\/www.jibble.io\/hu\/idokoveto-alkalmazasok\",\"url\":\"https:\/\/www.jibble.io\/hu\/idokoveto-alkalmazasok\",\"name\":\"100% INGYENES Id\u0151k\u00f6vet\u0151 alkalmaz\u00e1sok | Jibble\",\"isPartOf\":{\"@id\":\"https:\/\/www.jibble.io\/hu#website\"},\"datePublished\":\"2024-03-14T06:56:19+00:00\",\"dateModified\":\"2026-01-22T12:01:46+00:00\",\"description\":\"Jibble id\u0151k\u00f6vet\u0151 alkalmaz\u00e1sok! El\u00e9rhet\u0151k weben, mobilon, asztali g\u00e9pen \u00e9s Chrome b\u0151v\u00edtm\u00e9nyk\u00e9nt. Korl\u00e1tlan sz\u00e1m\u00fa felhaszn\u00e1l\u00f3nak ingyenes.\",\"inLanguage\":\"hu\",\"potentialAction\":[{\"@type\":\"ReadAction\",\"target\":[\"https:\/\/www.jibble.io\/hu\/idokoveto-alkalmazasok\"]}]},{\"@type\":\"WebSite\",\"@id\":\"https:\/\/www.jibble.io\/hu#website\",\"url\":\"https:\/\/www.jibble.io\/hu\",\"name\":\"Jibble\",\"description\":\"Meet the new standard in time tracking software\",\"publisher\":{\"@id\":\"https:\/\/www.jibble.io\/hu#organization\"},\"potentialAction\":[{\"@type\":\"SearchAction\",\"target\":{\"@type\":\"EntryPoint\",\"urlTemplate\":\"https:\/\/www.jibble.io\/hu?s={search_term_string}\"},\"query-input\":{\"@type\":\"PropertyValueSpecification\",\"valueRequired\":true,\"valueName\":\"search_term_string\"}}],\"inLanguage\":\"hu\"},{\"@type\":\"Organization\",\"@id\":\"https:\/\/www.jibble.io\/hu#organization\",\"name\":\"Jibble\",\"url\":\"https:\/\/www.jibble.io\/hu\",\"logo\":{\"@type\":\"ImageObject\",\"inLanguage\":\"hu\",\"@id\":\"https:\/\/www.jibble.io\/hu#\/schema\/logo\/image\/\",\"url\":\"https:\/\/www.jibble.io\/wp-content\/uploads\/2022\/05\/Original-copy-923x1024.png\",\"contentUrl\":\"https:\/\/www.jibble.io\/wp-content\/uploads\/2022\/05\/Original-copy-923x1024.png\",\"width\":\"923\",\"height\":\"1024\",\"caption\":\"Jibble\"},\"image\":{\"@id\":\"https:\/\/www.jibble.io\/hu#\/schema\/logo\/image\/\"},\"sameAs\":[\"https:\/\/www.linkedin.com\/company\/jibble\/\"]}]}<\/script>\n<!-- \/ Yoast SEO Premium plugin. -->","yoast_head_json":{"title":"100% INGYENES Id\u0151k\u00f6vet\u0151 alkalmaz\u00e1sok | Jibble","description":"Jibble id\u0151k\u00f6vet\u0151 alkalmaz\u00e1sok! El\u00e9rhet\u0151k weben, mobilon, asztali g\u00e9pen \u00e9s Chrome b\u0151v\u00edtm\u00e9nyk\u00e9nt. Korl\u00e1tlan sz\u00e1m\u00fa felhaszn\u00e1l\u00f3nak ingyenes.","robots":{"index":"index","follow":"follow","max-snippet":"max-snippet:-1","max-image-preview":"max-image-preview:large","max-video-preview":"max-video-preview:-1"},"canonical":"https:\/\/www.jibble.io\/hu\/idokoveto-alkalmazasok","og_locale":"hu_HU","og_type":"article","og_title":"100% INGYENES Id\u0151k\u00f6vet\u0151 alkalmaz\u00e1sok | Jibble","og_description":"Jibble id\u0151k\u00f6vet\u0151 alkalmaz\u00e1sok! El\u00e9rhet\u0151k weben, mobilon, asztali g\u00e9pen \u00e9s Chrome b\u0151v\u00edtm\u00e9nyk\u00e9nt. Korl\u00e1tlan sz\u00e1m\u00fa felhaszn\u00e1l\u00f3nak ingyenes.","og_url":"https:\/\/www.jibble.io\/hu\/idokoveto-alkalmazasok","og_site_name":"Jibble","article_modified_time":"2026-01-22T12:01:46+00:00","twitter_card":"summary_large_image","twitter_misc":{"Becs\u00fclt olvas\u00e1si id\u0151":"4 perc"},"schema":{"@context":"https:\/\/schema.org","@graph":[{"@type":"WebPage","@id":"https:\/\/www.jibble.io\/hu\/idokoveto-alkalmazasok","url":"https:\/\/www.jibble.io\/hu\/idokoveto-alkalmazasok","name":"100% INGYENES Id\u0151k\u00f6vet\u0151 alkalmaz\u00e1sok | Jibble","isPartOf":{"@id":"https:\/\/www.jibble.io\/hu#website"},"datePublished":"2024-03-14T06:56:19+00:00","dateModified":"2026-01-22T12:01:46+00:00","description":"Jibble id\u0151k\u00f6vet\u0151 alkalmaz\u00e1sok! El\u00e9rhet\u0151k weben, mobilon, asztali g\u00e9pen \u00e9s Chrome b\u0151v\u00edtm\u00e9nyk\u00e9nt. Korl\u00e1tlan sz\u00e1m\u00fa felhaszn\u00e1l\u00f3nak ingyenes.","inLanguage":"hu","potentialAction":[{"@type":"ReadAction","target":["https:\/\/www.jibble.io\/hu\/idokoveto-alkalmazasok"]}]},{"@type":"WebSite","@id":"https:\/\/www.jibble.io\/hu#website","url":"https:\/\/www.jibble.io\/hu","name":"Jibble","description":"Meet the new standard in time tracking software","publisher":{"@id":"https:\/\/www.jibble.io\/hu#organization"},"potentialAction":[{"@type":"SearchAction","target":{"@type":"EntryPoint","urlTemplate":"https:\/\/www.jibble.io\/hu?s={search_term_string}"},"query-input":{"@type":"PropertyValueSpecification","valueRequired":true,"valueName":"search_term_string"}}],"inLanguage":"hu"},{"@type":"Organization","@id":"https:\/\/www.jibble.io\/hu#organization","name":"Jibble","url":"https:\/\/www.jibble.io\/hu","logo":{"@type":"ImageObject","inLanguage":"hu","@id":"https:\/\/www.jibble.io\/hu#\/schema\/logo\/image\/","url":"https:\/\/www.jibble.io\/wp-content\/uploads\/2022\/05\/Original-copy-923x1024.png","contentUrl":"https:\/\/www.jibble.io\/wp-content\/uploads\/2022\/05\/Original-copy-923x1024.png","width":"923","height":"1024","caption":"Jibble"},"image":{"@id":"https:\/\/www.jibble.io\/hu#\/schema\/logo\/image\/"},"sameAs":["https:\/\/www.linkedin.com\/company\/jibble\/"]}]}},"_links":{"self":[{"href":"https:\/\/www.jibble.io\/hu\/wp-json\/wp\/v2\/pages\/353840","targetHints":{"allow":["GET"]}}],"collection":[{"href":"https:\/\/www.jibble.io\/hu\/wp-json\/wp\/v2\/pages"}],"about":[{"href":"https:\/\/www.jibble.io\/hu\/wp-json\/wp\/v2\/types\/page"}],"author":[{"embeddable":true,"href":"https:\/\/www.jibble.io\/hu\/wp-json\/wp\/v2\/users\/87"}],"replies":[{"embeddable":true,"href":"https:\/\/www.jibble.io\/hu\/wp-json\/wp\/v2\/comments?post=353840"}],"version-history":[{"count":3,"href":"https:\/\/www.jibble.io\/hu\/wp-json\/wp\/v2\/pages\/353840\/revisions"}],"predecessor-version":[{"id":375187,"href":"https:\/\/www.jibble.io\/hu\/wp-json\/wp\/v2\/pages\/353840\/revisions\/375187"}],"wp:attachment":[{"href":"https:\/\/www.jibble.io\/hu\/wp-json\/wp\/v2\/media?parent=353840"}],"curies":[{"name":"wp","href":"https:\/\/api.w.org\/{rel}","templated":true}]}}