{"id":353836,"date":"2024-06-06T15:00:25","date_gmt":"2024-06-06T14:00:25","guid":{"rendered":"https:\/\/www.jibble.io\/?page_id=353836"},"modified":"2026-01-20T16:43:38","modified_gmt":"2026-01-20T16:43:38","slug":"demo-foglalasa","status":"publish","type":"page","link":"https:\/\/www.jibble.io\/hu\/demo-foglalasa","title":{"rendered":"K\u00e9rd az ingyenes dem\u00f3t"},"content":{"rendered":"","protected":false},"excerpt":{"rendered":"","protected":false},"author":87,"featured_media":0,"parent":0,"menu_order":0,"comment_status":"closed","ping_status":"closed","template":"book-demo-landing-template.php","meta":{"_acf_changed":false,"footnotes":""},"class_list":["post-353836","page","type-page","status-publish","hentry"],"acf":[],"yoast_head":"<!-- This site is optimized with the Yoast SEO Premium plugin v26.8 (Yoast SEO v26.8) - https:\/\/yoast.com\/product\/yoast-seo-premium-wordpress\/ -->\n<title>Foglalj INGYENES dem\u00f3t egy Jibble szak\u00e9rt\u0151vel<\/title>\n<meta name=\"description\" content=\"Fedezd fel, hogyan k\u00f6nny\u00edti a Jibble munkaid\u0151-nyilv\u00e1ntart\u00f3 szoftvere a munkaer\u0151-gazd\u00e1lkod\u00e1st \u2013 foglalj ingyenes dem\u00f3t m\u00e9g ma!\" \/>\n<meta name=\"robots\" content=\"index, follow, max-snippet:-1, max-image-preview:large, max-video-preview:-1\" \/>\n<link rel=\"canonical\" href=\"https:\/\/www.jibble.io\/hu\/demo-foglalasa\" \/>\n<meta property=\"og:locale\" content=\"hu_HU\" \/>\n<meta property=\"og:type\" content=\"article\" \/>\n<meta property=\"og:title\" content=\"Foglalj INGYENES dem\u00f3t egy Jibble szak\u00e9rt\u0151vel\" \/>\n<meta property=\"og:description\" content=\"Fedezd fel, hogyan k\u00f6nny\u00edti a Jibble munkaid\u0151-nyilv\u00e1ntart\u00f3 szoftvere a munkaer\u0151-gazd\u00e1lkod\u00e1st \u2013 foglalj ingyenes dem\u00f3t m\u00e9g ma!\" \/>\n<meta property=\"og:url\" content=\"https:\/\/www.jibble.io\/hu\/demo-foglalasa\" \/>\n<meta property=\"og:site_name\" content=\"Jibble\" \/>\n<meta property=\"article:modified_time\" content=\"2026-01-20T16:43:38+00:00\" \/>\n<meta name=\"twitter:card\" content=\"summary_large_image\" \/>\n<meta name=\"twitter:label1\" content=\"Becs\u00fclt olvas\u00e1si id\u0151\" \/>\n\t<meta name=\"twitter:data1\" content=\"1 perc\" \/>\n<script type=\"application\/ld+json\" class=\"yoast-schema-graph\">{\"@context\":\"https:\/\/schema.org\",\"@graph\":[{\"@type\":\"WebPage\",\"@id\":\"https:\/\/www.jibble.io\/hu\/demo-foglalasa\",\"url\":\"https:\/\/www.jibble.io\/hu\/demo-foglalasa\",\"name\":\"Foglalj INGYENES dem\u00f3t egy Jibble szak\u00e9rt\u0151vel\",\"isPartOf\":{\"@id\":\"https:\/\/www.jibble.io\/hu#website\"},\"datePublished\":\"2024-06-06T14:00:25+00:00\",\"dateModified\":\"2026-01-20T16:43:38+00:00\",\"description\":\"Fedezd fel, hogyan k\u00f6nny\u00edti a Jibble munkaid\u0151-nyilv\u00e1ntart\u00f3 szoftvere a munkaer\u0151-gazd\u00e1lkod\u00e1st \u2013 foglalj ingyenes dem\u00f3t m\u00e9g ma!\",\"inLanguage\":\"hu\",\"potentialAction\":[{\"@type\":\"ReadAction\",\"target\":[\"https:\/\/www.jibble.io\/hu\/demo-foglalasa\"]}]},{\"@type\":\"WebSite\",\"@id\":\"https:\/\/www.jibble.io\/hu#website\",\"url\":\"https:\/\/www.jibble.io\/hu\",\"name\":\"Jibble\",\"description\":\"Meet the new standard in time tracking software\",\"publisher\":{\"@id\":\"https:\/\/www.jibble.io\/hu#organization\"},\"potentialAction\":[{\"@type\":\"SearchAction\",\"target\":{\"@type\":\"EntryPoint\",\"urlTemplate\":\"https:\/\/www.jibble.io\/hu?s={search_term_string}\"},\"query-input\":{\"@type\":\"PropertyValueSpecification\",\"valueRequired\":true,\"valueName\":\"search_term_string\"}}],\"inLanguage\":\"hu\"},{\"@type\":\"Organization\",\"@id\":\"https:\/\/www.jibble.io\/hu#organization\",\"name\":\"Jibble\",\"url\":\"https:\/\/www.jibble.io\/hu\",\"logo\":{\"@type\":\"ImageObject\",\"inLanguage\":\"hu\",\"@id\":\"https:\/\/www.jibble.io\/hu#\/schema\/logo\/image\/\",\"url\":\"https:\/\/www.jibble.io\/wp-content\/uploads\/2022\/05\/Original-copy-923x1024.png\",\"contentUrl\":\"https:\/\/www.jibble.io\/wp-content\/uploads\/2022\/05\/Original-copy-923x1024.png\",\"width\":\"923\",\"height\":\"1024\",\"caption\":\"Jibble\"},\"image\":{\"@id\":\"https:\/\/www.jibble.io\/hu#\/schema\/logo\/image\/\"},\"sameAs\":[\"https:\/\/www.linkedin.com\/company\/jibble\/\"]}]}<\/script>\n<!-- \/ Yoast SEO Premium plugin. -->","yoast_head_json":{"title":"Foglalj INGYENES dem\u00f3t egy Jibble szak\u00e9rt\u0151vel","description":"Fedezd fel, hogyan k\u00f6nny\u00edti a Jibble munkaid\u0151-nyilv\u00e1ntart\u00f3 szoftvere a munkaer\u0151-gazd\u00e1lkod\u00e1st \u2013 foglalj ingyenes dem\u00f3t m\u00e9g ma!","robots":{"index":"index","follow":"follow","max-snippet":"max-snippet:-1","max-image-preview":"max-image-preview:large","max-video-preview":"max-video-preview:-1"},"canonical":"https:\/\/www.jibble.io\/hu\/demo-foglalasa","og_locale":"hu_HU","og_type":"article","og_title":"Foglalj INGYENES dem\u00f3t egy Jibble szak\u00e9rt\u0151vel","og_description":"Fedezd fel, hogyan k\u00f6nny\u00edti a Jibble munkaid\u0151-nyilv\u00e1ntart\u00f3 szoftvere a munkaer\u0151-gazd\u00e1lkod\u00e1st \u2013 foglalj ingyenes dem\u00f3t m\u00e9g ma!","og_url":"https:\/\/www.jibble.io\/hu\/demo-foglalasa","og_site_name":"Jibble","article_modified_time":"2026-01-20T16:43:38+00:00","twitter_card":"summary_large_image","twitter_misc":{"Becs\u00fclt olvas\u00e1si id\u0151":"1 perc"},"schema":{"@context":"https:\/\/schema.org","@graph":[{"@type":"WebPage","@id":"https:\/\/www.jibble.io\/hu\/demo-foglalasa","url":"https:\/\/www.jibble.io\/hu\/demo-foglalasa","name":"Foglalj INGYENES dem\u00f3t egy Jibble szak\u00e9rt\u0151vel","isPartOf":{"@id":"https:\/\/www.jibble.io\/hu#website"},"datePublished":"2024-06-06T14:00:25+00:00","dateModified":"2026-01-20T16:43:38+00:00","description":"Fedezd fel, hogyan k\u00f6nny\u00edti a Jibble munkaid\u0151-nyilv\u00e1ntart\u00f3 szoftvere a munkaer\u0151-gazd\u00e1lkod\u00e1st \u2013 foglalj ingyenes dem\u00f3t m\u00e9g ma!","inLanguage":"hu","potentialAction":[{"@type":"ReadAction","target":["https:\/\/www.jibble.io\/hu\/demo-foglalasa"]}]},{"@type":"WebSite","@id":"https:\/\/www.jibble.io\/hu#website","url":"https:\/\/www.jibble.io\/hu","name":"Jibble","description":"Meet the new standard in time tracking software","publisher":{"@id":"https:\/\/www.jibble.io\/hu#organization"},"potentialAction":[{"@type":"SearchAction","target":{"@type":"EntryPoint","urlTemplate":"https:\/\/www.jibble.io\/hu?s={search_term_string}"},"query-input":{"@type":"PropertyValueSpecification","valueRequired":true,"valueName":"search_term_string"}}],"inLanguage":"hu"},{"@type":"Organization","@id":"https:\/\/www.jibble.io\/hu#organization","name":"Jibble","url":"https:\/\/www.jibble.io\/hu","logo":{"@type":"ImageObject","inLanguage":"hu","@id":"https:\/\/www.jibble.io\/hu#\/schema\/logo\/image\/","url":"https:\/\/www.jibble.io\/wp-content\/uploads\/2022\/05\/Original-copy-923x1024.png","contentUrl":"https:\/\/www.jibble.io\/wp-content\/uploads\/2022\/05\/Original-copy-923x1024.png","width":"923","height":"1024","caption":"Jibble"},"image":{"@id":"https:\/\/www.jibble.io\/hu#\/schema\/logo\/image\/"},"sameAs":["https:\/\/www.linkedin.com\/company\/jibble\/"]}]}},"_links":{"self":[{"href":"https:\/\/www.jibble.io\/hu\/wp-json\/wp\/v2\/pages\/353836","targetHints":{"allow":["GET"]}}],"collection":[{"href":"https:\/\/www.jibble.io\/hu\/wp-json\/wp\/v2\/pages"}],"about":[{"href":"https:\/\/www.jibble.io\/hu\/wp-json\/wp\/v2\/types\/page"}],"author":[{"embeddable":true,"href":"https:\/\/www.jibble.io\/hu\/wp-json\/wp\/v2\/users\/87"}],"replies":[{"embeddable":true,"href":"https:\/\/www.jibble.io\/hu\/wp-json\/wp\/v2\/comments?post=353836"}],"version-history":[{"count":3,"href":"https:\/\/www.jibble.io\/hu\/wp-json\/wp\/v2\/pages\/353836\/revisions"}],"predecessor-version":[{"id":374438,"href":"https:\/\/www.jibble.io\/hu\/wp-json\/wp\/v2\/pages\/353836\/revisions\/374438"}],"wp:attachment":[{"href":"https:\/\/www.jibble.io\/hu\/wp-json\/wp\/v2\/media?parent=353836"}],"curies":[{"name":"wp","href":"https:\/\/api.w.org\/{rel}","templated":true}]}}