{"id":353831,"date":"2022-09-09T06:35:52","date_gmt":"2022-09-09T05:35:52","guid":{"rendered":"https:\/\/www.jibble.io\/?page_id=353831"},"modified":"2025-12-29T11:05:35","modified_gmt":"2025-12-29T11:05:35","slug":"idokovetessel-kapcsolatos-kerdesek","status":"publish","type":"page","link":"https:\/\/www.jibble.io\/hu\/idokovetessel-kapcsolatos-kerdesek","title":{"rendered":"Id\u0151k\u00f6vet\u00e9ssel kapcsolatos k\u00e9rd\u00e9sek"},"content":{"rendered":"<p>1<\/p>\n<p>Val\u00f3ban sz\u00fcks\u00e9ges az alkalmazottak munkaidej\u00e9nek nyomon k\u00f6vet\u00e9se?<\/p>\n<p><span style=\"font-weight: 400;\">Nincs \u00e1ltal\u00e1nos sz\u00fcks\u00e9g az alkalmazottak munkaidej\u00e9nek nyomon k\u00f6vet\u00e9s\u00e9re, s\u0151t, sok esetben az alkalmazottak munkaidej\u00e9nek nyomon k\u00f6vet\u00e9se \u00e9rtelmetlen is lehet. Az id\u0151k\u00f6vet\u00e9s egy megold\u00e1s. Ha nincs probl\u00e9m\u00e1ja, akkor val\u00f3sz\u00edn\u0171leg nincs sz\u00fcks\u00e9ge megold\u00e1sra. <\/span><\/p>\n<p><span style=\"font-weight: 400;\">Az els\u0151 l\u00e9p\u00e9s teh\u00e1t az, hogy azonos\u00edtsa az alkalmazottak kezel\u00e9s\u00e9vel kapcsolatos probl\u00e9m\u00e1it. Ha a KPI-ok egy\u00e9rtelm\u0171ek \u00e9s betartj\u00e1k \u0151ket, akkor az id\u0151k\u00f6vet\u00e9snek val\u00f3sz\u00edn\u0171leg nincs haszna. A val\u00f3s\u00e1g azonban az, hogy a legt\u00f6bb munkahelyen nem olyan egyszer\u0171, mint sokan gondolj\u00e1k, ismerni az \u00f6sszes KPI-t, amely egy munkak\u00f6r minden aspektus\u00e1t lefedi, majd \u00e9sszer\u0171 KPI-okat meghat\u00e1rozni. <\/span><\/p>\n<p>\u00dagy d\u00f6nt\u00f6ttem, hogy nyomon k\u00f6vetem az alkalmazottaim idej\u00e9t, de vajon sz\u00fcks\u00e9ges-e egy\u00e1ltal\u00e1n id\u0151k\u00f6vet\u0151 szoftver?<\/p>\n<p><span style=\"font-weight: 400;\">Nem, egy\u00e1ltal\u00e1n nem sz\u00fcks\u00e9ges <a href=\"https:\/\/www.jibble.io\/hu\/munkaido-rogzito-szoftver\">munkaid\u0151-nyilv\u00e1ntart\u00f3 szoftvert<\/a> haszn\u00e1lni, de egy ilyen haszn\u00e1lata sokkal k\u00f6nnyebb\u00e9 teheti az \u00e9letet, ez\u00e1ltal k\u00f6lts\u00e9geket takar\u00edthat meg \u00e9s minimaliz\u00e1lhatja a hib\u00e1kat, k\u00fcl\u00f6n\u00f6sen nagyobb szervezetek eset\u00e9ben, ahol az id\u0151kezel\u00e9s r\u00e9m\u00e1lomm\u00e1 v\u00e1lhat.<\/span><\/p>\n<p>Val\u00f3ban meg\u00faszhatja egy ingyenes id\u0151k\u00f6vet\u0151 alkalmaz\u00e1s haszn\u00e1lat\u00e1val?<\/p>\n<p><span style=\"font-weight: 400;\">Igen. Igaz, az ingyenes opci\u00f3 nem fog mindenkinek m\u0171k\u00f6dni, de abszol\u00fat \u00e9letk\u00e9pes megold\u00e1s. P\u00e9ld\u00e1ul a Jibble-lel felhaszn\u00e1l\u00f3ink t\u00falnyom\u00f3 t\u00f6bbs\u00e9ge soha nem fizet egy fill\u00e9rt sem. <\/span><\/p>\n<p>Mi a k\u00fcl\u00f6nbs\u00e9g az id\u0151k\u00f6vet\u0151 szoftver \u00e9s a munkaid\u0151-nyilv\u00e1ntart\u00f3 szoftver k\u00f6z\u00f6tt?<\/p>\n<p><span style=\"font-weight: 400;\">L\u00e9nyeg\u00e9ben nincs k\u00fcl\u00f6nbs\u00e9g a kett\u0151 k\u00f6z\u00f6tt.<\/span><\/p>\n<p><span style=\"font-weight: 400;\">Az el\u0151bbi azt jelenti, hogy a szoftver nyomon k\u00f6veti az id\u0151t, m\u00edg az ut\u00f3bbi a munkaid\u0151-nyilv\u00e1ntart\u00e1sok elk\u00e9sz\u00edt\u00e9s\u00e9t jelenti, de mivel szinte minden id\u0151k\u00f6vet\u0151 szoftver id\u0151k\u00f6vet\u00e9si adatokat ad ki munkaid\u0151-nyilv\u00e1ntart\u00e1sokba, \u00e9s szinte minden munkaid\u0151-nyilv\u00e1ntart\u00f3 szoftver a nyomon k\u00f6vetett id\u0151b\u0151l nyeri az adatait, a gyakorlatban nincs k\u00fcl\u00f6nbs\u00e9g a kett\u0151 k\u00f6z\u00f6tt.<\/span><\/p>\n<p>Mi a k\u00fcl\u00f6nbs\u00e9g az id\u0151k\u00f6vet\u0151 szoftver \u00e9s az id\u0151- \u00e9s jelenl\u00e9tkezel\u0151 szoftver k\u00f6z\u00f6tt?<\/p>\n<p><span style=\"font-weight: 400;\">Az id\u0151k\u00f6vet\u0151 szoftver egy t\u00e1g fogalom az id\u0151t nyomon k\u00f6vet\u0151 szoftverekre, \u00e9s haszn\u00e1lhat\u00f3 irodai, valamint helysz\u00edni alkalmazottak sz\u00e1m\u00e1ra is. Az id\u0151- \u00e9s jelenl\u00e9tk\u00f6vet\u00e9s az id\u0151k\u00f6vet\u00e9s egy alhalmaza, \u00e9s az \u201ejelenl\u00e9t\u201d sz\u00f3 alapj\u00e1n azt jelenti, hogy helysz\u00edni alkalmazottaknak sz\u00f3l \u2013 irodai alkalmazottak sz\u00e1m\u00e1ra \u00e1ltal\u00e1ban nem haszn\u00e1lna <a href=\"https:\/\/www.jibble.io\/hu\/munkaido-nyilvantarto-szoftver\">id\u0151- \u00e9s jelenl\u00e9tk\u00f6vet\u0151 szoftvert<\/a>. <\/span><\/p>\n<p>\u00cdme n\u00e9h\u00e1ny <a href=\"https:\/\/www.jibble.io\/hu\/ido-es-jelenleti-kerdesek\">k\u00e9rd\u00e9s \u00e9s v\u00e1lasz az id\u0151- \u00e9s jelenl\u00e9tk\u00f6vet\u00e9sr\u0151l<\/a>.<\/p>\n<p>R\u00f6gz\u00edtsem az alkalmazottaim laptopj\u00e1nak k\u00e9perny\u0151j\u00e9t?<\/p>\n<p><span style=\"font-weight: 400;\">Ez nem a legjobb \u00f6tlet. Alkalmazottai bizalmatlans\u00e1got fognak \u00e9rezni, senki sem szereti, ha folyamatosan figyelik, \u00edgy a legjobb munkat\u00e1rsai egyszer\u0171en elhagyj\u00e1k a c\u00e9get, \u00e9s a k\u00e9perny\u0151felv\u00e9tel megker\u00fcl\u00e9se val\u00f3j\u00e1ban meglehet\u0151sen egyszer\u0171, \u00e9s ha a r\u00f6gz\u00edtett k\u00e9perny\u0151id\u0151re koncentr\u00e1lunk a teljes\u00edtm\u00e9ny helyett, akkor a k\u00e9perny\u0151id\u0151 v\u00e1lik KPI-v\u00e1, nem a teljes\u00edtm\u00e9ny. Ez\u00e9rt sokkal \u00e9rtelmesebb a sz\u00e9les k\u00f6r\u0171 tev\u00e9kenys\u00e9geket, projekteket \u00e9s\/vagy \u00fcgyfeleket nyomon k\u00f6vetni az \u00e1tl\u00e1that\u00f3s\u00e1g \u00e9rdek\u00e9ben, \u00e9s biztos\u00edtani a hat\u00e9kony menedzsmentet. <\/span><\/p>\n<p>K\u00f6telezheti-e a munk\u00e1ltat\u00f3 a munkav\u00e1llal\u00f3t arra, hogy id\u0151k\u00f6vet\u0151 alkalmaz\u00e1st t\u00f6lts\u00f6n le szem\u00e9lyes mobiltelefonj\u00e1ra?<\/p>\n<p><span style=\"font-weight: 400;\">\u00c1ltal\u00e1noss\u00e1gban elmondhat\u00f3, hogy egy munk\u00e1ltat\u00f3 nem k\u00e9nyszer\u00edtheti az alkalmazottat arra, hogy az alkalmazott mobiltelefonj\u00e1n alkalmaz\u00e1st haszn\u00e1ljon, kiv\u00e9ve, ha ez kifejezetten szerepel a szerz\u0151d\u00e9sben. Azonban a legt\u00f6bb esetben a munk\u00e1ltat\u00f3nak \u00e9s az alkalmazottnak bizonyos szint\u0171 kompromisszumra van sz\u00fcks\u00e9ge a j\u00f3 munkakapcsolat fenntart\u00e1s\u00e1hoz, \u00e9s az, hogy egy alkalmazott v\u00e1laszol a mobilj\u00e1ra, vagy k\u00e9r\u00e9sre haszn\u00e1lja az id\u0151k\u00f6vet\u00e9sre, \u00e1ltal\u00e1ban \u00e9sszer\u0171nek tekinthet\u0151. <\/span><\/p>\n<p>Az alkalmazottak munkaidej\u00e9nek nyomon k\u00f6vet\u00e9se nem \u00e1ssa al\u00e1 a bizalmat a csapatokon bel\u00fcl?<\/p>\n<p><span style=\"font-weight: 400;\">Igen, ha mikroid\u0151k\u00f6vet\u00e9ss\u00e9 v\u00e1lik; nem, ha az el\u0151nyeit j\u00f3l kommunik\u00e1lj\u00e1k, \u00e9s ez a kommunik\u00e1ci\u00f3 azt jelenti, hogy elmagyar\u00e1zz\u00e1k az alkalmazottaknak, hogyan seg\u00edti ez mind az alkalmazottat, mind a munk\u00e1ltat\u00f3t.<\/span><\/p>\n<p>Az id\u0151k\u00f6vet\u00e9s egyen\u00e9rt\u00e9k\u0171 az alkalmazottak k\u00e9mked\u00e9s\u00e9vel?<\/p>\n<p><span style=\"font-weight: 400;\">Ha an\u00e9lk\u00fcl r\u00f6gz\u00edti az alkalmazottak k\u00e9perny\u0151j\u00e9t, hogy sz\u00f3lni nekik, igen, az nagyon is k\u00e9mked\u00e9snek t\u0171nik. Azonban az id\u0151k\u00f6vet\u0151 szoftvereket ritk\u00e1n haszn\u00e1lj\u00e1k \u00edgy, \u00e9s a helyesen v\u00e9gzett id\u0151k\u00f6vet\u00e9snek m\u00e9g csak nyomokban sem szabad tartalmaznia k\u00e9mked\u00e9st. <\/span><\/p>\n<p>Hogyan keresnek p\u00e9nzt a 100%-ban INGYENES id\u0151k\u00f6vet\u0151 alkalmaz\u00e1sok?<\/p>\n<p><span style=\"font-weight: 400;\">Nincs sok ingyenes munkaid\u0151-nyilv\u00e1ntart\u00f3 alkalmaz\u00e1s, de minden <a href=\"https:\/\/www.jibble.io\/hu\/munkaido-nyilvantarto-alkalmazas\">munkaid\u0151-nyilv\u00e1ntart\u00f3 alkalmaz\u00e1s<\/a> opcion\u00e1lis friss\u00edt\u00e9sek\u00e9rt d\u00edjat sz\u00e1m\u00edt fel.<\/span><\/p>\n<p>Hogyan magyar\u00e1zzam el a munkat\u00e1rsaimnak, hogy elkezdj\u00fck nyomon k\u00f6vetni az idej\u00fcket?<\/p>\n<p><span style=\"font-weight: 400;\">A kommunik\u00e1ci\u00f3 rendk\u00edv\u00fcl fontos, ak\u00e1rcsak az elv\u00e1r\u00e1sok meghat\u00e1roz\u00e1sa. Az \u00f3rab\u00e9rben fizetett munkat\u00e1rsaknak el kell magyar\u00e1zni, hogy az id\u0151k\u00f6vet\u00e9s ugyanannyira \u0151ket v\u00e9di, mint a c\u00e9get. Az id\u0151k\u00f6vet\u00e9s azt jelenti, hogy az alkalmazottak tisztess\u00e9gesen kapnak fizet\u00e9st, \u00e9s a munk\u00e1ltat\u00f3k is tisztess\u00e9gesen fizetnek. A fix fizet\u00e9s\u0171 munkat\u00e1rsaknak el kell magyar\u00e1zni az elsz\u00e1moltathat\u00f3s\u00e1g sz\u00fcks\u00e9gess\u00e9g\u00e9t. Azok a vezet\u0151k, akik nincsenek tiszt\u00e1ban azzal, hogy munkat\u00e1rsaik min dolgoznak, \u00e1ltal\u00e1ban nem jutnak messzire. <\/span><\/p>\n<p>explaining-to-staff<\/p>\n<p><span style=\"font-weight: 400;\">\u00c1ltal\u00e1ban nincs sok \u00e9rtelme az irodai dolgoz\u00f3k jelenl\u00e9t\u00e9t nyomon k\u00f6vetni, azaz azt, hogy h\u00e1ny \u00f3r\u00e1t t\u00f6lt\u00f6ttek az asztalukn\u00e1l, mivel ez keveset \u00e9r el. Azonban gyakran \u00e9rdemes nyomon k\u00f6vetni, hogy hov\u00e1 mennek az \u00f3r\u00e1k, azaz a tev\u00e9kenys\u00e9geket, projekteket \u00e9s\/vagy \u00fcgyfeleket. Az ilyen alapvet\u0151 elsz\u00e1moltathat\u00f3s\u00e1g n\u00e9lk\u00fcl szinte lehetetlen a legt\u00f6bb irodai dolgoz\u00f3t hat\u00e9konyan ir\u00e1ny\u00edtani. <\/span><\/p>\n<p>Nem minden id\u0151k\u00f6vet\u0151 szoftvermegold\u00e1s l\u00e9nyeg\u00e9ben ugyanaz?<\/p>\n<p><span style=\"font-weight: 400;\">A legt\u00f6bb val\u00f3ban ugyanazt a probl\u00e9m\u00e1t pr\u00f3b\u00e1lja megoldani, azaz az alkalmazottak idej\u00e9nek nyomon k\u00f6vet\u00e9s\u00e9t. Azonban mindegyiknek megvan a maga f\u00f3kusza, k\u00fcl\u00f6nb\u00f6z\u0151 szoftverintegr\u00e1ci\u00f3i, er\u0151ss\u00e9gei, \u00e1ra, \u00e9s tal\u00e1n a legfontosabb, mindegyiknek elt\u00e9r\u0151 a megval\u00f3s\u00edt\u00e1si szintje \u2013 egy olyan id\u0151k\u00f6vet\u0151 alkalmaz\u00e1s, amely megnehez\u00edti az alkalmazottak sz\u00e1m\u00e1ra az id\u0151 t\u00e9nyleges nyomon k\u00f6vet\u00e9s\u00e9t, v\u00e9gs\u0151 soron sokkal t\u00f6bb probl\u00e9m\u00e1t fog okozni, mint amennyit megold. <\/span><\/p>\n<p>Melyik az az 5 kulcsfontoss\u00e1g\u00fa dolog, amit egy id\u0151k\u00f6vet\u0151 megold\u00e1sban keresni kell?<\/p>\n<ol>\n<li><span style=\"font-weight: 400;\">Haszn\u00e1lja ki a megl\u00e9v\u0151 felhaszn\u00e1l\u00f3k tapasztalatait, ez\u00e9rt n\u00e9zze meg az \u00e9rt\u00e9kel\u00e9seket.<\/span><\/li>\n<li><span style=\"font-weight: 400;\"> Ha integr\u00e1lhat\u00f3 azokkal az alkalmaz\u00e1sokkal, amelyeket m\u00e1r haszn\u00e1l, sok id\u0151t takar\u00edthat meg az alkalmazottak \u00e9s az adatok szinkroniz\u00e1l\u00e1s\u00e1val.<\/span><\/li>\n<li><span style=\"font-weight: 400;\"> Ha nehezen jut ingyenes pr\u00f3baverzi\u00f3hoz, s\u0151t, ha nem is k\u00edn\u00e1lnak \u00d6nnek ingyenes pr\u00f3baverzi\u00f3t, annak riaszt\u00f3 jelnek kell lennie. Ha nagyszer\u0171 szoftverr\u0151l van sz\u00f3, akkor azt akarj\u00e1k majd, hogy kipr\u00f3b\u00e1lja. <\/span><\/li>\n<li><span style=\"font-weight: 400;\"> L\u00e9pjen kapcsolatba az \u00fcgyf\u00e9lszolg\u00e1lattal n\u00e9h\u00e1nyszor, hogy tesztelje \u0151ket. Amikor bajba ker\u00fcl, a kiv\u00e1l\u00f3 \u00fcgyf\u00e9lszolg\u00e1lat \u00e9letment\u0151 lehet, ne becs\u00fclje al\u00e1. <\/span><\/li>\n<li><span style=\"font-weight: 400;\"> V\u00e1lasszon olyan alkalmaz\u00e1st, amely kiz\u00e1r\u00f3lag id\u0151k\u00f6vet\u00e9ssel foglalkozik; a specializ\u00e1ci\u00f3ja val\u00f3sz\u00edn\u0171leg sokkal jobb eredm\u00e9nyt biztos\u00edt, mint az \u00e1ltal\u00e1nos HR-megold\u00e1sok.<\/span><\/li>\n<\/ol>\n<p>Nem illeg\u00e1lis az alkalmazottak idej\u00e9nek nyomon k\u00f6vet\u00e9se?<\/p>\n<p><span style=\"font-weight: 400;\">Az alkalmazottak idej\u00e9nek nyomon k\u00f6vet\u00e9se a vil\u00e1g egyetlen joghat\u00f3s\u00e1ga szerint sem illeg\u00e1lis. Val\u00f3j\u00e1ban sok, s\u0151t tal\u00e1n a legt\u00f6bb fejlett orsz\u00e1gban az id\u0151k\u00f6vet\u00e9s valamilyen form\u00e1ban t\u00f6rv\u00e9nyileg el\u0151\u00edrt\u00e1 v\u00e1lt, hogy megv\u00e9dj\u00e9k az alkalmazottakat a t\u00falmunk\u00e1t\u00f3l, \u00e9s biztos\u00edts\u00e1k a t\u00fal\u00f3r\u00e1k kifizet\u00e9s\u00e9t, de a tudatoss\u00e1g hi\u00e1nya miatt az ilyen t\u00f6rv\u00e9nyeket ritk\u00e1n \u00e9rv\u00e9nyes\u00edtik. <\/span><\/p>\n<p>Nem a mikromenedzsment egy form\u00e1ja az id\u0151k\u00f6vet\u00e9s?<\/p>\n<p><span style=\"font-weight: 400;\">Lehet, de nem felt\u00e9tlen\u00fcl. Ha a jelenl\u00e9tet k\u00f6veti nyomon, az sz\u00fcks\u00e9ges ahhoz, hogy az alkalmazottak id\u0151ben legyenek, vagy hogy a b\u00e9rsz\u00e1mfejt\u00e9s helyes legyen. Ha az irodai dolgoz\u00f3k idej\u00e9t k\u00e9perny\u0151felv\u00e9telekkel k\u00f6veti, az m\u00e1r a mikromenedzsment hat\u00e1r\u00e1t s\u00farolja. A sz\u00e9les k\u00f6r\u0171 tev\u00e9kenys\u00e9gek r\u00f6gz\u00edt\u00e9se csup\u00e1n arr\u00f3l sz\u00f3l, hogy tiszt\u00e1ban legyen azzal, hol vannak bevetve az emberi er\u0151forr\u00e1sai, \u00e9s ez \u00e1ltal\u00e1ban elengedhetetlen a menedzsment sz\u00e1m\u00e1ra. <\/span><\/p>\n<p>Milyen id\u0151k\u00f6vet\u0151 szoftvert haszn\u00e1l a Tesla?<\/p>\n<p><span style=\"font-weight: 400;\">2022 \u00f3ta a Tesla a Jibble-t haszn\u00e1lja az alkalmazottak idej\u00e9nek nyomon k\u00f6vet\u00e9s\u00e9re.<\/span><\/p>\n<p>Nem t\u00fal r\u00e9gim\u00f3di az id\u0151k\u00f6vet\u00e9s?<\/p>\n<p><span style=\"font-weight: 400;\">Az alkalmazottak mikromenedzsel\u00e9se od\u00e1ig, hogy a k\u00e9perny\u0151j\u00fcket r\u00f6gz\u00edtik, nem r\u00e9gim\u00f3di, mert ez viszonylag \u00faj innov\u00e1ci\u00f3, de az a koncepci\u00f3, hogy pontosan tudjuk, mit csin\u00e1l a szem\u00e9lyzet minden egyes tagja, val\u00f3ban r\u00e9gim\u00f3di. Ez m\u00e1r nem m\u0171k\u00f6dik. Azonban egy <a href=\"https:\/\/www.jibble.io\/hu\/jelenletkoveto\">alkalmazotti jelenl\u00e9ti alkalmaz\u00e1s<\/a> vagy id\u0151k\u00f6vet\u0151 haszn\u00e1lata annak sz\u00e9les k\u00f6r\u0171 meg\u00e9rt\u00e9s\u00e9re, hogy hov\u00e1 mennek az alkalmazottak \u00f3r\u00e1i, a hat\u00e9kony menedzsment alapvet\u0151 r\u00e9sze. <\/span><\/p>\n<p>Hogyan v\u00e1lhat az id\u0151k\u00f6vet\u0151 szoftver pozit\u00edv \u00e9lm\u00e9nny\u00e9 az alkalmazottak sz\u00e1m\u00e1ra?<\/p>\n<p><span style=\"font-weight: 400;\">A munkaad\u00f3knak meg kell gy\u0151zni\u00fck alkalmazottaikat egy <a href=\"https:\/\/www.jibble.io\/work-hours-tracker\">munkaid\u0151-k\u00f6vet\u0151<\/a> haszn\u00e1lat\u00e1nak fontoss\u00e1g\u00e1r\u00f3l. Nem az\u00e9rt, hogy mikromenedzselj\u00e9k vagy k\u00e9mkedjenek ut\u00e1nuk, hanem az\u00e9rt, hogy biztos\u00edts\u00e1k a megfelel\u0151 munkaterhel\u00e9s eloszt\u00e1s\u00e1t, valamint a s\u00falyos ki\u00e9g\u00e9si esetek azonos\u00edt\u00e1s\u00e1t \u00e9s megel\u0151z\u00e9s\u00e9t. P\u00e9ld\u00e1ul a vezet\u0151k \u00e9szrevehetik, ha alkalmazottjuk nehezen teljes\u00edti a feladatokat, vagy t\u00f6bb id\u0151t t\u00f6lt vel\u00fck, de kev\u00e9s vagy semmilyen el\u0151rel\u00e9p\u00e9s n\u00e9lk\u00fcl, ekkor besz\u00e9lhetnek vel\u00fck, vagy felaj\u00e1nlhatnak nekik n\u00e9mi szabadid\u0151t a fel\u00e9p\u00fcl\u00e9sre. <\/span><\/p>\n<p>Mi\u00e9rt nem fejleszt a Google alkalmazotti id\u0151k\u00f6vet\u0151 szoftvert \u00e9s h\u00f3d\u00edtja meg a piacot?<\/p>\n<p>Az id\u0151k\u00f6vet\u00e9s val\u00f3ban nagy \u00fczlet. Becsl\u00e9seink szerint az \u00f6sszes id\u0151k\u00f6vet\u0151 szoftverv\u00e1llalkoz\u00e1s jelenlegi \u00e9rt\u00e9ke 100 milli\u00e1rd doll\u00e1r k\u00f6r\u00fcl mozog, ami abszol\u00fat meg\u00e9rn\u00e9 a Google Alphabet sz\u00e1m\u00e1ra, ha ennek 1\/3-\u00e1t meg tudn\u00e1 szerezni.<\/p>\n<p>De az id\u0151k\u00f6vet\u00e9s nem r\u00e9sze a Google f\u00f3kusz\u00e1nak, nem illeszkedne j\u00f3l a jelenlegi term\u00e9kk\u00edn\u00e1lat\u00e1ba, \u00e9s az id\u0151k\u00f6vet\u00e9s val\u00f3j\u00e1ban egy nagyon sz\u00e9les ter\u00fclet, amelyet a k\u00fcl\u00f6nb\u00f6z\u0151 szegmenseket c\u00e9lz\u00f3 niche szerepl\u0151k szolg\u00e1lnak ki a legjobban. A Google nem tehet meg mindent, \u00edgy v\u00e9gs\u0151 soron nagyon neh\u00e9z lenne a Google sz\u00e1m\u00e1ra megszerezni azt az 1\/3-os piaci r\u00e9szesed\u00e9st, vagy ak\u00e1r megk\u00f6zel\u00edteni azt, \u00e9s vannak sz\u00e1mukra \u00e9rdekesebb dolgok, amelyekre f\u00f3kusz\u00e1lhatnak.<\/p>\n<p>Mi az a PTO?<\/p>\n<p>A PTO a Paid Time Off (fizetett szabadid\u0151) r\u00f6vid\u00edt\u00e9se, a vil\u00e1g nagy r\u00e9sze az Egyes\u00fclt \u00c1llamokon k\u00edv\u00fcl \u201eszabads\u00e1gnak\u201d nevezi. \u00cdgy egy <a href=\"https:\/\/www.jibble.io\/pto-tracking-software\">PTO k\u00f6vet\u0151 szoftver<\/a> ugyanaz, mint egy szabads\u00e1gk\u00f6vet\u0151 szoftver.<\/p>\n<p>L\u00e9tezik val\u00f3ban 100%-ban ingyenes id\u0151k\u00f6vet\u0151 szoftver?<\/p>\n<p>Igen, l\u00e9tezik, \u00e9s Jibble-nek h\u00edvj\u00e1k. A Jibble 100%-ban INGYENES a legt\u00f6bb olyan v\u00e1llalkoz\u00e1s sz\u00e1m\u00e1ra, amely haszn\u00e1lja; soha nem fizetnek egyetlen centet sem, soha nem kell bankk\u00e1rtyaadatokat megadniuk, \u00e9s b\u00e1rmikor lemondhatj\u00e1k.<\/p>\n<p>Az id\u0151k\u00f6vet\u0151 szoftver a legegyszer\u0171bb id\u0151k\u00f6vet\u0151 megold\u00e1s?<\/p>\n<p>Nem felt\u00e9tlen\u00fcl, kis csapatok sz\u00e1m\u00e1ra, nagyon alapvet\u0151 ig\u00e9nyekkel, egy <a href=\"https:\/\/www.jibble.io\/work-hours-and-timecard-calculator\">munka\u00f3ra-kalkul\u00e1tor<\/a> val\u00f3sz\u00edn\u0171leg minden, amire sz\u00fcks\u00e9g van.<\/p>\n<p>Nyomon k\u00f6vetn\u00e9 saj\u00e1t \u00f3r\u00e1it, \u00e9s a kalkul\u00e1tor seg\u00edts\u00e9g\u00e9vel kisz\u00e1moln\u00e1 a b\u00e9rsz\u00e1mfejt\u00e9si \u00f3r\u00e1k teljes sz\u00e1m\u00e1t. M\u00e9g fi\u00f3kot sem kell l\u00e9trehoznia.<\/p>\n<p>Kinyomtathatna <a href=\"https:\/\/www.jibble.io\/hu\/munkaido-nyilvantarto-sablon\">munkaid\u0151-nyilv\u00e1ntart\u00f3 sablonokat<\/a>, ahol az id\u0151t r\u00f6gz\u00edten\u00e9k.<\/p>\n","protected":false},"excerpt":{"rendered":"<p>1 Val\u00f3ban sz\u00fcks\u00e9ges az alkalmazottak munkaidej\u00e9nek nyomon k\u00f6vet\u00e9se? Nincs \u00e1ltal\u00e1nos sz\u00fcks\u00e9g az alkalmazottak munkaidej\u00e9nek nyomon k\u00f6vet\u00e9s\u00e9re, s\u0151t, sok esetben az alkalmazottak munkaidej\u00e9nek nyomon k\u00f6vet\u00e9se \u00e9rtelmetlen is lehet. Az id\u0151k\u00f6vet\u00e9s egy megold\u00e1s. Ha nincs probl\u00e9m\u00e1ja, akkor val\u00f3sz\u00edn\u0171leg nincs sz\u00fcks\u00e9ge megold\u00e1sra. Az els\u0151 l\u00e9p\u00e9s teh\u00e1t az, hogy azonos\u00edtsa az alkalmazottak kezel\u00e9s\u00e9vel kapcsolatos probl\u00e9m\u00e1it. Ha a KPI-ok egy\u00e9rtelm\u0171ek [&hellip;]<\/p>\n","protected":false},"author":6,"featured_media":0,"parent":0,"menu_order":0,"comment_status":"closed","ping_status":"closed","template":"page-blank.php","meta":{"_acf_changed":false,"footnotes":""},"class_list":["post-353831","page","type-page","status-publish","hentry"],"acf":[],"yoast_head":"<!-- This site is optimized with the Yoast SEO Premium plugin v26.8 (Yoast SEO v26.8) - https:\/\/yoast.com\/product\/yoast-seo-premium-wordpress\/ -->\n<title>Id\u0151k\u00f6vet\u00e9s: k\u00e9rd\u00e9sek, amiket nem mert\u00e9l feltenni<\/title>\n<meta name=\"description\" content=\"Sz\u00fcks\u00e9g van az id\u0151k\u00f6vet\u00e9sre?Hogyan m\u0171k\u00f6dik, \u00e9s mire j\u00f3 val\u00f3j\u00e1ban?Gyors \u00fatmutat\u00f3nkban minden fontos k\u00e9rd\u00e9sre v\u00e1laszt adunk.\" \/>\n<meta name=\"robots\" content=\"index, follow, max-snippet:-1, max-image-preview:large, max-video-preview:-1\" \/>\n<link rel=\"canonical\" href=\"https:\/\/www.jibble.io\/hu\/idokovetessel-kapcsolatos-kerdesek\" \/>\n<meta property=\"og:locale\" content=\"hu_HU\" \/>\n<meta property=\"og:type\" content=\"article\" \/>\n<meta property=\"og:title\" content=\"Id\u0151k\u00f6vet\u00e9s: k\u00e9rd\u00e9sek, amiket nem mert\u00e9l feltenni\" \/>\n<meta property=\"og:description\" content=\"Sz\u00fcks\u00e9g van az id\u0151k\u00f6vet\u00e9sre?Hogyan m\u0171k\u00f6dik, \u00e9s mire j\u00f3 val\u00f3j\u00e1ban?Gyors \u00fatmutat\u00f3nkban minden fontos k\u00e9rd\u00e9sre v\u00e1laszt adunk.\" \/>\n<meta property=\"og:url\" content=\"https:\/\/www.jibble.io\/hu\/idokovetessel-kapcsolatos-kerdesek\" \/>\n<meta property=\"og:site_name\" content=\"Jibble\" \/>\n<meta property=\"article:modified_time\" content=\"2025-12-29T11:05:35+00:00\" \/>\n<meta name=\"twitter:card\" content=\"summary_large_image\" \/>\n<meta name=\"twitter:label1\" content=\"Becs\u00fclt olvas\u00e1si id\u0151\" \/>\n\t<meta name=\"twitter:data1\" content=\"13 perc\" \/>\n<script type=\"application\/ld+json\" class=\"yoast-schema-graph\">{\"@context\":\"https:\/\/schema.org\",\"@graph\":[{\"@type\":\"WebPage\",\"@id\":\"https:\/\/www.jibble.io\/hu\/idokovetessel-kapcsolatos-kerdesek\",\"url\":\"https:\/\/www.jibble.io\/hu\/idokovetessel-kapcsolatos-kerdesek\",\"name\":\"Id\u0151k\u00f6vet\u00e9s: k\u00e9rd\u00e9sek, amiket nem mert\u00e9l feltenni\",\"isPartOf\":{\"@id\":\"https:\/\/www.jibble.io\/hu#website\"},\"datePublished\":\"2022-09-09T05:35:52+00:00\",\"dateModified\":\"2025-12-29T11:05:35+00:00\",\"description\":\"Sz\u00fcks\u00e9g van az id\u0151k\u00f6vet\u00e9sre?Hogyan m\u0171k\u00f6dik, \u00e9s mire j\u00f3 val\u00f3j\u00e1ban?Gyors \u00fatmutat\u00f3nkban minden fontos k\u00e9rd\u00e9sre v\u00e1laszt adunk.\",\"inLanguage\":\"hu\",\"potentialAction\":[{\"@type\":\"ReadAction\",\"target\":[\"https:\/\/www.jibble.io\/hu\/idokovetessel-kapcsolatos-kerdesek\"]}]},{\"@type\":\"WebSite\",\"@id\":\"https:\/\/www.jibble.io\/hu#website\",\"url\":\"https:\/\/www.jibble.io\/hu\",\"name\":\"Jibble\",\"description\":\"Meet the new standard in time tracking software\",\"publisher\":{\"@id\":\"https:\/\/www.jibble.io\/hu#organization\"},\"potentialAction\":[{\"@type\":\"SearchAction\",\"target\":{\"@type\":\"EntryPoint\",\"urlTemplate\":\"https:\/\/www.jibble.io\/hu?s={search_term_string}\"},\"query-input\":{\"@type\":\"PropertyValueSpecification\",\"valueRequired\":true,\"valueName\":\"search_term_string\"}}],\"inLanguage\":\"hu\"},{\"@type\":\"Organization\",\"@id\":\"https:\/\/www.jibble.io\/hu#organization\",\"name\":\"Jibble\",\"url\":\"https:\/\/www.jibble.io\/hu\",\"logo\":{\"@type\":\"ImageObject\",\"inLanguage\":\"hu\",\"@id\":\"https:\/\/www.jibble.io\/hu#\/schema\/logo\/image\/\",\"url\":\"https:\/\/www.jibble.io\/wp-content\/uploads\/2022\/05\/Original-copy-923x1024.png\",\"contentUrl\":\"https:\/\/www.jibble.io\/wp-content\/uploads\/2022\/05\/Original-copy-923x1024.png\",\"width\":\"923\",\"height\":\"1024\",\"caption\":\"Jibble\"},\"image\":{\"@id\":\"https:\/\/www.jibble.io\/hu#\/schema\/logo\/image\/\"},\"sameAs\":[\"https:\/\/www.linkedin.com\/company\/jibble\/\"]}]}<\/script>\n<!-- \/ Yoast SEO Premium plugin. -->","yoast_head_json":{"title":"Id\u0151k\u00f6vet\u00e9s: k\u00e9rd\u00e9sek, amiket nem mert\u00e9l feltenni","description":"Sz\u00fcks\u00e9g van az id\u0151k\u00f6vet\u00e9sre?Hogyan m\u0171k\u00f6dik, \u00e9s mire j\u00f3 val\u00f3j\u00e1ban?Gyors \u00fatmutat\u00f3nkban minden fontos k\u00e9rd\u00e9sre v\u00e1laszt adunk.","robots":{"index":"index","follow":"follow","max-snippet":"max-snippet:-1","max-image-preview":"max-image-preview:large","max-video-preview":"max-video-preview:-1"},"canonical":"https:\/\/www.jibble.io\/hu\/idokovetessel-kapcsolatos-kerdesek","og_locale":"hu_HU","og_type":"article","og_title":"Id\u0151k\u00f6vet\u00e9s: k\u00e9rd\u00e9sek, amiket nem mert\u00e9l feltenni","og_description":"Sz\u00fcks\u00e9g van az id\u0151k\u00f6vet\u00e9sre?Hogyan m\u0171k\u00f6dik, \u00e9s mire j\u00f3 val\u00f3j\u00e1ban?Gyors \u00fatmutat\u00f3nkban minden fontos k\u00e9rd\u00e9sre v\u00e1laszt adunk.","og_url":"https:\/\/www.jibble.io\/hu\/idokovetessel-kapcsolatos-kerdesek","og_site_name":"Jibble","article_modified_time":"2025-12-29T11:05:35+00:00","twitter_card":"summary_large_image","twitter_misc":{"Becs\u00fclt olvas\u00e1si id\u0151":"13 perc"},"schema":{"@context":"https:\/\/schema.org","@graph":[{"@type":"WebPage","@id":"https:\/\/www.jibble.io\/hu\/idokovetessel-kapcsolatos-kerdesek","url":"https:\/\/www.jibble.io\/hu\/idokovetessel-kapcsolatos-kerdesek","name":"Id\u0151k\u00f6vet\u00e9s: k\u00e9rd\u00e9sek, amiket nem mert\u00e9l feltenni","isPartOf":{"@id":"https:\/\/www.jibble.io\/hu#website"},"datePublished":"2022-09-09T05:35:52+00:00","dateModified":"2025-12-29T11:05:35+00:00","description":"Sz\u00fcks\u00e9g van az id\u0151k\u00f6vet\u00e9sre?Hogyan m\u0171k\u00f6dik, \u00e9s mire j\u00f3 val\u00f3j\u00e1ban?Gyors \u00fatmutat\u00f3nkban minden fontos k\u00e9rd\u00e9sre v\u00e1laszt adunk.","inLanguage":"hu","potentialAction":[{"@type":"ReadAction","target":["https:\/\/www.jibble.io\/hu\/idokovetessel-kapcsolatos-kerdesek"]}]},{"@type":"WebSite","@id":"https:\/\/www.jibble.io\/hu#website","url":"https:\/\/www.jibble.io\/hu","name":"Jibble","description":"Meet the new standard in time tracking software","publisher":{"@id":"https:\/\/www.jibble.io\/hu#organization"},"potentialAction":[{"@type":"SearchAction","target":{"@type":"EntryPoint","urlTemplate":"https:\/\/www.jibble.io\/hu?s={search_term_string}"},"query-input":{"@type":"PropertyValueSpecification","valueRequired":true,"valueName":"search_term_string"}}],"inLanguage":"hu"},{"@type":"Organization","@id":"https:\/\/www.jibble.io\/hu#organization","name":"Jibble","url":"https:\/\/www.jibble.io\/hu","logo":{"@type":"ImageObject","inLanguage":"hu","@id":"https:\/\/www.jibble.io\/hu#\/schema\/logo\/image\/","url":"https:\/\/www.jibble.io\/wp-content\/uploads\/2022\/05\/Original-copy-923x1024.png","contentUrl":"https:\/\/www.jibble.io\/wp-content\/uploads\/2022\/05\/Original-copy-923x1024.png","width":"923","height":"1024","caption":"Jibble"},"image":{"@id":"https:\/\/www.jibble.io\/hu#\/schema\/logo\/image\/"},"sameAs":["https:\/\/www.linkedin.com\/company\/jibble\/"]}]}},"_links":{"self":[{"href":"https:\/\/www.jibble.io\/hu\/wp-json\/wp\/v2\/pages\/353831","targetHints":{"allow":["GET"]}}],"collection":[{"href":"https:\/\/www.jibble.io\/hu\/wp-json\/wp\/v2\/pages"}],"about":[{"href":"https:\/\/www.jibble.io\/hu\/wp-json\/wp\/v2\/types\/page"}],"author":[{"embeddable":true,"href":"https:\/\/www.jibble.io\/hu\/wp-json\/wp\/v2\/users\/6"}],"replies":[{"embeddable":true,"href":"https:\/\/www.jibble.io\/hu\/wp-json\/wp\/v2\/comments?post=353831"}],"version-history":[{"count":3,"href":"https:\/\/www.jibble.io\/hu\/wp-json\/wp\/v2\/pages\/353831\/revisions"}],"predecessor-version":[{"id":365082,"href":"https:\/\/www.jibble.io\/hu\/wp-json\/wp\/v2\/pages\/353831\/revisions\/365082"}],"wp:attachment":[{"href":"https:\/\/www.jibble.io\/hu\/wp-json\/wp\/v2\/media?parent=353831"}],"curies":[{"name":"wp","href":"https:\/\/api.w.org\/{rel}","templated":true}]}}