{"id":353825,"date":"2022-11-11T01:44:41","date_gmt":"2022-11-11T01:44:41","guid":{"rendered":"https:\/\/www.jibble.io\/?page_id=353825"},"modified":"2026-01-16T20:43:47","modified_gmt":"2026-01-16T20:43:47","slug":"ido-es-jelenleti-kerdesek","status":"publish","type":"page","link":"https:\/\/www.jibble.io\/hu\/ido-es-jelenleti-kerdesek","title":{"rendered":"Id\u0151- \u00e9s jelenl\u00e9ti k\u00e9rd\u00e9sek"},"content":{"rendered":"<p>1<\/p>\n<p>Val\u00f3ban sz\u00fcks\u00e9ges a munkav\u00e1llal\u00f3k idej\u00e9nek nyomon k\u00f6vet\u00e9se?<\/p>\n<p><span style=\"font-weight: 400;\">Nem. A munkav\u00e1llal\u00f3k idej\u00e9nek nyomon k\u00f6vet\u00e9se bizonyos helyzetekben \u00e9s szervezetekben \u00e9rtelmes, m\u00e1s helyzetekben vagy szervezetekben viszont nem. <\/span><\/p>\n<p>Val\u00f3j\u00e1ban a Jibble-n\u00e9l vannak olyan csapataink, amelyekn\u00e9l nyomon k\u00f6vetj\u00fck az id\u0151t \u00e9s a tev\u00e9kenys\u00e9get \u2013 p\u00e9ld\u00e1ul az \u00f3rab\u00e9rben fizetettekn\u00e9l \u2013, m\u00e1s csapatokn\u00e1l viszont nem. S\u0151t, munkat\u00e1rsaink t\u00f6bbs\u00e9g\u00e9n\u00e9l a legfontosabb dolog, amit nyomon k\u00f6vet\u00fcnk, az a teljes\u00edtm\u00e9ny\u00fck \u00e9s a kimenet\u00fck.<\/p>\n<p>A l\u00e9nyeg itt az, hogy azonos\u00edtsa, mi\u00e9rt kell nyomon k\u00f6vetnie az id\u0151t, majd hogyan tegye azt.<\/p>\n<p>necessary-to-track-employee-time<\/p>\n<p>\u00c9s mi a helyzet a jelenl\u00e9ttel?<\/p>\n<p>\u00c1ltal\u00e1ban az olyan helysz\u00edni dolgoz\u00f3k eset\u00e9ben, mint p\u00e9ld\u00e1ul egy \u00e9tteremben, k\u00f3rh\u00e1zban, \u00e9p\u00edtkez\u00e9sen stb., nagyon is \u00e9rtelmes lehet a jelenl\u00e9t nyomon k\u00f6vet\u00e9se, mert ha a szem\u00e9lyzet nincs ott, nem tudja elv\u00e9gezni a munk\u00e1j\u00e1t.<\/p>\n<p>necessary-to-track-attendance<\/p>\n<p>Melyek az el\u00e9rhet\u0151 id\u0151- \u00e9s jelenl\u00e9tkezel\u0151 rendszerek f\u0151 t\u00edpusai?<\/p>\n<p>\u00cdme n\u00e9h\u00e1ny id\u0151- \u00e9s jelenl\u00e9tkezel\u0151 rendszer:<\/p>\n<ul>\n<li>Nincs fel\u00fcgyelet, csak fizikai jelenl\u00e9tre t\u00e1maszkod\u00e1s.\n<ul>\n<li>Ez nagyon kis csapatok sz\u00e1m\u00e1ra j\u00f3l m\u0171k\u00f6dik.<\/li>\n<\/ul>\n<\/li>\n<li>Toll \u00e9s pap\u00edr\n<ul>\n<li>Ism\u00e9t, j\u00f3l m\u0171k\u00f6dhet kis csapatokn\u00e1l, ahol az id\u0151t r\u00f6gz\u00edteni kell. Term\u00e9szetesen vissza\u00e9l\u00e9sekre adhat okot.<\/li>\n<\/ul>\n<\/li>\n<li>K\u00e1rty\u00e1s bel\u00e9ptet\u0151 \u00f3r\u00e1k\n<ul>\n<li>Rendszerezett, de vissza\u00e9l\u00e9sekre adhat okot, id\u0151ig\u00e9nyes az adatok kinyer\u00e9se a k\u00e1rty\u00e1kr\u00f3l, a k\u00e1rty\u00e1kr\u00f3l nincs biztons\u00e1gi ment\u00e9s, \u00e9s mindez hib\u00e1kra hajlamos. Ism\u00e9t, ez j\u00f3l m\u0171k\u00f6dhet kis szervezetekn\u00e9l, ahol a csapat l\u00e1that\u00f3s\u00e1ga magas.<\/li>\n<\/ul>\n<\/li>\n<li>Elektronikus, nem felh\u0151alap\u00fa bel\u00e9ptet\u0151 \u00f3r\u00e1k\n<ul>\n<li>\u00c1ltal\u00e1ban dr\u00e1ga a be\u00e1ll\u00edt\u00e1suk, gyorsan elavulnak, az adatok nem \u00e9rhet\u0151k el val\u00f3s id\u0151ben, \u00e9s nincs r\u00f3luk biztons\u00e1gi ment\u00e9s.<\/li>\n<\/ul>\n<\/li>\n<li>Felh\u0151alap\u00fa id\u0151- \u00e9s jelenl\u00e9tkezel\u0151 szoftver.\n<ul>\n<li>Igen, ezt \u00e1ruljuk, de ez a j\u00f6v\u0151 \u00fatja, mert megoldja az \u00f6sszes t\u00f6bbi rendszer probl\u00e9m\u00e1j\u00e1t \u2013 ez\u00e9rt v\u00e1ltak ilyen n\u00e9pszer\u0171v\u00e9.<\/li>\n<\/ul>\n<\/li>\n<\/ul>\n<p>types-time-and-attendance-systems<\/p>\n<p>K\u00e9sz\u00edt-e munkaid\u0151-nyilv\u00e1ntart\u00e1st egy felh\u0151alap\u00fa id\u0151- \u00e9s jelenl\u00e9tkezel\u0151 rendszer?<\/p>\n<p>Igen, a legt\u00f6bb id\u0151- \u00e9s jelenl\u00e9tkezel\u0151 rendszer munkaid\u0151-nyilv\u00e1ntart\u00e1st is k\u00e9sz\u00edt, \u00e9s a legt\u00f6bb t\u00f6bbf\u00e9le form\u00e1tumban is biztos\u00edtja azokat.<\/p>\n<p>time-attendance-system-produce-timesheets<\/p>\n<p>A jelenl\u00e9tkezel\u00e9s csak a munkav\u00e1llal\u00f3k idej\u00e9nek kezel\u00e9s\u00e9re alkalmas?<\/p>\n<p><span style=\"font-weight: 400;\">Nem. A munkav\u00e1llal\u00f3k idej\u00e9nek kezel\u00e9s\u00e9n k\u00edv\u00fcl a jelenl\u00e9tkezel\u00e9s haszn\u00e1lhat\u00f3 a hi\u00e1nyz\u00e1sok vagy a jelenl\u00e9ti pontsz\u00e1mok nyomon k\u00f6vet\u00e9s\u00e9re k\u00fcl\u00f6nb\u00f6z\u0151 esem\u00e9nyeken \u00e9s szolg\u00e1ltat\u00e1sokon kereszt\u00fcl. Ez\u00e9rt tett\u00fck lehet\u0151v\u00e9, hogy a Jibble t\u00f6k\u00e9letesen m\u0171k\u00f6dj\u00f6n a <a href=\"https:\/\/www.jibble.io\/student-teacher-attendance-tracking-software\">di\u00e1kok jelenl\u00e9t\u00e9nek<\/a> \u00e9s az <a href=\"https:\/\/www.jibble.io\/church-attendance\">egyh\u00e1zi jelenl\u00e9tnek<\/a> a nyomon k\u00f6vet\u00e9s\u00e9re is. <\/span><\/p>\n<p>attendance-managing-employee-time<\/p>\n<p>Mi a k\u00fcl\u00f6nbs\u00e9g az id\u0151k\u00f6vet\u0151 szoftver \u00e9s az id\u0151- \u00e9s jelenl\u00e9tkezel\u0151 szoftver k\u00f6z\u00f6tt?<\/p>\n<p><span style=\"font-weight: 400;\"><a href=\"https:\/\/www.jibble.io\/hu\">Az id\u0151k\u00f6vet\u0151 szoftver<\/a> egy \u00e1ltal\u00e1nos kifejez\u00e9s olyan szoftverre, amely pontosan azt teszi, amit a neve is sugall, azaz id\u0151t k\u00f6vet.<\/span><\/p>\n<p>A l\u00e9nyeg, hogy asztali \u00e9s helysz\u00edni alkalmazottak sz\u00e1m\u00e1ra egyar\u00e1nt haszn\u00e1lhat\u00f3.<\/p>\n<p>Az id\u0151- \u00e9s jelenl\u00e9tkezel\u00e9s az id\u0151k\u00f6vet\u00e9s egy r\u00e9szhalmaza, \u00e9s az \u201ejelenl\u00e9t\u201d sz\u00f3 alapj\u00e1n azt sugallja, hogy helysz\u00edni alkalmazottak sz\u00e1m\u00e1ra k\u00e9sz\u00fclt.<\/p>\n<p>difference-time-tracking-software-time-attendance-software<\/p>\n<p>Mi az a \u201ekoll\u00e9ga helyetti bejelentkez\u00e9s\u201d (buddy punching)?<\/p>\n<p>A koll\u00e9ga helyetti bejelentkez\u00e9s az, amikor az egyik munkav\u00e1llal\u00f3 megk\u00e9ri a m\u00e1sikat, hogy \u00fcsse be helyette a be- vagy kijelentkez\u00e9st. Ez nemcsak csal\u00e1s, hanem demotiv\u00e1l\u00f3 is azok sz\u00e1m\u00e1ra, akik l\u00e1tj\u00e1k, ahogy koll\u00e9g\u00e1ik munka n\u00e9lk\u00fcl kapnak fizet\u00e9st.<\/p>\n<p>buddy-punching<\/p>\n<p>Honnan tudja, hogy a bejelentkezett munkav\u00e1llal\u00f3 val\u00f3ban ott volt?<\/p>\n<p>Ez\u00e9rt van a <a href=\"https:\/\/www.jibble.io\/hu\/arcfelismero-jelenleti-rendszer\">biometrikus jelenl\u00e9tkezel\u00e9s<\/a>, ami azt jelenti, hogy biol\u00f3giai adatok, p\u00e9ld\u00e1ul ujjlenyomat, arcfelismer\u00e9s vagy hang (amit m\u00e9g nem l\u00e1ttunk) seg\u00edts\u00e9g\u00e9vel r\u00f6gz\u00edtik a jelenl\u00e9tet. P\u00e1ros\u00edtsa ezt azzal, hogy a jelenl\u00e9ti rendszer fix helyen van, vagy telefon vagy tablet GPS-\u00e9t haszn\u00e1lja, \u00e9s m\u00e1ris r\u00f6gz\u00edtve van a megfelel\u0151 szem\u00e9ly \u00e9s a helysz\u00edn az adott id\u0151pontban.<\/p>\n<p>Egyes rendszerek <a href=\"https:\/\/www.jibble.io\/rfid-nfc-attendance-system\">RFID k\u00e1rty\u00e1s jelenl\u00e9tkezel\u00e9st<\/a> haszn\u00e1lnak, de term\u00e9szetesen a k\u00e1rty\u00e1k hajlamosak a koll\u00e9ga helyetti bejelentkez\u00e9sre. Ez j\u00f3l m\u0171k\u00f6dhet nagy l\u00e1that\u00f3s\u00e1g\u00fa ter\u00fcleteken, p\u00e9ld\u00e1ul CCTV-vel felszerelt helyeken. M\u00e1s szoftverek telefonokat haszn\u00e1lnak k\u00e1rty\u00e1k helyett, \u00e9s b\u00e1r a telefonokat \u00e1t lehet adni koll\u00e9g\u00e1knak, sokan vonakodnak ett\u0151l, mivel ez azt jelenti, hogy nem haszn\u00e1lhatj\u00e1k a telefonjukat. A Jibble t\u00e1mogatja ezt a funkci\u00f3t a \u201eeszk\u00f6z z\u00e1rol\u00e1s\u00e1val\u201d, ami azt jelenti, hogy csak az adott telefonjuk haszn\u00e1lhat\u00f3 a be- \u00e9s kijelentkez\u00e9shez.<\/p>\n<p>biometric-attendance<\/p>\n<p>K\u00f6telezheti-e a munk\u00e1ltat\u00f3 a munkav\u00e1llal\u00f3t arra, hogy id\u0151k\u00f6vet\u0151 alkalmaz\u00e1st t\u00f6lts\u00f6n le szem\u00e9lyes mobiltelefonj\u00e1ra?<\/p>\n<p><span style=\"font-weight: 400;\">A munk\u00e1ltat\u00f3 nem k\u00e9nyszer\u00edtheti a munkav\u00e1llal\u00f3t arra, hogy alkalmaz\u00e1st haszn\u00e1ljon a saj\u00e1t mobiltelefonj\u00e1n, hacsak ez nincs kifejezetten r\u00f6gz\u00edtve a szerz\u0151d\u00e9sben.<\/span><\/p>\n<p>A val\u00f3s\u00e1g azonban az, hogy a munk\u00e1ltat\u00f3nak \u00e9s a munkav\u00e1llal\u00f3nak bizonyos szint\u0171 meg\u00e9rt\u00e9ssel kell rendelkeznie a j\u00f3 munkakapcsolat fenntart\u00e1s\u00e1hoz, \u00edgy egy munkav\u00e1llal\u00f3 r\u00e9sz\u00e9r\u0151l \u00e9sszer\u0171nek tekinthet\u0151, ha k\u00e9r\u00e9sre v\u00e1laszol a mobiltelefonj\u00e1n, vagy azt haszn\u00e1lja az id\u0151k\u00f6vet\u00e9sre.<\/p>\n<p>employer-force-use-own-mobile<\/p>\n<p>Hogyan keresnek p\u00e9nzt a 100%-ban INGYENES id\u0151- \u00e9s jelenl\u00e9tkezel\u0151 alkalmaz\u00e1sok?<\/p>\n<p><span style=\"font-weight: 400;\">Nincs sok ingyenes, de amelyek vannak, azok opcion\u00e1lis friss\u00edt\u00e9sek\u00e9rt d\u00edjat sz\u00e1m\u00edtva keresnek p\u00e9nzt.<\/span><\/p>\n<p>free-time-attendance-money<\/p>\n<p>Hogyan magyar\u00e1zzam el a munkat\u00e1rsaimnak, hogy elkezdj\u00fck nyomon k\u00f6vetni az idej\u00fcket?<\/p>\n<p><span style=\"font-weight: 400;\">A kommunik\u00e1ci\u00f3 nagyon fontos, ak\u00e1rcsak az elv\u00e1r\u00e1sok meghat\u00e1roz\u00e1sa. A jelenl\u00e9t nyomon k\u00f6vet\u00e9se azt jelenti, hogy a munkav\u00e1llal\u00f3k tisztess\u00e9gesen kapnak fizet\u00e9st, \u00e9s a munk\u00e1ltat\u00f3k is tisztess\u00e9gesen fizetnek, \u00e9s ez egy kulcsfontoss\u00e1g\u00fa \u00fczenet, amit \u00e1t kell adni. <\/span><\/p>\n<p>communicating-staff<\/p>\n<p>Nem mindegyik id\u0151- \u00e9s jelenl\u00e9tkezel\u0151 megold\u00e1s l\u00e9nyeg\u00e9ben ugyanaz?<\/p>\n<p><span style=\"font-weight: 400;\">A legt\u00f6bb val\u00f3ban ugyanazt a probl\u00e9m\u00e1t pr\u00f3b\u00e1lja megoldani, azaz az id\u0151 \u00e9s a jelenl\u00e9t nyomon k\u00f6vet\u00e9s\u00e9t. Azonban mindegyiknek megvannak a maga er\u0151ss\u00e9gei, \u00e1ra, be- \u00e9s kijelentkez\u00e9si m\u00f3dszerei, \u00e9s tal\u00e1n a legfontosabb, hogy mindegyik elt\u00e9r\u0151 szint\u0171 v\u00e9grehajt\u00e1ssal rendelkezik \u2013 egy olyan id\u0151- \u00e9s jelenl\u00e9tkezel\u0151 szoftver, amely megnehez\u00edti a munkav\u00e1llal\u00f3k sz\u00e1m\u00e1ra a t\u00e9nyleges be- \u00e9s kijelentkez\u00e9st, v\u00e9gs\u0151 soron sokkal t\u00f6bb probl\u00e9m\u00e1t fog okozni, mint amennyit megold. <\/span><\/p>\n<p>Tov\u00e1bb\u00e1 \u00e9rdemes szem el\u0151tt tartani, hogy amikor egy <a href=\"https:\/\/www.jibble.io\/hu\/jelenletkoveto\">jelenl\u00e9tk\u00f6vet\u0151t<\/a> v\u00e1laszt, nem term\u00e9ket v\u00e1s\u00e1rol, hanem befektet abba, mivel a term\u00e9k id\u0151vel v\u00e1ltozni fog, \u00e9s neh\u00e9z rendszert v\u00e1ltani. Ez\u00e9rt \u00e9rdemes gondoskodni arr\u00f3l, hogy a rendszer fejl\u0151dj\u00f6n, \u00e9s az \u00fcgyf\u00e9lszolg\u00e1lat is reag\u00e1ljon.<\/p>\n<p>difference-between-time-and-attendance-solutions<\/p>\n<p>Nem illeg\u00e1lis a munkav\u00e1llal\u00f3k idej\u00e9nek \u00e9s jelenl\u00e9t\u00e9nek nyomon k\u00f6vet\u00e9se?<\/p>\n<p><span style=\"font-weight: 400;\">A munkav\u00e1llal\u00f3k jelenl\u00e9t\u00e9nek nyomon k\u00f6vet\u00e9se a vil\u00e1g minden joghat\u00f3s\u00e1g\u00e1ban teljesen leg\u00e1lis, mivel a munk\u00e1ltat\u00f3knak alapvet\u0151en tudniuk kell, hol tart\u00f3zkodnak a munkat\u00e1rsaik.<\/span><\/p>\n<p>Val\u00f3j\u00e1ban sz\u00e1mos fejlett orsz\u00e1gban az id\u0151k\u00f6vet\u00e9s valamilyen form\u00e1ban t\u00f6rv\u00e9nyi el\u0151\u00edr\u00e1ss\u00e1 v\u00e1lt, hogy megv\u00e9dje a munkav\u00e1llal\u00f3kat a t\u00fal\u00f3r\u00e1z\u00e1st\u00f3l, \u00e9s biztos\u00edtsa sz\u00e1mukra a t\u00fal\u00f3ra kifizet\u00e9s\u00e9t, de a tudatoss\u00e1g hi\u00e1nya miatt az ilyen t\u00f6rv\u00e9nyeket ritk\u00e1n \u00e9rv\u00e9nyes\u00edtik.<\/p>\n<p>tracking-employee-time-legal<\/p>\n<p>A legt\u00f6bb id\u0151- \u00e9s jelenl\u00e9tkezel\u0151 szoftver megold\u00e1s kezeli a szabads\u00e1gokat is?<\/p>\n<p>Igen, mert a szabads\u00e1gk\u00f6vet\u00e9s \u00e9s az id\u0151- \u00e9s jelenl\u00e9tkezel\u00e9s k\u00f6lcs\u00f6n\u00f6sen f\u00fcgg egym\u00e1st\u00f3l.<\/p>\n<p>attendance-leave-pto<\/p>\n<p>Hogyan tudhatok meg t\u00f6bbet az id\u0151k\u00f6vet\u00e9sr\u0151l?<\/p>\n<p>\u00cdme n\u00e9h\u00e1ny <a href=\"https:\/\/www.jibble.io\/basic-time-tracking-questions\">id\u0151k\u00f6vet\u00e9si k\u00e9rd\u00e9s, amit f\u00e9lt feltenni<\/a>!<\/p>\n<p>more-time-tracking-questions<\/p>\n","protected":false},"excerpt":{"rendered":"<p>1 Val\u00f3ban sz\u00fcks\u00e9ges a munkav\u00e1llal\u00f3k idej\u00e9nek nyomon k\u00f6vet\u00e9se? Nem. A munkav\u00e1llal\u00f3k idej\u00e9nek nyomon k\u00f6vet\u00e9se bizonyos helyzetekben \u00e9s szervezetekben \u00e9rtelmes, m\u00e1s helyzetekben vagy szervezetekben viszont nem. Val\u00f3j\u00e1ban a Jibble-n\u00e9l vannak olyan csapataink, amelyekn\u00e9l nyomon k\u00f6vetj\u00fck az id\u0151t \u00e9s a tev\u00e9kenys\u00e9get \u2013 p\u00e9ld\u00e1ul az \u00f3rab\u00e9rben fizetettekn\u00e9l \u2013, m\u00e1s csapatokn\u00e1l viszont nem. S\u0151t, munkat\u00e1rsaink t\u00f6bbs\u00e9g\u00e9n\u00e9l a legfontosabb dolog, [&hellip;]<\/p>\n","protected":false},"author":6,"featured_media":0,"parent":0,"menu_order":0,"comment_status":"closed","ping_status":"closed","template":"page-blank.php","meta":{"_acf_changed":false,"footnotes":""},"class_list":["post-353825","page","type-page","status-publish","hentry"],"acf":[],"yoast_head":"<!-- This site is optimized with the Yoast SEO Premium plugin v26.8 (Yoast SEO v26.8) - https:\/\/yoast.com\/product\/yoast-seo-premium-wordpress\/ -->\n<title>Id\u0151- \u00e9s jelenl\u00e9ti k\u00e9rd\u00e9sek, amelyeket f\u00e9lt\u00e9l feltenni<\/title>\n<meta name=\"description\" content=\"Megv\u00e1laszoljuk azokat a gyakran ism\u00e9telt k\u00e9rd\u00e9seket az id\u0151- \u00e9s jelenl\u00e9tkezel\u00e9sr\u0151l, amelyeket nem mert\u00e9l feltenni, f\u0151k\u00e9nt a szoftverekkel kapcsolatosakat.\" \/>\n<meta name=\"robots\" content=\"index, follow, max-snippet:-1, max-image-preview:large, max-video-preview:-1\" \/>\n<link rel=\"canonical\" href=\"https:\/\/www.jibble.io\/hu\/ido-es-jelenleti-kerdesek\" \/>\n<meta property=\"og:locale\" content=\"hu_HU\" \/>\n<meta property=\"og:type\" content=\"article\" \/>\n<meta property=\"og:title\" content=\"Id\u0151- \u00e9s jelenl\u00e9ti k\u00e9rd\u00e9sek, amelyeket f\u00e9lt\u00e9l feltenni\" \/>\n<meta property=\"og:description\" content=\"Megv\u00e1laszoljuk azokat a gyakran ism\u00e9telt k\u00e9rd\u00e9seket az id\u0151- \u00e9s jelenl\u00e9tkezel\u00e9sr\u0151l, amelyeket nem mert\u00e9l feltenni, f\u0151k\u00e9nt a szoftverekkel kapcsolatosakat.\" \/>\n<meta property=\"og:url\" content=\"https:\/\/www.jibble.io\/hu\/ido-es-jelenleti-kerdesek\" \/>\n<meta property=\"og:site_name\" content=\"Jibble\" \/>\n<meta property=\"article:modified_time\" content=\"2026-01-16T20:43:47+00:00\" \/>\n<meta name=\"twitter:card\" content=\"summary_large_image\" \/>\n<meta name=\"twitter:label1\" content=\"Becs\u00fclt olvas\u00e1si id\u0151\" \/>\n\t<meta name=\"twitter:data1\" content=\"9 perc\" \/>\n<script type=\"application\/ld+json\" class=\"yoast-schema-graph\">{\"@context\":\"https:\/\/schema.org\",\"@graph\":[{\"@type\":\"WebPage\",\"@id\":\"https:\/\/www.jibble.io\/hu\/ido-es-jelenleti-kerdesek\",\"url\":\"https:\/\/www.jibble.io\/hu\/ido-es-jelenleti-kerdesek\",\"name\":\"Id\u0151- \u00e9s jelenl\u00e9ti k\u00e9rd\u00e9sek, amelyeket f\u00e9lt\u00e9l feltenni\",\"isPartOf\":{\"@id\":\"https:\/\/www.jibble.io\/hu#website\"},\"datePublished\":\"2022-11-11T01:44:41+00:00\",\"dateModified\":\"2026-01-16T20:43:47+00:00\",\"description\":\"Megv\u00e1laszoljuk azokat a gyakran ism\u00e9telt k\u00e9rd\u00e9seket az id\u0151- \u00e9s jelenl\u00e9tkezel\u00e9sr\u0151l, amelyeket nem mert\u00e9l feltenni, f\u0151k\u00e9nt a szoftverekkel kapcsolatosakat.\",\"inLanguage\":\"hu\",\"potentialAction\":[{\"@type\":\"ReadAction\",\"target\":[\"https:\/\/www.jibble.io\/hu\/ido-es-jelenleti-kerdesek\"]}]},{\"@type\":\"WebSite\",\"@id\":\"https:\/\/www.jibble.io\/hu#website\",\"url\":\"https:\/\/www.jibble.io\/hu\",\"name\":\"Jibble\",\"description\":\"Meet the new standard in time tracking software\",\"publisher\":{\"@id\":\"https:\/\/www.jibble.io\/hu#organization\"},\"potentialAction\":[{\"@type\":\"SearchAction\",\"target\":{\"@type\":\"EntryPoint\",\"urlTemplate\":\"https:\/\/www.jibble.io\/hu?s={search_term_string}\"},\"query-input\":{\"@type\":\"PropertyValueSpecification\",\"valueRequired\":true,\"valueName\":\"search_term_string\"}}],\"inLanguage\":\"hu\"},{\"@type\":\"Organization\",\"@id\":\"https:\/\/www.jibble.io\/hu#organization\",\"name\":\"Jibble\",\"url\":\"https:\/\/www.jibble.io\/hu\",\"logo\":{\"@type\":\"ImageObject\",\"inLanguage\":\"hu\",\"@id\":\"https:\/\/www.jibble.io\/hu#\/schema\/logo\/image\/\",\"url\":\"https:\/\/www.jibble.io\/wp-content\/uploads\/2022\/05\/Original-copy-923x1024.png\",\"contentUrl\":\"https:\/\/www.jibble.io\/wp-content\/uploads\/2022\/05\/Original-copy-923x1024.png\",\"width\":\"923\",\"height\":\"1024\",\"caption\":\"Jibble\"},\"image\":{\"@id\":\"https:\/\/www.jibble.io\/hu#\/schema\/logo\/image\/\"},\"sameAs\":[\"https:\/\/www.linkedin.com\/company\/jibble\/\"]}]}<\/script>\n<!-- \/ Yoast SEO Premium plugin. -->","yoast_head_json":{"title":"Id\u0151- \u00e9s jelenl\u00e9ti k\u00e9rd\u00e9sek, amelyeket f\u00e9lt\u00e9l feltenni","description":"Megv\u00e1laszoljuk azokat a gyakran ism\u00e9telt k\u00e9rd\u00e9seket az id\u0151- \u00e9s jelenl\u00e9tkezel\u00e9sr\u0151l, amelyeket nem mert\u00e9l feltenni, f\u0151k\u00e9nt a szoftverekkel kapcsolatosakat.","robots":{"index":"index","follow":"follow","max-snippet":"max-snippet:-1","max-image-preview":"max-image-preview:large","max-video-preview":"max-video-preview:-1"},"canonical":"https:\/\/www.jibble.io\/hu\/ido-es-jelenleti-kerdesek","og_locale":"hu_HU","og_type":"article","og_title":"Id\u0151- \u00e9s jelenl\u00e9ti k\u00e9rd\u00e9sek, amelyeket f\u00e9lt\u00e9l feltenni","og_description":"Megv\u00e1laszoljuk azokat a gyakran ism\u00e9telt k\u00e9rd\u00e9seket az id\u0151- \u00e9s jelenl\u00e9tkezel\u00e9sr\u0151l, amelyeket nem mert\u00e9l feltenni, f\u0151k\u00e9nt a szoftverekkel kapcsolatosakat.","og_url":"https:\/\/www.jibble.io\/hu\/ido-es-jelenleti-kerdesek","og_site_name":"Jibble","article_modified_time":"2026-01-16T20:43:47+00:00","twitter_card":"summary_large_image","twitter_misc":{"Becs\u00fclt olvas\u00e1si id\u0151":"9 perc"},"schema":{"@context":"https:\/\/schema.org","@graph":[{"@type":"WebPage","@id":"https:\/\/www.jibble.io\/hu\/ido-es-jelenleti-kerdesek","url":"https:\/\/www.jibble.io\/hu\/ido-es-jelenleti-kerdesek","name":"Id\u0151- \u00e9s jelenl\u00e9ti k\u00e9rd\u00e9sek, amelyeket f\u00e9lt\u00e9l feltenni","isPartOf":{"@id":"https:\/\/www.jibble.io\/hu#website"},"datePublished":"2022-11-11T01:44:41+00:00","dateModified":"2026-01-16T20:43:47+00:00","description":"Megv\u00e1laszoljuk azokat a gyakran ism\u00e9telt k\u00e9rd\u00e9seket az id\u0151- \u00e9s jelenl\u00e9tkezel\u00e9sr\u0151l, amelyeket nem mert\u00e9l feltenni, f\u0151k\u00e9nt a szoftverekkel kapcsolatosakat.","inLanguage":"hu","potentialAction":[{"@type":"ReadAction","target":["https:\/\/www.jibble.io\/hu\/ido-es-jelenleti-kerdesek"]}]},{"@type":"WebSite","@id":"https:\/\/www.jibble.io\/hu#website","url":"https:\/\/www.jibble.io\/hu","name":"Jibble","description":"Meet the new standard in time tracking software","publisher":{"@id":"https:\/\/www.jibble.io\/hu#organization"},"potentialAction":[{"@type":"SearchAction","target":{"@type":"EntryPoint","urlTemplate":"https:\/\/www.jibble.io\/hu?s={search_term_string}"},"query-input":{"@type":"PropertyValueSpecification","valueRequired":true,"valueName":"search_term_string"}}],"inLanguage":"hu"},{"@type":"Organization","@id":"https:\/\/www.jibble.io\/hu#organization","name":"Jibble","url":"https:\/\/www.jibble.io\/hu","logo":{"@type":"ImageObject","inLanguage":"hu","@id":"https:\/\/www.jibble.io\/hu#\/schema\/logo\/image\/","url":"https:\/\/www.jibble.io\/wp-content\/uploads\/2022\/05\/Original-copy-923x1024.png","contentUrl":"https:\/\/www.jibble.io\/wp-content\/uploads\/2022\/05\/Original-copy-923x1024.png","width":"923","height":"1024","caption":"Jibble"},"image":{"@id":"https:\/\/www.jibble.io\/hu#\/schema\/logo\/image\/"},"sameAs":["https:\/\/www.linkedin.com\/company\/jibble\/"]}]}},"_links":{"self":[{"href":"https:\/\/www.jibble.io\/hu\/wp-json\/wp\/v2\/pages\/353825","targetHints":{"allow":["GET"]}}],"collection":[{"href":"https:\/\/www.jibble.io\/hu\/wp-json\/wp\/v2\/pages"}],"about":[{"href":"https:\/\/www.jibble.io\/hu\/wp-json\/wp\/v2\/types\/page"}],"author":[{"embeddable":true,"href":"https:\/\/www.jibble.io\/hu\/wp-json\/wp\/v2\/users\/6"}],"replies":[{"embeddable":true,"href":"https:\/\/www.jibble.io\/hu\/wp-json\/wp\/v2\/comments?post=353825"}],"version-history":[{"count":3,"href":"https:\/\/www.jibble.io\/hu\/wp-json\/wp\/v2\/pages\/353825\/revisions"}],"predecessor-version":[{"id":373285,"href":"https:\/\/www.jibble.io\/hu\/wp-json\/wp\/v2\/pages\/353825\/revisions\/373285"}],"wp:attachment":[{"href":"https:\/\/www.jibble.io\/hu\/wp-json\/wp\/v2\/media?parent=353825"}],"curies":[{"name":"wp","href":"https:\/\/api.w.org\/{rel}","templated":true}]}}