{"id":353413,"date":"2022-05-16T20:31:54","date_gmt":"2022-05-16T19:31:54","guid":{"rendered":"https:\/\/www.jibble.io\/?page_id=353413"},"modified":"2026-03-30T09:08:14","modified_gmt":"2026-03-30T08:08:14","slug":"integraciok","status":"publish","type":"page","link":"https:\/\/www.jibble.io\/hu\/integraciok","title":{"rendered":"Integr\u00e1ci\u00f3k"},"content":{"rendered":"","protected":false},"excerpt":{"rendered":"","protected":false},"author":6,"featured_media":0,"parent":0,"menu_order":0,"comment_status":"closed","ping_status":"closed","template":"integration-template.php","meta":{"_acf_changed":false,"footnotes":""},"class_list":["post-353413","page","type-page","status-publish","hentry"],"acf":[],"yoast_head":"<!-- This site is optimized with the Yoast SEO Premium plugin v26.8 (Yoast SEO v26.8) - https:\/\/yoast.com\/product\/yoast-seo-premium-wordpress\/ -->\n<title>Id\u0151k\u00f6vet\u00e9si integr\u00e1ci\u00f3k | Jibble\u2122<\/title>\n<meta name=\"description\" content=\"Fokozd az \u00e9lm\u00e9nyeid a Jibble id\u0151k\u00f6vet\u00e9si integr\u00e1ci\u00f3ival. K\u00f6nnyed\u00e9n csatlakozhatsz n\u00e9pszer\u0171 eszk\u00f6z\u00f6kh\u00f6z a g\u00f6rd\u00fcl\u00e9keny munkafolyamat \u00e9rdek\u00e9ben.\" \/>\n<meta name=\"robots\" content=\"index, follow, max-snippet:-1, max-image-preview:large, max-video-preview:-1\" \/>\n<link rel=\"canonical\" href=\"https:\/\/www.jibble.io\/hu\/integraciok\" \/>\n<meta property=\"og:locale\" content=\"hu_HU\" \/>\n<meta property=\"og:type\" content=\"article\" \/>\n<meta property=\"og:title\" content=\"Id\u0151k\u00f6vet\u00e9si integr\u00e1ci\u00f3k | Jibble\u2122\" \/>\n<meta property=\"og:description\" content=\"Fokozd az \u00e9lm\u00e9nyeid a Jibble id\u0151k\u00f6vet\u00e9si integr\u00e1ci\u00f3ival. K\u00f6nnyed\u00e9n csatlakozhatsz n\u00e9pszer\u0171 eszk\u00f6z\u00f6kh\u00f6z a g\u00f6rd\u00fcl\u00e9keny munkafolyamat \u00e9rdek\u00e9ben.\" \/>\n<meta property=\"og:url\" content=\"https:\/\/www.jibble.io\/hu\/integraciok\" \/>\n<meta property=\"og:site_name\" content=\"Jibble\" \/>\n<meta property=\"article:modified_time\" content=\"2026-03-30T08:08:14+00:00\" \/>\n<meta name=\"twitter:card\" content=\"summary_large_image\" \/>\n<meta name=\"twitter:label1\" content=\"Becs\u00fclt olvas\u00e1si id\u0151\" \/>\n\t<meta name=\"twitter:data1\" content=\"9 perc\" \/>\n<script type=\"application\/ld+json\" class=\"yoast-schema-graph\">{\"@context\":\"https:\/\/schema.org\",\"@graph\":[{\"@type\":\"WebPage\",\"@id\":\"https:\/\/www.jibble.io\/hu\/integraciok\",\"url\":\"https:\/\/www.jibble.io\/hu\/integraciok\",\"name\":\"Id\u0151k\u00f6vet\u00e9si integr\u00e1ci\u00f3k | Jibble\u2122\",\"isPartOf\":{\"@id\":\"https:\/\/www.jibble.io\/hu#website\"},\"datePublished\":\"2022-05-16T19:31:54+00:00\",\"dateModified\":\"2026-03-30T08:08:14+00:00\",\"description\":\"Fokozd az \u00e9lm\u00e9nyeid a Jibble id\u0151k\u00f6vet\u00e9si integr\u00e1ci\u00f3ival. K\u00f6nnyed\u00e9n csatlakozhatsz n\u00e9pszer\u0171 eszk\u00f6z\u00f6kh\u00f6z a g\u00f6rd\u00fcl\u00e9keny munkafolyamat \u00e9rdek\u00e9ben.\",\"inLanguage\":\"hu\",\"potentialAction\":[{\"@type\":\"ReadAction\",\"target\":[\"https:\/\/www.jibble.io\/hu\/integraciok\"]}]},{\"@type\":\"WebSite\",\"@id\":\"https:\/\/www.jibble.io\/hu#website\",\"url\":\"https:\/\/www.jibble.io\/hu\",\"name\":\"Jibble\",\"description\":\"Meet the new standard in time tracking software\",\"publisher\":{\"@id\":\"https:\/\/www.jibble.io\/hu#organization\"},\"potentialAction\":[{\"@type\":\"SearchAction\",\"target\":{\"@type\":\"EntryPoint\",\"urlTemplate\":\"https:\/\/www.jibble.io\/hu?s={search_term_string}\"},\"query-input\":{\"@type\":\"PropertyValueSpecification\",\"valueRequired\":true,\"valueName\":\"search_term_string\"}}],\"inLanguage\":\"hu\"},{\"@type\":\"Organization\",\"@id\":\"https:\/\/www.jibble.io\/hu#organization\",\"name\":\"Jibble\",\"url\":\"https:\/\/www.jibble.io\/hu\",\"logo\":{\"@type\":\"ImageObject\",\"inLanguage\":\"hu\",\"@id\":\"https:\/\/www.jibble.io\/hu#\/schema\/logo\/image\/\",\"url\":\"https:\/\/www.jibble.io\/wp-content\/uploads\/2022\/05\/Original-copy-923x1024.png\",\"contentUrl\":\"https:\/\/www.jibble.io\/wp-content\/uploads\/2022\/05\/Original-copy-923x1024.png\",\"width\":\"923\",\"height\":\"1024\",\"caption\":\"Jibble\"},\"image\":{\"@id\":\"https:\/\/www.jibble.io\/hu#\/schema\/logo\/image\/\"},\"sameAs\":[\"https:\/\/www.linkedin.com\/company\/jibble\/\"]}]}<\/script>\n<!-- \/ Yoast SEO Premium plugin. -->","yoast_head_json":{"title":"Id\u0151k\u00f6vet\u00e9si integr\u00e1ci\u00f3k | Jibble\u2122","description":"Fokozd az \u00e9lm\u00e9nyeid a Jibble id\u0151k\u00f6vet\u00e9si integr\u00e1ci\u00f3ival. K\u00f6nnyed\u00e9n csatlakozhatsz n\u00e9pszer\u0171 eszk\u00f6z\u00f6kh\u00f6z a g\u00f6rd\u00fcl\u00e9keny munkafolyamat \u00e9rdek\u00e9ben.","robots":{"index":"index","follow":"follow","max-snippet":"max-snippet:-1","max-image-preview":"max-image-preview:large","max-video-preview":"max-video-preview:-1"},"canonical":"https:\/\/www.jibble.io\/hu\/integraciok","og_locale":"hu_HU","og_type":"article","og_title":"Id\u0151k\u00f6vet\u00e9si integr\u00e1ci\u00f3k | Jibble\u2122","og_description":"Fokozd az \u00e9lm\u00e9nyeid a Jibble id\u0151k\u00f6vet\u00e9si integr\u00e1ci\u00f3ival. K\u00f6nnyed\u00e9n csatlakozhatsz n\u00e9pszer\u0171 eszk\u00f6z\u00f6kh\u00f6z a g\u00f6rd\u00fcl\u00e9keny munkafolyamat \u00e9rdek\u00e9ben.","og_url":"https:\/\/www.jibble.io\/hu\/integraciok","og_site_name":"Jibble","article_modified_time":"2026-03-30T08:08:14+00:00","twitter_card":"summary_large_image","twitter_misc":{"Becs\u00fclt olvas\u00e1si id\u0151":"9 perc"},"schema":{"@context":"https:\/\/schema.org","@graph":[{"@type":"WebPage","@id":"https:\/\/www.jibble.io\/hu\/integraciok","url":"https:\/\/www.jibble.io\/hu\/integraciok","name":"Id\u0151k\u00f6vet\u00e9si integr\u00e1ci\u00f3k | Jibble\u2122","isPartOf":{"@id":"https:\/\/www.jibble.io\/hu#website"},"datePublished":"2022-05-16T19:31:54+00:00","dateModified":"2026-03-30T08:08:14+00:00","description":"Fokozd az \u00e9lm\u00e9nyeid a Jibble id\u0151k\u00f6vet\u00e9si integr\u00e1ci\u00f3ival. K\u00f6nnyed\u00e9n csatlakozhatsz n\u00e9pszer\u0171 eszk\u00f6z\u00f6kh\u00f6z a g\u00f6rd\u00fcl\u00e9keny munkafolyamat \u00e9rdek\u00e9ben.","inLanguage":"hu","potentialAction":[{"@type":"ReadAction","target":["https:\/\/www.jibble.io\/hu\/integraciok"]}]},{"@type":"WebSite","@id":"https:\/\/www.jibble.io\/hu#website","url":"https:\/\/www.jibble.io\/hu","name":"Jibble","description":"Meet the new standard in time tracking software","publisher":{"@id":"https:\/\/www.jibble.io\/hu#organization"},"potentialAction":[{"@type":"SearchAction","target":{"@type":"EntryPoint","urlTemplate":"https:\/\/www.jibble.io\/hu?s={search_term_string}"},"query-input":{"@type":"PropertyValueSpecification","valueRequired":true,"valueName":"search_term_string"}}],"inLanguage":"hu"},{"@type":"Organization","@id":"https:\/\/www.jibble.io\/hu#organization","name":"Jibble","url":"https:\/\/www.jibble.io\/hu","logo":{"@type":"ImageObject","inLanguage":"hu","@id":"https:\/\/www.jibble.io\/hu#\/schema\/logo\/image\/","url":"https:\/\/www.jibble.io\/wp-content\/uploads\/2022\/05\/Original-copy-923x1024.png","contentUrl":"https:\/\/www.jibble.io\/wp-content\/uploads\/2022\/05\/Original-copy-923x1024.png","width":"923","height":"1024","caption":"Jibble"},"image":{"@id":"https:\/\/www.jibble.io\/hu#\/schema\/logo\/image\/"},"sameAs":["https:\/\/www.linkedin.com\/company\/jibble\/"]}]}},"_links":{"self":[{"href":"https:\/\/www.jibble.io\/hu\/wp-json\/wp\/v2\/pages\/353413","targetHints":{"allow":["GET"]}}],"collection":[{"href":"https:\/\/www.jibble.io\/hu\/wp-json\/wp\/v2\/pages"}],"about":[{"href":"https:\/\/www.jibble.io\/hu\/wp-json\/wp\/v2\/types\/page"}],"author":[{"embeddable":true,"href":"https:\/\/www.jibble.io\/hu\/wp-json\/wp\/v2\/users\/6"}],"replies":[{"embeddable":true,"href":"https:\/\/www.jibble.io\/hu\/wp-json\/wp\/v2\/comments?post=353413"}],"version-history":[{"count":3,"href":"https:\/\/www.jibble.io\/hu\/wp-json\/wp\/v2\/pages\/353413\/revisions"}],"predecessor-version":[{"id":392201,"href":"https:\/\/www.jibble.io\/hu\/wp-json\/wp\/v2\/pages\/353413\/revisions\/392201"}],"wp:attachment":[{"href":"https:\/\/www.jibble.io\/hu\/wp-json\/wp\/v2\/media?parent=353413"}],"curies":[{"name":"wp","href":"https:\/\/api.w.org\/{rel}","templated":true}]}}