{"id":352822,"date":"2022-06-09T23:38:00","date_gmt":"2022-06-09T22:38:00","guid":{"rendered":"https:\/\/www.jibble.io\/?page_id=352822"},"modified":"2026-03-30T03:53:41","modified_gmt":"2026-03-30T02:53:41","slug":"jelentesek-es-elemzesek","status":"publish","type":"page","link":"https:\/\/www.jibble.io\/hu\/jelentesek-es-elemzesek","title":{"rendered":"Jelent\u00e9sek \u00e9s elemz\u00e9sek"},"content":{"rendered":"<p>&nbsp;<\/p>\n<p>&nbsp;<\/p>\n","protected":false},"excerpt":{"rendered":"<p>&nbsp; &nbsp;<\/p>\n","protected":false},"author":6,"featured_media":0,"parent":0,"menu_order":0,"comment_status":"closed","ping_status":"closed","template":"template-feature-new-youtube.php","meta":{"_acf_changed":false,"footnotes":""},"class_list":["post-352822","page","type-page","status-publish","hentry"],"acf":[],"yoast_head":"<!-- This site is optimized with the Yoast SEO Premium plugin v26.8 (Yoast SEO v26.8) - https:\/\/yoast.com\/product\/yoast-seo-premium-wordpress\/ -->\n<title>100% INGYENES Munkaid\u0151k\u00f6vet\u0151 Jelent\u00e9sekkel \u00e9s Elemz\u00e9sekkel<\/title>\n<meta name=\"description\" content=\"Alak\u00edtsd \u00e1t a munkaid\u0151- \u00e9s jelenl\u00e9ti adatokat hasznos\u00edthat\u00f3 betekint\u00e9sekk\u00e9 a Jibble fejlett jelent\u00e9sk\u00e9sz\u00edt\u0151 \u00e9s elemz\u0151 funkci\u00f3j\u00e1val.\" \/>\n<meta name=\"robots\" content=\"index, follow, max-snippet:-1, max-image-preview:large, max-video-preview:-1\" \/>\n<link rel=\"canonical\" href=\"https:\/\/www.jibble.io\/hu\/jelentesek-es-elemzesek\" \/>\n<meta property=\"og:locale\" content=\"hu_HU\" \/>\n<meta property=\"og:type\" content=\"article\" \/>\n<meta property=\"og:title\" content=\"100% INGYENES Munkaid\u0151k\u00f6vet\u0151 Jelent\u00e9sekkel \u00e9s Elemz\u00e9sekkel\" \/>\n<meta property=\"og:description\" content=\"Alak\u00edtsd \u00e1t a munkaid\u0151- \u00e9s jelenl\u00e9ti adatokat hasznos\u00edthat\u00f3 betekint\u00e9sekk\u00e9 a Jibble fejlett jelent\u00e9sk\u00e9sz\u00edt\u0151 \u00e9s elemz\u0151 funkci\u00f3j\u00e1val.\" \/>\n<meta property=\"og:url\" content=\"https:\/\/www.jibble.io\/hu\/jelentesek-es-elemzesek\" \/>\n<meta property=\"og:site_name\" content=\"Jibble\" \/>\n<meta property=\"article:modified_time\" content=\"2026-03-30T02:53:41+00:00\" \/>\n<meta name=\"twitter:card\" content=\"summary_large_image\" \/>\n<meta name=\"twitter:label1\" content=\"Becs\u00fclt olvas\u00e1si id\u0151\" \/>\n\t<meta name=\"twitter:data1\" content=\"7 perc\" \/>\n<script type=\"application\/ld+json\" class=\"yoast-schema-graph\">{\"@context\":\"https:\/\/schema.org\",\"@graph\":[{\"@type\":\"WebPage\",\"@id\":\"https:\/\/www.jibble.io\/hu\/jelentesek-es-elemzesek\",\"url\":\"https:\/\/www.jibble.io\/hu\/jelentesek-es-elemzesek\",\"name\":\"100% INGYENES Munkaid\u0151k\u00f6vet\u0151 Jelent\u00e9sekkel \u00e9s Elemz\u00e9sekkel\",\"isPartOf\":{\"@id\":\"https:\/\/www.jibble.io\/hu#website\"},\"datePublished\":\"2022-06-09T22:38:00+00:00\",\"dateModified\":\"2026-03-30T02:53:41+00:00\",\"description\":\"Alak\u00edtsd \u00e1t a munkaid\u0151- \u00e9s jelenl\u00e9ti adatokat hasznos\u00edthat\u00f3 betekint\u00e9sekk\u00e9 a Jibble fejlett jelent\u00e9sk\u00e9sz\u00edt\u0151 \u00e9s elemz\u0151 funkci\u00f3j\u00e1val.\",\"inLanguage\":\"hu\",\"potentialAction\":[{\"@type\":\"ReadAction\",\"target\":[\"https:\/\/www.jibble.io\/hu\/jelentesek-es-elemzesek\"]}]},{\"@type\":\"WebSite\",\"@id\":\"https:\/\/www.jibble.io\/hu#website\",\"url\":\"https:\/\/www.jibble.io\/hu\",\"name\":\"Jibble\",\"description\":\"Meet the new standard in time tracking software\",\"publisher\":{\"@id\":\"https:\/\/www.jibble.io\/hu#organization\"},\"potentialAction\":[{\"@type\":\"SearchAction\",\"target\":{\"@type\":\"EntryPoint\",\"urlTemplate\":\"https:\/\/www.jibble.io\/hu?s={search_term_string}\"},\"query-input\":{\"@type\":\"PropertyValueSpecification\",\"valueRequired\":true,\"valueName\":\"search_term_string\"}}],\"inLanguage\":\"hu\"},{\"@type\":\"Organization\",\"@id\":\"https:\/\/www.jibble.io\/hu#organization\",\"name\":\"Jibble\",\"url\":\"https:\/\/www.jibble.io\/hu\",\"logo\":{\"@type\":\"ImageObject\",\"inLanguage\":\"hu\",\"@id\":\"https:\/\/www.jibble.io\/hu#\/schema\/logo\/image\/\",\"url\":\"https:\/\/www.jibble.io\/wp-content\/uploads\/2022\/05\/Original-copy-923x1024.png\",\"contentUrl\":\"https:\/\/www.jibble.io\/wp-content\/uploads\/2022\/05\/Original-copy-923x1024.png\",\"width\":\"923\",\"height\":\"1024\",\"caption\":\"Jibble\"},\"image\":{\"@id\":\"https:\/\/www.jibble.io\/hu#\/schema\/logo\/image\/\"},\"sameAs\":[\"https:\/\/www.linkedin.com\/company\/jibble\/\"]}]}<\/script>\n<!-- \/ Yoast SEO Premium plugin. -->","yoast_head_json":{"title":"100% INGYENES Munkaid\u0151k\u00f6vet\u0151 Jelent\u00e9sekkel \u00e9s Elemz\u00e9sekkel","description":"Alak\u00edtsd \u00e1t a munkaid\u0151- \u00e9s jelenl\u00e9ti adatokat hasznos\u00edthat\u00f3 betekint\u00e9sekk\u00e9 a Jibble fejlett jelent\u00e9sk\u00e9sz\u00edt\u0151 \u00e9s elemz\u0151 funkci\u00f3j\u00e1val.","robots":{"index":"index","follow":"follow","max-snippet":"max-snippet:-1","max-image-preview":"max-image-preview:large","max-video-preview":"max-video-preview:-1"},"canonical":"https:\/\/www.jibble.io\/hu\/jelentesek-es-elemzesek","og_locale":"hu_HU","og_type":"article","og_title":"100% INGYENES Munkaid\u0151k\u00f6vet\u0151 Jelent\u00e9sekkel \u00e9s Elemz\u00e9sekkel","og_description":"Alak\u00edtsd \u00e1t a munkaid\u0151- \u00e9s jelenl\u00e9ti adatokat hasznos\u00edthat\u00f3 betekint\u00e9sekk\u00e9 a Jibble fejlett jelent\u00e9sk\u00e9sz\u00edt\u0151 \u00e9s elemz\u0151 funkci\u00f3j\u00e1val.","og_url":"https:\/\/www.jibble.io\/hu\/jelentesek-es-elemzesek","og_site_name":"Jibble","article_modified_time":"2026-03-30T02:53:41+00:00","twitter_card":"summary_large_image","twitter_misc":{"Becs\u00fclt olvas\u00e1si id\u0151":"7 perc"},"schema":{"@context":"https:\/\/schema.org","@graph":[{"@type":"WebPage","@id":"https:\/\/www.jibble.io\/hu\/jelentesek-es-elemzesek","url":"https:\/\/www.jibble.io\/hu\/jelentesek-es-elemzesek","name":"100% INGYENES Munkaid\u0151k\u00f6vet\u0151 Jelent\u00e9sekkel \u00e9s Elemz\u00e9sekkel","isPartOf":{"@id":"https:\/\/www.jibble.io\/hu#website"},"datePublished":"2022-06-09T22:38:00+00:00","dateModified":"2026-03-30T02:53:41+00:00","description":"Alak\u00edtsd \u00e1t a munkaid\u0151- \u00e9s jelenl\u00e9ti adatokat hasznos\u00edthat\u00f3 betekint\u00e9sekk\u00e9 a Jibble fejlett jelent\u00e9sk\u00e9sz\u00edt\u0151 \u00e9s elemz\u0151 funkci\u00f3j\u00e1val.","inLanguage":"hu","potentialAction":[{"@type":"ReadAction","target":["https:\/\/www.jibble.io\/hu\/jelentesek-es-elemzesek"]}]},{"@type":"WebSite","@id":"https:\/\/www.jibble.io\/hu#website","url":"https:\/\/www.jibble.io\/hu","name":"Jibble","description":"Meet the new standard in time tracking software","publisher":{"@id":"https:\/\/www.jibble.io\/hu#organization"},"potentialAction":[{"@type":"SearchAction","target":{"@type":"EntryPoint","urlTemplate":"https:\/\/www.jibble.io\/hu?s={search_term_string}"},"query-input":{"@type":"PropertyValueSpecification","valueRequired":true,"valueName":"search_term_string"}}],"inLanguage":"hu"},{"@type":"Organization","@id":"https:\/\/www.jibble.io\/hu#organization","name":"Jibble","url":"https:\/\/www.jibble.io\/hu","logo":{"@type":"ImageObject","inLanguage":"hu","@id":"https:\/\/www.jibble.io\/hu#\/schema\/logo\/image\/","url":"https:\/\/www.jibble.io\/wp-content\/uploads\/2022\/05\/Original-copy-923x1024.png","contentUrl":"https:\/\/www.jibble.io\/wp-content\/uploads\/2022\/05\/Original-copy-923x1024.png","width":"923","height":"1024","caption":"Jibble"},"image":{"@id":"https:\/\/www.jibble.io\/hu#\/schema\/logo\/image\/"},"sameAs":["https:\/\/www.linkedin.com\/company\/jibble\/"]}]}},"_links":{"self":[{"href":"https:\/\/www.jibble.io\/hu\/wp-json\/wp\/v2\/pages\/352822","targetHints":{"allow":["GET"]}}],"collection":[{"href":"https:\/\/www.jibble.io\/hu\/wp-json\/wp\/v2\/pages"}],"about":[{"href":"https:\/\/www.jibble.io\/hu\/wp-json\/wp\/v2\/types\/page"}],"author":[{"embeddable":true,"href":"https:\/\/www.jibble.io\/hu\/wp-json\/wp\/v2\/users\/6"}],"replies":[{"embeddable":true,"href":"https:\/\/www.jibble.io\/hu\/wp-json\/wp\/v2\/comments?post=352822"}],"version-history":[{"count":3,"href":"https:\/\/www.jibble.io\/hu\/wp-json\/wp\/v2\/pages\/352822\/revisions"}],"predecessor-version":[{"id":392150,"href":"https:\/\/www.jibble.io\/hu\/wp-json\/wp\/v2\/pages\/352822\/revisions\/392150"}],"wp:attachment":[{"href":"https:\/\/www.jibble.io\/hu\/wp-json\/wp\/v2\/media?parent=352822"}],"curies":[{"name":"wp","href":"https:\/\/api.w.org\/{rel}","templated":true}]}}