{"id":352538,"date":"2022-10-17T22:48:17","date_gmt":"2022-10-17T21:48:17","guid":{"rendered":"https:\/\/www.jibble.io\/?page_id=352538"},"modified":"2026-03-30T04:01:09","modified_gmt":"2026-03-30T03:01:09","slug":"projekt-idokoveto","status":"publish","type":"page","link":"https:\/\/www.jibble.io\/hu\/projekt-idokoveto","title":{"rendered":"Projekt id\u0151k\u00f6vet\u0151"},"content":{"rendered":"","protected":false},"excerpt":{"rendered":"","protected":false},"author":6,"featured_media":0,"parent":0,"menu_order":0,"comment_status":"closed","ping_status":"closed","template":"template-feature-new-youtube.php","meta":{"_acf_changed":false,"footnotes":""},"class_list":["post-352538","page","type-page","status-publish","hentry"],"acf":[],"yoast_head":"<!-- This site is optimized with the Yoast SEO Premium plugin v26.8 (Yoast SEO v26.8) - https:\/\/yoast.com\/product\/yoast-seo-premium-wordpress\/ -->\n<title>100% INGYENES Projekt Id\u0151k\u00f6vet\u0151 | Jibble\u2122<\/title>\n<meta name=\"description\" content=\"K\u00f6vesd a projektid\u0151t \u00e9s az el\u0151rehalad\u00e1st b\u00e1rmilyen eszk\u00f6z\u00f6n a Jibble projekt id\u0151k\u00f6vet\u0151j\u00e9vel. \u00d6r\u00f6kre ingyenes, korl\u00e1tlan felhaszn\u00e1l\u00f3 sz\u00e1m\u00e1ra.\" \/>\n<meta name=\"robots\" content=\"index, follow, max-snippet:-1, max-image-preview:large, max-video-preview:-1\" \/>\n<link rel=\"canonical\" href=\"https:\/\/www.jibble.io\/hu\/projekt-idokoveto\" \/>\n<meta property=\"og:locale\" content=\"hu_HU\" \/>\n<meta property=\"og:type\" content=\"article\" \/>\n<meta property=\"og:title\" content=\"100% INGYENES Projekt Id\u0151k\u00f6vet\u0151 | Jibble\u2122\" \/>\n<meta property=\"og:description\" content=\"K\u00f6vesd a projektid\u0151t \u00e9s az el\u0151rehalad\u00e1st b\u00e1rmilyen eszk\u00f6z\u00f6n a Jibble projekt id\u0151k\u00f6vet\u0151j\u00e9vel. \u00d6r\u00f6kre ingyenes, korl\u00e1tlan felhaszn\u00e1l\u00f3 sz\u00e1m\u00e1ra.\" \/>\n<meta property=\"og:url\" content=\"https:\/\/www.jibble.io\/hu\/projekt-idokoveto\" \/>\n<meta property=\"og:site_name\" content=\"Jibble\" \/>\n<meta property=\"article:modified_time\" content=\"2026-03-30T03:01:09+00:00\" \/>\n<meta name=\"twitter:card\" content=\"summary_large_image\" \/>\n<meta name=\"twitter:label1\" content=\"Becs\u00fclt olvas\u00e1si id\u0151\" \/>\n\t<meta name=\"twitter:data1\" content=\"5 perc\" \/>\n<script type=\"application\/ld+json\" class=\"yoast-schema-graph\">{\"@context\":\"https:\/\/schema.org\",\"@graph\":[{\"@type\":\"WebPage\",\"@id\":\"https:\/\/www.jibble.io\/hu\/projekt-idokoveto\",\"url\":\"https:\/\/www.jibble.io\/hu\/projekt-idokoveto\",\"name\":\"100% INGYENES Projekt Id\u0151k\u00f6vet\u0151 | Jibble\u2122\",\"isPartOf\":{\"@id\":\"https:\/\/www.jibble.io\/hu#website\"},\"datePublished\":\"2022-10-17T21:48:17+00:00\",\"dateModified\":\"2026-03-30T03:01:09+00:00\",\"description\":\"K\u00f6vesd a projektid\u0151t \u00e9s az el\u0151rehalad\u00e1st b\u00e1rmilyen eszk\u00f6z\u00f6n a Jibble projekt id\u0151k\u00f6vet\u0151j\u00e9vel. \u00d6r\u00f6kre ingyenes, korl\u00e1tlan felhaszn\u00e1l\u00f3 sz\u00e1m\u00e1ra.\",\"inLanguage\":\"hu\",\"potentialAction\":[{\"@type\":\"ReadAction\",\"target\":[\"https:\/\/www.jibble.io\/hu\/projekt-idokoveto\"]}]},{\"@type\":\"WebSite\",\"@id\":\"https:\/\/www.jibble.io\/hu#website\",\"url\":\"https:\/\/www.jibble.io\/hu\",\"name\":\"Jibble\",\"description\":\"Meet the new standard in time tracking software\",\"publisher\":{\"@id\":\"https:\/\/www.jibble.io\/hu#organization\"},\"potentialAction\":[{\"@type\":\"SearchAction\",\"target\":{\"@type\":\"EntryPoint\",\"urlTemplate\":\"https:\/\/www.jibble.io\/hu?s={search_term_string}\"},\"query-input\":{\"@type\":\"PropertyValueSpecification\",\"valueRequired\":true,\"valueName\":\"search_term_string\"}}],\"inLanguage\":\"hu\"},{\"@type\":\"Organization\",\"@id\":\"https:\/\/www.jibble.io\/hu#organization\",\"name\":\"Jibble\",\"url\":\"https:\/\/www.jibble.io\/hu\",\"logo\":{\"@type\":\"ImageObject\",\"inLanguage\":\"hu\",\"@id\":\"https:\/\/www.jibble.io\/hu#\/schema\/logo\/image\/\",\"url\":\"https:\/\/www.jibble.io\/wp-content\/uploads\/2022\/05\/Original-copy-923x1024.png\",\"contentUrl\":\"https:\/\/www.jibble.io\/wp-content\/uploads\/2022\/05\/Original-copy-923x1024.png\",\"width\":\"923\",\"height\":\"1024\",\"caption\":\"Jibble\"},\"image\":{\"@id\":\"https:\/\/www.jibble.io\/hu#\/schema\/logo\/image\/\"},\"sameAs\":[\"https:\/\/www.linkedin.com\/company\/jibble\/\"]}]}<\/script>\n<!-- \/ Yoast SEO Premium plugin. -->","yoast_head_json":{"title":"100% INGYENES Projekt Id\u0151k\u00f6vet\u0151 | Jibble\u2122","description":"K\u00f6vesd a projektid\u0151t \u00e9s az el\u0151rehalad\u00e1st b\u00e1rmilyen eszk\u00f6z\u00f6n a Jibble projekt id\u0151k\u00f6vet\u0151j\u00e9vel. \u00d6r\u00f6kre ingyenes, korl\u00e1tlan felhaszn\u00e1l\u00f3 sz\u00e1m\u00e1ra.","robots":{"index":"index","follow":"follow","max-snippet":"max-snippet:-1","max-image-preview":"max-image-preview:large","max-video-preview":"max-video-preview:-1"},"canonical":"https:\/\/www.jibble.io\/hu\/projekt-idokoveto","og_locale":"hu_HU","og_type":"article","og_title":"100% INGYENES Projekt Id\u0151k\u00f6vet\u0151 | Jibble\u2122","og_description":"K\u00f6vesd a projektid\u0151t \u00e9s az el\u0151rehalad\u00e1st b\u00e1rmilyen eszk\u00f6z\u00f6n a Jibble projekt id\u0151k\u00f6vet\u0151j\u00e9vel. \u00d6r\u00f6kre ingyenes, korl\u00e1tlan felhaszn\u00e1l\u00f3 sz\u00e1m\u00e1ra.","og_url":"https:\/\/www.jibble.io\/hu\/projekt-idokoveto","og_site_name":"Jibble","article_modified_time":"2026-03-30T03:01:09+00:00","twitter_card":"summary_large_image","twitter_misc":{"Becs\u00fclt olvas\u00e1si id\u0151":"5 perc"},"schema":{"@context":"https:\/\/schema.org","@graph":[{"@type":"WebPage","@id":"https:\/\/www.jibble.io\/hu\/projekt-idokoveto","url":"https:\/\/www.jibble.io\/hu\/projekt-idokoveto","name":"100% INGYENES Projekt Id\u0151k\u00f6vet\u0151 | Jibble\u2122","isPartOf":{"@id":"https:\/\/www.jibble.io\/hu#website"},"datePublished":"2022-10-17T21:48:17+00:00","dateModified":"2026-03-30T03:01:09+00:00","description":"K\u00f6vesd a projektid\u0151t \u00e9s az el\u0151rehalad\u00e1st b\u00e1rmilyen eszk\u00f6z\u00f6n a Jibble projekt id\u0151k\u00f6vet\u0151j\u00e9vel. \u00d6r\u00f6kre ingyenes, korl\u00e1tlan felhaszn\u00e1l\u00f3 sz\u00e1m\u00e1ra.","inLanguage":"hu","potentialAction":[{"@type":"ReadAction","target":["https:\/\/www.jibble.io\/hu\/projekt-idokoveto"]}]},{"@type":"WebSite","@id":"https:\/\/www.jibble.io\/hu#website","url":"https:\/\/www.jibble.io\/hu","name":"Jibble","description":"Meet the new standard in time tracking software","publisher":{"@id":"https:\/\/www.jibble.io\/hu#organization"},"potentialAction":[{"@type":"SearchAction","target":{"@type":"EntryPoint","urlTemplate":"https:\/\/www.jibble.io\/hu?s={search_term_string}"},"query-input":{"@type":"PropertyValueSpecification","valueRequired":true,"valueName":"search_term_string"}}],"inLanguage":"hu"},{"@type":"Organization","@id":"https:\/\/www.jibble.io\/hu#organization","name":"Jibble","url":"https:\/\/www.jibble.io\/hu","logo":{"@type":"ImageObject","inLanguage":"hu","@id":"https:\/\/www.jibble.io\/hu#\/schema\/logo\/image\/","url":"https:\/\/www.jibble.io\/wp-content\/uploads\/2022\/05\/Original-copy-923x1024.png","contentUrl":"https:\/\/www.jibble.io\/wp-content\/uploads\/2022\/05\/Original-copy-923x1024.png","width":"923","height":"1024","caption":"Jibble"},"image":{"@id":"https:\/\/www.jibble.io\/hu#\/schema\/logo\/image\/"},"sameAs":["https:\/\/www.linkedin.com\/company\/jibble\/"]}]}},"_links":{"self":[{"href":"https:\/\/www.jibble.io\/hu\/wp-json\/wp\/v2\/pages\/352538","targetHints":{"allow":["GET"]}}],"collection":[{"href":"https:\/\/www.jibble.io\/hu\/wp-json\/wp\/v2\/pages"}],"about":[{"href":"https:\/\/www.jibble.io\/hu\/wp-json\/wp\/v2\/types\/page"}],"author":[{"embeddable":true,"href":"https:\/\/www.jibble.io\/hu\/wp-json\/wp\/v2\/users\/6"}],"replies":[{"embeddable":true,"href":"https:\/\/www.jibble.io\/hu\/wp-json\/wp\/v2\/comments?post=352538"}],"version-history":[{"count":3,"href":"https:\/\/www.jibble.io\/hu\/wp-json\/wp\/v2\/pages\/352538\/revisions"}],"predecessor-version":[{"id":392160,"href":"https:\/\/www.jibble.io\/hu\/wp-json\/wp\/v2\/pages\/352538\/revisions\/392160"}],"wp:attachment":[{"href":"https:\/\/www.jibble.io\/hu\/wp-json\/wp\/v2\/media?parent=352538"}],"curies":[{"name":"wp","href":"https:\/\/api.w.org\/{rel}","templated":true}]}}