{"id":352495,"date":"2022-05-17T02:43:18","date_gmt":"2022-05-17T01:43:18","guid":{"rendered":"https:\/\/www.jibble.io\/?page_id=352495"},"modified":"2026-03-30T09:05:06","modified_gmt":"2026-03-30T08:05:06","slug":"arcfelismero-jelenleti-rendszer","status":"publish","type":"page","link":"https:\/\/www.jibble.io\/hu\/arcfelismero-jelenleti-rendszer","title":{"rendered":"Arcfelismer\u00e9sen alapul\u00f3 jelenl\u00e9ti rendszer"},"content":{"rendered":"","protected":false},"excerpt":{"rendered":"","protected":false},"author":6,"featured_media":0,"parent":0,"menu_order":0,"comment_status":"closed","ping_status":"closed","template":"template-feature-new-youtube.php","meta":{"_acf_changed":false,"footnotes":""},"class_list":["post-352495","page","type-page","status-publish","hentry"],"acf":[],"yoast_head":"<!-- This site is optimized with the Yoast SEO Premium plugin v26.8 (Yoast SEO v26.8) - https:\/\/yoast.com\/product\/yoast-seo-premium-wordpress\/ -->\n<title>100% INGYENES Arcfelismer\u00e9sen Alapul\u00f3 Jelenl\u00e9t | Jibble\u2122<\/title>\n<meta name=\"description\" content=\"Haszn\u00e1ld a Jibble arcfelismer\u00e9ses jelenl\u00e9ti szoftver\u00e9t jelenl\u00e9tk\u00f6vet\u00e9s \u00e1talak\u00edt\u00e1sra \u00e9s pontoss\u00e1g n\u00f6vel\u00e9sre. Korl\u00e1tlan sz\u00e1m\u00fa felhaszn\u00e1l\u00f3nak \u00f6r\u00f6kre ingyenes.\" \/>\n<meta name=\"robots\" content=\"index, follow, max-snippet:-1, max-image-preview:large, max-video-preview:-1\" \/>\n<link rel=\"canonical\" href=\"https:\/\/www.jibble.io\/hu\/arcfelismero-jelenleti-rendszer\" \/>\n<meta property=\"og:locale\" content=\"hu_HU\" \/>\n<meta property=\"og:type\" content=\"article\" \/>\n<meta property=\"og:title\" content=\"100% INGYENES Arcfelismer\u00e9sen Alapul\u00f3 Jelenl\u00e9t | Jibble\u2122\" \/>\n<meta property=\"og:description\" content=\"Haszn\u00e1ld a Jibble arcfelismer\u00e9ses jelenl\u00e9ti szoftver\u00e9t jelenl\u00e9tk\u00f6vet\u00e9s \u00e1talak\u00edt\u00e1sra \u00e9s pontoss\u00e1g n\u00f6vel\u00e9sre. Korl\u00e1tlan sz\u00e1m\u00fa felhaszn\u00e1l\u00f3nak \u00f6r\u00f6kre ingyenes.\" \/>\n<meta property=\"og:url\" content=\"https:\/\/www.jibble.io\/hu\/arcfelismero-jelenleti-rendszer\" \/>\n<meta property=\"og:site_name\" content=\"Jibble\" \/>\n<meta property=\"article:modified_time\" content=\"2026-03-30T08:05:06+00:00\" \/>\n<meta name=\"twitter:card\" content=\"summary_large_image\" \/>\n<meta name=\"twitter:label1\" content=\"Becs\u00fclt olvas\u00e1si id\u0151\" \/>\n\t<meta name=\"twitter:data1\" content=\"7 perc\" \/>\n<script type=\"application\/ld+json\" class=\"yoast-schema-graph\">{\"@context\":\"https:\/\/schema.org\",\"@graph\":[{\"@type\":\"WebPage\",\"@id\":\"https:\/\/www.jibble.io\/hu\/arcfelismero-jelenleti-rendszer\",\"url\":\"https:\/\/www.jibble.io\/hu\/arcfelismero-jelenleti-rendszer\",\"name\":\"100% INGYENES Arcfelismer\u00e9sen Alapul\u00f3 Jelenl\u00e9t | Jibble\u2122\",\"isPartOf\":{\"@id\":\"https:\/\/www.jibble.io\/hu#website\"},\"datePublished\":\"2022-05-17T01:43:18+00:00\",\"dateModified\":\"2026-03-30T08:05:06+00:00\",\"description\":\"Haszn\u00e1ld a Jibble arcfelismer\u00e9ses jelenl\u00e9ti szoftver\u00e9t jelenl\u00e9tk\u00f6vet\u00e9s \u00e1talak\u00edt\u00e1sra \u00e9s pontoss\u00e1g n\u00f6vel\u00e9sre. Korl\u00e1tlan sz\u00e1m\u00fa felhaszn\u00e1l\u00f3nak \u00f6r\u00f6kre ingyenes.\",\"inLanguage\":\"hu\",\"potentialAction\":[{\"@type\":\"ReadAction\",\"target\":[\"https:\/\/www.jibble.io\/hu\/arcfelismero-jelenleti-rendszer\"]}]},{\"@type\":\"WebSite\",\"@id\":\"https:\/\/www.jibble.io\/hu#website\",\"url\":\"https:\/\/www.jibble.io\/hu\",\"name\":\"Jibble\",\"description\":\"Meet the new standard in time tracking software\",\"publisher\":{\"@id\":\"https:\/\/www.jibble.io\/hu#organization\"},\"potentialAction\":[{\"@type\":\"SearchAction\",\"target\":{\"@type\":\"EntryPoint\",\"urlTemplate\":\"https:\/\/www.jibble.io\/hu?s={search_term_string}\"},\"query-input\":{\"@type\":\"PropertyValueSpecification\",\"valueRequired\":true,\"valueName\":\"search_term_string\"}}],\"inLanguage\":\"hu\"},{\"@type\":\"Organization\",\"@id\":\"https:\/\/www.jibble.io\/hu#organization\",\"name\":\"Jibble\",\"url\":\"https:\/\/www.jibble.io\/hu\",\"logo\":{\"@type\":\"ImageObject\",\"inLanguage\":\"hu\",\"@id\":\"https:\/\/www.jibble.io\/hu#\/schema\/logo\/image\/\",\"url\":\"https:\/\/www.jibble.io\/wp-content\/uploads\/2022\/05\/Original-copy-923x1024.png\",\"contentUrl\":\"https:\/\/www.jibble.io\/wp-content\/uploads\/2022\/05\/Original-copy-923x1024.png\",\"width\":\"923\",\"height\":\"1024\",\"caption\":\"Jibble\"},\"image\":{\"@id\":\"https:\/\/www.jibble.io\/hu#\/schema\/logo\/image\/\"},\"sameAs\":[\"https:\/\/www.linkedin.com\/company\/jibble\/\"]}]}<\/script>\n<!-- \/ Yoast SEO Premium plugin. -->","yoast_head_json":{"title":"100% INGYENES Arcfelismer\u00e9sen Alapul\u00f3 Jelenl\u00e9t | Jibble\u2122","description":"Haszn\u00e1ld a Jibble arcfelismer\u00e9ses jelenl\u00e9ti szoftver\u00e9t jelenl\u00e9tk\u00f6vet\u00e9s \u00e1talak\u00edt\u00e1sra \u00e9s pontoss\u00e1g n\u00f6vel\u00e9sre. Korl\u00e1tlan sz\u00e1m\u00fa felhaszn\u00e1l\u00f3nak \u00f6r\u00f6kre ingyenes.","robots":{"index":"index","follow":"follow","max-snippet":"max-snippet:-1","max-image-preview":"max-image-preview:large","max-video-preview":"max-video-preview:-1"},"canonical":"https:\/\/www.jibble.io\/hu\/arcfelismero-jelenleti-rendszer","og_locale":"hu_HU","og_type":"article","og_title":"100% INGYENES Arcfelismer\u00e9sen Alapul\u00f3 Jelenl\u00e9t | Jibble\u2122","og_description":"Haszn\u00e1ld a Jibble arcfelismer\u00e9ses jelenl\u00e9ti szoftver\u00e9t jelenl\u00e9tk\u00f6vet\u00e9s \u00e1talak\u00edt\u00e1sra \u00e9s pontoss\u00e1g n\u00f6vel\u00e9sre. Korl\u00e1tlan sz\u00e1m\u00fa felhaszn\u00e1l\u00f3nak \u00f6r\u00f6kre ingyenes.","og_url":"https:\/\/www.jibble.io\/hu\/arcfelismero-jelenleti-rendszer","og_site_name":"Jibble","article_modified_time":"2026-03-30T08:05:06+00:00","twitter_card":"summary_large_image","twitter_misc":{"Becs\u00fclt olvas\u00e1si id\u0151":"7 perc"},"schema":{"@context":"https:\/\/schema.org","@graph":[{"@type":"WebPage","@id":"https:\/\/www.jibble.io\/hu\/arcfelismero-jelenleti-rendszer","url":"https:\/\/www.jibble.io\/hu\/arcfelismero-jelenleti-rendszer","name":"100% INGYENES Arcfelismer\u00e9sen Alapul\u00f3 Jelenl\u00e9t | Jibble\u2122","isPartOf":{"@id":"https:\/\/www.jibble.io\/hu#website"},"datePublished":"2022-05-17T01:43:18+00:00","dateModified":"2026-03-30T08:05:06+00:00","description":"Haszn\u00e1ld a Jibble arcfelismer\u00e9ses jelenl\u00e9ti szoftver\u00e9t jelenl\u00e9tk\u00f6vet\u00e9s \u00e1talak\u00edt\u00e1sra \u00e9s pontoss\u00e1g n\u00f6vel\u00e9sre. Korl\u00e1tlan sz\u00e1m\u00fa felhaszn\u00e1l\u00f3nak \u00f6r\u00f6kre ingyenes.","inLanguage":"hu","potentialAction":[{"@type":"ReadAction","target":["https:\/\/www.jibble.io\/hu\/arcfelismero-jelenleti-rendszer"]}]},{"@type":"WebSite","@id":"https:\/\/www.jibble.io\/hu#website","url":"https:\/\/www.jibble.io\/hu","name":"Jibble","description":"Meet the new standard in time tracking software","publisher":{"@id":"https:\/\/www.jibble.io\/hu#organization"},"potentialAction":[{"@type":"SearchAction","target":{"@type":"EntryPoint","urlTemplate":"https:\/\/www.jibble.io\/hu?s={search_term_string}"},"query-input":{"@type":"PropertyValueSpecification","valueRequired":true,"valueName":"search_term_string"}}],"inLanguage":"hu"},{"@type":"Organization","@id":"https:\/\/www.jibble.io\/hu#organization","name":"Jibble","url":"https:\/\/www.jibble.io\/hu","logo":{"@type":"ImageObject","inLanguage":"hu","@id":"https:\/\/www.jibble.io\/hu#\/schema\/logo\/image\/","url":"https:\/\/www.jibble.io\/wp-content\/uploads\/2022\/05\/Original-copy-923x1024.png","contentUrl":"https:\/\/www.jibble.io\/wp-content\/uploads\/2022\/05\/Original-copy-923x1024.png","width":"923","height":"1024","caption":"Jibble"},"image":{"@id":"https:\/\/www.jibble.io\/hu#\/schema\/logo\/image\/"},"sameAs":["https:\/\/www.linkedin.com\/company\/jibble\/"]}]}},"_links":{"self":[{"href":"https:\/\/www.jibble.io\/hu\/wp-json\/wp\/v2\/pages\/352495","targetHints":{"allow":["GET"]}}],"collection":[{"href":"https:\/\/www.jibble.io\/hu\/wp-json\/wp\/v2\/pages"}],"about":[{"href":"https:\/\/www.jibble.io\/hu\/wp-json\/wp\/v2\/types\/page"}],"author":[{"embeddable":true,"href":"https:\/\/www.jibble.io\/hu\/wp-json\/wp\/v2\/users\/6"}],"replies":[{"embeddable":true,"href":"https:\/\/www.jibble.io\/hu\/wp-json\/wp\/v2\/comments?post=352495"}],"version-history":[{"count":3,"href":"https:\/\/www.jibble.io\/hu\/wp-json\/wp\/v2\/pages\/352495\/revisions"}],"predecessor-version":[{"id":392193,"href":"https:\/\/www.jibble.io\/hu\/wp-json\/wp\/v2\/pages\/352495\/revisions\/392193"}],"wp:attachment":[{"href":"https:\/\/www.jibble.io\/hu\/wp-json\/wp\/v2\/media?parent=352495"}],"curies":[{"name":"wp","href":"https:\/\/api.w.org\/{rel}","templated":true}]}}