{"id":352459,"date":"2025-10-21T09:54:19","date_gmt":"2025-10-21T08:54:19","guid":{"rendered":"https:\/\/www.jibble.io\/?page_id=352459"},"modified":"2026-04-06T08:57:52","modified_gmt":"2026-04-06T07:57:52","slug":"legjobb-idokoveto-szoftver","status":"publish","type":"page","link":"https:\/\/www.jibble.io\/hu\/legjobb-idokoveto-szoftver","title":{"rendered":"Legjobb id\u0151k\u00f6vet\u0151 szoftver"},"content":{"rendered":"","protected":false},"excerpt":{"rendered":"","protected":false},"author":56,"featured_media":0,"parent":0,"menu_order":0,"comment_status":"closed","ping_status":"closed","template":"simple-content-template.php","meta":{"_acf_changed":false,"footnotes":""},"class_list":["post-352459","page","type-page","status-publish","hentry"],"acf":[],"yoast_head":"<!-- This site is optimized with the Yoast SEO Premium plugin v26.8 (Yoast SEO v26.8) - https:\/\/yoast.com\/product\/yoast-seo-premium-wordpress\/ -->\n<title>15 id\u0151k\u00f6vet\u0151 szoftvert tesztelt\u00fcnk.\u00cdme, az eredm\u00e9ny...<\/title>\n<meta name=\"description\" content=\"A legjobb id\u0151k\u00f6vet\u0151 szoftverek 2026-ban: Jibble, Deputy, Toggl Track \u00e9s Timely \u2013 ingyenes, \u00fctemez\u00e9s \u00e9s AI alap\u00fa megold\u00e1sok.\" \/>\n<meta name=\"robots\" content=\"index, follow, max-snippet:-1, max-image-preview:large, max-video-preview:-1\" \/>\n<link rel=\"canonical\" href=\"https:\/\/www.jibble.io\/hu\/legjobb-idokoveto-szoftver\" \/>\n<meta property=\"og:locale\" content=\"hu_HU\" \/>\n<meta property=\"og:type\" content=\"article\" \/>\n<meta property=\"og:title\" content=\"15 id\u0151k\u00f6vet\u0151 szoftvert tesztelt\u00fcnk.\u00cdme, az eredm\u00e9ny...\" \/>\n<meta property=\"og:description\" content=\"A legjobb id\u0151k\u00f6vet\u0151 szoftverek 2026-ban: Jibble, Deputy, Toggl Track \u00e9s Timely \u2013 ingyenes, \u00fctemez\u00e9s \u00e9s AI alap\u00fa megold\u00e1sok.\" \/>\n<meta property=\"og:url\" content=\"https:\/\/www.jibble.io\/hu\/legjobb-idokoveto-szoftver\" \/>\n<meta property=\"og:site_name\" content=\"Jibble\" \/>\n<meta property=\"article:modified_time\" content=\"2026-04-06T07:57:52+00:00\" \/>\n<meta name=\"twitter:card\" content=\"summary_large_image\" \/>\n<meta name=\"twitter:label1\" content=\"Becs\u00fclt olvas\u00e1si id\u0151\" \/>\n\t<meta name=\"twitter:data1\" content=\"29 perc\" \/>\n<script type=\"application\/ld+json\" class=\"yoast-schema-graph\">{\"@context\":\"https:\/\/schema.org\",\"@graph\":[{\"@type\":\"WebPage\",\"@id\":\"https:\/\/www.jibble.io\/hu\/legjobb-idokoveto-szoftver\",\"url\":\"https:\/\/www.jibble.io\/hu\/legjobb-idokoveto-szoftver\",\"name\":\"15 id\u0151k\u00f6vet\u0151 szoftvert tesztelt\u00fcnk.\u00cdme, az eredm\u00e9ny...\",\"isPartOf\":{\"@id\":\"https:\/\/www.jibble.io\/hu#website\"},\"datePublished\":\"2025-10-21T08:54:19+00:00\",\"dateModified\":\"2026-04-06T07:57:52+00:00\",\"description\":\"A legjobb id\u0151k\u00f6vet\u0151 szoftverek 2026-ban: Jibble, Deputy, Toggl Track \u00e9s Timely \u2013 ingyenes, \u00fctemez\u00e9s \u00e9s AI alap\u00fa megold\u00e1sok.\",\"inLanguage\":\"hu\",\"potentialAction\":[{\"@type\":\"ReadAction\",\"target\":[\"https:\/\/www.jibble.io\/hu\/legjobb-idokoveto-szoftver\"]}]},{\"@type\":\"WebSite\",\"@id\":\"https:\/\/www.jibble.io\/hu#website\",\"url\":\"https:\/\/www.jibble.io\/hu\",\"name\":\"Jibble\",\"description\":\"Meet the new standard in time tracking software\",\"publisher\":{\"@id\":\"https:\/\/www.jibble.io\/hu#organization\"},\"potentialAction\":[{\"@type\":\"SearchAction\",\"target\":{\"@type\":\"EntryPoint\",\"urlTemplate\":\"https:\/\/www.jibble.io\/hu?s={search_term_string}\"},\"query-input\":{\"@type\":\"PropertyValueSpecification\",\"valueRequired\":true,\"valueName\":\"search_term_string\"}}],\"inLanguage\":\"hu\"},{\"@type\":\"Organization\",\"@id\":\"https:\/\/www.jibble.io\/hu#organization\",\"name\":\"Jibble\",\"url\":\"https:\/\/www.jibble.io\/hu\",\"logo\":{\"@type\":\"ImageObject\",\"inLanguage\":\"hu\",\"@id\":\"https:\/\/www.jibble.io\/hu#\/schema\/logo\/image\/\",\"url\":\"https:\/\/www.jibble.io\/wp-content\/uploads\/2022\/05\/Original-copy-923x1024.png\",\"contentUrl\":\"https:\/\/www.jibble.io\/wp-content\/uploads\/2022\/05\/Original-copy-923x1024.png\",\"width\":\"923\",\"height\":\"1024\",\"caption\":\"Jibble\"},\"image\":{\"@id\":\"https:\/\/www.jibble.io\/hu#\/schema\/logo\/image\/\"},\"sameAs\":[\"https:\/\/www.linkedin.com\/company\/jibble\/\"]}]}<\/script>\n<!-- \/ Yoast SEO Premium plugin. -->","yoast_head_json":{"title":"15 id\u0151k\u00f6vet\u0151 szoftvert tesztelt\u00fcnk.\u00cdme, az eredm\u00e9ny...","description":"A legjobb id\u0151k\u00f6vet\u0151 szoftverek 2026-ban: Jibble, Deputy, Toggl Track \u00e9s Timely \u2013 ingyenes, \u00fctemez\u00e9s \u00e9s AI alap\u00fa megold\u00e1sok.","robots":{"index":"index","follow":"follow","max-snippet":"max-snippet:-1","max-image-preview":"max-image-preview:large","max-video-preview":"max-video-preview:-1"},"canonical":"https:\/\/www.jibble.io\/hu\/legjobb-idokoveto-szoftver","og_locale":"hu_HU","og_type":"article","og_title":"15 id\u0151k\u00f6vet\u0151 szoftvert tesztelt\u00fcnk.\u00cdme, az eredm\u00e9ny...","og_description":"A legjobb id\u0151k\u00f6vet\u0151 szoftverek 2026-ban: Jibble, Deputy, Toggl Track \u00e9s Timely \u2013 ingyenes, \u00fctemez\u00e9s \u00e9s AI alap\u00fa megold\u00e1sok.","og_url":"https:\/\/www.jibble.io\/hu\/legjobb-idokoveto-szoftver","og_site_name":"Jibble","article_modified_time":"2026-04-06T07:57:52+00:00","twitter_card":"summary_large_image","twitter_misc":{"Becs\u00fclt olvas\u00e1si id\u0151":"29 perc"},"schema":{"@context":"https:\/\/schema.org","@graph":[{"@type":"WebPage","@id":"https:\/\/www.jibble.io\/hu\/legjobb-idokoveto-szoftver","url":"https:\/\/www.jibble.io\/hu\/legjobb-idokoveto-szoftver","name":"15 id\u0151k\u00f6vet\u0151 szoftvert tesztelt\u00fcnk.\u00cdme, az eredm\u00e9ny...","isPartOf":{"@id":"https:\/\/www.jibble.io\/hu#website"},"datePublished":"2025-10-21T08:54:19+00:00","dateModified":"2026-04-06T07:57:52+00:00","description":"A legjobb id\u0151k\u00f6vet\u0151 szoftverek 2026-ban: Jibble, Deputy, Toggl Track \u00e9s Timely \u2013 ingyenes, \u00fctemez\u00e9s \u00e9s AI alap\u00fa megold\u00e1sok.","inLanguage":"hu","potentialAction":[{"@type":"ReadAction","target":["https:\/\/www.jibble.io\/hu\/legjobb-idokoveto-szoftver"]}]},{"@type":"WebSite","@id":"https:\/\/www.jibble.io\/hu#website","url":"https:\/\/www.jibble.io\/hu","name":"Jibble","description":"Meet the new standard in time tracking software","publisher":{"@id":"https:\/\/www.jibble.io\/hu#organization"},"potentialAction":[{"@type":"SearchAction","target":{"@type":"EntryPoint","urlTemplate":"https:\/\/www.jibble.io\/hu?s={search_term_string}"},"query-input":{"@type":"PropertyValueSpecification","valueRequired":true,"valueName":"search_term_string"}}],"inLanguage":"hu"},{"@type":"Organization","@id":"https:\/\/www.jibble.io\/hu#organization","name":"Jibble","url":"https:\/\/www.jibble.io\/hu","logo":{"@type":"ImageObject","inLanguage":"hu","@id":"https:\/\/www.jibble.io\/hu#\/schema\/logo\/image\/","url":"https:\/\/www.jibble.io\/wp-content\/uploads\/2022\/05\/Original-copy-923x1024.png","contentUrl":"https:\/\/www.jibble.io\/wp-content\/uploads\/2022\/05\/Original-copy-923x1024.png","width":"923","height":"1024","caption":"Jibble"},"image":{"@id":"https:\/\/www.jibble.io\/hu#\/schema\/logo\/image\/"},"sameAs":["https:\/\/www.linkedin.com\/company\/jibble\/"]}]}},"_links":{"self":[{"href":"https:\/\/www.jibble.io\/hu\/wp-json\/wp\/v2\/pages\/352459","targetHints":{"allow":["GET"]}}],"collection":[{"href":"https:\/\/www.jibble.io\/hu\/wp-json\/wp\/v2\/pages"}],"about":[{"href":"https:\/\/www.jibble.io\/hu\/wp-json\/wp\/v2\/types\/page"}],"author":[{"embeddable":true,"href":"https:\/\/www.jibble.io\/hu\/wp-json\/wp\/v2\/users\/56"}],"replies":[{"embeddable":true,"href":"https:\/\/www.jibble.io\/hu\/wp-json\/wp\/v2\/comments?post=352459"}],"version-history":[{"count":3,"href":"https:\/\/www.jibble.io\/hu\/wp-json\/wp\/v2\/pages\/352459\/revisions"}],"predecessor-version":[{"id":393804,"href":"https:\/\/www.jibble.io\/hu\/wp-json\/wp\/v2\/pages\/352459\/revisions\/393804"}],"wp:attachment":[{"href":"https:\/\/www.jibble.io\/hu\/wp-json\/wp\/v2\/media?parent=352459"}],"curies":[{"name":"wp","href":"https:\/\/api.w.org\/{rel}","templated":true}]}}