{"id":89064,"date":"2023-10-02T02:55:35","date_gmt":"2023-10-02T01:55:35","guid":{"rendered":"https:\/\/www.jibble.io\/time-tracking-software-with-screenshots\/"},"modified":"2025-07-20T16:08:15","modified_gmt":"2025-07-20T15:08:15","slug":"logiciel-de-suivi-du-temps-avec-captures-d-ecran","status":"publish","type":"page","link":"https:\/\/www.jibble.io\/fr\/logiciel-de-suivi-du-temps-avec-captures-d-ecran","title":{"rendered":"Time Tracking Software with Screenshots"},"content":{"rendered":"","protected":false},"excerpt":{"rendered":"","protected":false},"author":83,"featured_media":0,"parent":0,"menu_order":0,"comment_status":"closed","ping_status":"closed","template":"template-feature-new-youtube.php","meta":{"_acf_changed":false,"footnotes":""},"class_list":["post-89064","page","type-page","status-publish","hentry"],"acf":[],"yoast_head":"<!-- This site is optimized with the Yoast SEO Premium plugin v26.8 (Yoast SEO v26.8) - https:\/\/yoast.com\/product\/yoast-seo-premium-wordpress\/ -->\n<title>Logiciel de suivi du temps avec captures d&#039;\u00e9cran<\/title>\n<meta name=\"description\" content=\"Logiciel de suivi du temps avec captures d&#039;\u00e9cran. Capturez et g\u00e9rez votre temps gr\u00e2ce \u00e0 des captures d&#039;\u00e9cran d\u00e9taill\u00e9es.\" \/>\n<meta name=\"robots\" content=\"index, follow, max-snippet:-1, max-image-preview:large, max-video-preview:-1\" \/>\n<link rel=\"canonical\" href=\"https:\/\/www.jibble.io\/fr\/logiciel-de-suivi-du-temps-avec-captures-d-ecran\" \/>\n<meta property=\"og:locale\" content=\"fr_FR\" \/>\n<meta property=\"og:type\" content=\"article\" \/>\n<meta property=\"og:title\" content=\"Logiciel de suivi du temps avec captures d&#039;\u00e9cran\" \/>\n<meta property=\"og:description\" content=\"Logiciel de suivi du temps avec captures d&#039;\u00e9cran. Capturez et g\u00e9rez votre temps gr\u00e2ce \u00e0 des captures d&#039;\u00e9cran d\u00e9taill\u00e9es.\" \/>\n<meta property=\"og:url\" content=\"https:\/\/www.jibble.io\/fr\/logiciel-de-suivi-du-temps-avec-captures-d-ecran\" \/>\n<meta property=\"og:site_name\" content=\"Jibble\" \/>\n<meta property=\"article:modified_time\" content=\"2025-07-20T15:08:15+00:00\" \/>\n<meta name=\"twitter:card\" content=\"summary_large_image\" \/>\n<meta name=\"twitter:label1\" content=\"Dur\u00e9e de lecture estim\u00e9e\" \/>\n\t<meta name=\"twitter:data1\" content=\"9 minutes\" \/>\n<script type=\"application\/ld+json\" class=\"yoast-schema-graph\">{\"@context\":\"https:\/\/schema.org\",\"@graph\":[{\"@type\":\"WebPage\",\"@id\":\"https:\/\/www.jibble.io\/fr\/logiciel-de-suivi-du-temps-avec-captures-d-ecran\",\"url\":\"https:\/\/www.jibble.io\/fr\/logiciel-de-suivi-du-temps-avec-captures-d-ecran\",\"name\":\"Logiciel de suivi du temps avec captures d'\u00e9cran\",\"isPartOf\":{\"@id\":\"https:\/\/www.jibble.io\/fr#website\"},\"datePublished\":\"2023-10-02T01:55:35+00:00\",\"dateModified\":\"2025-07-20T15:08:15+00:00\",\"description\":\"Logiciel de suivi du temps avec captures d'\u00e9cran. Capturez et g\u00e9rez votre temps gr\u00e2ce \u00e0 des captures d'\u00e9cran d\u00e9taill\u00e9es.\",\"inLanguage\":\"fr-FR\",\"potentialAction\":[{\"@type\":\"ReadAction\",\"target\":[\"https:\/\/www.jibble.io\/fr\/logiciel-de-suivi-du-temps-avec-captures-d-ecran\"]}]},{\"@type\":\"WebSite\",\"@id\":\"https:\/\/www.jibble.io\/fr#website\",\"url\":\"https:\/\/www.jibble.io\/fr\",\"name\":\"Jibble\",\"description\":\"Meet the new standard in time tracking software\",\"publisher\":{\"@id\":\"https:\/\/www.jibble.io\/fr#organization\"},\"potentialAction\":[{\"@type\":\"SearchAction\",\"target\":{\"@type\":\"EntryPoint\",\"urlTemplate\":\"https:\/\/www.jibble.io\/fr?s={search_term_string}\"},\"query-input\":{\"@type\":\"PropertyValueSpecification\",\"valueRequired\":true,\"valueName\":\"search_term_string\"}}],\"inLanguage\":\"fr-FR\"},{\"@type\":\"Organization\",\"@id\":\"https:\/\/www.jibble.io\/fr#organization\",\"name\":\"Jibble\",\"url\":\"https:\/\/www.jibble.io\/fr\",\"logo\":{\"@type\":\"ImageObject\",\"inLanguage\":\"fr-FR\",\"@id\":\"https:\/\/www.jibble.io\/fr#\/schema\/logo\/image\/\",\"url\":\"https:\/\/www.jibble.io\/wp-content\/uploads\/2022\/05\/Original-copy-923x1024.png\",\"contentUrl\":\"https:\/\/www.jibble.io\/wp-content\/uploads\/2022\/05\/Original-copy-923x1024.png\",\"width\":\"923\",\"height\":\"1024\",\"caption\":\"Jibble\"},\"image\":{\"@id\":\"https:\/\/www.jibble.io\/fr#\/schema\/logo\/image\/\"},\"sameAs\":[\"https:\/\/www.linkedin.com\/company\/jibble\/\"]}]}<\/script>\n<!-- \/ Yoast SEO Premium plugin. -->","yoast_head_json":{"title":"Logiciel de suivi du temps avec captures d'\u00e9cran","description":"Logiciel de suivi du temps avec captures d'\u00e9cran. Capturez et g\u00e9rez votre temps gr\u00e2ce \u00e0 des captures d'\u00e9cran d\u00e9taill\u00e9es.","robots":{"index":"index","follow":"follow","max-snippet":"max-snippet:-1","max-image-preview":"max-image-preview:large","max-video-preview":"max-video-preview:-1"},"canonical":"https:\/\/www.jibble.io\/fr\/logiciel-de-suivi-du-temps-avec-captures-d-ecran","og_locale":"fr_FR","og_type":"article","og_title":"Logiciel de suivi du temps avec captures d'\u00e9cran","og_description":"Logiciel de suivi du temps avec captures d'\u00e9cran. Capturez et g\u00e9rez votre temps gr\u00e2ce \u00e0 des captures d'\u00e9cran d\u00e9taill\u00e9es.","og_url":"https:\/\/www.jibble.io\/fr\/logiciel-de-suivi-du-temps-avec-captures-d-ecran","og_site_name":"Jibble","article_modified_time":"2025-07-20T15:08:15+00:00","twitter_card":"summary_large_image","twitter_misc":{"Dur\u00e9e de lecture estim\u00e9e":"9 minutes"},"schema":{"@context":"https:\/\/schema.org","@graph":[{"@type":"WebPage","@id":"https:\/\/www.jibble.io\/fr\/logiciel-de-suivi-du-temps-avec-captures-d-ecran","url":"https:\/\/www.jibble.io\/fr\/logiciel-de-suivi-du-temps-avec-captures-d-ecran","name":"Logiciel de suivi du temps avec captures d'\u00e9cran","isPartOf":{"@id":"https:\/\/www.jibble.io\/fr#website"},"datePublished":"2023-10-02T01:55:35+00:00","dateModified":"2025-07-20T15:08:15+00:00","description":"Logiciel de suivi du temps avec captures d'\u00e9cran. Capturez et g\u00e9rez votre temps gr\u00e2ce \u00e0 des captures d'\u00e9cran d\u00e9taill\u00e9es.","inLanguage":"fr-FR","potentialAction":[{"@type":"ReadAction","target":["https:\/\/www.jibble.io\/fr\/logiciel-de-suivi-du-temps-avec-captures-d-ecran"]}]},{"@type":"WebSite","@id":"https:\/\/www.jibble.io\/fr#website","url":"https:\/\/www.jibble.io\/fr","name":"Jibble","description":"Meet the new standard in time tracking software","publisher":{"@id":"https:\/\/www.jibble.io\/fr#organization"},"potentialAction":[{"@type":"SearchAction","target":{"@type":"EntryPoint","urlTemplate":"https:\/\/www.jibble.io\/fr?s={search_term_string}"},"query-input":{"@type":"PropertyValueSpecification","valueRequired":true,"valueName":"search_term_string"}}],"inLanguage":"fr-FR"},{"@type":"Organization","@id":"https:\/\/www.jibble.io\/fr#organization","name":"Jibble","url":"https:\/\/www.jibble.io\/fr","logo":{"@type":"ImageObject","inLanguage":"fr-FR","@id":"https:\/\/www.jibble.io\/fr#\/schema\/logo\/image\/","url":"https:\/\/www.jibble.io\/wp-content\/uploads\/2022\/05\/Original-copy-923x1024.png","contentUrl":"https:\/\/www.jibble.io\/wp-content\/uploads\/2022\/05\/Original-copy-923x1024.png","width":"923","height":"1024","caption":"Jibble"},"image":{"@id":"https:\/\/www.jibble.io\/fr#\/schema\/logo\/image\/"},"sameAs":["https:\/\/www.linkedin.com\/company\/jibble\/"]}]}},"_links":{"self":[{"href":"https:\/\/www.jibble.io\/fr\/wp-json\/wp\/v2\/pages\/89064","targetHints":{"allow":["GET"]}}],"collection":[{"href":"https:\/\/www.jibble.io\/fr\/wp-json\/wp\/v2\/pages"}],"about":[{"href":"https:\/\/www.jibble.io\/fr\/wp-json\/wp\/v2\/types\/page"}],"author":[{"embeddable":true,"href":"https:\/\/www.jibble.io\/fr\/wp-json\/wp\/v2\/users\/83"}],"replies":[{"embeddable":true,"href":"https:\/\/www.jibble.io\/fr\/wp-json\/wp\/v2\/comments?post=89064"}],"version-history":[{"count":3,"href":"https:\/\/www.jibble.io\/fr\/wp-json\/wp\/v2\/pages\/89064\/revisions"}],"predecessor-version":[{"id":299933,"href":"https:\/\/www.jibble.io\/fr\/wp-json\/wp\/v2\/pages\/89064\/revisions\/299933"}],"wp:attachment":[{"href":"https:\/\/www.jibble.io\/fr\/wp-json\/wp\/v2\/media?parent=89064"}],"curies":[{"name":"wp","href":"https:\/\/api.w.org\/{rel}","templated":true}]}}