{"id":85764,"date":"2023-10-20T03:47:11","date_gmt":"2023-10-20T02:47:11","guid":{"rendered":"https:\/\/www.jibble.io\/buddy-punch-migration-tool\/"},"modified":"2025-08-15T15:13:02","modified_gmt":"2025-08-15T14:13:02","slug":"outil-de-migration-buddy-punch","status":"publish","type":"page","link":"https:\/\/www.jibble.io\/fr\/outil-de-migration-buddy-punch","title":{"rendered":"Buddy Punch Migration Tool"},"content":{"rendered":"","protected":false},"excerpt":{"rendered":"","protected":false},"author":83,"featured_media":0,"parent":0,"menu_order":0,"comment_status":"closed","ping_status":"closed","template":"template-feature-new-youtube.php","meta":{"_acf_changed":false,"footnotes":""},"class_list":["post-85764","page","type-page","status-publish","hentry"],"acf":[],"yoast_head":"<!-- This site is optimized with the Yoast SEO Premium plugin v26.8 (Yoast SEO v26.8) - https:\/\/yoast.com\/product\/yoast-seo-premium-wordpress\/ -->\n<title>Outil d&#039;importation Buddy Punch 100 % GRATUIT<\/title>\n<meta name=\"description\" content=\"Passez sans effort de Buddy Punch \u00e0 Jibble et am\u00e9liorez votre gestion du personnel gr\u00e2ce \u00e0 l&#039;outil d&#039;importation de Jibble.\" \/>\n<meta name=\"robots\" content=\"index, follow, max-snippet:-1, max-image-preview:large, max-video-preview:-1\" \/>\n<link rel=\"canonical\" href=\"https:\/\/www.jibble.io\/fr\/outil-de-migration-buddy-punch\" \/>\n<meta property=\"og:locale\" content=\"fr_FR\" \/>\n<meta property=\"og:type\" content=\"article\" \/>\n<meta property=\"og:title\" content=\"Outil d&#039;importation Buddy Punch 100 % GRATUIT\" \/>\n<meta property=\"og:description\" content=\"Passez sans effort de Buddy Punch \u00e0 Jibble et am\u00e9liorez votre gestion du personnel gr\u00e2ce \u00e0 l&#039;outil d&#039;importation de Jibble.\" \/>\n<meta property=\"og:url\" content=\"https:\/\/www.jibble.io\/fr\/outil-de-migration-buddy-punch\" \/>\n<meta property=\"og:site_name\" content=\"Jibble\" \/>\n<meta property=\"article:modified_time\" content=\"2025-08-15T14:13:02+00:00\" \/>\n<meta name=\"twitter:card\" content=\"summary_large_image\" \/>\n<meta name=\"twitter:label1\" content=\"Dur\u00e9e de lecture estim\u00e9e\" \/>\n\t<meta name=\"twitter:data1\" content=\"9 minutes\" \/>\n<script type=\"application\/ld+json\" class=\"yoast-schema-graph\">{\"@context\":\"https:\/\/schema.org\",\"@graph\":[{\"@type\":\"WebPage\",\"@id\":\"https:\/\/www.jibble.io\/fr\/outil-de-migration-buddy-punch\",\"url\":\"https:\/\/www.jibble.io\/fr\/outil-de-migration-buddy-punch\",\"name\":\"Outil d'importation Buddy Punch 100 % GRATUIT\",\"isPartOf\":{\"@id\":\"https:\/\/www.jibble.io\/fr#website\"},\"datePublished\":\"2023-10-20T02:47:11+00:00\",\"dateModified\":\"2025-08-15T14:13:02+00:00\",\"description\":\"Passez sans effort de Buddy Punch \u00e0 Jibble et am\u00e9liorez votre gestion du personnel gr\u00e2ce \u00e0 l'outil d'importation de Jibble.\",\"inLanguage\":\"fr-FR\",\"potentialAction\":[{\"@type\":\"ReadAction\",\"target\":[\"https:\/\/www.jibble.io\/fr\/outil-de-migration-buddy-punch\"]}]},{\"@type\":\"WebSite\",\"@id\":\"https:\/\/www.jibble.io\/fr#website\",\"url\":\"https:\/\/www.jibble.io\/fr\",\"name\":\"Jibble\",\"description\":\"Meet the new standard in time tracking software\",\"publisher\":{\"@id\":\"https:\/\/www.jibble.io\/fr#organization\"},\"potentialAction\":[{\"@type\":\"SearchAction\",\"target\":{\"@type\":\"EntryPoint\",\"urlTemplate\":\"https:\/\/www.jibble.io\/fr?s={search_term_string}\"},\"query-input\":{\"@type\":\"PropertyValueSpecification\",\"valueRequired\":true,\"valueName\":\"search_term_string\"}}],\"inLanguage\":\"fr-FR\"},{\"@type\":\"Organization\",\"@id\":\"https:\/\/www.jibble.io\/fr#organization\",\"name\":\"Jibble\",\"url\":\"https:\/\/www.jibble.io\/fr\",\"logo\":{\"@type\":\"ImageObject\",\"inLanguage\":\"fr-FR\",\"@id\":\"https:\/\/www.jibble.io\/fr#\/schema\/logo\/image\/\",\"url\":\"https:\/\/www.jibble.io\/wp-content\/uploads\/2022\/05\/Original-copy-923x1024.png\",\"contentUrl\":\"https:\/\/www.jibble.io\/wp-content\/uploads\/2022\/05\/Original-copy-923x1024.png\",\"width\":\"923\",\"height\":\"1024\",\"caption\":\"Jibble\"},\"image\":{\"@id\":\"https:\/\/www.jibble.io\/fr#\/schema\/logo\/image\/\"},\"sameAs\":[\"https:\/\/www.linkedin.com\/company\/jibble\/\"]}]}<\/script>\n<!-- \/ Yoast SEO Premium plugin. -->","yoast_head_json":{"title":"Outil d'importation Buddy Punch 100 % GRATUIT","description":"Passez sans effort de Buddy Punch \u00e0 Jibble et am\u00e9liorez votre gestion du personnel gr\u00e2ce \u00e0 l'outil d'importation de Jibble.","robots":{"index":"index","follow":"follow","max-snippet":"max-snippet:-1","max-image-preview":"max-image-preview:large","max-video-preview":"max-video-preview:-1"},"canonical":"https:\/\/www.jibble.io\/fr\/outil-de-migration-buddy-punch","og_locale":"fr_FR","og_type":"article","og_title":"Outil d'importation Buddy Punch 100 % GRATUIT","og_description":"Passez sans effort de Buddy Punch \u00e0 Jibble et am\u00e9liorez votre gestion du personnel gr\u00e2ce \u00e0 l'outil d'importation de Jibble.","og_url":"https:\/\/www.jibble.io\/fr\/outil-de-migration-buddy-punch","og_site_name":"Jibble","article_modified_time":"2025-08-15T14:13:02+00:00","twitter_card":"summary_large_image","twitter_misc":{"Dur\u00e9e de lecture estim\u00e9e":"9 minutes"},"schema":{"@context":"https:\/\/schema.org","@graph":[{"@type":"WebPage","@id":"https:\/\/www.jibble.io\/fr\/outil-de-migration-buddy-punch","url":"https:\/\/www.jibble.io\/fr\/outil-de-migration-buddy-punch","name":"Outil d'importation Buddy Punch 100 % GRATUIT","isPartOf":{"@id":"https:\/\/www.jibble.io\/fr#website"},"datePublished":"2023-10-20T02:47:11+00:00","dateModified":"2025-08-15T14:13:02+00:00","description":"Passez sans effort de Buddy Punch \u00e0 Jibble et am\u00e9liorez votre gestion du personnel gr\u00e2ce \u00e0 l'outil d'importation de Jibble.","inLanguage":"fr-FR","potentialAction":[{"@type":"ReadAction","target":["https:\/\/www.jibble.io\/fr\/outil-de-migration-buddy-punch"]}]},{"@type":"WebSite","@id":"https:\/\/www.jibble.io\/fr#website","url":"https:\/\/www.jibble.io\/fr","name":"Jibble","description":"Meet the new standard in time tracking software","publisher":{"@id":"https:\/\/www.jibble.io\/fr#organization"},"potentialAction":[{"@type":"SearchAction","target":{"@type":"EntryPoint","urlTemplate":"https:\/\/www.jibble.io\/fr?s={search_term_string}"},"query-input":{"@type":"PropertyValueSpecification","valueRequired":true,"valueName":"search_term_string"}}],"inLanguage":"fr-FR"},{"@type":"Organization","@id":"https:\/\/www.jibble.io\/fr#organization","name":"Jibble","url":"https:\/\/www.jibble.io\/fr","logo":{"@type":"ImageObject","inLanguage":"fr-FR","@id":"https:\/\/www.jibble.io\/fr#\/schema\/logo\/image\/","url":"https:\/\/www.jibble.io\/wp-content\/uploads\/2022\/05\/Original-copy-923x1024.png","contentUrl":"https:\/\/www.jibble.io\/wp-content\/uploads\/2022\/05\/Original-copy-923x1024.png","width":"923","height":"1024","caption":"Jibble"},"image":{"@id":"https:\/\/www.jibble.io\/fr#\/schema\/logo\/image\/"},"sameAs":["https:\/\/www.linkedin.com\/company\/jibble\/"]}]}},"_links":{"self":[{"href":"https:\/\/www.jibble.io\/fr\/wp-json\/wp\/v2\/pages\/85764","targetHints":{"allow":["GET"]}}],"collection":[{"href":"https:\/\/www.jibble.io\/fr\/wp-json\/wp\/v2\/pages"}],"about":[{"href":"https:\/\/www.jibble.io\/fr\/wp-json\/wp\/v2\/types\/page"}],"author":[{"embeddable":true,"href":"https:\/\/www.jibble.io\/fr\/wp-json\/wp\/v2\/users\/83"}],"replies":[{"embeddable":true,"href":"https:\/\/www.jibble.io\/fr\/wp-json\/wp\/v2\/comments?post=85764"}],"version-history":[{"count":3,"href":"https:\/\/www.jibble.io\/fr\/wp-json\/wp\/v2\/pages\/85764\/revisions"}],"predecessor-version":[{"id":311293,"href":"https:\/\/www.jibble.io\/fr\/wp-json\/wp\/v2\/pages\/85764\/revisions\/311293"}],"wp:attachment":[{"href":"https:\/\/www.jibble.io\/fr\/wp-json\/wp\/v2\/media?parent=85764"}],"curies":[{"name":"wp","href":"https:\/\/api.w.org\/{rel}","templated":true}]}}