{"id":62069,"date":"2023-09-05T02:32:43","date_gmt":"2023-09-05T01:32:43","guid":{"rendered":"https:\/\/www.jibble.io\/gdpr-compliant-time-tracking"},"modified":"2025-09-24T13:21:29","modified_gmt":"2025-09-24T12:21:29","slug":"suivi-temps-conforme-rgpd","status":"publish","type":"page","link":"https:\/\/www.jibble.io\/fr\/suivi-temps-conforme-rgpd","title":{"rendered":"GDPR-Compliant Time Tracking"},"content":{"rendered":"","protected":false},"excerpt":{"rendered":"","protected":false},"author":56,"featured_media":0,"parent":0,"menu_order":0,"comment_status":"closed","ping_status":"closed","template":"template-feature-new-youtube.php","meta":{"_acf_changed":false,"footnotes":""},"class_list":["post-62069","page","type-page","status-publish","hentry"],"acf":[],"yoast_head":"<!-- This site is optimized with the Yoast SEO Premium plugin v26.8 (Yoast SEO v26.8) - https:\/\/yoast.com\/product\/yoast-seo-premium-wordpress\/ -->\n<title>Logiciel de suivi du temps conforme au RGPD 100 % GRATUIT<\/title>\n<meta name=\"description\" content=\"Logiciel de suivi du temps conforme au RGPD qui combine suivi efficace, s\u00e9curit\u00e9 et confidentialit\u00e9 des donn\u00e9es. Gratuit \u00e0 vie.\" \/>\n<meta name=\"robots\" content=\"index, follow, max-snippet:-1, max-image-preview:large, max-video-preview:-1\" \/>\n<link rel=\"canonical\" href=\"https:\/\/www.jibble.io\/fr\/suivi-temps-conforme-rgpd\" \/>\n<meta property=\"og:locale\" content=\"fr_FR\" \/>\n<meta property=\"og:type\" content=\"article\" \/>\n<meta property=\"og:title\" content=\"Logiciel de suivi du temps conforme au RGPD 100 % GRATUIT\" \/>\n<meta property=\"og:description\" content=\"Logiciel de suivi du temps conforme au RGPD qui combine suivi efficace, s\u00e9curit\u00e9 et confidentialit\u00e9 des donn\u00e9es. Gratuit \u00e0 vie.\" \/>\n<meta property=\"og:url\" content=\"https:\/\/www.jibble.io\/fr\/suivi-temps-conforme-rgpd\" \/>\n<meta property=\"og:site_name\" content=\"Jibble\" \/>\n<meta property=\"article:modified_time\" content=\"2025-09-24T12:21:29+00:00\" \/>\n<meta name=\"twitter:card\" content=\"summary_large_image\" \/>\n<meta name=\"twitter:label1\" content=\"Dur\u00e9e de lecture estim\u00e9e\" \/>\n\t<meta name=\"twitter:data1\" content=\"12 minutes\" \/>\n<script type=\"application\/ld+json\" class=\"yoast-schema-graph\">{\"@context\":\"https:\/\/schema.org\",\"@graph\":[{\"@type\":\"WebPage\",\"@id\":\"https:\/\/www.jibble.io\/fr\/suivi-temps-conforme-rgpd\",\"url\":\"https:\/\/www.jibble.io\/fr\/suivi-temps-conforme-rgpd\",\"name\":\"Logiciel de suivi du temps conforme au RGPD 100 % GRATUIT\",\"isPartOf\":{\"@id\":\"https:\/\/www.jibble.io\/fr#website\"},\"datePublished\":\"2023-09-05T01:32:43+00:00\",\"dateModified\":\"2025-09-24T12:21:29+00:00\",\"description\":\"Logiciel de suivi du temps conforme au RGPD qui combine suivi efficace, s\u00e9curit\u00e9 et confidentialit\u00e9 des donn\u00e9es. Gratuit \u00e0 vie.\",\"inLanguage\":\"fr-FR\",\"potentialAction\":[{\"@type\":\"ReadAction\",\"target\":[\"https:\/\/www.jibble.io\/fr\/suivi-temps-conforme-rgpd\"]}]},{\"@type\":\"WebSite\",\"@id\":\"https:\/\/www.jibble.io\/fr#website\",\"url\":\"https:\/\/www.jibble.io\/fr\",\"name\":\"Jibble\",\"description\":\"Meet the new standard in time tracking software\",\"publisher\":{\"@id\":\"https:\/\/www.jibble.io\/fr#organization\"},\"potentialAction\":[{\"@type\":\"SearchAction\",\"target\":{\"@type\":\"EntryPoint\",\"urlTemplate\":\"https:\/\/www.jibble.io\/fr?s={search_term_string}\"},\"query-input\":{\"@type\":\"PropertyValueSpecification\",\"valueRequired\":true,\"valueName\":\"search_term_string\"}}],\"inLanguage\":\"fr-FR\"},{\"@type\":\"Organization\",\"@id\":\"https:\/\/www.jibble.io\/fr#organization\",\"name\":\"Jibble\",\"url\":\"https:\/\/www.jibble.io\/fr\",\"logo\":{\"@type\":\"ImageObject\",\"inLanguage\":\"fr-FR\",\"@id\":\"https:\/\/www.jibble.io\/fr#\/schema\/logo\/image\/\",\"url\":\"https:\/\/www.jibble.io\/wp-content\/uploads\/2022\/05\/Original-copy-923x1024.png\",\"contentUrl\":\"https:\/\/www.jibble.io\/wp-content\/uploads\/2022\/05\/Original-copy-923x1024.png\",\"width\":\"923\",\"height\":\"1024\",\"caption\":\"Jibble\"},\"image\":{\"@id\":\"https:\/\/www.jibble.io\/fr#\/schema\/logo\/image\/\"},\"sameAs\":[\"https:\/\/www.linkedin.com\/company\/jibble\/\"]}]}<\/script>\n<!-- \/ Yoast SEO Premium plugin. -->","yoast_head_json":{"title":"Logiciel de suivi du temps conforme au RGPD 100 % GRATUIT","description":"Logiciel de suivi du temps conforme au RGPD qui combine suivi efficace, s\u00e9curit\u00e9 et confidentialit\u00e9 des donn\u00e9es. Gratuit \u00e0 vie.","robots":{"index":"index","follow":"follow","max-snippet":"max-snippet:-1","max-image-preview":"max-image-preview:large","max-video-preview":"max-video-preview:-1"},"canonical":"https:\/\/www.jibble.io\/fr\/suivi-temps-conforme-rgpd","og_locale":"fr_FR","og_type":"article","og_title":"Logiciel de suivi du temps conforme au RGPD 100 % GRATUIT","og_description":"Logiciel de suivi du temps conforme au RGPD qui combine suivi efficace, s\u00e9curit\u00e9 et confidentialit\u00e9 des donn\u00e9es. Gratuit \u00e0 vie.","og_url":"https:\/\/www.jibble.io\/fr\/suivi-temps-conforme-rgpd","og_site_name":"Jibble","article_modified_time":"2025-09-24T12:21:29+00:00","twitter_card":"summary_large_image","twitter_misc":{"Dur\u00e9e de lecture estim\u00e9e":"12 minutes"},"schema":{"@context":"https:\/\/schema.org","@graph":[{"@type":"WebPage","@id":"https:\/\/www.jibble.io\/fr\/suivi-temps-conforme-rgpd","url":"https:\/\/www.jibble.io\/fr\/suivi-temps-conforme-rgpd","name":"Logiciel de suivi du temps conforme au RGPD 100 % GRATUIT","isPartOf":{"@id":"https:\/\/www.jibble.io\/fr#website"},"datePublished":"2023-09-05T01:32:43+00:00","dateModified":"2025-09-24T12:21:29+00:00","description":"Logiciel de suivi du temps conforme au RGPD qui combine suivi efficace, s\u00e9curit\u00e9 et confidentialit\u00e9 des donn\u00e9es. Gratuit \u00e0 vie.","inLanguage":"fr-FR","potentialAction":[{"@type":"ReadAction","target":["https:\/\/www.jibble.io\/fr\/suivi-temps-conforme-rgpd"]}]},{"@type":"WebSite","@id":"https:\/\/www.jibble.io\/fr#website","url":"https:\/\/www.jibble.io\/fr","name":"Jibble","description":"Meet the new standard in time tracking software","publisher":{"@id":"https:\/\/www.jibble.io\/fr#organization"},"potentialAction":[{"@type":"SearchAction","target":{"@type":"EntryPoint","urlTemplate":"https:\/\/www.jibble.io\/fr?s={search_term_string}"},"query-input":{"@type":"PropertyValueSpecification","valueRequired":true,"valueName":"search_term_string"}}],"inLanguage":"fr-FR"},{"@type":"Organization","@id":"https:\/\/www.jibble.io\/fr#organization","name":"Jibble","url":"https:\/\/www.jibble.io\/fr","logo":{"@type":"ImageObject","inLanguage":"fr-FR","@id":"https:\/\/www.jibble.io\/fr#\/schema\/logo\/image\/","url":"https:\/\/www.jibble.io\/wp-content\/uploads\/2022\/05\/Original-copy-923x1024.png","contentUrl":"https:\/\/www.jibble.io\/wp-content\/uploads\/2022\/05\/Original-copy-923x1024.png","width":"923","height":"1024","caption":"Jibble"},"image":{"@id":"https:\/\/www.jibble.io\/fr#\/schema\/logo\/image\/"},"sameAs":["https:\/\/www.linkedin.com\/company\/jibble\/"]}]}},"_links":{"self":[{"href":"https:\/\/www.jibble.io\/fr\/wp-json\/wp\/v2\/pages\/62069","targetHints":{"allow":["GET"]}}],"collection":[{"href":"https:\/\/www.jibble.io\/fr\/wp-json\/wp\/v2\/pages"}],"about":[{"href":"https:\/\/www.jibble.io\/fr\/wp-json\/wp\/v2\/types\/page"}],"author":[{"embeddable":true,"href":"https:\/\/www.jibble.io\/fr\/wp-json\/wp\/v2\/users\/56"}],"replies":[{"embeddable":true,"href":"https:\/\/www.jibble.io\/fr\/wp-json\/wp\/v2\/comments?post=62069"}],"version-history":[{"count":3,"href":"https:\/\/www.jibble.io\/fr\/wp-json\/wp\/v2\/pages\/62069\/revisions"}],"predecessor-version":[{"id":328201,"href":"https:\/\/www.jibble.io\/fr\/wp-json\/wp\/v2\/pages\/62069\/revisions\/328201"}],"wp:attachment":[{"href":"https:\/\/www.jibble.io\/fr\/wp-json\/wp\/v2\/media?parent=62069"}],"curies":[{"name":"wp","href":"https:\/\/api.w.org\/{rel}","templated":true}]}}