{"id":61631,"date":"2023-12-15T09:27:52","date_gmt":"2023-12-15T09:27:52","guid":{"rendered":"https:\/\/www.jibble.io\/employee-screenshot-monitoring"},"modified":"2025-10-28T11:18:38","modified_gmt":"2025-10-28T11:18:38","slug":"logiciel-controle-ecran-employes","status":"publish","type":"page","link":"https:\/\/www.jibble.io\/fr\/logiciel-controle-ecran-employes","title":{"rendered":"Employee Screenshot Monitoring"},"content":{"rendered":"","protected":false},"excerpt":{"rendered":"","protected":false},"author":56,"featured_media":0,"parent":0,"menu_order":0,"comment_status":"closed","ping_status":"closed","template":"template-feature-new-youtube.php","meta":{"_acf_changed":false,"footnotes":""},"class_list":["post-61631","page","type-page","status-publish","hentry"],"acf":[],"yoast_head":"<!-- This site is optimized with the Yoast SEO Premium plugin v26.8 (Yoast SEO v26.8) - https:\/\/yoast.com\/product\/yoast-seo-premium-wordpress\/ -->\n<title>Contr\u00f4le des captures d&#039;\u00e9cran des employ\u00e9s 100 % GRATUIT<\/title>\n<meta name=\"description\" content=\"Utilisez l\u2019outil de surveillance de captures d\u2019\u00e9cran de Jibble pour enregistrer les activit\u00e9s sur le bureau, et le suivi des t\u00e2ches.\" \/>\n<meta name=\"robots\" content=\"index, follow, max-snippet:-1, max-image-preview:large, max-video-preview:-1\" \/>\n<link rel=\"canonical\" href=\"https:\/\/www.jibble.io\/fr\/logiciel-controle-ecran-employes\" \/>\n<meta property=\"og:locale\" content=\"fr_FR\" \/>\n<meta property=\"og:type\" content=\"article\" \/>\n<meta property=\"og:title\" content=\"Contr\u00f4le des captures d&#039;\u00e9cran des employ\u00e9s 100 % GRATUIT\" \/>\n<meta property=\"og:description\" content=\"Utilisez l\u2019outil de surveillance de captures d\u2019\u00e9cran de Jibble pour enregistrer les activit\u00e9s sur le bureau, et le suivi des t\u00e2ches.\" \/>\n<meta property=\"og:url\" content=\"https:\/\/www.jibble.io\/fr\/logiciel-controle-ecran-employes\" \/>\n<meta property=\"og:site_name\" content=\"Jibble\" \/>\n<meta property=\"article:modified_time\" content=\"2025-10-28T11:18:38+00:00\" \/>\n<meta name=\"twitter:card\" content=\"summary_large_image\" \/>\n<meta name=\"twitter:label1\" content=\"Dur\u00e9e de lecture estim\u00e9e\" \/>\n\t<meta name=\"twitter:data1\" content=\"8 minutes\" \/>\n<script type=\"application\/ld+json\" class=\"yoast-schema-graph\">{\"@context\":\"https:\/\/schema.org\",\"@graph\":[{\"@type\":\"WebPage\",\"@id\":\"https:\/\/www.jibble.io\/fr\/logiciel-controle-ecran-employes\",\"url\":\"https:\/\/www.jibble.io\/fr\/logiciel-controle-ecran-employes\",\"name\":\"Contr\u00f4le des captures d'\u00e9cran des employ\u00e9s 100 % GRATUIT\",\"isPartOf\":{\"@id\":\"https:\/\/www.jibble.io\/fr#website\"},\"datePublished\":\"2023-12-15T09:27:52+00:00\",\"dateModified\":\"2025-10-28T11:18:38+00:00\",\"description\":\"Utilisez l\u2019outil de surveillance de captures d\u2019\u00e9cran de Jibble pour enregistrer les activit\u00e9s sur le bureau, et le suivi des t\u00e2ches.\",\"inLanguage\":\"fr-FR\",\"potentialAction\":[{\"@type\":\"ReadAction\",\"target\":[\"https:\/\/www.jibble.io\/fr\/logiciel-controle-ecran-employes\"]}]},{\"@type\":\"WebSite\",\"@id\":\"https:\/\/www.jibble.io\/fr#website\",\"url\":\"https:\/\/www.jibble.io\/fr\",\"name\":\"Jibble\",\"description\":\"Meet the new standard in time tracking software\",\"publisher\":{\"@id\":\"https:\/\/www.jibble.io\/fr#organization\"},\"potentialAction\":[{\"@type\":\"SearchAction\",\"target\":{\"@type\":\"EntryPoint\",\"urlTemplate\":\"https:\/\/www.jibble.io\/fr?s={search_term_string}\"},\"query-input\":{\"@type\":\"PropertyValueSpecification\",\"valueRequired\":true,\"valueName\":\"search_term_string\"}}],\"inLanguage\":\"fr-FR\"},{\"@type\":\"Organization\",\"@id\":\"https:\/\/www.jibble.io\/fr#organization\",\"name\":\"Jibble\",\"url\":\"https:\/\/www.jibble.io\/fr\",\"logo\":{\"@type\":\"ImageObject\",\"inLanguage\":\"fr-FR\",\"@id\":\"https:\/\/www.jibble.io\/fr#\/schema\/logo\/image\/\",\"url\":\"https:\/\/www.jibble.io\/wp-content\/uploads\/2022\/05\/Original-copy-923x1024.png\",\"contentUrl\":\"https:\/\/www.jibble.io\/wp-content\/uploads\/2022\/05\/Original-copy-923x1024.png\",\"width\":\"923\",\"height\":\"1024\",\"caption\":\"Jibble\"},\"image\":{\"@id\":\"https:\/\/www.jibble.io\/fr#\/schema\/logo\/image\/\"},\"sameAs\":[\"https:\/\/www.linkedin.com\/company\/jibble\/\"]}]}<\/script>\n<!-- \/ Yoast SEO Premium plugin. -->","yoast_head_json":{"title":"Contr\u00f4le des captures d'\u00e9cran des employ\u00e9s 100 % GRATUIT","description":"Utilisez l\u2019outil de surveillance de captures d\u2019\u00e9cran de Jibble pour enregistrer les activit\u00e9s sur le bureau, et le suivi des t\u00e2ches.","robots":{"index":"index","follow":"follow","max-snippet":"max-snippet:-1","max-image-preview":"max-image-preview:large","max-video-preview":"max-video-preview:-1"},"canonical":"https:\/\/www.jibble.io\/fr\/logiciel-controle-ecran-employes","og_locale":"fr_FR","og_type":"article","og_title":"Contr\u00f4le des captures d'\u00e9cran des employ\u00e9s 100 % GRATUIT","og_description":"Utilisez l\u2019outil de surveillance de captures d\u2019\u00e9cran de Jibble pour enregistrer les activit\u00e9s sur le bureau, et le suivi des t\u00e2ches.","og_url":"https:\/\/www.jibble.io\/fr\/logiciel-controle-ecran-employes","og_site_name":"Jibble","article_modified_time":"2025-10-28T11:18:38+00:00","twitter_card":"summary_large_image","twitter_misc":{"Dur\u00e9e de lecture estim\u00e9e":"8 minutes"},"schema":{"@context":"https:\/\/schema.org","@graph":[{"@type":"WebPage","@id":"https:\/\/www.jibble.io\/fr\/logiciel-controle-ecran-employes","url":"https:\/\/www.jibble.io\/fr\/logiciel-controle-ecran-employes","name":"Contr\u00f4le des captures d'\u00e9cran des employ\u00e9s 100 % GRATUIT","isPartOf":{"@id":"https:\/\/www.jibble.io\/fr#website"},"datePublished":"2023-12-15T09:27:52+00:00","dateModified":"2025-10-28T11:18:38+00:00","description":"Utilisez l\u2019outil de surveillance de captures d\u2019\u00e9cran de Jibble pour enregistrer les activit\u00e9s sur le bureau, et le suivi des t\u00e2ches.","inLanguage":"fr-FR","potentialAction":[{"@type":"ReadAction","target":["https:\/\/www.jibble.io\/fr\/logiciel-controle-ecran-employes"]}]},{"@type":"WebSite","@id":"https:\/\/www.jibble.io\/fr#website","url":"https:\/\/www.jibble.io\/fr","name":"Jibble","description":"Meet the new standard in time tracking software","publisher":{"@id":"https:\/\/www.jibble.io\/fr#organization"},"potentialAction":[{"@type":"SearchAction","target":{"@type":"EntryPoint","urlTemplate":"https:\/\/www.jibble.io\/fr?s={search_term_string}"},"query-input":{"@type":"PropertyValueSpecification","valueRequired":true,"valueName":"search_term_string"}}],"inLanguage":"fr-FR"},{"@type":"Organization","@id":"https:\/\/www.jibble.io\/fr#organization","name":"Jibble","url":"https:\/\/www.jibble.io\/fr","logo":{"@type":"ImageObject","inLanguage":"fr-FR","@id":"https:\/\/www.jibble.io\/fr#\/schema\/logo\/image\/","url":"https:\/\/www.jibble.io\/wp-content\/uploads\/2022\/05\/Original-copy-923x1024.png","contentUrl":"https:\/\/www.jibble.io\/wp-content\/uploads\/2022\/05\/Original-copy-923x1024.png","width":"923","height":"1024","caption":"Jibble"},"image":{"@id":"https:\/\/www.jibble.io\/fr#\/schema\/logo\/image\/"},"sameAs":["https:\/\/www.linkedin.com\/company\/jibble\/"]}]}},"_links":{"self":[{"href":"https:\/\/www.jibble.io\/fr\/wp-json\/wp\/v2\/pages\/61631","targetHints":{"allow":["GET"]}}],"collection":[{"href":"https:\/\/www.jibble.io\/fr\/wp-json\/wp\/v2\/pages"}],"about":[{"href":"https:\/\/www.jibble.io\/fr\/wp-json\/wp\/v2\/types\/page"}],"author":[{"embeddable":true,"href":"https:\/\/www.jibble.io\/fr\/wp-json\/wp\/v2\/users\/56"}],"replies":[{"embeddable":true,"href":"https:\/\/www.jibble.io\/fr\/wp-json\/wp\/v2\/comments?post=61631"}],"version-history":[{"count":3,"href":"https:\/\/www.jibble.io\/fr\/wp-json\/wp\/v2\/pages\/61631\/revisions"}],"predecessor-version":[{"id":338900,"href":"https:\/\/www.jibble.io\/fr\/wp-json\/wp\/v2\/pages\/61631\/revisions\/338900"}],"wp:attachment":[{"href":"https:\/\/www.jibble.io\/fr\/wp-json\/wp\/v2\/media?parent=61631"}],"curies":[{"name":"wp","href":"https:\/\/api.w.org\/{rel}","templated":true}]}}