{"id":245249,"date":"2024-10-09T14:54:58","date_gmt":"2024-10-09T13:54:58","guid":{"rendered":"https:\/\/www.jibble.io\/overtime-calculator"},"modified":"2025-03-19T08:36:36","modified_gmt":"2025-03-19T08:36:36","slug":"calculateur-heures-supplementaires","status":"publish","type":"page","link":"https:\/\/www.jibble.io\/fr\/calculateur-heures-supplementaires","title":{"rendered":"Overtime Calculator"},"content":{"rendered":"","protected":false},"excerpt":{"rendered":"","protected":false},"author":87,"featured_media":0,"parent":0,"menu_order":0,"comment_status":"closed","ping_status":"closed","template":"ot-calculator-template.php","meta":{"_acf_changed":false,"footnotes":""},"class_list":["post-245249","page","type-page","status-publish","hentry"],"acf":[],"yoast_head":"<!-- This site is optimized with the Yoast SEO Premium plugin v26.8 (Yoast SEO v26.8) - https:\/\/yoast.com\/product\/yoast-seo-premium-wordpress\/ -->\n<title>Calculateur d&#039;heures suppl\u00e9mentaires GRATUIT| Jibble<\/title>\n<meta name=\"description\" content=\"Calculez rapidement les heures suppl\u00e9mentaires avec notre calculateur gratuit. Simplifiez la paie et assurez la conformit\u00e9. Essayez-le !\" \/>\n<meta name=\"robots\" content=\"index, follow, max-snippet:-1, max-image-preview:large, max-video-preview:-1\" \/>\n<link rel=\"canonical\" href=\"https:\/\/www.jibble.io\/fr\/calculateur-heures-supplementaires\" \/>\n<meta property=\"og:locale\" content=\"fr_FR\" \/>\n<meta property=\"og:type\" content=\"article\" \/>\n<meta property=\"og:title\" content=\"Calculateur d&#039;heures suppl\u00e9mentaires GRATUIT| Jibble\" \/>\n<meta property=\"og:description\" content=\"Calculez rapidement les heures suppl\u00e9mentaires avec notre calculateur gratuit. Simplifiez la paie et assurez la conformit\u00e9. Essayez-le !\" \/>\n<meta property=\"og:url\" content=\"https:\/\/www.jibble.io\/fr\/calculateur-heures-supplementaires\" \/>\n<meta property=\"og:site_name\" content=\"Jibble\" \/>\n<meta property=\"article:modified_time\" content=\"2025-03-19T08:36:36+00:00\" \/>\n<meta name=\"twitter:card\" content=\"summary_large_image\" \/>\n<meta name=\"twitter:label1\" content=\"Dur\u00e9e de lecture estim\u00e9e\" \/>\n\t<meta name=\"twitter:data1\" content=\"5 minutes\" \/>\n<script type=\"application\/ld+json\" class=\"yoast-schema-graph\">{\"@context\":\"https:\/\/schema.org\",\"@graph\":[{\"@type\":\"WebPage\",\"@id\":\"https:\/\/www.jibble.io\/fr\/calculateur-heures-supplementaires\",\"url\":\"https:\/\/www.jibble.io\/fr\/calculateur-heures-supplementaires\",\"name\":\"Calculateur d'heures suppl\u00e9mentaires GRATUIT| Jibble\",\"isPartOf\":{\"@id\":\"https:\/\/www.jibble.io\/fr#website\"},\"datePublished\":\"2024-10-09T13:54:58+00:00\",\"dateModified\":\"2025-03-19T08:36:36+00:00\",\"description\":\"Calculez rapidement les heures suppl\u00e9mentaires avec notre calculateur gratuit. Simplifiez la paie et assurez la conformit\u00e9. Essayez-le !\",\"inLanguage\":\"fr-FR\",\"potentialAction\":[{\"@type\":\"ReadAction\",\"target\":[\"https:\/\/www.jibble.io\/fr\/calculateur-heures-supplementaires\"]}]},{\"@type\":\"WebSite\",\"@id\":\"https:\/\/www.jibble.io\/fr#website\",\"url\":\"https:\/\/www.jibble.io\/fr\",\"name\":\"Jibble\",\"description\":\"Meet the new standard in time tracking software\",\"publisher\":{\"@id\":\"https:\/\/www.jibble.io\/fr#organization\"},\"potentialAction\":[{\"@type\":\"SearchAction\",\"target\":{\"@type\":\"EntryPoint\",\"urlTemplate\":\"https:\/\/www.jibble.io\/fr?s={search_term_string}\"},\"query-input\":{\"@type\":\"PropertyValueSpecification\",\"valueRequired\":true,\"valueName\":\"search_term_string\"}}],\"inLanguage\":\"fr-FR\"},{\"@type\":\"Organization\",\"@id\":\"https:\/\/www.jibble.io\/fr#organization\",\"name\":\"Jibble\",\"url\":\"https:\/\/www.jibble.io\/fr\",\"logo\":{\"@type\":\"ImageObject\",\"inLanguage\":\"fr-FR\",\"@id\":\"https:\/\/www.jibble.io\/fr#\/schema\/logo\/image\/\",\"url\":\"https:\/\/www.jibble.io\/wp-content\/uploads\/2022\/05\/Original-copy-923x1024.png\",\"contentUrl\":\"https:\/\/www.jibble.io\/wp-content\/uploads\/2022\/05\/Original-copy-923x1024.png\",\"width\":\"923\",\"height\":\"1024\",\"caption\":\"Jibble\"},\"image\":{\"@id\":\"https:\/\/www.jibble.io\/fr#\/schema\/logo\/image\/\"},\"sameAs\":[\"https:\/\/www.linkedin.com\/company\/jibble\/\"]}]}<\/script>\n<!-- \/ Yoast SEO Premium plugin. -->","yoast_head_json":{"title":"Calculateur d'heures suppl\u00e9mentaires GRATUIT| Jibble","description":"Calculez rapidement les heures suppl\u00e9mentaires avec notre calculateur gratuit. Simplifiez la paie et assurez la conformit\u00e9. Essayez-le !","robots":{"index":"index","follow":"follow","max-snippet":"max-snippet:-1","max-image-preview":"max-image-preview:large","max-video-preview":"max-video-preview:-1"},"canonical":"https:\/\/www.jibble.io\/fr\/calculateur-heures-supplementaires","og_locale":"fr_FR","og_type":"article","og_title":"Calculateur d'heures suppl\u00e9mentaires GRATUIT| Jibble","og_description":"Calculez rapidement les heures suppl\u00e9mentaires avec notre calculateur gratuit. Simplifiez la paie et assurez la conformit\u00e9. Essayez-le !","og_url":"https:\/\/www.jibble.io\/fr\/calculateur-heures-supplementaires","og_site_name":"Jibble","article_modified_time":"2025-03-19T08:36:36+00:00","twitter_card":"summary_large_image","twitter_misc":{"Dur\u00e9e de lecture estim\u00e9e":"5 minutes"},"schema":{"@context":"https:\/\/schema.org","@graph":[{"@type":"WebPage","@id":"https:\/\/www.jibble.io\/fr\/calculateur-heures-supplementaires","url":"https:\/\/www.jibble.io\/fr\/calculateur-heures-supplementaires","name":"Calculateur d'heures suppl\u00e9mentaires GRATUIT| Jibble","isPartOf":{"@id":"https:\/\/www.jibble.io\/fr#website"},"datePublished":"2024-10-09T13:54:58+00:00","dateModified":"2025-03-19T08:36:36+00:00","description":"Calculez rapidement les heures suppl\u00e9mentaires avec notre calculateur gratuit. Simplifiez la paie et assurez la conformit\u00e9. Essayez-le !","inLanguage":"fr-FR","potentialAction":[{"@type":"ReadAction","target":["https:\/\/www.jibble.io\/fr\/calculateur-heures-supplementaires"]}]},{"@type":"WebSite","@id":"https:\/\/www.jibble.io\/fr#website","url":"https:\/\/www.jibble.io\/fr","name":"Jibble","description":"Meet the new standard in time tracking software","publisher":{"@id":"https:\/\/www.jibble.io\/fr#organization"},"potentialAction":[{"@type":"SearchAction","target":{"@type":"EntryPoint","urlTemplate":"https:\/\/www.jibble.io\/fr?s={search_term_string}"},"query-input":{"@type":"PropertyValueSpecification","valueRequired":true,"valueName":"search_term_string"}}],"inLanguage":"fr-FR"},{"@type":"Organization","@id":"https:\/\/www.jibble.io\/fr#organization","name":"Jibble","url":"https:\/\/www.jibble.io\/fr","logo":{"@type":"ImageObject","inLanguage":"fr-FR","@id":"https:\/\/www.jibble.io\/fr#\/schema\/logo\/image\/","url":"https:\/\/www.jibble.io\/wp-content\/uploads\/2022\/05\/Original-copy-923x1024.png","contentUrl":"https:\/\/www.jibble.io\/wp-content\/uploads\/2022\/05\/Original-copy-923x1024.png","width":"923","height":"1024","caption":"Jibble"},"image":{"@id":"https:\/\/www.jibble.io\/fr#\/schema\/logo\/image\/"},"sameAs":["https:\/\/www.linkedin.com\/company\/jibble\/"]}]}},"_links":{"self":[{"href":"https:\/\/www.jibble.io\/fr\/wp-json\/wp\/v2\/pages\/245249","targetHints":{"allow":["GET"]}}],"collection":[{"href":"https:\/\/www.jibble.io\/fr\/wp-json\/wp\/v2\/pages"}],"about":[{"href":"https:\/\/www.jibble.io\/fr\/wp-json\/wp\/v2\/types\/page"}],"author":[{"embeddable":true,"href":"https:\/\/www.jibble.io\/fr\/wp-json\/wp\/v2\/users\/87"}],"replies":[{"embeddable":true,"href":"https:\/\/www.jibble.io\/fr\/wp-json\/wp\/v2\/comments?post=245249"}],"version-history":[{"count":3,"href":"https:\/\/www.jibble.io\/fr\/wp-json\/wp\/v2\/pages\/245249\/revisions"}],"predecessor-version":[{"id":246046,"href":"https:\/\/www.jibble.io\/fr\/wp-json\/wp\/v2\/pages\/245249\/revisions\/246046"}],"wp:attachment":[{"href":"https:\/\/www.jibble.io\/fr\/wp-json\/wp\/v2\/media?parent=245249"}],"curies":[{"name":"wp","href":"https:\/\/api.w.org\/{rel}","templated":true}]}}