{"id":242511,"date":"2024-11-27T12:16:25","date_gmt":"2024-11-27T12:16:25","guid":{"rendered":"https:\/\/www.jibble.io\/quickbooks-timesheets"},"modified":"2025-07-20T16:09:30","modified_gmt":"2025-07-20T15:09:30","slug":"feuilles-de-temps-quickbooks","status":"publish","type":"page","link":"https:\/\/www.jibble.io\/fr\/feuilles-de-temps-quickbooks","title":{"rendered":"100% FREE QuickBooks Timesheets"},"content":{"rendered":"","protected":false},"excerpt":{"rendered":"","protected":false},"author":34,"featured_media":0,"parent":0,"menu_order":0,"comment_status":"closed","ping_status":"closed","template":"template-feature-new-youtube.php","meta":{"_acf_changed":false,"footnotes":""},"class_list":["post-242511","page","type-page","status-publish","hentry"],"acf":[],"yoast_head":"<!-- This site is optimized with the Yoast SEO Premium plugin v26.8 (Yoast SEO v26.8) - https:\/\/yoast.com\/product\/yoast-seo-premium-wordpress\/ -->\n<title>Feuilles de temps QuickBooks 100 % GRATUITES | Jibble<\/title>\n<meta name=\"description\" content=\"Synchronisez gratuitement vos feuilles de temps avec QuickBooks gr\u00e2ce \u00e0 Jibble. Suivi du temps, facturation et paie simplifi\u00e9s.\" \/>\n<meta name=\"robots\" content=\"index, follow, max-snippet:-1, max-image-preview:large, max-video-preview:-1\" \/>\n<link rel=\"canonical\" href=\"https:\/\/www.jibble.io\/fr\/feuilles-de-temps-quickbooks\" \/>\n<meta property=\"og:locale\" content=\"fr_FR\" \/>\n<meta property=\"og:type\" content=\"article\" \/>\n<meta property=\"og:title\" content=\"Feuilles de temps QuickBooks 100 % GRATUITES | Jibble\" \/>\n<meta property=\"og:description\" content=\"Synchronisez gratuitement vos feuilles de temps avec QuickBooks gr\u00e2ce \u00e0 Jibble. Suivi du temps, facturation et paie simplifi\u00e9s.\" \/>\n<meta property=\"og:url\" content=\"https:\/\/www.jibble.io\/fr\/feuilles-de-temps-quickbooks\" \/>\n<meta property=\"og:site_name\" content=\"Jibble\" \/>\n<meta property=\"article:modified_time\" content=\"2025-07-20T15:09:30+00:00\" \/>\n<meta name=\"twitter:card\" content=\"summary_large_image\" \/>\n<meta name=\"twitter:label1\" content=\"Dur\u00e9e de lecture estim\u00e9e\" \/>\n\t<meta name=\"twitter:data1\" content=\"6 minutes\" \/>\n<script type=\"application\/ld+json\" class=\"yoast-schema-graph\">{\"@context\":\"https:\/\/schema.org\",\"@graph\":[{\"@type\":\"WebPage\",\"@id\":\"https:\/\/www.jibble.io\/fr\/feuilles-de-temps-quickbooks\",\"url\":\"https:\/\/www.jibble.io\/fr\/feuilles-de-temps-quickbooks\",\"name\":\"Feuilles de temps QuickBooks 100 % GRATUITES | Jibble\",\"isPartOf\":{\"@id\":\"https:\/\/www.jibble.io\/fr#website\"},\"datePublished\":\"2024-11-27T12:16:25+00:00\",\"dateModified\":\"2025-07-20T15:09:30+00:00\",\"description\":\"Synchronisez gratuitement vos feuilles de temps avec QuickBooks gr\u00e2ce \u00e0 Jibble. Suivi du temps, facturation et paie simplifi\u00e9s.\",\"inLanguage\":\"fr-FR\",\"potentialAction\":[{\"@type\":\"ReadAction\",\"target\":[\"https:\/\/www.jibble.io\/fr\/feuilles-de-temps-quickbooks\"]}]},{\"@type\":\"WebSite\",\"@id\":\"https:\/\/www.jibble.io\/fr#website\",\"url\":\"https:\/\/www.jibble.io\/fr\",\"name\":\"Jibble\",\"description\":\"Meet the new standard in time tracking software\",\"publisher\":{\"@id\":\"https:\/\/www.jibble.io\/fr#organization\"},\"potentialAction\":[{\"@type\":\"SearchAction\",\"target\":{\"@type\":\"EntryPoint\",\"urlTemplate\":\"https:\/\/www.jibble.io\/fr?s={search_term_string}\"},\"query-input\":{\"@type\":\"PropertyValueSpecification\",\"valueRequired\":true,\"valueName\":\"search_term_string\"}}],\"inLanguage\":\"fr-FR\"},{\"@type\":\"Organization\",\"@id\":\"https:\/\/www.jibble.io\/fr#organization\",\"name\":\"Jibble\",\"url\":\"https:\/\/www.jibble.io\/fr\",\"logo\":{\"@type\":\"ImageObject\",\"inLanguage\":\"fr-FR\",\"@id\":\"https:\/\/www.jibble.io\/fr#\/schema\/logo\/image\/\",\"url\":\"https:\/\/www.jibble.io\/wp-content\/uploads\/2022\/05\/Original-copy-923x1024.png\",\"contentUrl\":\"https:\/\/www.jibble.io\/wp-content\/uploads\/2022\/05\/Original-copy-923x1024.png\",\"width\":\"923\",\"height\":\"1024\",\"caption\":\"Jibble\"},\"image\":{\"@id\":\"https:\/\/www.jibble.io\/fr#\/schema\/logo\/image\/\"},\"sameAs\":[\"https:\/\/www.linkedin.com\/company\/jibble\/\"]}]}<\/script>\n<!-- \/ Yoast SEO Premium plugin. -->","yoast_head_json":{"title":"Feuilles de temps QuickBooks 100 % GRATUITES | Jibble","description":"Synchronisez gratuitement vos feuilles de temps avec QuickBooks gr\u00e2ce \u00e0 Jibble. Suivi du temps, facturation et paie simplifi\u00e9s.","robots":{"index":"index","follow":"follow","max-snippet":"max-snippet:-1","max-image-preview":"max-image-preview:large","max-video-preview":"max-video-preview:-1"},"canonical":"https:\/\/www.jibble.io\/fr\/feuilles-de-temps-quickbooks","og_locale":"fr_FR","og_type":"article","og_title":"Feuilles de temps QuickBooks 100 % GRATUITES | Jibble","og_description":"Synchronisez gratuitement vos feuilles de temps avec QuickBooks gr\u00e2ce \u00e0 Jibble. Suivi du temps, facturation et paie simplifi\u00e9s.","og_url":"https:\/\/www.jibble.io\/fr\/feuilles-de-temps-quickbooks","og_site_name":"Jibble","article_modified_time":"2025-07-20T15:09:30+00:00","twitter_card":"summary_large_image","twitter_misc":{"Dur\u00e9e de lecture estim\u00e9e":"6 minutes"},"schema":{"@context":"https:\/\/schema.org","@graph":[{"@type":"WebPage","@id":"https:\/\/www.jibble.io\/fr\/feuilles-de-temps-quickbooks","url":"https:\/\/www.jibble.io\/fr\/feuilles-de-temps-quickbooks","name":"Feuilles de temps QuickBooks 100 % GRATUITES | Jibble","isPartOf":{"@id":"https:\/\/www.jibble.io\/fr#website"},"datePublished":"2024-11-27T12:16:25+00:00","dateModified":"2025-07-20T15:09:30+00:00","description":"Synchronisez gratuitement vos feuilles de temps avec QuickBooks gr\u00e2ce \u00e0 Jibble. Suivi du temps, facturation et paie simplifi\u00e9s.","inLanguage":"fr-FR","potentialAction":[{"@type":"ReadAction","target":["https:\/\/www.jibble.io\/fr\/feuilles-de-temps-quickbooks"]}]},{"@type":"WebSite","@id":"https:\/\/www.jibble.io\/fr#website","url":"https:\/\/www.jibble.io\/fr","name":"Jibble","description":"Meet the new standard in time tracking software","publisher":{"@id":"https:\/\/www.jibble.io\/fr#organization"},"potentialAction":[{"@type":"SearchAction","target":{"@type":"EntryPoint","urlTemplate":"https:\/\/www.jibble.io\/fr?s={search_term_string}"},"query-input":{"@type":"PropertyValueSpecification","valueRequired":true,"valueName":"search_term_string"}}],"inLanguage":"fr-FR"},{"@type":"Organization","@id":"https:\/\/www.jibble.io\/fr#organization","name":"Jibble","url":"https:\/\/www.jibble.io\/fr","logo":{"@type":"ImageObject","inLanguage":"fr-FR","@id":"https:\/\/www.jibble.io\/fr#\/schema\/logo\/image\/","url":"https:\/\/www.jibble.io\/wp-content\/uploads\/2022\/05\/Original-copy-923x1024.png","contentUrl":"https:\/\/www.jibble.io\/wp-content\/uploads\/2022\/05\/Original-copy-923x1024.png","width":"923","height":"1024","caption":"Jibble"},"image":{"@id":"https:\/\/www.jibble.io\/fr#\/schema\/logo\/image\/"},"sameAs":["https:\/\/www.linkedin.com\/company\/jibble\/"]}]}},"_links":{"self":[{"href":"https:\/\/www.jibble.io\/fr\/wp-json\/wp\/v2\/pages\/242511","targetHints":{"allow":["GET"]}}],"collection":[{"href":"https:\/\/www.jibble.io\/fr\/wp-json\/wp\/v2\/pages"}],"about":[{"href":"https:\/\/www.jibble.io\/fr\/wp-json\/wp\/v2\/types\/page"}],"author":[{"embeddable":true,"href":"https:\/\/www.jibble.io\/fr\/wp-json\/wp\/v2\/users\/34"}],"replies":[{"embeddable":true,"href":"https:\/\/www.jibble.io\/fr\/wp-json\/wp\/v2\/comments?post=242511"}],"version-history":[{"count":3,"href":"https:\/\/www.jibble.io\/fr\/wp-json\/wp\/v2\/pages\/242511\/revisions"}],"predecessor-version":[{"id":299935,"href":"https:\/\/www.jibble.io\/fr\/wp-json\/wp\/v2\/pages\/242511\/revisions\/299935"}],"wp:attachment":[{"href":"https:\/\/www.jibble.io\/fr\/wp-json\/wp\/v2\/media?parent=242511"}],"curies":[{"name":"wp","href":"https:\/\/api.w.org\/{rel}","templated":true}]}}