{"id":22472,"date":"2022-09-09T06:35:52","date_gmt":"2022-09-09T05:35:52","guid":{"rendered":"https:\/\/marketing.jibble.io\/basic-time-tracking-questions"},"modified":"2025-07-14T16:14:23","modified_gmt":"2025-07-14T15:14:23","slug":"questions-relatives-au-suivi-du-temps","status":"publish","type":"page","link":"https:\/\/www.jibble.io\/fr\/questions-relatives-au-suivi-du-temps","title":{"rendered":"Time tracking questions"},"content":{"rendered":"<p>1<\/p>\n<p>Avez-vous vraiment besoin de suivre le temps des employ\u00e9s ?<\/p>\n<p>Il n\u2019y a pas de n\u00e9cessit\u00e9 absolue de suivre le temps des employ\u00e9s et, en fait, le suivi du temps des employ\u00e9s peut, dans de nombreux cas, \u00eatre inutile. Le suivi du temps est une solution. Si vous n\u2019avez pas de probl\u00e8me, alors vous n\u2019avez probablement pas besoin de solution.<\/p>\n<p>La premi\u00e8re \u00e9tape consiste donc \u00e0 identifier les probl\u00e8mes que vous rencontrez dans la gestion de vos employ\u00e9s. Si les indicateurs cl\u00e9s de performance sont clairs et respect\u00e9s, alors le suivi du temps peut ne servir \u00e0 rien. Toutefois, la r\u00e9alit\u00e9 est que, dans la plupart des emplois, il n\u2019est pas aussi facile que beaucoup le pensent d\u2019avoir tous les IRC qui englobent tous les aspects d\u2019un r\u00f4le professionnel, puis de fixer des IRC raisonnables.<\/p>\n<p>besoin-de-suivre-le-temps<\/p>\n<p>J&rsquo;ai d\u00e9cid\u00e9 de suivre le temps de mes employ\u00e9s, mais un logiciel de suivi du temps est-il vraiment n\u00e9cessaire ?<\/p>\n<p>Non, il n\u2019est pas du tout n\u00e9cessaire d\u2019utiliser un <a href=\"https:\/\/www.jibble.io\/fr\/logiciel-de-pointage\">logiciel de pointage<\/a>, mais en utiliser un pourrait rendre la vie beaucoup plus facile et ainsi \u00e9conomiser des co\u00fbts et minimiser les erreurs, surtout pour les grandes organisations o\u00f9 la gestion du temps peut devenir un cauchemar.<\/p>\n<p>logiciel-de-gestion-du-temps-necessaire<\/p>\n<p>Pouvez-vous vraiment vous en sortir en utilisant une application gratuite de suivi du temps ?<\/p>\n<p>Oui. Il est vrai que l\u2019option gratuite ne convient pas \u00e0 tout le monde, mais elle constitue une solution tout \u00e0 fait viable. Par exemple, avec Jibble, la grande majorit\u00e9 de nos utilisateurs ne paient jamais un centime.<\/p>\n<p>application-de-suivi-du-temps-gratuite<\/p>\n<p>Quelle est la diff\u00e9rence entre un logiciel de suivi du temps et un logiciel de feuille de temps ?<\/p>\n<p>Il n\u2019y a essentiellement aucune diff\u00e9rence entre les deux.<\/p>\n<p>Le premier implique que le logiciel suit le temps, tandis que le second implique la construction de feuilles de temps, mais \u00e9tant donn\u00e9 que presque tous les logiciels de suivi du temps sortent les donn\u00e9es de suivi du temps dans les feuilles de temps, et que presque tous les logiciels de feuilles de temps obtiennent leurs donn\u00e9es \u00e0 partir du temps suivi, en pratique il n\u2019y a pas de diff\u00e9rence entre les deux.<\/p>\n<p>feuille-de-temps-differentielle<\/p>\n<p>Quelle est la diff\u00e9rence entre un logiciel de suivi du temps et un logiciel de gestion du temps et des pr\u00e9sences ?<\/p>\n<p>Le logiciel de suivi du temps est un terme g\u00e9n\u00e9ral d\u00e9signant un logiciel de suivi du temps, et il peut \u00eatre utilis\u00e9 pour les employ\u00e9s de bureau comme pour les employ\u00e9s sur site. Le logiciel de gestion du temps et des pr\u00e9sences est un sous-ensemble du suivi du temps, et le terme \u201cpr\u00e9sences\u201d implique qu\u2019il est destin\u00e9 aux employ\u00e9s sur site \u2013 vous n\u2019utiliseriez normalement pas un <span style=\"font-weight: 400;\"><a href=\"https:\/\/www.jibble.io\/fr\/logiciel-gestion-temps-et-presences\">logiciel de gestion du temps et des pr\u00e9sences<\/a><\/span>\u00a0pour des employ\u00e9s de bureau.<\/p>\n<p>Voici quelques <a href=\"https:\/\/www.jibble.io\/fr\/question-reponses-sur-le-suivi-temps-et-presences\">questions et r\u00e9ponses sur le temps et la pr\u00e9sence<\/a>.<\/p>\n<p>diff\u00e9rence-suivi-du-temps-et-pr\u00e9sence<\/p>\n<p>Dois-je enregistrer les \u00e9crans des ordinateurs portables de mes employ\u00e9s ?<\/p>\n<p>Ce n\u2019est pas la meilleure id\u00e9e. Vos employ\u00e9s ressentiront un manque de confiance, personne n\u2019aime \u00eatre constamment surveill\u00e9 et vos meilleurs \u00e9l\u00e9ments quitteront donc l\u2019entreprise. Contourner l\u2019enregistrement d\u2019\u00e9cran est en fait assez facile et se concentrer sur le temps d\u2019\u00e9cran enregistr\u00e9 plut\u00f4t que sur la production signifie que le temps d\u2019\u00e9cran devient l\u2019indicateur cl\u00e9 de performance, et non la production. Il est donc beaucoup plus judicieux de suivre les activit\u00e9s, les projets et\/ou les clients au sens large pour plus de transparence et pour assurer une gestion efficace.<\/p>\n<p>enregistrement-d-ecran<\/p>\n<p>Un employeur peut-il exiger d&rsquo;un employ\u00e9 qu&rsquo;il t\u00e9l\u00e9charge une application de suivi du temps sur son mobile personnel ?<\/p>\n<p>D\u2019une mani\u00e8re g\u00e9n\u00e9rale, non, un employeur ne peut pas forcer un employ\u00e9 \u00e0 utiliser une application sur son mobile, sauf si cela est explicitement stipul\u00e9 dans le contrat. Cependant, dans la plupart des cas, l\u2019employeur et l\u2019employ\u00e9 doivent faire des concessions pour avoir une bonne relation de travail, et le fait qu\u2019un employ\u00e9 r\u00e9ponde \u00e0 son t\u00e9l\u00e9phone portable ou l\u2019utilise pour suivre son temps si on le lui demande est normalement consid\u00e9r\u00e9 comme raisonnable.<\/p>\n<p>portable-personnel<\/p>\n<p>Le suivi du temps des employ\u00e9s n&rsquo;\u00e9rode-t-il pas la confiance au sein des \u00e9quipes ?<\/p>\n<p>Oui, si cela devient un micro suivi du temps, et non si ses avantages sont bien communiqu\u00e9s, et cette communication signifie faire comprendre aux employ\u00e9s comment il aide \u00e0 la fois l\u2019employ\u00e9 et l\u2019employeur.<\/p>\n<p>confiance-affaiblie<\/p>\n<p>Le suivi du temps \u00e9quivaut-il \u00e0 l&rsquo;espionnage des employ\u00e9s ?<\/p>\n<p>Si vous enregistrez l\u2019\u00e9cran de vos employ\u00e9s sans m\u00eame leur dire, oui, cela ressemble beaucoup \u00e0 de l\u2019espionnage. Mais les logiciels de suivi des temps sont rarement utilis\u00e9s de cette mani\u00e8re, et un suivi des temps bien fait ne devrait m\u00eame pas comporter un \u00e9l\u00e9ment d\u2019espionnage.<\/p>\n<p>applications-de-suivi-du-temps-gratuites-gagnent-de-l&rsquo;argent<\/p>\n<p>Comment les applications de suivi du temps 100% GRATUIT gagnent-elles de l&rsquo;argent ?<\/p>\n<p><span style=\"font-weight: 400;\">Il n\u2019existe pas beaucoup d\u2019applications de feuille de temps gratuites, mais toutes les <\/span><a href=\"https:\/\/www.jibble.io\/fr\/application-feuille-de-temps\">applications de feuille de temps<\/a>\u00a0gagnent de l\u2019argent en facturant des mises \u00e0 niveau optionnelles.<\/p>\n<p>applications-gratuites-de-suivi-du-temps-gagner-de-l-argent<\/p>\n<p>Comment expliquer \u00e0 mon personnel que nous allons commencer \u00e0 suivre leur temps ?<\/p>\n<p>La communication est vraiment importante, ainsi que la d\u00e9finition des attentes. Pour le personnel pay\u00e9 \u00e0 l\u2019heure, vous devez expliquer que le suivi du temps sert autant \u00e0 les prot\u00e9ger qu\u2019\u00e0 prot\u00e9ger l\u2019entreprise. Le suivi du temps signifie que les employ\u00e9s sont pay\u00e9s \u00e9quitablement, et que les employeurs paient \u00e9quitablement. Pour le personnel \u00e0 salaire fixe, vous devez expliquer la n\u00e9cessit\u00e9 de rendre des comptes. Les managers qui ne savent pas sur quoi travaille leur personnel ne vont g\u00e9n\u00e9ralement pas tr\u00e8s loin.<\/p>\n<p>expliquer-au-personnel<\/p>\n<p>Vos employ\u00e9s de bureau doivent-ils suivre le temps ?<\/p>\n<p>En g\u00e9n\u00e9ral, il n\u2019est pas vraiment utile de suivre les pr\u00e9sences de vos employ\u00e9s de bureau, c\u2019est-\u00e0-dire de suivre le nombre d\u2019heures qu\u2019ils ont pass\u00e9es \u00e0 leur bureau, car cela ne sert pas \u00e0 grand-chose. En revanche, ce qui vaut souvent la peine d\u2019\u00eatre suivi, c\u2019est la destination de ces heures, c\u2019est-\u00e0-dire les activit\u00e9s, les projets et\/ou les clients. Sans cette responsabilisation de base, il est presque impossible de g\u00e9rer efficacement la plupart des employ\u00e9s de bureau.<\/p>\n<p>suivi-du-temps-des-employes-bases-au-bureau<\/p>\n<p>Toutes les solutions logicielles de suivi du temps ne sont-elles pas essentiellement les m\u00eames ?<\/p>\n<p>La plupart tentent en effet de r\u00e9soudre le m\u00eame probl\u00e8me, \u00e0 savoir le suivi du temps des employ\u00e9s. Cependant, chacune d\u2019entre elles a son propre if, ses diff\u00e9rentes int\u00e9grations logicielles, ses points forts, son prix et, peut-\u00eatre plus important encore, ses diff\u00e9rents niveaux d\u2019ex\u00e9cution \u2013 une application de suivi du temps qui rend difficile le suivi effectif du temps par les employ\u00e9s va finalement causer beaucoup plus de probl\u00e8mes qu\u2019elle n\u2019en r\u00e9sout.<\/p>\n<p>tous-les-suivis-de-temps-sont-ils-les-memes<\/p>\n<p>Quels sont les 5 \u00e9l\u00e9ments cl\u00e9s \u00e0 rechercher dans une solution de suivi du temps ?<\/p>\n<ol>\n<li>Tirez parti de l\u2019exp\u00e9rience des utilisateurs existants, alors regardez les commentaires.<\/li>\n<li>S\u2019il s\u2019int\u00e8gre aux applications que vous utilisez d\u00e9j\u00e0, il vous fera gagner beaucoup de temps pour synchroniser les employ\u00e9s et les donn\u00e9es.<\/li>\n<li>S\u2019il vous est difficile d\u2019obtenir un essai gratuit, en fait si l\u2019on ne vous propose pas d\u2019essai gratuit, vous devriez tirer la sonnette d\u2019alarme. Si c\u2019est un excellent logiciel, ils voudront que vous l\u2019essayiez.<\/li>\n<li>Contactez le service client\u00e8le \u00e0 plusieurs reprises pour le tester. Lorsque vous \u00eates en difficult\u00e9, un excellent support client vous sauvera la vie, ne le sous-estimez pas.<\/li>\n<li>Choisissez une application qui ne fait rien d\u2019autre que le suivi du temps, son orientation signifie qu\u2019elle fera probablement un bien meilleur travail que les solutions RH g\u00e9n\u00e9rales.<\/li>\n<\/ol>\n<p>elements-cles-suivi-du-temps<\/p>\n<p>Le suivi du temps de vos employ\u00e9s n&rsquo;est-il pas ill\u00e9gal ?<\/p>\n<p>Le suivi du temps des employ\u00e9s n\u2019est pas ill\u00e9gal dans aucune juridiction du monde. En fait, dans de nombreux pays d\u00e9velopp\u00e9s, voire dans la plupart d\u2019entre eux, le suivi du temps est devenu une obligation l\u00e9gale, d\u2019une mani\u00e8re ou d\u2019une autre, afin de prot\u00e9ger les employ\u00e9s contre le surmenage et de s\u2019assurer qu\u2019ils sont pay\u00e9s pour les heures suppl\u00e9mentaires dues, mais le manque de sensibilisation signifie que ces lois sont rarement appliqu\u00e9es.<\/p>\n<p>suivi-du-temps-ill\u00e9gal<\/p>\n<p>Le suivi du temps n&rsquo;est-il pas une forme de microgestion ?<\/p>\n<p>C\u2019est possible, mais ce n\u2019est pas une obligation. Si vous suivez les pr\u00e9sences, c\u2019est n\u00e9cessaire pour vous assurer que les employ\u00e9s sont \u00e0 l\u2019heure ou pour que le paiement des salaires soit correct. Si vous suivez le temps des employ\u00e9s de bureau, l\u2019enregistrement des \u00e9crans frise la microgestion. L\u2019enregistrement des activit\u00e9s au sens large consiste simplement \u00e0 savoir o\u00f9 sont d\u00e9ploy\u00e9es vos ressources humaines et est g\u00e9n\u00e9ralement essentiel pour la gestion.<\/p>\n<p>microgestion<\/p>\n<p>Quel logiciel de suivi du temps Tesla utilise-t-il ?<\/p>\n<p>Depuis 2022, Tesla utilise Jibble pour suivre le temps des employ\u00e9s.<\/p>\n<p>suivi-du-temps-tesla<\/p>\n<p>Le suivi du temps n&rsquo;est-il pas si vieux jeu ?<\/p>\n<p>Micromanipuler les employ\u00e9s au point d\u2019enregistrer leurs \u00e9crans n\u2019est pas de la vieille \u00e9cole car il s\u2019agit d\u2019une innovation relativement r\u00e9cente, mais le concept de conna\u00eetre exactement tous les d\u00e9tails de ce que font vos employ\u00e9s est effectivement de la vieille \u00e9cole. Cela ne passe plus de nos jours. Cependant, l\u2019utilisation d\u2019une <a href=\"https:\/\/www.jibble.io\/fr\/logiciel-de-gestion-des-presences\">application de pr\u00e9sence des employ\u00e9s<\/a> ou d\u2019un logiciel de suivi du temps pour comprendre globalement o\u00f9 vont les heures de vos employ\u00e9s est une partie essentielle d\u2019une gestion efficace.<\/p>\n<p>vieux-jeu<\/p>\n<p>Comment un logiciel de suivi du temps peut-il devenir une exp\u00e9rience positive pour les employ\u00e9s ?<\/p>\n<p><span style=\"font-weight: 400;\">Les employeurs devraient convaincre leurs employ\u00e9s de l\u2019importance d\u2019utiliser un <\/span><a href=\"https:\/\/www.jibble.io\/fr\/suivi-des-heures-de-travail\">logiciel de suivi des heures de travail<\/a>. Ce n\u2019est pas pour les microg\u00e9rer ou les espionner, mais pour garantir une r\u00e9partition ad\u00e9quate de la charge de travail et pour identifier et pr\u00e9venir les cas graves d\u2019\u00e9puisement professionnel. Par exemple, les managers seraient en mesure de remarquer que leur employ\u00e9 a du mal \u00e0 accomplir des t\u00e2ches ou qu\u2019il passe plus de temps mais sans faire de progr\u00e8s, alors ils pourraient vouloir avoir une discussion avec lui ou lui offrir un peu de temps libre pour r\u00e9cup\u00e9rer.<\/p>\n<p>&nbsp;<\/p>\n<p>experience-positive<\/p>\n<p>Pourquoi Google ne construit-il pas un logiciel de suivi du temps des employ\u00e9s et ne prend-il pas le march\u00e9 ?<\/p>\n<p>Le suivi du temps est en effet une grosse affaire. Nous estimons que la valeur actuelle de toutes les entreprises de logiciels de suivi du temps est de l\u2019ordre de 100 milliards de dollars. Cela vaudrait vraiment la peine pour Google Alphabet de s\u2019emparer d\u2019un tiers de cette somme.<\/p>\n<p>Mais le suivi du temps ne fait pas partie de l\u2019 if de Google, il ne s\u2019int\u00e9grerait pas bien dans son offre de produits actuelle, et le suivi du temps est en fait un espace tr\u00e8s large qui est mieux servi par des acteurs de niche ciblant divers segments. Google ne peut pas tout faire, et donc, en fin de compte, il serait tr\u00e8s difficile pour Google de gagner ce tiers de part de march\u00e9 ou m\u00eame de s\u2019en approcher, et ils ont ce qu\u2019ils consid\u00e8rent comme des choses plus int\u00e9ressantes sur lesquelles se concentrer.<\/p>\n<p>suivi-du-temps-google<\/p>\n<p>Qu&rsquo;est-ce que le PTO ?<\/p>\n<p>PTO est l\u2019abr\u00e9viation de \u201cPaid Time Off\u201d temps libre r\u00e9mun\u00e9r\u00e9 , la plupart des pays en dehors des \u00c9tats-Unis l\u2019appellent \u201ccong\u00e9\u201d. Et donc un <a href=\"https:\/\/www.jibble.io\/fr\/logiciel-de-gestion-des-conges-payes\"> logiciel de suivi des PTO<\/a>\u00a0est la m\u00eame chose qu\u2019un logiciel de suivi des cong\u00e9s.<\/p>\n<p>Qu-est-ce-que-le-PTO<\/p>\n<p>Existe-t-il vraiment un logiciel de suivi du temps 100% gratuit ?<\/p>\n<p>Oui, il existe, et il s\u2019appelle Jibble. Jibble est 100% GRATUIT pour la grande majorit\u00e9 des entreprises qui l\u2019utilisent, elles ne paient jamais un centime, n\u2019ont jamais besoin de saisir les d\u00e9tails d\u2019une carte de cr\u00e9dit, et peuvent annuler \u00e0 tout moment.<\/p>\n<p>existe-t-il-vraiment-un-logiciel-de-suivi-du-temps-gratuit<\/p>\n<p>Le logiciel de suivi du temps est-il la solution de suivi du temps la plus simple ?<\/p>\n<p>Pas n\u00e9cessairement, pour les petites \u00e9quipes ayant des besoins tr\u00e8s basiques, un <a href=\"https:\/\/www.jibble.io\/work-hours-and-timecard-calculator\">calculateur d\u2019heures de travail<\/a>\u00a0est peut-\u00eatre tout ce dont vous avez besoin.<\/p>\n<p>Vous suivez vos propres heures et utilisez la calculatrice pour calculer le nombre total d\u2019heures de travail. Il n\u2019est m\u00eame pas n\u00e9cessaire de cr\u00e9er un compte.<\/p>\n<p>Vous pourriez imprimer des <a href=\"https:\/\/www.jibble.io\/fr\/modele-de-feuille-de-temps\">mod\u00e8les de feuilles de temps<\/a>\u00a0o\u00f9 les heures seraient enregistr\u00e9es.<\/p>\n<p>solution-de-suivi-du-temps-la-plus-simple<\/p>\n","protected":false},"excerpt":{"rendered":"<p>1 Avez-vous vraiment besoin de suivre le temps des employ\u00e9s ? Il n\u2019y a pas de n\u00e9cessit\u00e9 absolue de suivre le temps des employ\u00e9s et, en fait, le suivi du temps des employ\u00e9s peut, dans de nombreux cas, \u00eatre inutile. Le suivi du temps est une solution. Si vous n\u2019avez pas de probl\u00e8me, alors vous [&hellip;]<\/p>\n","protected":false},"author":6,"featured_media":0,"parent":0,"menu_order":0,"comment_status":"closed","ping_status":"closed","template":"page-blank.php","meta":{"_acf_changed":false,"footnotes":""},"class_list":["post-22472","page","type-page","status-publish","hentry"],"acf":[],"yoast_head":"<!-- This site is optimized with the Yoast SEO Premium plugin v26.8 (Yoast SEO v26.8) - https:\/\/yoast.com\/product\/yoast-seo-premium-wordpress\/ -->\n<title>Questions\/R\u00e9ponses sur le suivi du temps<\/title>\n<meta name=\"description\" content=\"Nous r\u00e9pondons \u00e0 des questions telles que la diff\u00e9rence entre &quot;logiciel de suivi du temps&quot; et &quot;logiciel de feuille de temps&quot; ?\" \/>\n<meta name=\"robots\" content=\"index, follow, max-snippet:-1, max-image-preview:large, max-video-preview:-1\" \/>\n<link rel=\"canonical\" href=\"https:\/\/www.jibble.io\/fr\/questions-relatives-au-suivi-du-temps\" \/>\n<meta property=\"og:locale\" content=\"fr_FR\" \/>\n<meta property=\"og:type\" content=\"article\" \/>\n<meta property=\"og:title\" content=\"Questions\/R\u00e9ponses sur le suivi du temps\" \/>\n<meta property=\"og:description\" content=\"Nous r\u00e9pondons \u00e0 des questions telles que la diff\u00e9rence entre &quot;logiciel de suivi du temps&quot; et &quot;logiciel de feuille de temps&quot; ?\" \/>\n<meta property=\"og:url\" content=\"https:\/\/www.jibble.io\/fr\/questions-relatives-au-suivi-du-temps\" \/>\n<meta property=\"og:site_name\" content=\"Jibble\" \/>\n<meta property=\"article:modified_time\" content=\"2025-07-14T15:14:23+00:00\" \/>\n<meta name=\"twitter:card\" content=\"summary_large_image\" \/>\n<meta name=\"twitter:label1\" content=\"Dur\u00e9e de lecture estim\u00e9e\" \/>\n\t<meta name=\"twitter:data1\" content=\"19 minutes\" \/>\n<script type=\"application\/ld+json\" class=\"yoast-schema-graph\">{\"@context\":\"https:\/\/schema.org\",\"@graph\":[{\"@type\":\"WebPage\",\"@id\":\"https:\/\/www.jibble.io\/fr\/questions-relatives-au-suivi-du-temps\",\"url\":\"https:\/\/www.jibble.io\/fr\/questions-relatives-au-suivi-du-temps\",\"name\":\"Questions\/R\u00e9ponses sur le suivi du temps\",\"isPartOf\":{\"@id\":\"https:\/\/www.jibble.io\/fr#website\"},\"datePublished\":\"2022-09-09T05:35:52+00:00\",\"dateModified\":\"2025-07-14T15:14:23+00:00\",\"description\":\"Nous r\u00e9pondons \u00e0 des questions telles que la diff\u00e9rence entre \\\"logiciel de suivi du temps\\\" et \\\"logiciel de feuille de temps\\\" ?\",\"inLanguage\":\"fr-FR\",\"potentialAction\":[{\"@type\":\"ReadAction\",\"target\":[\"https:\/\/www.jibble.io\/fr\/questions-relatives-au-suivi-du-temps\"]}]},{\"@type\":\"WebSite\",\"@id\":\"https:\/\/www.jibble.io\/fr#website\",\"url\":\"https:\/\/www.jibble.io\/fr\",\"name\":\"Jibble\",\"description\":\"Meet the new standard in time tracking software\",\"publisher\":{\"@id\":\"https:\/\/www.jibble.io\/fr#organization\"},\"potentialAction\":[{\"@type\":\"SearchAction\",\"target\":{\"@type\":\"EntryPoint\",\"urlTemplate\":\"https:\/\/www.jibble.io\/fr?s={search_term_string}\"},\"query-input\":{\"@type\":\"PropertyValueSpecification\",\"valueRequired\":true,\"valueName\":\"search_term_string\"}}],\"inLanguage\":\"fr-FR\"},{\"@type\":\"Organization\",\"@id\":\"https:\/\/www.jibble.io\/fr#organization\",\"name\":\"Jibble\",\"url\":\"https:\/\/www.jibble.io\/fr\",\"logo\":{\"@type\":\"ImageObject\",\"inLanguage\":\"fr-FR\",\"@id\":\"https:\/\/www.jibble.io\/fr#\/schema\/logo\/image\/\",\"url\":\"https:\/\/www.jibble.io\/wp-content\/uploads\/2022\/05\/Original-copy-923x1024.png\",\"contentUrl\":\"https:\/\/www.jibble.io\/wp-content\/uploads\/2022\/05\/Original-copy-923x1024.png\",\"width\":\"923\",\"height\":\"1024\",\"caption\":\"Jibble\"},\"image\":{\"@id\":\"https:\/\/www.jibble.io\/fr#\/schema\/logo\/image\/\"},\"sameAs\":[\"https:\/\/www.linkedin.com\/company\/jibble\/\"]}]}<\/script>\n<!-- \/ Yoast SEO Premium plugin. -->","yoast_head_json":{"title":"Questions\/R\u00e9ponses sur le suivi du temps","description":"Nous r\u00e9pondons \u00e0 des questions telles que la diff\u00e9rence entre \"logiciel de suivi du temps\" et \"logiciel de feuille de temps\" ?","robots":{"index":"index","follow":"follow","max-snippet":"max-snippet:-1","max-image-preview":"max-image-preview:large","max-video-preview":"max-video-preview:-1"},"canonical":"https:\/\/www.jibble.io\/fr\/questions-relatives-au-suivi-du-temps","og_locale":"fr_FR","og_type":"article","og_title":"Questions\/R\u00e9ponses sur le suivi du temps","og_description":"Nous r\u00e9pondons \u00e0 des questions telles que la diff\u00e9rence entre \"logiciel de suivi du temps\" et \"logiciel de feuille de temps\" ?","og_url":"https:\/\/www.jibble.io\/fr\/questions-relatives-au-suivi-du-temps","og_site_name":"Jibble","article_modified_time":"2025-07-14T15:14:23+00:00","twitter_card":"summary_large_image","twitter_misc":{"Dur\u00e9e de lecture estim\u00e9e":"19 minutes"},"schema":{"@context":"https:\/\/schema.org","@graph":[{"@type":"WebPage","@id":"https:\/\/www.jibble.io\/fr\/questions-relatives-au-suivi-du-temps","url":"https:\/\/www.jibble.io\/fr\/questions-relatives-au-suivi-du-temps","name":"Questions\/R\u00e9ponses sur le suivi du temps","isPartOf":{"@id":"https:\/\/www.jibble.io\/fr#website"},"datePublished":"2022-09-09T05:35:52+00:00","dateModified":"2025-07-14T15:14:23+00:00","description":"Nous r\u00e9pondons \u00e0 des questions telles que la diff\u00e9rence entre \"logiciel de suivi du temps\" et \"logiciel de feuille de temps\" ?","inLanguage":"fr-FR","potentialAction":[{"@type":"ReadAction","target":["https:\/\/www.jibble.io\/fr\/questions-relatives-au-suivi-du-temps"]}]},{"@type":"WebSite","@id":"https:\/\/www.jibble.io\/fr#website","url":"https:\/\/www.jibble.io\/fr","name":"Jibble","description":"Meet the new standard in time tracking software","publisher":{"@id":"https:\/\/www.jibble.io\/fr#organization"},"potentialAction":[{"@type":"SearchAction","target":{"@type":"EntryPoint","urlTemplate":"https:\/\/www.jibble.io\/fr?s={search_term_string}"},"query-input":{"@type":"PropertyValueSpecification","valueRequired":true,"valueName":"search_term_string"}}],"inLanguage":"fr-FR"},{"@type":"Organization","@id":"https:\/\/www.jibble.io\/fr#organization","name":"Jibble","url":"https:\/\/www.jibble.io\/fr","logo":{"@type":"ImageObject","inLanguage":"fr-FR","@id":"https:\/\/www.jibble.io\/fr#\/schema\/logo\/image\/","url":"https:\/\/www.jibble.io\/wp-content\/uploads\/2022\/05\/Original-copy-923x1024.png","contentUrl":"https:\/\/www.jibble.io\/wp-content\/uploads\/2022\/05\/Original-copy-923x1024.png","width":"923","height":"1024","caption":"Jibble"},"image":{"@id":"https:\/\/www.jibble.io\/fr#\/schema\/logo\/image\/"},"sameAs":["https:\/\/www.linkedin.com\/company\/jibble\/"]}]}},"_links":{"self":[{"href":"https:\/\/www.jibble.io\/fr\/wp-json\/wp\/v2\/pages\/22472","targetHints":{"allow":["GET"]}}],"collection":[{"href":"https:\/\/www.jibble.io\/fr\/wp-json\/wp\/v2\/pages"}],"about":[{"href":"https:\/\/www.jibble.io\/fr\/wp-json\/wp\/v2\/types\/page"}],"author":[{"embeddable":true,"href":"https:\/\/www.jibble.io\/fr\/wp-json\/wp\/v2\/users\/6"}],"replies":[{"embeddable":true,"href":"https:\/\/www.jibble.io\/fr\/wp-json\/wp\/v2\/comments?post=22472"}],"version-history":[{"count":3,"href":"https:\/\/www.jibble.io\/fr\/wp-json\/wp\/v2\/pages\/22472\/revisions"}],"predecessor-version":[{"id":297159,"href":"https:\/\/www.jibble.io\/fr\/wp-json\/wp\/v2\/pages\/22472\/revisions\/297159"}],"wp:attachment":[{"href":"https:\/\/www.jibble.io\/fr\/wp-json\/wp\/v2\/media?parent=22472"}],"curies":[{"name":"wp","href":"https:\/\/api.w.org\/{rel}","templated":true}]}}