{"id":22468,"date":"2022-11-11T01:44:41","date_gmt":"2022-11-11T01:44:41","guid":{"rendered":"https:\/\/marketing.jibble.io\/time-and-attendance-questions"},"modified":"2025-09-26T16:26:46","modified_gmt":"2025-09-26T15:26:46","slug":"question-reponses-sur-le-suivi-temps-et-presences","status":"publish","type":"page","link":"https:\/\/www.jibble.io\/fr\/question-reponses-sur-le-suivi-temps-et-presences","title":{"rendered":"Time and attendance questions"},"content":{"rendered":"<p>1<\/p>\n<p>Est-il vraiment n\u00e9cessaire de suivre le temps des employ\u00e9s ?<\/p>\n<p>Non. Le suivi du temps des employ\u00e9s a du sens dans certaines situations et organisations et pas dans d\u2019autres situations ou organisations.<\/p>\n<p>En fait, chez Jibble, nous suivons le temps et l\u2019activit\u00e9 de certaines \u00e9quipes \u2013 par exemple celles qui sont pay\u00e9es \u00e0 l\u2019heure \u2013 et nous ne le faisons pas pour d\u2019autres \u00e9quipes. En fait, pour la plupart de nos employ\u00e9s, la principale chose que nous suivons est leur performance et leur rendement.<\/p>\n<p>La cl\u00e9 ici est d\u2019identifier pourquoi vous devez suivre le temps et ensuite comment s\u2019y prendre.<\/p>\n<p>est-il-n\u00e9cessaire-de-suivre-temps-de-travail-des-employ\u00e9s<\/p>\n<p>Et qu&rsquo;en est-il de la pr\u00e9sence ?<\/p>\n<p>En g\u00e9n\u00e9ral, pour le personnel qui doit \u00eatre sur place, comme dans un restaurant, un h\u00f4pital, un chantier de construction, etc\u2026 il peut \u00eatre tr\u00e8s utile de suivre les pr\u00e9sences car si le personnel n\u2019est pas l\u00e0, il ne peut pas faire son travail.<\/p>\n<p>n\u00e9cessaire-pour-le-suivi-de-la-pr\u00e9sence<\/p>\n<p>Quels sont les principaux types de syst\u00e8mes de gestion du temps et des pr\u00e9sences disponibles ?<\/p>\n<p>Voici quelques syst\u00e8mes de gestion du temps et des pr\u00e9sences :<\/p>\n<ul>\n<li>Pas de contr\u00f4le, on se contente de compter sur une pr\u00e9sence physique.\n<ul>\n<li>Cela fonctionne bien pour les tr\u00e8s petites \u00e9quipes.<\/li>\n<\/ul>\n<\/li>\n<li>Stylo et papier\n<ul>\n<li>L\u00e0 encore, cela peut bien fonctionner pour les petites \u00e9quipes o\u00f9 le temps doit \u00eatre enregistr\u00e9. Bien s\u00fbr, il est ouvert aux abus.<\/li>\n<\/ul>\n<\/li>\n<li>Horloges pointeuses sur base de fiches\n<ul>\n<li>Syst\u00e9matis\u00e9 mais ouvert aux abus, il faut du temps pour obtenir les donn\u00e9es des fiches, les fiches ne sont pas sauvegard\u00e9es, et tout cela est sujet \u00e0 des erreurs. Encore une fois, cela pourrait bien fonctionner pour les petites organisations o\u00f9 la visibilit\u00e9 de l\u2019\u00e9quipe est \u00e9lev\u00e9e.<\/li>\n<\/ul>\n<\/li>\n<li>Horloges pointeuses \u00e9lectroniques non bas\u00e9es sur le cloud\n<ul>\n<li>G\u00e9n\u00e9ralement co\u00fbteuses \u00e0 mettre en place, elles deviennent rapidement obsol\u00e8tes, les donn\u00e9es ne sont pas disponibles en temps r\u00e9el, et les donn\u00e9es ne sont pas sauvegard\u00e9es.<\/li>\n<\/ul>\n<\/li>\n<li>Un logiciel de gestion du temps et des pr\u00e9sences bas\u00e9 sur le cloud.\n<ul>\n<li>Oui, nous le vendons, mais c\u2019est la voie \u00e0 suivre car il r\u00e9sout tous les probl\u00e8mes des autres syst\u00e8mes \u2013 c\u2019est pourquoi ils sont devenus si populaires.<\/li>\n<\/ul>\n<\/li>\n<\/ul>\n<p>types-de-syst\u00e8mes-de-temps-et-de-pr\u00e9sence<\/p>\n<p>Un syst\u00e8me de gestion du temps et des pr\u00e9sences bas\u00e9 sur le cloud produit-il des feuilles de temps ?<\/p>\n<p>Oui, la plupart des syst\u00e8mes de gestion du temps et des pr\u00e9sences produisent \u00e9galement des feuilles de temps, et la plupart les fournissent dans de nombreux formats diff\u00e9rents.<\/p>\n<p>un-syst\u00e8me-de-gestion-des-temps-de-pr\u00e9sence-produit-des-feuilles-de-temps<\/p>\n<p>La pr\u00e9sence est-elle seulement adapt\u00e9e \u00e0 la gestion du temps des employ\u00e9s ?<\/p>\n<p>Non. En dehors de la gestion du temps des employ\u00e9s, l\u2019assiduit\u00e9 peut \u00eatre utilis\u00e9e pour le suivi de l\u2019absent\u00e9isme ou des scores de pr\u00e9sence dans diff\u00e9rents \u00e9v\u00e9nements et services. C\u2019est pourquoi nous avons \u00e9galement fait en sorte que Jibble fonctionne parfaitement pour suivre la<span style=\"font-weight: 400;\"> <a href=\"https:\/\/www.jibble.io\/fr\/logiciel-de-suivi-des-presences-des-etudiants-et-des-enseignants\">pr\u00e9sence des \u00e9tudiants<\/a> et <a href=\"https:\/\/www.jibble.io\/fr\/?page_id=22385\">la pr\u00e9sence dans les \u00e9glises<\/a>.<\/span><\/p>\n<p>gestion-de-la-pr\u00e9sence-et-du-temps-de-travail<\/p>\n<p>Quelle est la diff\u00e9rence entre un logiciel de suivi du temps et un logiciel de gestion du temps et des pr\u00e9sences ?<\/p>\n<p><span style=\"font-weight: 400;\">Le <a href=\"https:\/\/www.jibble.io\/fr\">logiciel de suivi du temps<\/a><\/span>\u00a0est un terme g\u00e9n\u00e9rique pour un logiciel qui fait exactement ce qu\u2019il dit, \u00e0 savoir suivre le temps.<\/p>\n<p>L\u2019\u00e9l\u00e9ment cl\u00e9 est qu\u2019il peut \u00eatre utilis\u00e9 aussi bien pour les employ\u00e9s de bureau que pour les employ\u00e9s sur site.<\/p>\n<p>La gestion du temps et des pr\u00e9sences est un sous-ensemble du suivi du temps, et le terme \u201cpr\u00e9sence\u201d implique qu\u2019il s\u2019agit d\u2019un logiciel destin\u00e9 aux employ\u00e9s sur site.<\/p>\n<p>diff\u00e9rence-entre-logiciel-suivi-du-temps-et-logiciel-suivi-des-pr\u00e9sences<\/p>\n<p>Qu&rsquo;est-ce que le pointage entre coll\u00e8gues?<\/p>\n<p>Le pointage entre coll\u00e8gues est le fait pour un employ\u00e9 de demander \u00e0 un autre de pointer \u00e0 sa place. Non seulement il s\u2019agit d\u2019une fraude, mais c\u2019est \u00e9galement d\u00e9motivant pour ceux qui y assistent, car leurs coll\u00e8gues sont pay\u00e9s sans travailler.<\/p>\n<p>pointage-par-coll\u00e8gue<\/p>\n<p>Comment savez-vous que l&#8217;employ\u00e9 qui a point\u00e9 \u00e9tait r\u00e9ellement l\u00e0 ?<\/p>\n<p>C\u2019est pourquoi vous avez la <a href=\"https:\/\/www.jibble.io\/fr\/systeme-de-reconnaissance-des-visages-et-des-presences\">pr\u00e9sence biom\u00e9trique<\/a>, qui est une autre fa\u00e7on de dire que la pr\u00e9sence utilise des donn\u00e9es biologiques telles que l\u2019empreinte digitale, la reconnaissance faciale ou la voix que nous n\u2019avons pas encore vue . Ajoutez \u00e0 cela que le syst\u00e8me de pr\u00e9sence se trouve dans un lieu fixe ou qu\u2019il utilise le GPS d\u2019un t\u00e9l\u00e9phone ou d\u2019une tablette, et vous avez maintenant \u00e0 la fois la bonne personne et le lieu \u00e0 l\u2019heure donn\u00e9e qui sont enregistr\u00e9s.<\/p>\n<p>Certains syst\u00e8mes utilisent une <a href=\"https:\/\/www.jibble.io\/rfid-nfc-attendance-system\">fiche de pr\u00e9sence RFID<\/a> ou des <a href=\"https:\/\/www.jibble.io\/fr\/systeme-presence-nfc\">cartes NFC<\/a>, mais bien s\u00fbr, les cartes sont sujettes au pointage par coll\u00e8gue. Cette m\u00e9thode peut \u00eatre efficace dans un e zone \u00e0 haute visibilit\u00e9, telle qu\u2019une zone avec CCTV. D\u2019autres logiciels utilisent des t\u00e9l\u00e9phones au lieu de fiches et, bien que les t\u00e9l\u00e9phones puissent \u00eatre donn\u00e9s aux coll\u00e8gues, beaucoup seront r\u00e9ticents \u00e0 le faire car cela signifie qu\u2019ils ne peuvent pas utiliser leur t\u00e9l\u00e9phone. Jibble prend en charge cette fonction avec le \u201cverrouillage de l\u2019appareil\u201d, ce qui signifie que seul le t\u00e9l\u00e9phone de la personne concern\u00e9e peut \u00eatre utilis\u00e9 pour pointer ses entr\u00e9es et sorties.<\/p>\n<p>pr\u00e9sence-biom\u00e9trique<\/p>\n<p>Un employeur peut-il exiger d&rsquo;un employ\u00e9 qu&rsquo;il t\u00e9l\u00e9charge une application de suivi du temps sur son mobile personnel ?<\/p>\n<p>Un employeur ne peut pas forcer un employ\u00e9 \u00e0 utiliser une application sur son mobile, sauf si cela est explicitement stipul\u00e9 dans le contrat.<\/p>\n<p>Mais la r\u00e9alit\u00e9 est qu\u2019un employeur et un employ\u00e9 devraient avoir un certain niveau de compr\u00e9hension pour maintenir une bonne relation de travail, et donc un employ\u00e9 r\u00e9pondant \u00e0 son mobile ou l\u2019utilisant pour suivre le temps si on le lui demande serait normalement consid\u00e9r\u00e9 comme raisonnable.<\/p>\n<p>employeur-oblige-l&rsquo;utilisation-du-portable-personnel<\/p>\n<p>Comment les applications 100% GRATUITES de gestion des temps et des pr\u00e9sences gagnent-elles de l&rsquo;argent ?<\/p>\n<p>Il n\u2019y a pas beaucoup d\u2019applications gratuites, mais celles qui le sont gagnent de l\u2019argent en faisant payer les mises \u00e0 jour optionnelles.<\/p>\n<p>temps-libre-pr\u00e9sence-argent<\/p>\n<p>Comment expliquer \u00e0 mon personnel que nous allons commencer \u00e0 contr\u00f4ler leur temps ?<\/p>\n<p>La communication est vraiment importante, ainsi que la d\u00e9finition des attentes. Le suivi des pr\u00e9sences signifie que les employ\u00e9s sont pay\u00e9s \u00e9quitablement, et que les employeurs paient \u00e9quitablement, et c\u2019est un message cl\u00e9 \u00e0 faire passer.<\/p>\n<p>communication-personnel<\/p>\n<p>Toutes les solutions de gestion du temps et des pr\u00e9sences ne sont-elles pas essentiellement les m\u00eames ?<\/p>\n<p>La plupart d\u2019entre eux tentent en effet de r\u00e9soudre le m\u00eame probl\u00e8me, \u00e0 savoir le suivi du temps et des pr\u00e9sences. Cependant, chacun a ses propres forces, son prix, ses m\u00e9thodes de pointage et, peut-\u00eatre le plus important, chacun a des niveaux d\u2019ex\u00e9cution diff\u00e9rents \u2013 un logiciel de suivi du temps et de la pr\u00e9sence qui rend difficile le pointage effectif des employ\u00e9s va finalement causer beaucoup plus de probl\u00e8mes qu\u2019il n\u2019en r\u00e9sout.<\/p>\n<p>De plus, il est bon de garder \u00e0 l\u2019esprit que lorsque vous optez pour un <a href=\"https:\/\/www.jibble.io\/fr\/logiciel-de-gestion-des-presences\">logiciel de suivi de la pr\u00e9sence<\/a>, vous n\u2019achetez pas le produit mais vous investissez dans celui-ci, car le produit changera avec le temps et il est difficile de changer de syst\u00e8me. Il vaut donc la peine de s\u2019assurer que le syst\u00e8me s\u2019am\u00e9liore et que le support client est r\u00e9actif.<\/p>\n<p>diff\u00e9rences-entre-les-solutions-de-temps-et-de-pr\u00e9sences<\/p>\n<p>Le suivi du temps et des pr\u00e9sences de vos employ\u00e9s n&rsquo;est-il pas ill\u00e9gal ?<\/p>\n<p>Le suivi des pr\u00e9sences des employ\u00e9s est parfaitement l\u00e9gal dans toutes les juridictions du monde, car les employeurs ont essentiellement besoin de savoir o\u00f9 se trouve leur personnel.<\/p>\n<p>En fait, dans de nombreux pays d\u00e9velopp\u00e9s, le suivi du temps de pr\u00e9sence est devenu une obligation l\u00e9gale, d\u2019une mani\u00e8re ou d\u2019une autre, afin de prot\u00e9ger les employ\u00e9s contre le surmenage et de s\u2019assurer qu\u2019ils sont pay\u00e9s les heures suppl\u00e9mentaires dues, mais le manque de sensibilisation signifie que ces lois sont rarement appliqu\u00e9es.<\/p>\n<p>l\u00e9galit\u00e9-du-suivi-du-temps-de-travail-des-employ\u00e9s<\/p>\n<p>La plupart des solutions logicielles de gestion du temps et des pr\u00e9sences g\u00e8rent-elles \u00e9galement les cong\u00e9s ?<\/p>\n<p>Oui, car le suivi des cong\u00e9s et le temps et les pr\u00e9sences sont mutuellement d\u00e9pendants.<\/p>\n<p>pr\u00e9sence-cong\u00e9-cong\u00e9s-pay\u00e9s<\/p>\n<p>Comment puis-je en savoir plus sur le suivi du temps ?<\/p>\n<p>Voici quelques <a href=\"https:\/\/www.jibble.io\/basic-time-tracking-questions\">questions sur le suivi du temps que vous aviez peur de poser<\/a> !<\/p>\n<p>plus-de-questions-sur-le-suivi-du-temps<\/p>\n","protected":false},"excerpt":{"rendered":"<p>1 Est-il vraiment n\u00e9cessaire de suivre le temps des employ\u00e9s ? Non. Le suivi du temps des employ\u00e9s a du sens dans certaines situations et organisations et pas dans d\u2019autres situations ou organisations. En fait, chez Jibble, nous suivons le temps et l\u2019activit\u00e9 de certaines \u00e9quipes \u2013 par exemple celles qui sont pay\u00e9es \u00e0 l\u2019heure [&hellip;]<\/p>\n","protected":false},"author":6,"featured_media":0,"parent":0,"menu_order":0,"comment_status":"closed","ping_status":"closed","template":"page-blank.php","meta":{"_acf_changed":false,"footnotes":""},"class_list":["post-22468","page","type-page","status-publish","hentry"],"acf":[],"yoast_head":"<!-- This site is optimized with the Yoast SEO Premium plugin v26.8 (Yoast SEO v26.8) - https:\/\/yoast.com\/product\/yoast-seo-premium-wordpress\/ -->\n<title>Questions\/R\u00e9ponses sur le suivi du temps et des pr\u00e9sences<\/title>\n<meta name=\"description\" content=\"Nous r\u00e9pondons \u00e0 la FAQ sur le suivi du temps et des pr\u00e9sences que vous aviez trop peur de poser, en particulier celles li\u00e9es aux logiciels.\" \/>\n<meta name=\"robots\" content=\"index, follow, max-snippet:-1, max-image-preview:large, max-video-preview:-1\" \/>\n<link rel=\"canonical\" href=\"https:\/\/www.jibble.io\/fr\/question-reponses-sur-le-suivi-temps-et-presences\" \/>\n<meta property=\"og:locale\" content=\"fr_FR\" \/>\n<meta property=\"og:type\" content=\"article\" \/>\n<meta property=\"og:title\" content=\"Questions\/R\u00e9ponses sur le suivi du temps et des pr\u00e9sences\" \/>\n<meta property=\"og:description\" content=\"Nous r\u00e9pondons \u00e0 la FAQ sur le suivi du temps et des pr\u00e9sences que vous aviez trop peur de poser, en particulier celles li\u00e9es aux logiciels.\" \/>\n<meta property=\"og:url\" content=\"https:\/\/www.jibble.io\/fr\/question-reponses-sur-le-suivi-temps-et-presences\" \/>\n<meta property=\"og:site_name\" content=\"Jibble\" \/>\n<meta property=\"article:modified_time\" content=\"2025-09-26T15:26:46+00:00\" \/>\n<meta name=\"twitter:card\" content=\"summary_large_image\" \/>\n<meta name=\"twitter:label1\" content=\"Dur\u00e9e de lecture estim\u00e9e\" \/>\n\t<meta name=\"twitter:data1\" content=\"12 minutes\" \/>\n<script type=\"application\/ld+json\" class=\"yoast-schema-graph\">{\"@context\":\"https:\/\/schema.org\",\"@graph\":[{\"@type\":\"WebPage\",\"@id\":\"https:\/\/www.jibble.io\/fr\/question-reponses-sur-le-suivi-temps-et-presences\",\"url\":\"https:\/\/www.jibble.io\/fr\/question-reponses-sur-le-suivi-temps-et-presences\",\"name\":\"Questions\/R\u00e9ponses sur le suivi du temps et des pr\u00e9sences\",\"isPartOf\":{\"@id\":\"https:\/\/www.jibble.io\/fr#website\"},\"datePublished\":\"2022-11-11T01:44:41+00:00\",\"dateModified\":\"2025-09-26T15:26:46+00:00\",\"description\":\"Nous r\u00e9pondons \u00e0 la FAQ sur le suivi du temps et des pr\u00e9sences que vous aviez trop peur de poser, en particulier celles li\u00e9es aux logiciels.\",\"inLanguage\":\"fr-FR\",\"potentialAction\":[{\"@type\":\"ReadAction\",\"target\":[\"https:\/\/www.jibble.io\/fr\/question-reponses-sur-le-suivi-temps-et-presences\"]}]},{\"@type\":\"WebSite\",\"@id\":\"https:\/\/www.jibble.io\/fr#website\",\"url\":\"https:\/\/www.jibble.io\/fr\",\"name\":\"Jibble\",\"description\":\"Meet the new standard in time tracking software\",\"publisher\":{\"@id\":\"https:\/\/www.jibble.io\/fr#organization\"},\"potentialAction\":[{\"@type\":\"SearchAction\",\"target\":{\"@type\":\"EntryPoint\",\"urlTemplate\":\"https:\/\/www.jibble.io\/fr?s={search_term_string}\"},\"query-input\":{\"@type\":\"PropertyValueSpecification\",\"valueRequired\":true,\"valueName\":\"search_term_string\"}}],\"inLanguage\":\"fr-FR\"},{\"@type\":\"Organization\",\"@id\":\"https:\/\/www.jibble.io\/fr#organization\",\"name\":\"Jibble\",\"url\":\"https:\/\/www.jibble.io\/fr\",\"logo\":{\"@type\":\"ImageObject\",\"inLanguage\":\"fr-FR\",\"@id\":\"https:\/\/www.jibble.io\/fr#\/schema\/logo\/image\/\",\"url\":\"https:\/\/www.jibble.io\/wp-content\/uploads\/2022\/05\/Original-copy-923x1024.png\",\"contentUrl\":\"https:\/\/www.jibble.io\/wp-content\/uploads\/2022\/05\/Original-copy-923x1024.png\",\"width\":\"923\",\"height\":\"1024\",\"caption\":\"Jibble\"},\"image\":{\"@id\":\"https:\/\/www.jibble.io\/fr#\/schema\/logo\/image\/\"},\"sameAs\":[\"https:\/\/www.linkedin.com\/company\/jibble\/\"]}]}<\/script>\n<!-- \/ Yoast SEO Premium plugin. -->","yoast_head_json":{"title":"Questions\/R\u00e9ponses sur le suivi du temps et des pr\u00e9sences","description":"Nous r\u00e9pondons \u00e0 la FAQ sur le suivi du temps et des pr\u00e9sences que vous aviez trop peur de poser, en particulier celles li\u00e9es aux logiciels.","robots":{"index":"index","follow":"follow","max-snippet":"max-snippet:-1","max-image-preview":"max-image-preview:large","max-video-preview":"max-video-preview:-1"},"canonical":"https:\/\/www.jibble.io\/fr\/question-reponses-sur-le-suivi-temps-et-presences","og_locale":"fr_FR","og_type":"article","og_title":"Questions\/R\u00e9ponses sur le suivi du temps et des pr\u00e9sences","og_description":"Nous r\u00e9pondons \u00e0 la FAQ sur le suivi du temps et des pr\u00e9sences que vous aviez trop peur de poser, en particulier celles li\u00e9es aux logiciels.","og_url":"https:\/\/www.jibble.io\/fr\/question-reponses-sur-le-suivi-temps-et-presences","og_site_name":"Jibble","article_modified_time":"2025-09-26T15:26:46+00:00","twitter_card":"summary_large_image","twitter_misc":{"Dur\u00e9e de lecture estim\u00e9e":"12 minutes"},"schema":{"@context":"https:\/\/schema.org","@graph":[{"@type":"WebPage","@id":"https:\/\/www.jibble.io\/fr\/question-reponses-sur-le-suivi-temps-et-presences","url":"https:\/\/www.jibble.io\/fr\/question-reponses-sur-le-suivi-temps-et-presences","name":"Questions\/R\u00e9ponses sur le suivi du temps et des pr\u00e9sences","isPartOf":{"@id":"https:\/\/www.jibble.io\/fr#website"},"datePublished":"2022-11-11T01:44:41+00:00","dateModified":"2025-09-26T15:26:46+00:00","description":"Nous r\u00e9pondons \u00e0 la FAQ sur le suivi du temps et des pr\u00e9sences que vous aviez trop peur de poser, en particulier celles li\u00e9es aux logiciels.","inLanguage":"fr-FR","potentialAction":[{"@type":"ReadAction","target":["https:\/\/www.jibble.io\/fr\/question-reponses-sur-le-suivi-temps-et-presences"]}]},{"@type":"WebSite","@id":"https:\/\/www.jibble.io\/fr#website","url":"https:\/\/www.jibble.io\/fr","name":"Jibble","description":"Meet the new standard in time tracking software","publisher":{"@id":"https:\/\/www.jibble.io\/fr#organization"},"potentialAction":[{"@type":"SearchAction","target":{"@type":"EntryPoint","urlTemplate":"https:\/\/www.jibble.io\/fr?s={search_term_string}"},"query-input":{"@type":"PropertyValueSpecification","valueRequired":true,"valueName":"search_term_string"}}],"inLanguage":"fr-FR"},{"@type":"Organization","@id":"https:\/\/www.jibble.io\/fr#organization","name":"Jibble","url":"https:\/\/www.jibble.io\/fr","logo":{"@type":"ImageObject","inLanguage":"fr-FR","@id":"https:\/\/www.jibble.io\/fr#\/schema\/logo\/image\/","url":"https:\/\/www.jibble.io\/wp-content\/uploads\/2022\/05\/Original-copy-923x1024.png","contentUrl":"https:\/\/www.jibble.io\/wp-content\/uploads\/2022\/05\/Original-copy-923x1024.png","width":"923","height":"1024","caption":"Jibble"},"image":{"@id":"https:\/\/www.jibble.io\/fr#\/schema\/logo\/image\/"},"sameAs":["https:\/\/www.linkedin.com\/company\/jibble\/"]}]}},"_links":{"self":[{"href":"https:\/\/www.jibble.io\/fr\/wp-json\/wp\/v2\/pages\/22468","targetHints":{"allow":["GET"]}}],"collection":[{"href":"https:\/\/www.jibble.io\/fr\/wp-json\/wp\/v2\/pages"}],"about":[{"href":"https:\/\/www.jibble.io\/fr\/wp-json\/wp\/v2\/types\/page"}],"author":[{"embeddable":true,"href":"https:\/\/www.jibble.io\/fr\/wp-json\/wp\/v2\/users\/6"}],"replies":[{"embeddable":true,"href":"https:\/\/www.jibble.io\/fr\/wp-json\/wp\/v2\/comments?post=22468"}],"version-history":[{"count":3,"href":"https:\/\/www.jibble.io\/fr\/wp-json\/wp\/v2\/pages\/22468\/revisions"}],"predecessor-version":[{"id":329184,"href":"https:\/\/www.jibble.io\/fr\/wp-json\/wp\/v2\/pages\/22468\/revisions\/329184"}],"wp:attachment":[{"href":"https:\/\/www.jibble.io\/fr\/wp-json\/wp\/v2\/media?parent=22468"}],"curies":[{"name":"wp","href":"https:\/\/api.w.org\/{rel}","templated":true}]}}