{"id":22463,"date":"2021-01-17T00:45:39","date_gmt":"2021-01-17T00:45:39","guid":{"rendered":"https:\/\/marketing.jibble.io\/terms"},"modified":"2025-07-17T08:42:49","modified_gmt":"2025-07-17T07:42:49","slug":"conditions","status":"publish","type":"page","link":"https:\/\/www.jibble.io\/fr\/conditions","title":{"rendered":"Conditions"},"content":{"rendered":"<ol>\n<li>If you are based within the European Union, the GDPR will be applicable to you. Under this regulation\u00a0Jibble Ltd.\u00a0act as both a data controller (who decides the purpose and manner that personal data is used) and a data processor (who processes data on behalf of the controller, which includes obtaining, recording, adapting or holding personal data).<\/li>\n<li>The lawful basis for collecting your data is:<br \/>\n(a) You provide your consent at the point of registration for us to do so and by accepting our terms and conditions.<br \/>\n(b) Processing your data in the way explained above is necessary for us to provide Jibble&rsquo;s services to users.<br \/>\n(c) Some of that data is processed for the purposes of our legitimate interests.\u00a0\u00bb<\/li>\n<li>Jibble Ltd.\u00a0acts as a data controller for team owners who create a team account on Jibble. If you are a team owner operating within the EU you must comply with the GDPR and this forms part of our Terms of Service. You can request a data processing agreement from us by emailing\u00a0<a class=\"external-link\" href=\"mailto:support@jibble.io.\" rel=\"nofollow\">support@jibble.io.<\/a><\/li>\n<li>Jibble Ltd.\u00a0acts as a data processor for the team members that join existing accounts.\u00a0Jibble Ltd.\u00a0requires consent from both team owners and team members to process their data. Furthermore, all users of the Jibble Service have individual rights to their data including to be informed, to access their data at any time, to rectify their data, to erase their data and to restrict processing. For more information on this please see our Privacy Policy. You can raise any questions you have about these terms or your rights by emailing us at\u00a0<a class=\"external-link\" href=\"mailto:support@jibble.io.\" rel=\"nofollow\">support@jibble.io.<\/a><\/li>\n<\/ol>\n","protected":false},"excerpt":{"rendered":"<p>If you are based within the European Union, the GDPR will be applicable to you. Under this regulation\u00a0Jibble Ltd.\u00a0act as both a data controller (who decides the purpose and manner that personal data is used) and a data processor (who processes data on behalf of the controller, which includes obtaining, recording, adapting or holding personal [&hellip;]<\/p>\n","protected":false},"author":6,"featured_media":0,"parent":0,"menu_order":0,"comment_status":"closed","ping_status":"closed","template":"template-terms.php","meta":{"_acf_changed":false,"footnotes":""},"class_list":["post-22463","page","type-page","status-publish","hentry"],"acf":[],"yoast_head":"<!-- This site is optimized with the Yoast SEO Premium plugin v26.8 (Yoast SEO v26.8) - https:\/\/yoast.com\/product\/yoast-seo-premium-wordpress\/ -->\n<title>Jibble | Conditions g\u00e9n\u00e9rales d&#039;utilisation<\/title>\n<meta name=\"description\" content=\"Explorez nos Conditions G\u00e9n\u00e9rales compl\u00e8tes pour comprendre les directives et responsabilit\u00e9s r\u00e9gissant l&#039;utilisation de notre plateforme.\" \/>\n<meta name=\"robots\" content=\"index, follow, max-snippet:-1, max-image-preview:large, max-video-preview:-1\" \/>\n<link rel=\"canonical\" href=\"https:\/\/www.jibble.io\/fr\/conditions\" \/>\n<meta property=\"og:locale\" content=\"fr_FR\" \/>\n<meta property=\"og:type\" content=\"article\" \/>\n<meta property=\"og:title\" content=\"Jibble | Conditions g\u00e9n\u00e9rales d&#039;utilisation\" \/>\n<meta property=\"og:description\" content=\"Explorez nos Conditions G\u00e9n\u00e9rales compl\u00e8tes pour comprendre les directives et responsabilit\u00e9s r\u00e9gissant l&#039;utilisation de notre plateforme.\" \/>\n<meta property=\"og:url\" content=\"https:\/\/www.jibble.io\/fr\/conditions\" \/>\n<meta property=\"og:site_name\" content=\"Jibble\" \/>\n<meta property=\"article:modified_time\" content=\"2025-07-17T07:42:49+00:00\" \/>\n<meta name=\"twitter:card\" content=\"summary_large_image\" \/>\n<meta name=\"twitter:label1\" content=\"Dur\u00e9e de lecture estim\u00e9e\" \/>\n\t<meta name=\"twitter:data1\" content=\"11 minutes\" \/>\n<script type=\"application\/ld+json\" class=\"yoast-schema-graph\">{\"@context\":\"https:\/\/schema.org\",\"@graph\":[{\"@type\":\"WebPage\",\"@id\":\"https:\/\/www.jibble.io\/fr\/conditions\",\"url\":\"https:\/\/www.jibble.io\/fr\/conditions\",\"name\":\"Jibble | Conditions g\u00e9n\u00e9rales d'utilisation\",\"isPartOf\":{\"@id\":\"https:\/\/www.jibble.io\/fr#website\"},\"datePublished\":\"2021-01-17T00:45:39+00:00\",\"dateModified\":\"2025-07-17T07:42:49+00:00\",\"description\":\"Explorez nos Conditions G\u00e9n\u00e9rales compl\u00e8tes pour comprendre les directives et responsabilit\u00e9s r\u00e9gissant l'utilisation de notre plateforme.\",\"inLanguage\":\"fr-FR\",\"potentialAction\":[{\"@type\":\"ReadAction\",\"target\":[\"https:\/\/www.jibble.io\/fr\/conditions\"]}]},{\"@type\":\"WebSite\",\"@id\":\"https:\/\/www.jibble.io\/fr#website\",\"url\":\"https:\/\/www.jibble.io\/fr\",\"name\":\"Jibble\",\"description\":\"Meet the new standard in time tracking software\",\"publisher\":{\"@id\":\"https:\/\/www.jibble.io\/fr#organization\"},\"potentialAction\":[{\"@type\":\"SearchAction\",\"target\":{\"@type\":\"EntryPoint\",\"urlTemplate\":\"https:\/\/www.jibble.io\/fr?s={search_term_string}\"},\"query-input\":{\"@type\":\"PropertyValueSpecification\",\"valueRequired\":true,\"valueName\":\"search_term_string\"}}],\"inLanguage\":\"fr-FR\"},{\"@type\":\"Organization\",\"@id\":\"https:\/\/www.jibble.io\/fr#organization\",\"name\":\"Jibble\",\"url\":\"https:\/\/www.jibble.io\/fr\",\"logo\":{\"@type\":\"ImageObject\",\"inLanguage\":\"fr-FR\",\"@id\":\"https:\/\/www.jibble.io\/fr#\/schema\/logo\/image\/\",\"url\":\"https:\/\/www.jibble.io\/wp-content\/uploads\/2022\/05\/Original-copy-923x1024.png\",\"contentUrl\":\"https:\/\/www.jibble.io\/wp-content\/uploads\/2022\/05\/Original-copy-923x1024.png\",\"width\":\"923\",\"height\":\"1024\",\"caption\":\"Jibble\"},\"image\":{\"@id\":\"https:\/\/www.jibble.io\/fr#\/schema\/logo\/image\/\"},\"sameAs\":[\"https:\/\/www.linkedin.com\/company\/jibble\/\"]}]}<\/script>\n<!-- \/ Yoast SEO Premium plugin. -->","yoast_head_json":{"title":"Jibble | Conditions g\u00e9n\u00e9rales d'utilisation","description":"Explorez nos Conditions G\u00e9n\u00e9rales compl\u00e8tes pour comprendre les directives et responsabilit\u00e9s r\u00e9gissant l'utilisation de notre plateforme.","robots":{"index":"index","follow":"follow","max-snippet":"max-snippet:-1","max-image-preview":"max-image-preview:large","max-video-preview":"max-video-preview:-1"},"canonical":"https:\/\/www.jibble.io\/fr\/conditions","og_locale":"fr_FR","og_type":"article","og_title":"Jibble | Conditions g\u00e9n\u00e9rales d'utilisation","og_description":"Explorez nos Conditions G\u00e9n\u00e9rales compl\u00e8tes pour comprendre les directives et responsabilit\u00e9s r\u00e9gissant l'utilisation de notre plateforme.","og_url":"https:\/\/www.jibble.io\/fr\/conditions","og_site_name":"Jibble","article_modified_time":"2025-07-17T07:42:49+00:00","twitter_card":"summary_large_image","twitter_misc":{"Dur\u00e9e de lecture estim\u00e9e":"11 minutes"},"schema":{"@context":"https:\/\/schema.org","@graph":[{"@type":"WebPage","@id":"https:\/\/www.jibble.io\/fr\/conditions","url":"https:\/\/www.jibble.io\/fr\/conditions","name":"Jibble | Conditions g\u00e9n\u00e9rales d'utilisation","isPartOf":{"@id":"https:\/\/www.jibble.io\/fr#website"},"datePublished":"2021-01-17T00:45:39+00:00","dateModified":"2025-07-17T07:42:49+00:00","description":"Explorez nos Conditions G\u00e9n\u00e9rales compl\u00e8tes pour comprendre les directives et responsabilit\u00e9s r\u00e9gissant l'utilisation de notre plateforme.","inLanguage":"fr-FR","potentialAction":[{"@type":"ReadAction","target":["https:\/\/www.jibble.io\/fr\/conditions"]}]},{"@type":"WebSite","@id":"https:\/\/www.jibble.io\/fr#website","url":"https:\/\/www.jibble.io\/fr","name":"Jibble","description":"Meet the new standard in time tracking software","publisher":{"@id":"https:\/\/www.jibble.io\/fr#organization"},"potentialAction":[{"@type":"SearchAction","target":{"@type":"EntryPoint","urlTemplate":"https:\/\/www.jibble.io\/fr?s={search_term_string}"},"query-input":{"@type":"PropertyValueSpecification","valueRequired":true,"valueName":"search_term_string"}}],"inLanguage":"fr-FR"},{"@type":"Organization","@id":"https:\/\/www.jibble.io\/fr#organization","name":"Jibble","url":"https:\/\/www.jibble.io\/fr","logo":{"@type":"ImageObject","inLanguage":"fr-FR","@id":"https:\/\/www.jibble.io\/fr#\/schema\/logo\/image\/","url":"https:\/\/www.jibble.io\/wp-content\/uploads\/2022\/05\/Original-copy-923x1024.png","contentUrl":"https:\/\/www.jibble.io\/wp-content\/uploads\/2022\/05\/Original-copy-923x1024.png","width":"923","height":"1024","caption":"Jibble"},"image":{"@id":"https:\/\/www.jibble.io\/fr#\/schema\/logo\/image\/"},"sameAs":["https:\/\/www.linkedin.com\/company\/jibble\/"]}]}},"_links":{"self":[{"href":"https:\/\/www.jibble.io\/fr\/wp-json\/wp\/v2\/pages\/22463","targetHints":{"allow":["GET"]}}],"collection":[{"href":"https:\/\/www.jibble.io\/fr\/wp-json\/wp\/v2\/pages"}],"about":[{"href":"https:\/\/www.jibble.io\/fr\/wp-json\/wp\/v2\/types\/page"}],"author":[{"embeddable":true,"href":"https:\/\/www.jibble.io\/fr\/wp-json\/wp\/v2\/users\/6"}],"replies":[{"embeddable":true,"href":"https:\/\/www.jibble.io\/fr\/wp-json\/wp\/v2\/comments?post=22463"}],"version-history":[{"count":3,"href":"https:\/\/www.jibble.io\/fr\/wp-json\/wp\/v2\/pages\/22463\/revisions"}],"predecessor-version":[{"id":298511,"href":"https:\/\/www.jibble.io\/fr\/wp-json\/wp\/v2\/pages\/22463\/revisions\/298511"}],"wp:attachment":[{"href":"https:\/\/www.jibble.io\/fr\/wp-json\/wp\/v2\/media?parent=22463"}],"curies":[{"name":"wp","href":"https:\/\/api.w.org\/{rel}","templated":true}]}}